{"id":6242,"date":"2025-12-20T18:48:57","date_gmt":"2025-12-20T15:48:57","guid":{"rendered":"https:\/\/wristbandfactory.eu\/?post_type=product&#038;p=6242"},"modified":"2026-04-01T21:52:34","modified_gmt":"2026-04-01T18:52:34","slug":"custom-made-hooded-wearable-blankets-bespoke-design","status":"publish","type":"product","link":"https:\/\/displayproducts.eu\/da\/p\/custom-made-hooded-wearable-blankets-bespoke-design\/","title":{"rendered":"Specialfremstillede h\u00e6ttet\u00e6pper (Eget design)"},"content":{"rendered":"<p data-path-to-node=\"10\">Skab en helt unik firmagave eller et detailprodukt med vores <b data-path-to-node=\"10\" data-index-in-node=\"89\">Skr\u00e6ddersyede t\u00e6pper med h\u00e6tte<\/b>. Denne service giver dig mulighed for at bev\u00e6ge dig ud over begr\u00e6nsningerne ved standard lagervarer. Vi tilbyder en komplet <b data-path-to-node=\"10\" data-index-in-node=\"226\">\u201c&quot;Klip &amp; Sy&quot; produktionsl\u00f8sning<\/b>, hvilket giver dig fuld kontrol over udseendet, f\u00f8lelsen og funktionerne af det endelige produkt.<\/p>\n<p data-path-to-node=\"11\">Uanset om du \u00f8nsker en k\u00e6mpestor, overdimensioneret h\u00e6ttetr\u00f8je til en vinterkampagne, en let poncho til sommerfestivaler eller et luksuri\u00f8st sherpaforet t\u00e6ppe til VIP-gaver, bygger vi det efter dine specifikationer. Dit design trykkes p\u00e5 stofrullerne inden opsk\u00e6ring, hvilket sikrer en s\u00f8ml\u00f8s tekstilkvalitet. <b data-path-to-node=\"11\" data-index-in-node=\"274\">360-graders brandoplevelse<\/b> uden utrykte margener.<\/p>\n<h2 data-path-to-node=\"12\">N\u00f8glefunktioner<\/h2>\n<ul data-path-to-node=\"13\">\n<li>\n<p data-path-to-node=\"13,0,0\"><b data-path-to-node=\"13,0,0\" data-index-in-node=\"0\">Ubegr\u00e6nset designfrihed:<\/b> Vores fuldoverflade-dye-sublimationstryk betyder, at dit kunstv\u00e6rk d\u00e6kker hver en centimeter af stoffet. Perfekt til komplekse m\u00f8nstre, brandmaskotter eller fotografiske designs.<\/p>\n<\/li>\n<li>\n<p data-path-to-node=\"13,1,0\"><b data-path-to-node=\"13,1,0\" data-index-in-node=\"0\">Materialevalg:<\/b><\/p>\n<ul data-path-to-node=\"13,1,1\">\n<li>\n<p data-path-to-node=\"13,1,1,0,0\"><i data-path-to-node=\"13,1,1,0,0\" data-index-in-node=\"0\">Ydre lag:<\/i> Glat flannelfleece (perfekt til tryk) eller velour.<\/p>\n<\/li>\n<li>\n<p data-path-to-node=\"13,1,1,1,0\"><i data-path-to-node=\"13,1,1,1,0\" data-index-in-node=\"0\">Indvendig foring:<\/i> Tyk hvid sherpa (klassisk varme), gr\u00e5 sherpa eller mikrofleece (lettere).<\/p>\n<\/li>\n<li>\n<p data-path-to-node=\"13,1,1,2,0\"><i data-path-to-node=\"13,1,1,2,0\" data-index-in-node=\"0\">\u00d8ko-mulighed:<\/i> F\u00e5s i 100% GRS-certificeret genbrugspolyester efter anmodning.<\/p>\n<\/li>\n<\/ul>\n<\/li>\n<li>\n<p data-path-to-node=\"13,2,0\"><b data-path-to-node=\"13,2,0\" data-index-in-node=\"0\">Brugerdefineret st\u00f8rrelse:<\/b> Vi kan producere i b\u00f8rne-, voksenstandard- og voksenoversized (gigantiske) dimensioner.<\/p>\n<\/li>\n<li>\n<p data-path-to-node=\"13,3,0\"><b data-path-to-node=\"13,3,0\" data-index-in-node=\"0\">Klar til private labels:<\/b> Vi kan sy dine egne halsm\u00e6rker og vaskeanvisninger i, og endda tilpasse lynl\u00e5str\u00e6k eller knapper.<\/p>\n<\/li>\n<\/ul>\n<h2 data-path-to-node=\"14\">Specifikationer<\/h2>\n<ul data-path-to-node=\"15\">\n<li>\n<p data-path-to-node=\"15,0,0\"><b data-path-to-node=\"15,0,0\" data-index-in-node=\"0\">Produktionstype:<\/b> Lavet p\u00e5 bestilling (OEM\/ODM).<\/p>\n<\/li>\n<li>\n<p data-path-to-node=\"15,1,0\"><b data-path-to-node=\"15,1,0\" data-index-in-node=\"0\">Standard stofv\u00e6gt:<\/b> 200 gsm flannel + 230 gsm sherpa (kan tilpasses).<\/p>\n<\/li>\n<li>\n<p data-path-to-node=\"15,2,0\"><b data-path-to-node=\"15,2,0\" data-index-in-node=\"0\">Udskrivningsmetode:<\/b> Fuldfarvet farvesublimering (CMYK).<\/p>\n<\/li>\n<li>\n<p data-path-to-node=\"15,3,0\"><b data-path-to-node=\"15,3,0\" data-index-in-node=\"0\">Standardst\u00f8rrelse:<\/b> 100 x 80 cm (med h\u00e6ttetr\u00f8je til brug) \u2013 <i data-path-to-node=\"15,3,0\" data-index-in-node=\"53\">Tilpassede st\u00f8rrelser tilg\u00e6ngelige.<\/i><\/p>\n<\/li>\n<li>\n<p data-path-to-node=\"15,4,0\"><b data-path-to-node=\"15,4,0\" data-index-in-node=\"0\">Funktioner:<\/b> H\u00e6tte, k\u00e6ngurulomme, elastiske manchetter.<\/p>\n<\/li>\n<li>\n<p data-path-to-node=\"15,5,0\"><b data-path-to-node=\"15,5,0\" data-index-in-node=\"0\">Emballage:<\/b> Vakuumpakket for effektiv forsendelse eller med eget tryk gave\u00e6sker.<\/p>\n<\/li>\n<\/ul>","protected":false},"excerpt":{"rendered":"<ul>\n<li>\n<p data-path-to-node=\"9,0,0\"><b data-path-to-node=\"9,0,0\" data-index-in-node=\"0\">100% Fuldt tilpasselig:<\/b> I mods\u00e6tning til lagervarer fremstilles dette produkt fra bunden, hvilket muligg\u00f8r kant-til-kant-tryk og brugerdefineret Pantone-matchning.<\/p>\n<\/li>\n<li>\n<p data-path-to-node=\"9,1,0\"><b data-path-to-node=\"9,1,0\" data-index-in-node=\"0\">Premium materialemuligheder:<\/b> V\u00e6lg mellem luftigt sherpafor, bl\u00f8d mikrofleece eller milj\u00f8venlige kombinationer af GRS-genbrugspolyester.<\/p>\n<\/li>\n<li>\n<p data-path-to-node=\"9,2,0\"><b data-path-to-node=\"9,2,0\" data-index-in-node=\"0\">Branding overordnet:<\/b> Udnyt hele t\u00e6ppets overflade \u2013 forside, ryg, h\u00e6tte og \u00e6rmer \u2013 til et levende, fotorealistisk sublimeringstryk.<\/p>\n<\/li>\n<li>\n<p data-path-to-node=\"9,3,0\"><b data-path-to-node=\"9,3,0\" data-index-in-node=\"0\">Skr\u00e6ddersyede funktioner:<\/b> Tilpas detaljer som lommeform, manchetfarver og tilf\u00f8j private labels eller broderede m\u00e6rker.<\/p>\n<\/li>\n<\/ul>","protected":false},"featured_media":6244,"comment_status":"closed","ping_status":"closed","template":"","meta":[],"product_brand":[],"product_cat":[129],"product_tag":[],"class_list":{"0":"post-6242","1":"product","2":"type-product","3":"status-publish","4":"has-post-thumbnail","6":"product_cat-leisure-lifestyle","8":"first","9":"instock","10":"shipping-taxable","11":"product-type-simple"},"_links":{"self":[{"href":"https:\/\/displayproducts.eu\/da\/wp-json\/wp\/v2\/product\/6242","targetHints":{"allow":["GET"]}}],"collection":[{"href":"https:\/\/displayproducts.eu\/da\/wp-json\/wp\/v2\/product"}],"about":[{"href":"https:\/\/displayproducts.eu\/da\/wp-json\/wp\/v2\/types\/product"}],"replies":[{"embeddable":true,"href":"https:\/\/displayproducts.eu\/da\/wp-json\/wp\/v2\/comments?post=6242"}],"wp:featuredmedia":[{"embeddable":true,"href":"https:\/\/displayproducts.eu\/da\/wp-json\/wp\/v2\/media\/6244"}],"wp:attachment":[{"href":"https:\/\/displayproducts.eu\/da\/wp-json\/wp\/v2\/media?parent=6242"}],"wp:term":[{"taxonomy":"product_brand","embeddable":true,"href":"https:\/\/displayproducts.eu\/da\/wp-json\/wp\/v2\/product_brand?post=6242"},{"taxonomy":"product_cat","embeddable":true,"href":"https:\/\/displayproducts.eu\/da\/wp-json\/wp\/v2\/product_cat?post=6242"},{"taxonomy":"product_tag","embeddable":true,"href":"https:\/\/displayproducts.eu\/da\/wp-json\/wp\/v2\/product_tag?post=6242"}],"curies":[{"name":"wp","href":"https:\/\/api.w.org\/{rel}","templated":true}]}}