{"id":6239,"date":"2025-12-20T18:40:33","date_gmt":"2025-12-20T15:40:33","guid":{"rendered":"https:\/\/wristbandfactory.eu\/?post_type=product&#038;p=6239"},"modified":"2026-04-01T21:52:34","modified_gmt":"2026-04-01T18:52:34","slug":"custom-laser-engraved-portable-ashtrays-zinc-alloy-with-carabiner","status":"publish","type":"product","link":"https:\/\/displayproducts.eu\/da\/p\/custom-laser-engraved-portable-ashtrays-zinc-alloy-with-carabiner\/","title":{"rendered":"Lommeaskeb\u00e6gre med logo (Zinklegering)"},"content":{"rendered":"<p data-path-to-node=\"10\">Kombiner stil, funktionalitet og milj\u00f8ansvar med vores <b data-path-to-node=\"10\" data-index-in-node=\"97\">Med eget tryk lasergraverede b\u00e6rbare askeb\u00e6gre<\/b>. Dette tilbeh\u00f8r er designet til den moderne professionelle og tilbyder en diskret og elegant m\u00e5de at h\u00e5ndtere aske og cigaretskod p\u00e5, mens du er p\u00e5 farten. Uanset om det er til en forretningsleder, en friluftsentusiast eller som en bet\u00e6nksom firmagave, er dette askeb\u00e6ger i zinklegering et statement for kvalitet.<\/p>\n<p data-path-to-node=\"11\">Det slanke <b data-path-to-node=\"11\" data-index-in-node=\"10\">Konstruktion af zinklegering<\/b> Den giver ikke kun en moderne, skinnende s\u00f8lv\u00e6stetik, men sikrer ogs\u00e5 holdbarhed. Den er modstandsdygtig over for rust og slid og bevarer sit polerede udseende over tid. Det kompakte, rektangul\u00e6re design har en sikker lukkemekanisme, der opfanger lugte og aske indeni, hvilket g\u00f8r den sikker at have med i en lomme eller taske.<\/p>\n<h2 data-path-to-node=\"12\">N\u00f8glefunktioner<\/h2>\n<ul data-path-to-node=\"13\">\n<li>\n<p data-path-to-node=\"13,0,0\"><b data-path-to-node=\"13,0,0\" data-index-in-node=\"0\">Bygget til at holde:<\/b> Zinklegering er betydeligt mere holdbar end alternativer til plastik eller aluminium, hvilket giver produktet en tilfredsstillende v\u00e6gt og en premiumfornemmelse.<\/p>\n<\/li>\n<li>\n<p data-path-to-node=\"13,1,0\"><b data-path-to-node=\"13,1,0\" data-index-in-node=\"0\">Laserpr\u00e6cision:<\/b> Vi bruger lasergravering til at \u00e6tse dit logo p\u00e5 metaloverfladen. Denne teknik skaber et skarpt, permanent m\u00e6rke, der ikke gnides af som trykt bl\u00e6k.<\/p>\n<\/li>\n<li>\n<p data-path-to-node=\"13,2,0\"><b data-path-to-node=\"13,2,0\" data-index-in-node=\"0\">B\u00e6rbar bekvemmelighed:<\/b> Udstyret med en karabinhage (krog), der giver brugerne mulighed for at fastg\u00f8re den til b\u00e6ltestropper, rygs\u00e6kke eller n\u00f8gleringe for nem adgang.<\/p>\n<\/li>\n<li>\n<p data-path-to-node=\"13,3,0\"><b data-path-to-node=\"13,3,0\" data-index-in-node=\"0\">Hygiejne og sikkerhed:<\/b> Det t\u00e6tsluttende l\u00e5g forhindrer aske i at spildes og indd\u00e6mmer lugt, hvilket holder lommer og tasker rene.<\/p>\n<\/li>\n<\/ul>\n<h2 data-path-to-node=\"14\">Specifikationer<\/h2>\n<ul data-path-to-node=\"15\">\n<li>\n<p data-path-to-node=\"15,0,0\"><b data-path-to-node=\"15,0,0\" data-index-in-node=\"0\">Materiale:<\/b> Zinklegering af h\u00f8j kvalitet.<\/p>\n<\/li>\n<li>\n<p data-path-to-node=\"15,1,0\"><b data-path-to-node=\"15,1,0\" data-index-in-node=\"0\">Slutte:<\/b> Skinnende s\u00f8lv \/ Poleret.<\/p>\n<\/li>\n<li>\n<p data-path-to-node=\"15,2,0\"><b data-path-to-node=\"15,2,0\" data-index-in-node=\"0\">Dimensioner:<\/b> 85 \u00d7 32 \u00d7 17 mm.<\/p>\n<\/li>\n<li>\n<p data-path-to-node=\"15,3,0\"><b data-path-to-node=\"15,3,0\" data-index-in-node=\"0\">Brandingmetode:<\/b> Lasergravering (\u00e9n side).<\/p>\n<\/li>\n<li>\n<p data-path-to-node=\"15,4,0\"><b data-path-to-node=\"15,4,0\" data-index-in-node=\"0\">Emballage:<\/b> Leveres i en beskyttende pose\/taske, klar til at blive givet v\u00e6k.<\/p>\n<\/li>\n<li>\n<p data-path-to-node=\"15,5,0\"><b data-path-to-node=\"15,5,0\" data-index-in-node=\"0\">Funktioner:<\/b> Integreret karabinhage.<\/p>\n<\/li>\n<\/ul>\n<h2 data-path-to-node=\"16\">Brugsscenarier<\/h2>\n<ul data-path-to-node=\"17\">\n<li>\n<p data-path-to-node=\"17,0,0\"><b data-path-to-node=\"17,0,0\" data-index-in-node=\"0\">Firmagaver:<\/b> En sofistikeret gave til kunder og partnere, der s\u00e6tter pris p\u00e5 praktiske og eksklusive accessories.<\/p>\n<\/li>\n<li>\n<p data-path-to-node=\"17,1,0\"><b data-path-to-node=\"17,1,0\" data-index-in-node=\"0\">Udend\u00f8rsarrangementer:<\/b> Uundv\u00e6rlig for festivaler, golfturneringer og udend\u00f8rsarrangementer for at holde omr\u00e5det fri for affald.<\/p>\n<\/li>\n<li>\n<p data-path-to-node=\"17,2,0\"><b data-path-to-node=\"17,2,0\" data-index-in-node=\"0\">G\u00e6stfrihed:<\/b> Tilbyd b\u00e6rbare askeb\u00e6gre med m\u00e6rkevaredekorationer til hotelg\u00e6ster eller restaurantg\u00e6ster i rygeomr\u00e5der.<\/p>\n<\/li>\n<\/ul>\n<p data-path-to-node=\"18\">","protected":false},"excerpt":{"rendered":"<ul>\n<li>\n<p data-path-to-node=\"9,0,0\"><b data-path-to-node=\"9,0,0\" data-index-in-node=\"0\">Premium materiale:<\/b> Fremstillet af en zinklegering af h\u00f8j kvalitet med en skinnende s\u00f8lvfinish, der giver rust- og slidstyrke.<\/p>\n<\/li>\n<li>\n<p data-path-to-node=\"9,1,0\"><b data-path-to-node=\"9,1,0\" data-index-in-node=\"0\">Kompakt og b\u00e6rbar:<\/b> Med en st\u00f8rrelse p\u00e5 85 \u00d7 32 \u00d7 17 mm passer den nemt i lommer eller tasker eller fastg\u00f8res til udstyr med karabinhagen.<\/p>\n<\/li>\n<li>\n<p data-path-to-node=\"9,2,0\"><b data-path-to-node=\"9,2,0\" data-index-in-node=\"0\">Sofistikeret branding:<\/b> Dit logo lasergraveres p\u00e5 siden for et permanent, diskret og professionelt udseende.<\/p>\n<\/li>\n<li>\n<p data-path-to-node=\"9,3,0\"><b data-path-to-node=\"9,3,0\" data-index-in-node=\"0\">Milj\u00f8venlig l\u00f8sning:<\/b> Opfordrer til ansvarlig bortskaffelse af cigaretaffald, perfekt til udend\u00f8rsarrangementer og gr\u00f8nne initiativer.<\/p>\n<\/li>\n<\/ul>","protected":false},"featured_media":6240,"comment_status":"closed","ping_status":"closed","template":"","meta":[],"product_brand":[],"product_cat":[68,121],"product_tag":[],"class_list":{"0":"post-6239","1":"product","2":"type-product","3":"status-publish","4":"has-post-thumbnail","6":"product_cat-event-supplies","7":"product_cat-promotional-merchandise","9":"first","10":"instock","11":"shipping-taxable","12":"purchasable","13":"product-type-simple"},"_links":{"self":[{"href":"https:\/\/displayproducts.eu\/da\/wp-json\/wp\/v2\/product\/6239","targetHints":{"allow":["GET"]}}],"collection":[{"href":"https:\/\/displayproducts.eu\/da\/wp-json\/wp\/v2\/product"}],"about":[{"href":"https:\/\/displayproducts.eu\/da\/wp-json\/wp\/v2\/types\/product"}],"replies":[{"embeddable":true,"href":"https:\/\/displayproducts.eu\/da\/wp-json\/wp\/v2\/comments?post=6239"}],"wp:featuredmedia":[{"embeddable":true,"href":"https:\/\/displayproducts.eu\/da\/wp-json\/wp\/v2\/media\/6240"}],"wp:attachment":[{"href":"https:\/\/displayproducts.eu\/da\/wp-json\/wp\/v2\/media?parent=6239"}],"wp:term":[{"taxonomy":"product_brand","embeddable":true,"href":"https:\/\/displayproducts.eu\/da\/wp-json\/wp\/v2\/product_brand?post=6239"},{"taxonomy":"product_cat","embeddable":true,"href":"https:\/\/displayproducts.eu\/da\/wp-json\/wp\/v2\/product_cat?post=6239"},{"taxonomy":"product_tag","embeddable":true,"href":"https:\/\/displayproducts.eu\/da\/wp-json\/wp\/v2\/product_tag?post=6239"}],"curies":[{"name":"wp","href":"https:\/\/api.w.org\/{rel}","templated":true}]}}