{"id":6234,"date":"2025-12-20T18:28:29","date_gmt":"2025-12-20T15:28:29","guid":{"rendered":"https:\/\/wristbandfactory.eu\/?post_type=product&#038;p=6234"},"modified":"2026-04-01T21:52:34","modified_gmt":"2026-04-01T18:52:34","slug":"custom-3d-printed-cookie-cutters-gingerbread-molds-logo-shape","status":"publish","type":"product","link":"https:\/\/displayproducts.eu\/da\/p\/custom-3d-printed-cookie-cutters-gingerbread-molds-logo-shape\/","title":{"rendered":"Udstikkere med logo (3D-printet)"},"content":{"rendered":"<p data-path-to-node=\"10\">Giv alle kunderne en smagspr\u00f8ve p\u00e5 dit brand med vores <b data-path-to-node=\"10\" data-index-in-node=\"88\">Med eget tryk 3D-printede sm\u00e5kageudstikkere<\/b>. Uanset om det er til julepeberkager, shortbreads eller sukkerkager, forvandler disse specialfremstillede forme en bagesession til en brandoplevelse. I mods\u00e6tning til uden tryke metalsk\u00e6rere giver vores 3D-printteknologi os mulighed for at skabe <b data-path-to-node=\"10\" data-index-in-node=\"332\">enhver t\u00e6nkelig form<\/b>\u2014fra dit pr\u00e6cise firmalogo til en specifik produktsilhuet.<\/p>\n<p data-path-to-node=\"11\">Disse sk\u00e6rev\u00e6rkt\u00f8jer er produceret ved hj\u00e6lp af HD 3D-printteknologi og er robuste og pr\u00e6cise. Vi l\u00e6gger s\u00e6rlig v\u00e6gt p\u00e5 sk\u00e6rekanten og sikrer, at den er skarp nok til at sk\u00e6re rent gennem dej, samtidig med at den \u00f8verste kant har et sikkert og behageligt greb. F\u00e5s i festlige farver som r\u00f8d, gr\u00f8n og bl\u00e5, der matcher julestemningen eller din virksomheds identitet.<\/p>\n<h2 data-path-to-node=\"12\">N\u00f8glefunktioner<\/h2>\n<ul data-path-to-node=\"13\">\n<li>\n<p data-path-to-node=\"13,0,0\"><b data-path-to-node=\"13,0,0\" data-index-in-node=\"0\">Design i overensstemmelse med m\u00e6rket:<\/b> Der er ingen &quot;standardformer&quot; her. Hver udstikker er modelleret specifikt til dig, s\u00e5 den matcher dit logo eller kampagnetema.<\/p>\n<\/li>\n<li>\n<p data-path-to-node=\"13,1,0\"><b data-path-to-node=\"13,1,0\" data-index-in-node=\"0\">Biobaseret materiale:<\/b> Lavet af <b data-path-to-node=\"13,1,0\" data-index-in-node=\"30\">F\u00f8devaresikker PLA<\/b> (Polym\u00e6lkesyre), en bioplast udvundet af majsstivelse eller sukkerr\u00f8r, hvilket g\u00f8r den til et milj\u00f8m\u00e6ssigt ansvarligt valg.<\/p>\n<\/li>\n<li>\n<p data-path-to-node=\"13,2,0\"><b data-path-to-node=\"13,2,0\" data-index-in-node=\"0\">Optimeret geometri:<\/b> Har en forst\u00e6rket kant for holdbarhed og en konisk sk\u00e6rkant for nem frig\u00f8relse af dejen.<\/p>\n<\/li>\n<li>\n<p data-path-to-node=\"13,3,0\"><b data-path-to-node=\"13,3,0\" data-index-in-node=\"0\">Levende farver:<\/b> F\u00e5s i en r\u00e6kke farver for at g\u00f8re selve v\u00e6rkt\u00f8jet visuelt tiltalende som gave.<\/p>\n<\/li>\n<\/ul>\n<h2 data-path-to-node=\"14\">Specifikationer<\/h2>\n<ul data-path-to-node=\"15\">\n<li>\n<p data-path-to-node=\"15,0,0\"><b data-path-to-node=\"15,0,0\" data-index-in-node=\"0\">Materiale:<\/b> F\u00f8devaresikker PLA-plast (biologisk nedbrydelig).<\/p>\n<\/li>\n<li>\n<p data-path-to-node=\"15,1,0\"><b data-path-to-node=\"15,1,0\" data-index-in-node=\"0\">Produktionsmetode:<\/b> FDM 3D-printning i h\u00f8j opl\u00f8sning (70-200 mikron).<\/p>\n<\/li>\n<li>\n<p data-path-to-node=\"15,2,0\"><b data-path-to-node=\"15,2,0\" data-index-in-node=\"0\">Standarddybde:<\/b> 1,27 cm (0,5 tommer) \u2013 Ideel til standard udrullet dej. <i data-path-to-node=\"15,2,0\" data-index-in-node=\"72\">Tilpassede dybder tilg\u00e6ngelige.<\/i><\/p>\n<\/li>\n<li>\n<p data-path-to-node=\"15,3,0\"><b data-path-to-node=\"15,3,0\" data-index-in-node=\"0\">St\u00f8rrelse:<\/b> Brugerdefineret (skaleret til design). <i data-path-to-node=\"15,3,0\" data-index-in-node=\"33\">Referencebilleder bruger et gitter p\u00e5 2,54 cm.<\/i><\/p>\n<\/li>\n<li>\n<p data-path-to-node=\"15,4,0\"><b data-path-to-node=\"15,4,0\" data-index-in-node=\"0\">Plejeanvisninger:<\/b> <b data-path-to-node=\"15,4,0\" data-index-in-node=\"19\">Kun h\u00e5ndvask<\/b> med lunkent vand. T\u00e5ler ikke opvaskemaskine (h\u00f8j varme kan deformere PLA). Undg\u00e5 langvarig uds\u00e6ttelse for direkte sollys.<\/p>\n<\/li>\n<\/ul>\n<h2 data-path-to-node=\"16\">Brugsscenarier<\/h2>\n<ul data-path-to-node=\"17\">\n<li>\n<p data-path-to-node=\"17,0,0\"><b data-path-to-node=\"17,0,0\" data-index-in-node=\"0\">Firmajulegaver:<\/b> Inkluder en cookieudstikker med logo i gavekurve til partnere og medarbejdere i julen.<\/p>\n<\/li>\n<li>\n<p data-path-to-node=\"17,1,0\"><b data-path-to-node=\"17,1,0\" data-index-in-node=\"0\">Catering til arrangementer:<\/b> Server sm\u00e5kager formet som dit nye produkt ved lanceringsfester eller messer.<\/p>\n<\/li>\n<li>\n<p data-path-to-node=\"17,2,0\"><b data-path-to-node=\"17,2,0\" data-index-in-node=\"0\">Merchandising:<\/b> En unik og billig vare til madlavningsskoler, bagerier eller familievenlige m\u00e6rker, der kan s\u00e6lges eller gives v\u00e6k.<\/p>\n<\/li>\n<\/ul>","protected":false},"excerpt":{"rendered":"<ul>\n<li>\n<p data-path-to-node=\"9,0,0\"><b data-path-to-node=\"9,0,0\" data-index-in-node=\"0\">Brugerdefineret formmodellering:<\/b> Vi forvandler dit 2D-logo eller din maskot til en fuldt funktionel 3D-kageudstikker.<\/p>\n<\/li>\n<li>\n<p data-path-to-node=\"9,1,0\"><b data-path-to-node=\"9,1,0\" data-index-in-node=\"0\">F\u00f8devaresikker og milj\u00f8venlig:<\/b> Fremstillet af PLA-plast, et bionedbrydeligt materiale udvundet af vedvarende ressourcer.<\/p>\n<\/li>\n<li>\n<p data-path-to-node=\"9,2,0\"><b data-path-to-node=\"9,2,0\" data-index-in-node=\"0\">Pr\u00e6cisionssk\u00e6ring:<\/b> 3D-printning med h\u00f8j opl\u00f8sning (70-200 mikron) skaber skarpe kanter til rene snit, selv med indviklede designs.<\/p>\n<\/li>\n<li>\n<p data-path-to-node=\"9,3,0\"><b data-path-to-node=\"9,3,0\" data-index-in-node=\"0\">S\u00e6sonbestemt branding:<\/b> Den ultimative interaktive firmagave, der bringer dit brand til julemiddagsbordet.<\/p>\n<\/li>\n<\/ul>","protected":false},"featured_media":6235,"comment_status":"closed","ping_status":"closed","template":"","meta":[],"product_brand":[],"product_cat":[122],"product_tag":[],"class_list":{"0":"post-6234","1":"product","2":"type-product","3":"status-publish","4":"has-post-thumbnail","6":"product_cat-promotional-accessories","8":"first","9":"instock","10":"shipping-taxable","11":"purchasable","12":"product-type-simple"},"_links":{"self":[{"href":"https:\/\/displayproducts.eu\/da\/wp-json\/wp\/v2\/product\/6234","targetHints":{"allow":["GET"]}}],"collection":[{"href":"https:\/\/displayproducts.eu\/da\/wp-json\/wp\/v2\/product"}],"about":[{"href":"https:\/\/displayproducts.eu\/da\/wp-json\/wp\/v2\/types\/product"}],"replies":[{"embeddable":true,"href":"https:\/\/displayproducts.eu\/da\/wp-json\/wp\/v2\/comments?post=6234"}],"wp:featuredmedia":[{"embeddable":true,"href":"https:\/\/displayproducts.eu\/da\/wp-json\/wp\/v2\/media\/6235"}],"wp:attachment":[{"href":"https:\/\/displayproducts.eu\/da\/wp-json\/wp\/v2\/media?parent=6234"}],"wp:term":[{"taxonomy":"product_brand","embeddable":true,"href":"https:\/\/displayproducts.eu\/da\/wp-json\/wp\/v2\/product_brand?post=6234"},{"taxonomy":"product_cat","embeddable":true,"href":"https:\/\/displayproducts.eu\/da\/wp-json\/wp\/v2\/product_cat?post=6234"},{"taxonomy":"product_tag","embeddable":true,"href":"https:\/\/displayproducts.eu\/da\/wp-json\/wp\/v2\/product_tag?post=6234"}],"curies":[{"name":"wp","href":"https:\/\/api.w.org\/{rel}","templated":true}]}}