{"id":6232,"date":"2025-12-20T18:21:12","date_gmt":"2025-12-20T15:21:12","guid":{"rendered":"https:\/\/wristbandfactory.eu\/?post_type=product&#038;p=6232"},"modified":"2026-04-01T21:52:03","modified_gmt":"2026-04-01T18:52:03","slug":"custom-printed-beer-coasters-drink-mats-absorbent-pulpboard","status":"publish","type":"product","link":"https:\/\/displayproducts.eu\/da\/p\/custom-printed-beer-coasters-drink-mats-absorbent-pulpboard\/","title":{"rendered":"\u00d8lbrikker med logo"},"content":{"rendered":"<p data-path-to-node=\"10\">Forvandl hvert bord til et billboard med vores <b data-path-to-node=\"10\" data-index-in-node=\"68\">Med eget tryk trykte \u00f8lbrikker<\/b>. Disse bordsk\u00e5nere er mere end blot et praktisk v\u00e6rkt\u00f8j til at beskytte m\u00f8bler mod spild og kondens, og de er et kraftfuldt og hyppigt anvendt marketingmedie. Uanset om du driver et bryggeri, en bar eller er v\u00e6rt for et stort firmaarrangement, l\u00e6gger med eget tryk bordsk\u00e5nere bogstaveligt talt dit brand i h\u00e6nderne p\u00e5 dit publikum.<\/p>\n<p data-path-to-node=\"11\">Vi opfordrer dig til at <b data-path-to-node=\"11\" data-index-in-node=\"20\">brug din fantasi<\/b>. Fordi disse bordsk\u00e5nere er trykt i fuld farve, er du ikke begr\u00e6nset til et simpelt logo. Brug dobbeltsidet print til at afholde konkurrencer, dele cocktailopskrifter eller vise QR-koder, der fremmer digitalt engagement.<\/p>\n<h2 data-path-to-node=\"12\">N\u00f8glefunktioner<\/h2>\n<ul data-path-to-node=\"13\">\n<li>\n<p data-path-to-node=\"13,0,0\"><b data-path-to-node=\"13,0,0\" data-index-in-node=\"0\">Overlegen absorberingsevne:<\/b> Fremstillet af specialiseret coaster board (pulpboard), der er designet til at holde p\u00e5 fugt uden at g\u00e5 i opl\u00f8sning, hvilket holder overfladerne t\u00f8rre.<\/p>\n<\/li>\n<li>\n<p data-path-to-node=\"13,1,0\"><b data-path-to-node=\"13,1,0\" data-index-in-node=\"0\">Dobbeltsidet branding:<\/b> Maksimer dit budskab ved at trykke forskellige designs p\u00e5 forsiden og bagsiden \u2013 ideelt til krydspromovering eller &quot;overraskelses&quot;-budskaber.<\/p>\n<\/li>\n<li>\n<p data-path-to-node=\"13,2,0\"><b data-path-to-node=\"13,2,0\" data-index-in-node=\"0\">Formvariation:<\/b> F\u00e5s i klassisk <b data-path-to-node=\"13,2,0\" data-index-in-node=\"36\">Rund<\/b> eller <b data-path-to-node=\"13,2,0\" data-index-in-node=\"45\">Firkant<\/b> formater med afrundede hj\u00f8rner, der passer til din \u00e6stetik.<\/p>\n<\/li>\n<li>\n<p data-path-to-node=\"13,3,0\"><b data-path-to-node=\"13,3,0\" data-index-in-node=\"0\">Udskrift i fotokvalitet:<\/b> Vores offsettrykproces sikrer levende farver og skarpe detaljer, der f\u00e5r dit design til at fremst\u00e5 flot.<\/p>\n<\/li>\n<\/ul>\n<h2 data-path-to-node=\"14\">Specifikationer<\/h2>\n<ul data-path-to-node=\"15\">\n<li>\n<p data-path-to-node=\"15,0,0\"><b data-path-to-node=\"15,0,0\" data-index-in-node=\"0\">Materiale:<\/b> H\u00f8jdensitetsabsorberende papirmassepap (\u00f8lm\u00e5ttepap).<\/p>\n<\/li>\n<li>\n<p data-path-to-node=\"15,1,0\"><b data-path-to-node=\"15,1,0\" data-index-in-node=\"0\">Standardformer:<\/b><\/p>\n<ul data-path-to-node=\"15,1,1\">\n<li>\n<p data-path-to-node=\"15,1,1,0,0\">Rund (\u00d8 107 mm eller \u00d8 93 mm).<\/p>\n<\/li>\n<li>\n<p data-path-to-node=\"15,1,1,1,0\">Firkantet (93 \u00d7 93 mm eller 107 \u00d7 107 mm) med afrundede hj\u00f8rner.<\/p>\n<\/li>\n<\/ul>\n<\/li>\n<li>\n<p data-path-to-node=\"15,2,0\"><b data-path-to-node=\"15,2,0\" data-index-in-node=\"0\">Tykkelsemuligheder:<\/b> Standard 1,2 mm, Premium 1,6 mm eller Heavy Duty 2,0 mm.<\/p>\n<\/li>\n<li>\n<p data-path-to-node=\"15,3,0\"><b data-path-to-node=\"15,3,0\" data-index-in-node=\"0\">Trykning:<\/b> Fuldfarveoffset (CMYK) p\u00e5 begge sider.<\/p>\n<\/li>\n<\/ul>\n<h2 data-path-to-node=\"16\">Brugsscenarier<\/h2>\n<ul data-path-to-node=\"17\">\n<li>\n<p data-path-to-node=\"17,0,0\"><b data-path-to-node=\"17,0,0\" data-index-in-node=\"0\">Bryggerier og barer:<\/b> Uundv\u00e6rlig til servering af fad\u00f8l og samtidig styrkelse af brandidentiteten.<\/p>\n<\/li>\n<li>\n<p data-path-to-node=\"17,1,0\"><b data-path-to-node=\"17,1,0\" data-index-in-node=\"0\">Bryllupper og fester:<\/b> Personlige bordsk\u00e5nere giver bordd\u00e6kningen et unikt pr\u00e6g og fungerer som souvenirs.<\/p>\n<\/li>\n<li>\n<p data-path-to-node=\"17,2,0\"><b data-path-to-node=\"17,2,0\" data-index-in-node=\"0\">Guerillamarkedsf\u00f8ring:<\/b> Distribuer dem p\u00e5 partnersteder for at promovere en applancering, festival eller taxaservice.<\/p>\n<\/li>\n<\/ul>","protected":false},"excerpt":{"rendered":"<ul>\n<li>\n<p data-path-to-node=\"9,0,0\"><b data-path-to-node=\"9,0,0\" data-index-in-node=\"0\">Meget absorberende:<\/b> Lavet af f\u00f8rsteklasses papirmasse, der effektivt absorberer kondens og beskytter borde og m\u00f8bler.<\/p>\n<\/li>\n<li>\n<p data-path-to-node=\"9,1,0\"><b data-path-to-node=\"9,1,0\" data-index-in-node=\"0\">Maksimal eksponering:<\/b> Placeret direkte foran kunden, hvilket sikrer, at dit brand ses i hver slurk.<\/p>\n<\/li>\n<li>\n<p data-path-to-node=\"9,2,0\"><b data-path-to-node=\"9,2,0\" data-index-in-node=\"0\">Kreativ markedsf\u00f8ring:<\/b> Perfekt til QR-koder, quizspil eller samlerobjekter, der kan engagere kunderne interaktivt.<\/p>\n<\/li>\n<li>\n<p data-path-to-node=\"9,3,0\"><b data-path-to-node=\"9,3,0\" data-index-in-node=\"0\">Omkostningseffektiv:<\/b> Et overkommeligt salgsfremmende v\u00e6rkt\u00f8j til store m\u00e6ngder, der giver et h\u00f8jt investeringsafkast.<\/p>\n<\/li>\n<\/ul>","protected":false},"featured_media":6233,"comment_status":"closed","ping_status":"closed","template":"","meta":[],"product_brand":[],"product_cat":[119],"product_tag":[],"class_list":{"0":"post-6232","1":"product","2":"type-product","3":"status-publish","4":"has-post-thumbnail","6":"product_cat-drinkware-accessories","8":"first","9":"instock","10":"shipping-taxable","11":"purchasable","12":"product-type-simple"},"_links":{"self":[{"href":"https:\/\/displayproducts.eu\/da\/wp-json\/wp\/v2\/product\/6232","targetHints":{"allow":["GET"]}}],"collection":[{"href":"https:\/\/displayproducts.eu\/da\/wp-json\/wp\/v2\/product"}],"about":[{"href":"https:\/\/displayproducts.eu\/da\/wp-json\/wp\/v2\/types\/product"}],"replies":[{"embeddable":true,"href":"https:\/\/displayproducts.eu\/da\/wp-json\/wp\/v2\/comments?post=6232"}],"wp:featuredmedia":[{"embeddable":true,"href":"https:\/\/displayproducts.eu\/da\/wp-json\/wp\/v2\/media\/6233"}],"wp:attachment":[{"href":"https:\/\/displayproducts.eu\/da\/wp-json\/wp\/v2\/media?parent=6232"}],"wp:term":[{"taxonomy":"product_brand","embeddable":true,"href":"https:\/\/displayproducts.eu\/da\/wp-json\/wp\/v2\/product_brand?post=6232"},{"taxonomy":"product_cat","embeddable":true,"href":"https:\/\/displayproducts.eu\/da\/wp-json\/wp\/v2\/product_cat?post=6232"},{"taxonomy":"product_tag","embeddable":true,"href":"https:\/\/displayproducts.eu\/da\/wp-json\/wp\/v2\/product_tag?post=6232"}],"curies":[{"name":"wp","href":"https:\/\/api.w.org\/{rel}","templated":true}]}}