{"id":6230,"date":"2025-12-20T18:14:23","date_gmt":"2025-12-20T15:14:23","guid":{"rendered":"https:\/\/wristbandfactory.eu\/?post_type=product&#038;p=6230"},"modified":"2026-04-01T21:52:34","modified_gmt":"2026-04-01T18:52:34","slug":"custom-printed-door-hangers-do-not-disturb-signs-pvc-pp-cardboard","status":"publish","type":"product","link":"https:\/\/displayproducts.eu\/da\/p\/custom-printed-door-hangers-do-not-disturb-signs-pvc-pp-cardboard\/","title":{"rendered":"D\u00f8rh\u00e6ngere med logo"},"content":{"rendered":"<p data-path-to-node=\"10\">Str\u00f8mlin kommunikationen og styrk branding med vores <b data-path-to-node=\"10\" data-index-in-node=\"80\">D\u00f8roph\u00e6ng med tryk<\/b>. Uanset om du har brug for funktionelle &quot;Forstyr ikke&quot;-skilte til en hotelk\u00e6de eller i\u00f8jnefaldende marketingv\u00e6rkt\u00f8jer til en guerillakampagne, er vores d\u00f8roph\u00e6ng designet til at formidle dit budskab klart og professionelt.<\/p>\n<p data-path-to-node=\"11\">Vi tilbyder en r\u00e6kke materialer, der passer til dine specifikke behov inden for holdbarhed. <b data-path-to-node=\"11\" data-index-in-node=\"74\">PVC og polypropylen (PP)<\/b> mulighederne er slidst\u00e6rke og vandt\u00e6tte, hvilket g\u00f8r dem ideelle til daglig gentagen brug i hotel- og restaurationsmilj\u00f8er. Til kortvarige kampagner eller direct mail-kampagner er vores h\u00f8jkvalitets <b data-path-to-node=\"11\" data-index-in-node=\"283\">Pap<\/b> muligheder tilbyder et f\u00f8rsteklasses look til en omkostningseffektiv pris.<\/p>\n<h2 data-path-to-node=\"12\">N\u00f8glefunktioner<\/h2>\n<ul data-path-to-node=\"13\">\n<li>\n<p data-path-to-node=\"13,0,0\"><b data-path-to-node=\"13,0,0\" data-index-in-node=\"0\">Materialefleksibilitet:<\/b><\/p>\n<ul data-path-to-node=\"13,0,1\">\n<li>\n<p data-path-to-node=\"13,0,1,0,0\"><b data-path-to-node=\"13,0,1,0,0\" data-index-in-node=\"0\">PVC\/PP:<\/b> Vandt\u00e6t, robust og nem at reng\u00f8re. Perfekt til langvarig brug b\u00e5de indend\u00f8rs og udend\u00f8rs.<\/p>\n<\/li>\n<li>\n<p data-path-to-node=\"13,0,1,1,0\"><b data-path-to-node=\"13,0,1,1,0\" data-index-in-node=\"0\">Pap:<\/b> B\u00e6redygtig og let. Ideel til engangsarrangementer eller massedistribution.<\/p>\n<\/li>\n<\/ul>\n<\/li>\n<li>\n<p data-path-to-node=\"13,1,0\"><b data-path-to-node=\"13,1,0\" data-index-in-node=\"0\">Visuel ekspertise:<\/b> Vi bruger high definition <b data-path-to-node=\"13,1,0\" data-index-in-node=\"42\">Forskydning<\/b> eller <b data-path-to-node=\"13,1,0\" data-index-in-node=\"52\">Serigrafi<\/b> for at sikre, at dit logo og din tekst er skarpe, farverige og falmebestandige.<\/p>\n<\/li>\n<li>\n<p data-path-to-node=\"13,2,0\"><b data-path-to-node=\"13,2,0\" data-index-in-node=\"0\">Med eget tryk former:<\/b> Selvom vi tilbyder standard rektangul\u00e6re former med krog, kan vi ogs\u00e5 udstanse b\u00f8jlerne i med eget tryk former, der matcher din branding.<\/p>\n<\/li>\n<li>\n<p data-path-to-node=\"13,3,0\"><b data-path-to-node=\"13,3,0\" data-index-in-node=\"0\">Dobbelt beskedudveksling:<\/b> Brug begge sider af tagget til at formidle mere information eller tilbyde dobbelt funktionalitet.<\/p>\n<\/li>\n<\/ul>\n<h2 data-path-to-node=\"14\">Specifikationer<\/h2>\n<ul data-path-to-node=\"15\">\n<li>\n<p data-path-to-node=\"15,0,0\"><b data-path-to-node=\"15,0,0\" data-index-in-node=\"0\">Materialer:<\/b> Stiv PVC, fleksibel PP (polypropylen) eller belagt pap.<\/p>\n<\/li>\n<li>\n<p data-path-to-node=\"15,1,0\"><b data-path-to-node=\"15,1,0\" data-index-in-node=\"0\">Trykteknik:<\/b> Fuldfarveoffset (CMYK) eller serigrafi (spotfarver).<\/p>\n<\/li>\n<li>\n<p data-path-to-node=\"15,2,0\"><b data-path-to-node=\"15,2,0\" data-index-in-node=\"0\">Udskriftsd\u00e6kning:<\/b> Uden tryktsidet eller dobbeltsidet.<\/p>\n<\/li>\n<li>\n<p data-path-to-node=\"15,3,0\"><b data-path-to-node=\"15,3,0\" data-index-in-node=\"0\">Tykkelse:<\/b> Kan tilpasses baseret p\u00e5 materialevalg (f.eks. 300 g pap, 500 mikron PVC).<\/p>\n<\/li>\n<li>\n<p data-path-to-node=\"15,4,0\"><b data-path-to-node=\"15,4,0\" data-index-in-node=\"0\">Vedh\u00e6ftet fil:<\/b> Standard udstanset krog til d\u00f8rh\u00e5ndtag.<\/p>\n<\/li>\n<\/ul>\n<h2 data-path-to-node=\"16\">Brugsscenarier<\/h2>\n<ul data-path-to-node=\"17\">\n<li>\n<p data-path-to-node=\"17,0,0\"><b data-path-to-node=\"17,0,0\" data-index-in-node=\"0\">Hotel- og restaurationsbranchen:<\/b> Vigtig for hoteller, resorts og krydstogtskibe (\u201cForstyr ikke\u201d, \u201cMorgenmadsmenu\u201d, \u201cRoomservice\u201d).<\/p>\n<\/li>\n<li>\n<p data-path-to-node=\"17,1,0\"><b data-path-to-node=\"17,1,0\" data-index-in-node=\"0\">Virksomhedskontorer:<\/b> Nyttig til m\u00f8delokaler (&quot;M\u00f8de i gang&quot;) eller reng\u00f8ringsplaner.<\/p>\n<\/li>\n<li>\n<p data-path-to-node=\"17,2,0\"><b data-path-to-node=\"17,2,0\" data-index-in-node=\"0\">Ejendomme og markedsf\u00f8ring:<\/b> \u201c&quot;Lige solgt&quot;- eller &quot;\u00c5bent hus&quot;-skilte efterladt p\u00e5 nabolagets d\u00f8rh\u00e5ndtag.<\/p>\n<\/li>\n<\/ul>\n<p data-path-to-node=\"18\">","protected":false},"excerpt":{"rendered":"<ul>\n<li>\n<p data-path-to-node=\"9,0,0\"><b data-path-to-node=\"9,0,0\" data-index-in-node=\"0\">Alsidigt materialevalg:<\/b> V\u00e6lg robust PVC eller polypropylen (PP) til langvarig genbrug p\u00e5 hoteller, eller omkostningseffektivt pap til marketingkampagner.<\/p>\n<\/li>\n<li>\n<p data-path-to-node=\"9,1,0\"><b data-path-to-node=\"9,1,0\" data-index-in-node=\"0\">H\u00f8jtryksudskrivning:<\/b> F\u00e5s med livligt fuldfarvet offset- eller serigrafitryk for at sikre, at dit budskab er synligt p\u00e5 afstand.<\/p>\n<\/li>\n<li>\n<p data-path-to-node=\"9,2,0\"><b data-path-to-node=\"9,2,0\" data-index-in-node=\"0\">Dobbeltsidet kommunikation:<\/b> Maksimer anvendeligheden ved at udskrive forskellige beskeder p\u00e5 hver side (f.eks. &quot;Forstyr ikke&quot; \/ &quot;Reng\u00f8r venligst rummet&quot;).<\/p>\n<\/li>\n<li>\n<p data-path-to-node=\"9,3,0\"><b data-path-to-node=\"9,3,0\" data-index-in-node=\"0\">Universel pasform:<\/b> Designet til at passe til standard d\u00f8rh\u00e5ndtag p\u00e5 hoteller, konferencecentre og virksomhedskontorer.<\/p>\n<\/li>\n<\/ul>","protected":false},"featured_media":6280,"comment_status":"closed","ping_status":"closed","template":"","meta":[],"product_brand":[],"product_cat":[132],"product_tag":[],"class_list":{"0":"post-6230","1":"product","2":"type-product","3":"status-publish","4":"has-post-thumbnail","6":"product_cat-hotel-spa-amenities","8":"first","9":"instock","10":"shipping-taxable","11":"product-type-simple"},"_links":{"self":[{"href":"https:\/\/displayproducts.eu\/da\/wp-json\/wp\/v2\/product\/6230","targetHints":{"allow":["GET"]}}],"collection":[{"href":"https:\/\/displayproducts.eu\/da\/wp-json\/wp\/v2\/product"}],"about":[{"href":"https:\/\/displayproducts.eu\/da\/wp-json\/wp\/v2\/types\/product"}],"replies":[{"embeddable":true,"href":"https:\/\/displayproducts.eu\/da\/wp-json\/wp\/v2\/comments?post=6230"}],"wp:featuredmedia":[{"embeddable":true,"href":"https:\/\/displayproducts.eu\/da\/wp-json\/wp\/v2\/media\/6280"}],"wp:attachment":[{"href":"https:\/\/displayproducts.eu\/da\/wp-json\/wp\/v2\/media?parent=6230"}],"wp:term":[{"taxonomy":"product_brand","embeddable":true,"href":"https:\/\/displayproducts.eu\/da\/wp-json\/wp\/v2\/product_brand?post=6230"},{"taxonomy":"product_cat","embeddable":true,"href":"https:\/\/displayproducts.eu\/da\/wp-json\/wp\/v2\/product_cat?post=6230"},{"taxonomy":"product_tag","embeddable":true,"href":"https:\/\/displayproducts.eu\/da\/wp-json\/wp\/v2\/product_tag?post=6230"}],"curies":[{"name":"wp","href":"https:\/\/api.w.org\/{rel}","templated":true}]}}