{"id":6228,"date":"2025-12-20T18:09:00","date_gmt":"2025-12-20T15:09:00","guid":{"rendered":"https:\/\/wristbandfactory.eu\/?post_type=product&#038;p=6228"},"modified":"2026-04-01T21:52:34","modified_gmt":"2026-04-01T18:52:34","slug":"custom-printed-rulers-3d-lenticular-rulers-pvc-pp-pet","status":"publish","type":"product","link":"https:\/\/displayproducts.eu\/da\/p\/custom-printed-rulers-3d-lenticular-rulers-pvc-pp-pet\/","title":{"rendered":"Linealer med logo (PVC &amp; 3D)"},"content":{"rendered":"<p data-path-to-node=\"10\">Sikr dig en permanent plads p\u00e5 din klients skrivebord med vores <b data-path-to-node=\"10\" data-index-in-node=\"80\">Med eget tryk trykte linealer<\/b>. I mods\u00e6tning til engangsflyers er en lineal med logo et praktisk v\u00e6rkt\u00f8j, der tilbyder langsigtet v\u00e6rdi og daglig synlighed p\u00e5 kontorer, skoler og i industrimilj\u00f8er.<\/p>\n<p data-path-to-node=\"11\">Vi tilbyder et bredt udvalg af materialer, der passer til dine kampagnem\u00e5l. V\u00e6lg vores <b data-path-to-node=\"11\" data-index-in-node=\"75\">Standard PVC<\/b> for et klassisk look, <b data-path-to-node=\"11\" data-index-in-node=\"108\">Milj\u00f8venlig polypropylen (PP)<\/b> til b\u00e6redygtig branding eller vores banebrydende <b data-path-to-node=\"11\" data-index-in-node=\"186\">3D-linseformede linealer<\/b> for maksimal effekt. Den linseformede teknologi skaber engagerende visuelle effekter som animation, dybde eller billedvending, hvilket g\u00f8r den ideel til kampagner inden for medicinalindustrien og f\u00f8devareindustrien.<\/p>\n<h2 data-path-to-node=\"12\">N\u00f8glefunktioner<\/h2>\n<ul data-path-to-node=\"13\">\n<li>\n<p data-path-to-node=\"13,0,0\"><b data-path-to-node=\"13,0,0\" data-index-in-node=\"0\">High-Definition-branding:<\/b> Uanset om du v\u00e6lger digitaltryk til komplekse billeder eller serigrafi til ensfarvede farver, sikrer vi skarpe og levende resultater.<\/p>\n<\/li>\n<li>\n<p data-path-to-node=\"13,1,0\"><b data-path-to-node=\"13,1,0\" data-index-in-node=\"0\">Med eget tryk dimensioner:<\/b> Vi tilbyder ikke kun standardst\u00f8rrelser; vi kan producere linealer lige fra kompakte 15 cm-versioner op til store 68 cm-formater.<\/p>\n<\/li>\n<li>\n<p data-path-to-node=\"13,2,0\"><b data-path-to-node=\"13,2,0\" data-index-in-node=\"0\">Milj\u00f8venlige muligheder:<\/b> Til gr\u00f8nne kampagner tilbyder vi bionedbrydelige og genanvendelige polypropylen (PP)-materialer.<\/p>\n<\/li>\n<li>\n<p data-path-to-node=\"13,3,0\"><b data-path-to-node=\"13,3,0\" data-index-in-node=\"0\">Avancerede 3D-effekter:<\/b> Lentikul\u00e6r udskrivning muligg\u00f8r &quot;Flip&quot; (skift af billeder), &quot;Motion&quot; (videolignende bev\u00e6gelse) eller &quot;3D-dybde&quot;-effekter, hvilket forvandler en simpel lineal til en interaktiv oplevelse.<\/p>\n<\/li>\n<\/ul>\n<h2 data-path-to-node=\"14\">Specifikationer<\/h2>\n<table data-path-to-node=\"15\">\n<thead>\n<tr>\n<td><strong>Funktion<\/strong><\/td>\n<td><strong>PVC-linealer<\/strong><\/td>\n<td><strong>PP (polypropylen) linealer<\/strong><\/td>\n<td><strong>3D-linseformede linealer<\/strong><\/td>\n<\/tr>\n<\/thead>\n<tbody>\n<tr>\n<td><span data-path-to-node=\"15,1,0,0\"><b data-path-to-node=\"15,1,0,0\" data-index-in-node=\"0\">Materiale<\/b><\/span><\/td>\n<td><span data-path-to-node=\"15,1,1,0\">Halvstiv hvid PVC<\/span><\/td>\n<td><span data-path-to-node=\"15,1,2,0\">Fleksibel milj\u00f8venlig PP<\/span><\/td>\n<td><span data-path-to-node=\"15,1,3,0\">Lentikul\u00e6r PET<\/span><\/td>\n<\/tr>\n<tr>\n<td><span data-path-to-node=\"15,2,0,0\"><b data-path-to-node=\"15,2,0,0\" data-index-in-node=\"0\">Tykkelse<\/b><\/span><\/td>\n<td><span data-path-to-node=\"15,2,1,0\">300, 500 eller 700 mikron<\/span><\/td>\n<td><span data-path-to-node=\"15,2,2,0\">500 eller 800 mikron<\/span><\/td>\n<td><span data-path-to-node=\"15,2,3,0\">500 mikron<\/span><\/td>\n<\/tr>\n<tr>\n<td><span data-path-to-node=\"15,3,0,0\"><b data-path-to-node=\"15,3,0,0\" data-index-in-node=\"0\">Udskrivningsmetode<\/b><\/span><\/td>\n<td><span data-path-to-node=\"15,3,1,0\">Digitalt eller serigrafi<\/span><\/td>\n<td><span data-path-to-node=\"15,3,2,0\">Digitalt eller serigrafi<\/span><\/td>\n<td><span data-path-to-node=\"15,3,3,0\">Offset\/Sk\u00e6rm (3D-effekter)<\/span><\/td>\n<\/tr>\n<tr>\n<td><span data-path-to-node=\"15,4,0,0\"><b data-path-to-node=\"15,4,0,0\" data-index-in-node=\"0\">Sider<\/b><\/span><\/td>\n<td><span data-path-to-node=\"15,4,1,0\">1- eller 2-sidet<\/span><\/td>\n<td><span data-path-to-node=\"15,4,2,0\">1- eller 2-sidet<\/span><\/td>\n<td><span data-path-to-node=\"15,4,3,0\">Forside (3D) + Bagside (Statisk)<\/span><\/td>\n<\/tr>\n<tr>\n<td><span data-path-to-node=\"15,5,0,0\"><b data-path-to-node=\"15,5,0,0\" data-index-in-node=\"0\">L\u00e6ngdeomr\u00e5de<\/b><\/span><\/td>\n<td><span data-path-to-node=\"15,5,1,0\">15 cm \u2013 68 cm<\/span><\/td>\n<td><span data-path-to-node=\"15,5,2,0\">15 cm \u2013 68 cm<\/span><\/td>\n<td><span data-path-to-node=\"15,5,3,0\">Standardst\u00f8rrelser<\/span><\/td>\n<\/tr>\n<\/tbody>\n<\/table>\n<h2 data-path-to-node=\"16\">Brugsscenarier<\/h2>\n<ul data-path-to-node=\"17\">\n<li>\n<p data-path-to-node=\"17,0,0\"><b data-path-to-node=\"17,0,0\" data-index-in-node=\"0\">Uddannelseskampagner:<\/b> Vigtige uddelingsmaterialer til skoler, universiteter og uddannelsescentre.<\/p>\n<\/li>\n<li>\n<p data-path-to-node=\"17,1,0\"><b data-path-to-node=\"17,1,0\" data-index-in-node=\"0\">Farmaceutisk markedsf\u00f8ring:<\/b> Brug 3D-linseformede effekter til at vise &quot;f\u00f8r og efter&quot;-resultater eller animationer af virkningsmekanismer.<\/p>\n<\/li>\n<li>\n<p data-path-to-node=\"17,2,0\"><b data-path-to-node=\"17,2,0\" data-index-in-node=\"0\">Byggeri og ingeni\u00f8rarbejde:<\/b> Et n\u00f8dvendigt v\u00e6rkt\u00f8j for arkitekter og ingeni\u00f8rer, der ogs\u00e5 fungerer som et f\u00f8rsteklasses visitkort.<\/p>\n<\/li>\n<\/ul>","protected":false},"excerpt":{"rendered":"<ul>\n<li>\n<p data-path-to-node=\"9,0,0\"><b data-path-to-node=\"9,0,0\" data-index-in-node=\"0\">Alsidige materialemuligheder:<\/b> V\u00e6lg mellem halvstiv PVC, milj\u00f8venlig polypropylen (PP) eller specialiseret linseformet PET.<\/p>\n<\/li>\n<li>\n<p data-path-to-node=\"9,1,0\"><b data-path-to-node=\"9,1,0\" data-index-in-node=\"0\">3D visuelle effekter:<\/b> Vores linseformede PET-linealer tilbyder fantastiske bev\u00e6gelses-, zoom- og morphing-effekter, der fanger opm\u00e6rksomheden.<\/p>\n<\/li>\n<li>\n<p data-path-to-node=\"9,2,0\"><b data-path-to-node=\"9,2,0\" data-index-in-node=\"0\">Fuld tilpasning:<\/b> F\u00e5s med HD digitaltryk eller serigrafi p\u00e5 hele overfladen (1 eller 2 sider).<\/p>\n<\/li>\n<li>\n<p data-path-to-node=\"9,3,0\"><b data-path-to-node=\"9,3,0\" data-index-in-node=\"0\">Praktisk brandsynlighed:<\/b> Et funktionelt skrivebordsv\u00e6rkt\u00f8j, der sikrer, at dit brand forbliver synligt for klienten dagligt.<\/p>\n<\/li>\n<\/ul>","protected":false},"featured_media":6229,"comment_status":"closed","ping_status":"closed","template":"","meta":[],"product_brand":[],"product_cat":[122],"product_tag":[],"class_list":{"0":"post-6228","1":"product","2":"type-product","3":"status-publish","4":"has-post-thumbnail","6":"product_cat-promotional-accessories","8":"first","9":"instock","10":"shipping-taxable","11":"product-type-simple"},"_links":{"self":[{"href":"https:\/\/displayproducts.eu\/da\/wp-json\/wp\/v2\/product\/6228","targetHints":{"allow":["GET"]}}],"collection":[{"href":"https:\/\/displayproducts.eu\/da\/wp-json\/wp\/v2\/product"}],"about":[{"href":"https:\/\/displayproducts.eu\/da\/wp-json\/wp\/v2\/types\/product"}],"replies":[{"embeddable":true,"href":"https:\/\/displayproducts.eu\/da\/wp-json\/wp\/v2\/comments?post=6228"}],"wp:featuredmedia":[{"embeddable":true,"href":"https:\/\/displayproducts.eu\/da\/wp-json\/wp\/v2\/media\/6229"}],"wp:attachment":[{"href":"https:\/\/displayproducts.eu\/da\/wp-json\/wp\/v2\/media?parent=6228"}],"wp:term":[{"taxonomy":"product_brand","embeddable":true,"href":"https:\/\/displayproducts.eu\/da\/wp-json\/wp\/v2\/product_brand?post=6228"},{"taxonomy":"product_cat","embeddable":true,"href":"https:\/\/displayproducts.eu\/da\/wp-json\/wp\/v2\/product_cat?post=6228"},{"taxonomy":"product_tag","embeddable":true,"href":"https:\/\/displayproducts.eu\/da\/wp-json\/wp\/v2\/product_tag?post=6228"}],"curies":[{"name":"wp","href":"https:\/\/api.w.org\/{rel}","templated":true}]}}