{"id":6226,"date":"2025-12-20T18:04:19","date_gmt":"2025-12-20T15:04:19","guid":{"rendered":"https:\/\/wristbandfactory.eu\/?post_type=product&#038;p=6226"},"modified":"2026-04-01T21:52:03","modified_gmt":"2026-04-01T18:52:03","slug":"custom-fsc-certified-pencils-with-eraser-360-full-color-print","status":"publish","type":"product","link":"https:\/\/displayproducts.eu\/da\/p\/custom-fsc-certified-pencils-with-eraser-360-full-color-print\/","title":{"rendered":"Blyanter med logo (FSC\u00ae-certificeret)"},"content":{"rendered":"<p data-path-to-node=\"10\">Vis dit engagement i milj\u00f8et uden at g\u00e5 p\u00e5 kompromis med designet med vores <b data-path-to-node=\"10\" data-index-in-node=\"109\">Med eget tryk FSC\u00ae-certificerede blyanter<\/b>. Disse er ikke bare skriveredskaber; de er et udtryk for b\u00e6redygtige brandv\u00e6rdier. Ved at v\u00e6lge FSC\u00ae-certificeret tr\u00e6 st\u00f8tter du ansvarlig skovforvaltning verden over.<\/p>\n<p data-path-to-node=\"11\">Det, der adskiller denne blyant, er <b data-path-to-node=\"11\" data-index-in-node=\"35\">360\u00b0 fuldfarvetilpasning<\/b>. Vi trykker ikke bare et lille logo p\u00e5 siden; vi indhyller hele blyantcylinderen i dit unikke design. Uanset om det er et komplekst m\u00f8nster, et fotografisk billede eller dine firmafarver, er resultatet et problemfrit og i\u00f8jnefaldende reklamev\u00e6rkt\u00f8j.<\/p>\n<h2 data-path-to-node=\"12\">N\u00f8glefunktioner<\/h2>\n<ul data-path-to-node=\"13\">\n<li>\n<p data-path-to-node=\"13,0,0\"><b data-path-to-node=\"13,0,0\" data-index-in-node=\"0\">Milj\u00f8venligt valg:<\/b> Fremstillet af naturligt tr\u00e6 fra certificerede b\u00e6redygtige kilder, hvilket g\u00f8r det til en skyldfri reklameartikel.<\/p>\n<\/li>\n<li>\n<p data-path-to-node=\"13,1,0\"><b data-path-to-node=\"13,1,0\" data-index-in-node=\"0\">Ubegr\u00e6nset design:<\/b> 360\u00b0-trykteknikken muligg\u00f8r kant-til-kant-branding i CMYK, perfekt til indviklet grafik og dristige budskaber.<\/p>\n<\/li>\n<li>\n<p data-path-to-node=\"13,2,0\"><b data-path-to-node=\"13,2,0\" data-index-in-node=\"0\">Funktionel og stilfuld:<\/b> Udstyret med et praktisk viskel\u00e6der, der holdes p\u00e5 plads af et elegant <b data-path-to-node=\"13,2,0\" data-index-in-node=\"80\">metalr\u00f8r<\/b>, der kombinerer anvendelighed med et poleret udseende.<\/p>\n<\/li>\n<li>\n<p data-path-to-node=\"13,3,0\"><b data-path-to-node=\"13,3,0\" data-index-in-node=\"0\">H\u00f8j nyttev\u00e6rdi:<\/b> Blyanter er et af de mest beholdte reklameartikler, der sikrer, at dit brand forbliver i kundens h\u00e5nd i m\u00e5nedsvis.<\/p>\n<\/li>\n<\/ul>\n<h2 data-path-to-node=\"14\">Specifikationer<\/h2>\n<ul data-path-to-node=\"15\">\n<li>\n<p data-path-to-node=\"15,0,0\"><b data-path-to-node=\"15,0,0\" data-index-in-node=\"0\">Materiale:<\/b> Naturtr\u00e6 (FSC\u00ae-certificeret).<\/p>\n<\/li>\n<li>\n<p data-path-to-node=\"15,1,0\"><b data-path-to-node=\"15,1,0\" data-index-in-node=\"0\">Udskrivningsmetode:<\/b> 360\u00b0 digital indpakning i fuld farve.<\/p>\n<\/li>\n<li>\n<p data-path-to-node=\"15,2,0\"><b data-path-to-node=\"15,2,0\" data-index-in-node=\"0\">Komponenter:<\/b> Grafitstift, viskel\u00e6der, metalr\u00f8r.<\/p>\n<\/li>\n<li>\n<p data-path-to-node=\"15,3,0\"><b data-path-to-node=\"15,3,0\" data-index-in-node=\"0\">Form:<\/b> Standardrund eller sekskantet (afh\u00e6ngigt af lagerbeholdning).<\/p>\n<\/li>\n<li>\n<p data-path-to-node=\"15,4,0\"><b data-path-to-node=\"15,4,0\" data-index-in-node=\"0\">Certificeringer:<\/b> FSC\u00ae (Forest Stewardship Council).<\/p>\n<\/li>\n<\/ul>\n<h2 data-path-to-node=\"16\">Brugsscenarier<\/h2>\n<ul data-path-to-node=\"17\">\n<li>\n<p data-path-to-node=\"17,0,0\"><b data-path-to-node=\"17,0,0\" data-index-in-node=\"0\">Uddannelsesarrangementer:<\/b> Perfekt til skoler, universiteter og tr\u00e6ningscentre.<\/p>\n<\/li>\n<li>\n<p data-path-to-node=\"17,1,0\"><b data-path-to-node=\"17,1,0\" data-index-in-node=\"0\">Messer:<\/b> En let, milj\u00f8bevidst giveaway, som deltagerne rent faktisk bruger.<\/p>\n<\/li>\n<li>\n<p data-path-to-node=\"17,2,0\"><b data-path-to-node=\"17,2,0\" data-index-in-node=\"0\">Kontorartikler:<\/b> Brand dit eget kontorpapir for at styrke virksomhedens identitet internt og i kundem\u00f8der.<\/p>\n<\/li>\n<\/ul>","protected":false},"excerpt":{"rendered":"<ul>\n<li>\n<p data-path-to-node=\"9,0,0\"><b data-path-to-node=\"9,0,0\" data-index-in-node=\"0\">Certificeret b\u00e6redygtig:<\/b> Lavet af 100% naturligt tr\u00e6 fra ansvarligt forvaltede skove (FSC\u00ae-certificeret).<\/p>\n<\/li>\n<li>\n<p data-path-to-node=\"9,1,0\"><b data-path-to-node=\"9,1,0\" data-index-in-node=\"0\">360\u00b0 Fuld branding:<\/b> I mods\u00e6tning til standard tampontryk d\u00e6kker dit design hele t\u00f8nden med et levende digitalt tryk i fuld farve.<\/p>\n<\/li>\n<li>\n<p data-path-to-node=\"9,2,0\"><b data-path-to-node=\"9,2,0\" data-index-in-node=\"0\">Premium-finish:<\/b> Har et viskel\u00e6der af h\u00f8j kvalitet, der er sikret med en holdbar metalring (detalje).<\/p>\n<\/li>\n<li>\n<p data-path-to-node=\"9,3,0\"><b data-path-to-node=\"9,3,0\" data-index-in-node=\"0\">Alsidig promovering:<\/b> Den ideelle billige og synlige giveaway til messer, skoler og kontorer.<\/p>\n<\/li>\n<\/ul>","protected":false},"featured_media":6227,"comment_status":"closed","ping_status":"closed","template":"","meta":[],"product_brand":[],"product_cat":[122],"product_tag":[],"class_list":{"0":"post-6226","1":"product","2":"type-product","3":"status-publish","4":"has-post-thumbnail","6":"product_cat-promotional-accessories","8":"first","9":"instock","10":"shipping-taxable","11":"product-type-simple"},"_links":{"self":[{"href":"https:\/\/displayproducts.eu\/da\/wp-json\/wp\/v2\/product\/6226","targetHints":{"allow":["GET"]}}],"collection":[{"href":"https:\/\/displayproducts.eu\/da\/wp-json\/wp\/v2\/product"}],"about":[{"href":"https:\/\/displayproducts.eu\/da\/wp-json\/wp\/v2\/types\/product"}],"replies":[{"embeddable":true,"href":"https:\/\/displayproducts.eu\/da\/wp-json\/wp\/v2\/comments?post=6226"}],"wp:featuredmedia":[{"embeddable":true,"href":"https:\/\/displayproducts.eu\/da\/wp-json\/wp\/v2\/media\/6227"}],"wp:attachment":[{"href":"https:\/\/displayproducts.eu\/da\/wp-json\/wp\/v2\/media?parent=6226"}],"wp:term":[{"taxonomy":"product_brand","embeddable":true,"href":"https:\/\/displayproducts.eu\/da\/wp-json\/wp\/v2\/product_brand?post=6226"},{"taxonomy":"product_cat","embeddable":true,"href":"https:\/\/displayproducts.eu\/da\/wp-json\/wp\/v2\/product_cat?post=6226"},{"taxonomy":"product_tag","embeddable":true,"href":"https:\/\/displayproducts.eu\/da\/wp-json\/wp\/v2\/product_tag?post=6226"}],"curies":[{"name":"wp","href":"https:\/\/api.w.org\/{rel}","templated":true}]}}