{"id":6224,"date":"2025-12-20T18:00:02","date_gmt":"2025-12-20T15:00:02","guid":{"rendered":"https:\/\/wristbandfactory.eu\/?post_type=product&#038;p=6224"},"modified":"2026-04-01T21:52:34","modified_gmt":"2026-04-01T18:52:34","slug":"custom-foldable-glasses-cases-pu-leather-metal-core","status":"publish","type":"product","link":"https:\/\/displayproducts.eu\/da\/p\/custom-foldable-glasses-cases-pu-leather-metal-core\/","title":{"rendered":"Sammenklappelige brilleetuier med logo"},"content":{"rendered":"<p data-path-to-node=\"10\">Opgrader dit m\u00e6rketilbeh\u00f8r med vores <b data-path-to-node=\"10\" data-index-in-node=\"67\">Med eget tryk foldbare brilleetuier<\/b>. Dette etui er designet til moderne bekvemmelighed og l\u00f8ser problemet med pladskr\u00e6vende opbevaring af briller. N\u00e5r brillerne er i brug, foldes etuiet helt fladt og passer nemt i en jakkelomme eller en smal taske.<\/p>\n<p data-path-to-node=\"11\">Dette etui er ideelt til optikerbutikker, sommerkampagner og firmarejsegaver og kombinerer holdbarhed med eksklusiv \u00e6stetik. Kernen er lavet af lette metalplader for strukturel integritet, d\u00e6kket af glat PU-l\u00e6der for et f\u00f8rsteklasses touch og foret med bl\u00f8dt stof for at beskytte linser mod ridser.<\/p>\n<h2 data-path-to-node=\"12\">N\u00f8glefunktioner<\/h2>\n<ul data-path-to-node=\"13\">\n<li>\n<p data-path-to-node=\"13,0,0\"><b data-path-to-node=\"13,0,0\" data-index-in-node=\"0\">Maksimalt brandingomr\u00e5de:<\/b> I mods\u00e6tning til standardcovers, der er begr\u00e6nset til et lille logo, giver denne model mulighed for <b data-path-to-node=\"13,0,0\" data-index-in-node=\"92\">CMYK digitaltryk i fuld overflade<\/b> p\u00e5 hele ydersiden.<\/p>\n<\/li>\n<li>\n<p data-path-to-node=\"13,1,0\"><b data-path-to-node=\"13,1,0\" data-index-in-node=\"0\">Luksus interi\u00f8rdetaljer:<\/b> Tilf\u00f8j et strejf af elegance med s\u00f8lv eller guld <b data-path-to-node=\"13,1,0\" data-index-in-node=\"70\">varmstemplet logo<\/b> (5 \u00d7 2 cm) p\u00e5 indersiden af foret.<\/p>\n<\/li>\n<li>\n<p data-path-to-node=\"13,2,0\"><b data-path-to-node=\"13,2,0\" data-index-in-node=\"0\">Universel pasform:<\/b> N\u00e5r den er \u00e5bnet, passer den trekantede form til de fleste standard l\u00e6sebriller og solbriller.<\/p>\n<\/li>\n<li>\n<p data-path-to-node=\"13,3,0\"><b data-path-to-node=\"13,3,0\" data-index-in-node=\"0\">Strukturel styrke:<\/b> Metalpladekonstruktionen sikrer, at etuiet er stivt og beskyttende, n\u00e5r det er foldet ud, selvom det kan foldes sammen.<\/p>\n<\/li>\n<\/ul>\n<h2 data-path-to-node=\"14\">Specifikationer<\/h2>\n<ul data-path-to-node=\"15\">\n<li>\n<p data-path-to-node=\"15,0,0\"><b data-path-to-node=\"15,0,0\" data-index-in-node=\"0\">Materiale:<\/b> Let metalkerne, yderside i PU-l\u00e6der, bl\u00f8dt stoffor.<\/p>\n<\/li>\n<li>\n<p data-path-to-node=\"15,1,0\"><b data-path-to-node=\"15,1,0\" data-index-in-node=\"0\">Dimensioner (lukket):<\/b> 16 \u00d7 6,5 \u00d7 1,0 cm.<\/p>\n<\/li>\n<li>\n<p data-path-to-node=\"15,2,0\"><b data-path-to-node=\"15,2,0\" data-index-in-node=\"0\">Dimensioner (\u00e5ben):<\/b> 16 \u00d7 6,5 \u00d7 6,5 cm.<\/p>\n<\/li>\n<li>\n<p data-path-to-node=\"15,3,0\"><b data-path-to-node=\"15,3,0\" data-index-in-node=\"0\">Lukningstype:<\/b> Skjult magnetstribe.<\/p>\n<\/li>\n<li>\n<p data-path-to-node=\"15,4,0\"><b data-path-to-node=\"15,4,0\" data-index-in-node=\"0\">Brandingmuligheder:<\/b><\/p>\n<ul data-path-to-node=\"15,4,1\">\n<li>\n<p data-path-to-node=\"15,4,1,0,0\">Udvendigt: Fuldfarvetryk (CMYK).<\/p>\n<\/li>\n<li>\n<p data-path-to-node=\"15,4,1,1,0\">Indvendigt: Varmpr\u00e6gning (guld- eller s\u00f8lvfolie).<\/p>\n<\/li>\n<\/ul>\n<\/li>\n<li>\n<p data-path-to-node=\"15,5,0\"><b data-path-to-node=\"15,5,0\" data-index-in-node=\"0\">Emballage:<\/b> Individuel polypose (standard).<\/p>\n<ul data-path-to-node=\"15,5,1\">\n<li>\n<p data-path-to-node=\"15,5,1,0,0\"><i data-path-to-node=\"15,5,1,0,0\" data-index-in-node=\"0\">Valgfri:<\/i> Specialtrykt papindsatskort (15 \u00d7 6 cm).<\/p>\n<\/li>\n<\/ul>\n<\/li>\n<\/ul>\n<h2 data-path-to-node=\"16\">Brugsscenarier<\/h2>\n<ul data-path-to-node=\"17\">\n<li>\n<p data-path-to-node=\"17,0,0\"><b data-path-to-node=\"17,0,0\" data-index-in-node=\"0\">Optiske forhandlere:<\/b> En pr\u00e6mie til en h\u00f8j v\u00e6rdi ved k\u00f8b af briller med styrke.<\/p>\n<\/li>\n<li>\n<p data-path-to-node=\"17,1,0\"><b data-path-to-node=\"17,1,0\" data-index-in-node=\"0\">Rejser og turisme:<\/b> Perfekt til rejsebureauer eller flyselskaber som pladsbesparende rejsetilbeh\u00f8r.<\/p>\n<\/li>\n<li>\n<p data-path-to-node=\"17,2,0\"><b data-path-to-node=\"17,2,0\" data-index-in-node=\"0\">Sommerkampagner:<\/b> Den ideelle ledsager til kampagner med m\u00e6rkevaresolbriller.<\/p>\n<\/li>\n<\/ul>","protected":false},"excerpt":{"rendered":"<ul>\n<li>\n<p data-path-to-node=\"9,0,0\"><b data-path-to-node=\"9,0,0\" data-index-in-node=\"0\">Smart sammenklappeligt design:<\/b> Foldes fladt ned til kun 1,0 cm tykkelse, n\u00e5r den ikke er i brug, hvilket sparer v\u00e6rdifuld plads i lommen eller tasken.<\/p>\n<\/li>\n<li>\n<p data-path-to-node=\"9,1,0\"><b data-path-to-node=\"9,1,0\" data-index-in-node=\"0\">Fuld tilpasning:<\/b> Hele den ydre PU-overflade kan trykkes i fuld farve, mens indersiden har et luksuri\u00f8st varmpr\u00e6get logo.<\/p>\n<\/li>\n<li>\n<p data-path-to-node=\"9,2,0\"><b data-path-to-node=\"9,2,0\" data-index-in-node=\"0\">Premium-materialer:<\/b> Konstrueret med st\u00e6rke letmetalplader, d\u00e6kket af PU-l\u00e6der og foret med bl\u00f8dt stof for at forhindre ridser.<\/p>\n<\/li>\n<li>\n<p data-path-to-node=\"9,3,0\"><b data-path-to-node=\"9,3,0\" data-index-in-node=\"0\">Magnetisk lukning:<\/b> Sikkert og brugervenligt magnetisk l\u00e5g holder brillerne sikre.<\/p>\n<\/li>\n<\/ul>","protected":false},"featured_media":6225,"comment_status":"closed","ping_status":"closed","template":"","meta":[],"product_brand":[],"product_cat":[121],"product_tag":[],"class_list":{"0":"post-6224","1":"product","2":"type-product","3":"status-publish","4":"has-post-thumbnail","6":"product_cat-promotional-merchandise","8":"first","9":"instock","10":"shipping-taxable","11":"product-type-simple"},"_links":{"self":[{"href":"https:\/\/displayproducts.eu\/da\/wp-json\/wp\/v2\/product\/6224","targetHints":{"allow":["GET"]}}],"collection":[{"href":"https:\/\/displayproducts.eu\/da\/wp-json\/wp\/v2\/product"}],"about":[{"href":"https:\/\/displayproducts.eu\/da\/wp-json\/wp\/v2\/types\/product"}],"replies":[{"embeddable":true,"href":"https:\/\/displayproducts.eu\/da\/wp-json\/wp\/v2\/comments?post=6224"}],"wp:featuredmedia":[{"embeddable":true,"href":"https:\/\/displayproducts.eu\/da\/wp-json\/wp\/v2\/media\/6225"}],"wp:attachment":[{"href":"https:\/\/displayproducts.eu\/da\/wp-json\/wp\/v2\/media?parent=6224"}],"wp:term":[{"taxonomy":"product_brand","embeddable":true,"href":"https:\/\/displayproducts.eu\/da\/wp-json\/wp\/v2\/product_brand?post=6224"},{"taxonomy":"product_cat","embeddable":true,"href":"https:\/\/displayproducts.eu\/da\/wp-json\/wp\/v2\/product_cat?post=6224"},{"taxonomy":"product_tag","embeddable":true,"href":"https:\/\/displayproducts.eu\/da\/wp-json\/wp\/v2\/product_tag?post=6224"}],"curies":[{"name":"wp","href":"https:\/\/api.w.org\/{rel}","templated":true}]}}