{"id":6222,"date":"2025-12-20T17:56:31","date_gmt":"2025-12-20T14:56:31","guid":{"rendered":"https:\/\/wristbandfactory.eu\/?post_type=product&#038;p=6222"},"modified":"2026-04-01T21:52:03","modified_gmt":"2026-04-01T18:52:03","slug":"custom-3d-snow-globes-with-bespoke-interior-logo","status":"publish","type":"product","link":"https:\/\/displayproducts.eu\/da\/p\/custom-3d-snow-globes-with-bespoke-interior-logo\/","title":{"rendered":"Rystekugler med logo (3D design)"},"content":{"rendered":"<p data-path-to-node=\"10\">Fang julens magi, eller frys et \u00f8jeblik i tiden med vores <b data-path-to-node=\"10\" data-index-in-node=\"95\">Med eget tryk 3D-snekugler<\/b>. I mods\u00e6tning til uden tryke reklameartikler har disse glober en fuldt tilpasset 3D-skulptur indeni \u2013 uanset om det er en miniaturekopi af dit produkt, din firmas maskot eller en specifik arkitektonisk scene.<\/p>\n<p data-path-to-node=\"11\">Disse glober er fremstillet af slidst\u00e6rk, opl\u00f8sningsmiddelfri polyesterharpiks og er samlerobjekter af h\u00f8j kvalitet. Det flydende glimmer tilf\u00f8jer en fascinerende effekt, der tiltr\u00e6kker opm\u00e6rksomhed til dit brand. Med muligheder for b\u00e5de den indvendige skulptur og den udvendige basebranding er dette den ultimative premiumgave til virksomhedspartnere og s\u00e6sonbestemte kampagner.<\/p>\n<h2 data-path-to-node=\"12\">N\u00f8glefunktioner<\/h2>\n<ul data-path-to-node=\"13\">\n<li>\n<p data-path-to-node=\"13,0,0\"><b data-path-to-node=\"13,0,0\" data-index-in-node=\"0\">Fuldt tilpasset 3D-modellering:<\/b> Interi\u00f8ret er ikke en flad indsats, men en st\u00f8bt harpiksfigur skabt specielt til dit projekt.<\/p>\n<\/li>\n<li>\n<p data-path-to-node=\"13,1,0\"><b data-path-to-node=\"13,1,0\" data-index-in-node=\"0\">Kunstnerisk finish:<\/b> 3D-elementerne kan enten efterlades i en elegant, ensfarvet hvid farve eller males omhyggeligt i h\u00e5nden, s\u00e5 de matcher dine brandfarver.<\/p>\n<\/li>\n<li>\n<p data-path-to-node=\"13,2,0\"><b data-path-to-node=\"13,2,0\" data-index-in-node=\"0\">Brandbase:<\/b> Basen (f\u00e5s i hvid eller sort) har funktioner <b data-path-to-node=\"13,2,0\" data-index-in-node=\"62\">relieftryk<\/b>, tilf\u00f8jer en 3D-tekstur til dit logo eller tekst p\u00e5 ydersiden.<\/p>\n<\/li>\n<li>\n<p data-path-to-node=\"13,3,0\"><b data-path-to-node=\"13,3,0\" data-index-in-node=\"0\">Detailklar emballage:<\/b> Ingen behov for ekstra indpakning. Hver globus leveres i en farvetrykt papg\u00e5 til betaling med sikker polstring, klar til distribution.<\/p>\n<\/li>\n<\/ul>\n<h2 data-path-to-node=\"14\">Specifikationer<\/h2>\n<ul data-path-to-node=\"15\">\n<li>\n<p data-path-to-node=\"15,0,0\"><b data-path-to-node=\"15,0,0\" data-index-in-node=\"0\">Globemateriale:<\/b> Glas\/klar plastik med polyesterharpiksfigurer (opl\u00f8sningsmiddelfri).<\/p>\n<\/li>\n<li>\n<p data-path-to-node=\"15,1,0\"><b data-path-to-node=\"15,1,0\" data-index-in-node=\"0\">Basismateriale:<\/b> Holdbar komposit.<\/p>\n<\/li>\n<li>\n<p data-path-to-node=\"15,2,0\"><b data-path-to-node=\"15,2,0\" data-index-in-node=\"0\">Fyldning:<\/b> Flydende med glitrende glimmer\/pailletter.<\/p>\n<\/li>\n<li>\n<p data-path-to-node=\"15,3,0\"><b data-path-to-node=\"15,3,0\" data-index-in-node=\"0\">Tilg\u00e6ngelige st\u00f8rrelser:<\/b><\/p>\n<ul data-path-to-node=\"15,3,1\">\n<li>\n<p data-path-to-node=\"15,3,1,0,0\"><b data-path-to-node=\"15,3,1,0,0\" data-index-in-node=\"0\">\u00d8 8 cm kugle:<\/b> Bund 7,5 \u00d7 7,5 \u00d7 2,5 cm | G\u00e5 til betaling 11 \u00d7 13 \u00d7 11 cm.<\/p>\n<\/li>\n<li>\n<p data-path-to-node=\"15,3,1,1,0\"><b data-path-to-node=\"15,3,1,1,0\" data-index-in-node=\"0\">\u00d8 10 cm kugle:<\/b> Bund 9 \u00d7 9 \u00d7 3 cm | G\u00e5 til betaling 13,7 \u00d7 15,7 \u00d7 13,7 cm.<\/p>\n<\/li>\n<\/ul>\n<\/li>\n<li>\n<p data-path-to-node=\"15,4,0\"><b data-path-to-node=\"15,4,0\" data-index-in-node=\"0\">Tilpasning:<\/b> 3D-st\u00f8bt interi\u00f8r + baserelieftryk + brugerdefineret \u00e6ske.<\/p>\n<\/li>\n<\/ul>\n<h2 data-path-to-node=\"16\">Brugsscenarier<\/h2>\n<ul data-path-to-node=\"17\">\n<li>\n<p data-path-to-node=\"17,0,0\"><b data-path-to-node=\"17,0,0\" data-index-in-node=\"0\">Julegaver:<\/b> Den perfekte julegave til b\u00e5de kunder og medarbejdere.<\/p>\n<\/li>\n<li>\n<p data-path-to-node=\"17,1,0\"><b data-path-to-node=\"17,1,0\" data-index-in-node=\"0\">Turisme og souvenirs:<\/b> Med eget tryk scener af vartegn til museer, hoteller og byr\u00e5d.<\/p>\n<\/li>\n<li>\n<p data-path-to-node=\"17,2,0\"><b data-path-to-node=\"17,2,0\" data-index-in-node=\"0\">Produktlanceringer:<\/b> Lav en miniatureversion af en ny bil, bygning eller produkt, der flyder i &quot;sne&quot;.\u201c<\/p>\n<\/li>\n<\/ul>","protected":false},"excerpt":{"rendered":"<ul>\n<li>\n<p data-path-to-node=\"9,0,0\"><b data-path-to-node=\"9,0,0\" data-index-in-node=\"0\">Skr\u00e6ddersyet 3D-interi\u00f8r:<\/b> Vi modellerer dit logo, produkt eller maskot til en detaljeret 3D-skulptur inde i en globus.<\/p>\n<\/li>\n<li>\n<p data-path-to-node=\"9,1,0\"><b data-path-to-node=\"9,1,0\" data-index-in-node=\"0\">H\u00e5ndmalet eller monokrom:<\/b> V\u00e6lg mellem en klassisk helt hvid skulptur eller livlige h\u00e5ndmalede detaljer.<\/p>\n<\/li>\n<li>\n<p data-path-to-node=\"9,2,0\"><b data-path-to-node=\"9,2,0\" data-index-in-node=\"0\">Premium-base:<\/b> Robust base f\u00e5s i sort eller hvid, kan tilpasses med taktilt relieftryk.<\/p>\n<\/li>\n<li>\n<p data-path-to-node=\"9,3,0\"><b data-path-to-node=\"9,3,0\" data-index-in-node=\"0\">Komplet gavel\u00f8sning:<\/b> Leveres i en specialtrykt fuldfarvet \u00e6ske med beskyttende polystyrenindl\u00e6g.<\/p>\n<\/li>\n<\/ul>","protected":false},"featured_media":6223,"comment_status":"closed","ping_status":"closed","template":"","meta":[],"product_brand":[],"product_cat":[121],"product_tag":[],"class_list":{"0":"post-6222","1":"product","2":"type-product","3":"status-publish","4":"has-post-thumbnail","6":"product_cat-promotional-merchandise","8":"first","9":"instock","10":"shipping-taxable","11":"product-type-simple"},"_links":{"self":[{"href":"https:\/\/displayproducts.eu\/da\/wp-json\/wp\/v2\/product\/6222","targetHints":{"allow":["GET"]}}],"collection":[{"href":"https:\/\/displayproducts.eu\/da\/wp-json\/wp\/v2\/product"}],"about":[{"href":"https:\/\/displayproducts.eu\/da\/wp-json\/wp\/v2\/types\/product"}],"replies":[{"embeddable":true,"href":"https:\/\/displayproducts.eu\/da\/wp-json\/wp\/v2\/comments?post=6222"}],"wp:featuredmedia":[{"embeddable":true,"href":"https:\/\/displayproducts.eu\/da\/wp-json\/wp\/v2\/media\/6223"}],"wp:attachment":[{"href":"https:\/\/displayproducts.eu\/da\/wp-json\/wp\/v2\/media?parent=6222"}],"wp:term":[{"taxonomy":"product_brand","embeddable":true,"href":"https:\/\/displayproducts.eu\/da\/wp-json\/wp\/v2\/product_brand?post=6222"},{"taxonomy":"product_cat","embeddable":true,"href":"https:\/\/displayproducts.eu\/da\/wp-json\/wp\/v2\/product_cat?post=6222"},{"taxonomy":"product_tag","embeddable":true,"href":"https:\/\/displayproducts.eu\/da\/wp-json\/wp\/v2\/product_tag?post=6222"}],"curies":[{"name":"wp","href":"https:\/\/api.w.org\/{rel}","templated":true}]}}