{"id":6217,"date":"2025-12-20T17:51:24","date_gmt":"2025-12-20T14:51:24","guid":{"rendered":"https:\/\/wristbandfactory.eu\/?post_type=product&#038;p=6217"},"modified":"2026-04-01T21:52:03","modified_gmt":"2026-04-01T18:52:03","slug":"custom-printed-bottle-openers-with-3d-domed-logo","status":"publish","type":"product","link":"https:\/\/displayproducts.eu\/da\/p\/custom-printed-bottle-openers-with-3d-domed-logo\/","title":{"rendered":"Oplukkere med logo (doming)"},"content":{"rendered":"<p data-path-to-node=\"10\">S\u00f8rg for, at dit brand er en del af festlighederne med vores <b data-path-to-node=\"10\" data-index-in-node=\"79\">Med eget tryk trykte flaske\u00e5bnere<\/b>. Disse \u00e5bnere er praktiske, holdbare og i\u00f8jnefaldende og er designet til gentagne gange at blive brugt, hvilket giver dit logo langsigtet synlighed. I mods\u00e6tning til standard flade tryk har vores \u00e5bnere en <b data-path-to-node=\"10\" data-index-in-node=\"288\">3D-kuppelformet klisterm\u00e6rke (epoxy)<\/b>, som tilf\u00f8jer en h\u00f8jglans, forst\u00f8rrelseseffekt til dit design, samtidig med at det beskytter det mod ridser og falmning.<\/p>\n<p data-path-to-node=\"11\">Vi tilbyder tre specifikke modeller, der passer til forskellige reklamebehov, lige fra lommevenlige n\u00f8gleringe til professionelle barv\u00e6rkt\u00f8jer.<\/p>\n<h2 data-path-to-node=\"12\">N\u00f8glefunktioner<\/h2>\n<ul data-path-to-node=\"13\">\n<li>\n<p data-path-to-node=\"13,0,0\"><b data-path-to-node=\"13,0,0\" data-index-in-node=\"0\">Levende tilpasning:<\/b> Vi bruger digital CMYK-tryk til at gengive dit logo, dine fotos eller gradienter med perfekt n\u00f8jagtighed, inden vi forsegler dem under en beskyttende harpikskuppel.<\/p>\n<\/li>\n<li>\n<p data-path-to-node=\"13,1,0\"><b data-path-to-node=\"13,1,0\" data-index-in-node=\"0\">Premium-finish:<\/b> Epoxybel\u00e6gningen giver produktet en &quot;smykkelignende&quot; kvalitet, der f\u00f8les glat at r\u00f8re ved og h\u00e6ver den opfattede v\u00e6rdi.<\/p>\n<\/li>\n<li>\n<p data-path-to-node=\"13,2,0\"><b data-path-to-node=\"13,2,0\" data-index-in-node=\"0\">Kraftige materialer:<\/b> Fremstillet af forniklet st\u00e5l og robuste metallegeringer for at sikre, at de \u00e5bner flasker ubesv\u00e6ret uden at b\u00f8je.<\/p>\n<\/li>\n<li>\n<p data-path-to-node=\"13,3,0\"><b data-path-to-node=\"13,3,0\" data-index-in-node=\"0\">Alsidig anvendelighed:<\/b> Perfekt til bryggerimport, festival-giveaways eller som et praktisk v\u00e6rkt\u00f8j fastgjort til et s\u00e6t n\u00f8gler.<\/p>\n<\/li>\n<\/ul>\n<h2 data-path-to-node=\"14\">Specifikationer<\/h2>\n<table data-path-to-node=\"15\">\n<thead>\n<tr>\n<td><strong>Modeltype<\/strong><\/td>\n<td><strong>Dimensioner<\/strong><\/td>\n<td><strong>Materiale<\/strong><\/td>\n<td><strong>Brandingomr\u00e5de<\/strong><\/td>\n<\/tr>\n<\/thead>\n<tbody>\n<tr>\n<td><span data-path-to-node=\"15,1,0,0\"><b data-path-to-node=\"15,1,0,0\" data-index-in-node=\"0\">Badge\u00e5bner<\/b><\/span><\/td>\n<td><span data-path-to-node=\"15,1,1,0\">\u00d8 56 mm<\/span><\/td>\n<td><span data-path-to-node=\"15,1,2,0\">Metal + plastikbagside<\/span><\/td>\n<td><span data-path-to-node=\"15,1,3,0\">Helmaske (rund)<\/span><\/td>\n<\/tr>\n<tr>\n<td><span data-path-to-node=\"15,2,0,0\"><b data-path-to-node=\"15,2,0,0\" data-index-in-node=\"0\">Flaskeform<\/b><\/span><\/td>\n<td><span data-path-to-node=\"15,2,1,0\">35 \u00d7 137 mm<\/span><\/td>\n<td><span data-path-to-node=\"15,2,2,0\">Forniklet st\u00e5l<\/span><\/td>\n<td><span data-path-to-node=\"15,2,3,0\">Kuppel med brugerdefineret form<\/span><\/td>\n<\/tr>\n<tr>\n<td><span data-path-to-node=\"15,3,0,0\"><b data-path-to-node=\"15,3,0,0\" data-index-in-node=\"0\">P\u00e6re n\u00f8glering<\/b><\/span><\/td>\n<td><span data-path-to-node=\"15,3,1,0\">Standard n\u00f8gleringsst\u00f8rrelse<\/span><\/td>\n<td><span data-path-to-node=\"15,3,2,0\">Metal (nikkelfinish)<\/span><\/td>\n<td><span data-path-to-node=\"15,3,3,0\">\u00d8 20 mm kuppel<\/span><\/td>\n<\/tr>\n<\/tbody>\n<\/table>\n<h2 data-path-to-node=\"16\">Brugsscenarier<\/h2>\n<ul data-path-to-node=\"17\">\n<li>\n<p data-path-to-node=\"17,0,0\"><b data-path-to-node=\"17,0,0\" data-index-in-node=\"0\">Drikkevareindustrien:<\/b> Essentielle varer til h\u00e5ndbryggerier, ciderhuse og drikkevaredistribut\u00f8rer.<\/p>\n<\/li>\n<li>\n<p data-path-to-node=\"17,1,0\"><b data-path-to-node=\"17,1,0\" data-index-in-node=\"0\">Festivaler og begivenheder:<\/b> En popul\u00e6r souvenir til musikfestivaler og madmesser, som deltagerne vil beholde.<\/p>\n<\/li>\n<li>\n<p data-path-to-node=\"17,2,0\"><b data-path-to-node=\"17,2,0\" data-index-in-node=\"0\">G\u00e6stfrihed:<\/b> M\u00e6rkevarev\u00e6rkt\u00f8jer til bartendere og tjenere p\u00e5 pubber, klubber og restauranter.<\/p>\n<\/li>\n<\/ul>","protected":false},"excerpt":{"rendered":"<ul>\n<li>\n<p data-path-to-node=\"9,0,0\"><b data-path-to-node=\"9,0,0\" data-index-in-node=\"0\">Tre forskellige stilarter:<\/b> V\u00e6lg mellem den klassiske knapm\u00e6rke-stil, den kraftige flaskeform eller den b\u00e6rbare p\u00e6reformede n\u00f8glering.<\/p>\n<\/li>\n<li>\n<p data-path-to-node=\"9,1,0\"><b data-path-to-node=\"9,1,0\" data-index-in-node=\"0\">3D-harpiksfinish:<\/b> Dit logo trykkes i fuldfarve CMYK og beskyttes af en krystalklar epoxykuppel for et f\u00f8rsteklasses, blankt udseende.<\/p>\n<\/li>\n<li>\n<p data-path-to-node=\"9,2,0\"><b data-path-to-node=\"9,2,0\" data-index-in-node=\"0\">Holdbar konstruktion:<\/b> Lavet af forniklet st\u00e5l eller massivt metal for langvarig ydeevne.<\/p>\n<\/li>\n<li>\n<p data-path-to-node=\"9,3,0\"><b data-path-to-node=\"9,3,0\" data-index-in-node=\"0\">Praktisk markedsf\u00f8ring:<\/b> En meget anvendelig genstand, der sikrer, at dit brand er til stede til fester, events og i hjemmet.<\/p>\n<\/li>\n<\/ul>","protected":false},"featured_media":6218,"comment_status":"closed","ping_status":"closed","template":"","meta":[],"product_brand":[],"product_cat":[119,121],"product_tag":[],"class_list":{"0":"post-6217","1":"product","2":"type-product","3":"status-publish","4":"has-post-thumbnail","6":"product_cat-drinkware-accessories","7":"product_cat-promotional-merchandise","9":"first","10":"instock","11":"shipping-taxable","12":"product-type-simple"},"_links":{"self":[{"href":"https:\/\/displayproducts.eu\/da\/wp-json\/wp\/v2\/product\/6217","targetHints":{"allow":["GET"]}}],"collection":[{"href":"https:\/\/displayproducts.eu\/da\/wp-json\/wp\/v2\/product"}],"about":[{"href":"https:\/\/displayproducts.eu\/da\/wp-json\/wp\/v2\/types\/product"}],"replies":[{"embeddable":true,"href":"https:\/\/displayproducts.eu\/da\/wp-json\/wp\/v2\/comments?post=6217"}],"wp:featuredmedia":[{"embeddable":true,"href":"https:\/\/displayproducts.eu\/da\/wp-json\/wp\/v2\/media\/6218"}],"wp:attachment":[{"href":"https:\/\/displayproducts.eu\/da\/wp-json\/wp\/v2\/media?parent=6217"}],"wp:term":[{"taxonomy":"product_brand","embeddable":true,"href":"https:\/\/displayproducts.eu\/da\/wp-json\/wp\/v2\/product_brand?post=6217"},{"taxonomy":"product_cat","embeddable":true,"href":"https:\/\/displayproducts.eu\/da\/wp-json\/wp\/v2\/product_cat?post=6217"},{"taxonomy":"product_tag","embeddable":true,"href":"https:\/\/displayproducts.eu\/da\/wp-json\/wp\/v2\/product_tag?post=6217"}],"curies":[{"name":"wp","href":"https:\/\/api.w.org\/{rel}","templated":true}]}}