{"id":6212,"date":"2025-12-20T17:41:19","date_gmt":"2025-12-20T14:41:19","guid":{"rendered":"https:\/\/wristbandfactory.eu\/?post_type=product&#038;p=6212"},"modified":"2026-04-01T21:52:03","modified_gmt":"2026-04-01T18:52:03","slug":"custom-metal-lapel-pins-with-3d-domed-logo-epoxy","status":"publish","type":"product","link":"https:\/\/displayproducts.eu\/da\/p\/custom-metal-lapel-pins-with-3d-domed-logo-epoxy\/","title":{"rendered":"Metalpins med doming (3D-klisterm\u00e6rke)"},"content":{"rendered":"<p data-path-to-node=\"10\">Skab et varigt indtryk med vores <b data-path-to-node=\"10\" data-index-in-node=\"62\">Med eget tryk metalreversn\u00e5le med 3D-kuplede klisterm\u00e6rker<\/b>. Disse n\u00e5le tilbyder den perfekte balance mellem den premiumv\u00e6gt af en metalbase og den moderne alsidighed ved digitaltryk. De er den ideelle l\u00f8sning til brands med komplekse logoer, gradienter eller fotografiske elementer, som standard emaljen\u00e5le ikke kan kopiere.<\/p>\n<p data-path-to-node=\"11\">Hver n\u00e5l best\u00e5r af en specialformet metalbase med et selvkl\u00e6bende tryk i h\u00f8j opl\u00f8sning. Dette indkapsles derefter i en klar, holdbar polyurethanharpiks (doming), hvilket skaber en sofistikeret 3D-linseeffekt, der fremh\u00e6ver farverne og beskytter designet mod slid og falmning.<\/p>\n<h2 data-path-to-node=\"12\">N\u00f8glefunktioner<\/h2>\n<ul data-path-to-node=\"13\">\n<li>\n<p data-path-to-node=\"13,0,0\"><b data-path-to-node=\"13,0,0\" data-index-in-node=\"0\">Ubegr\u00e6nset designpotentiale:<\/b> I mods\u00e6tning til udstansede n\u00e5le underst\u00f8tter vores domingproces CMYK-tryk i fuld farve, hvilket betyder ingen begr\u00e6nsninger p\u00e5 gradienter eller fine detaljer.<\/p>\n<\/li>\n<li>\n<p data-path-to-node=\"13,1,0\"><b data-path-to-node=\"13,1,0\" data-index-in-node=\"0\">Beskyttende finish:<\/b> Harpikskuppelen g\u00f8r n\u00e5len ridsefast, UV-stabil og holdbar nok til daglig brug.<\/p>\n<\/li>\n<li>\n<p data-path-to-node=\"13,2,0\"><b data-path-to-node=\"13,2,0\" data-index-in-node=\"0\">Professionel pr\u00e6sentation:<\/b> Kombinationen af poleret metal og blank harpiks skaber en h\u00f8j opfattet v\u00e6rdi, der er velegnet til firmap\u00e5kl\u00e6dning.<\/p>\n<\/li>\n<li>\n<p data-path-to-node=\"13,3,0\"><b data-path-to-node=\"13,3,0\" data-index-in-node=\"0\">Sikker fastg\u00f8relse:<\/b> Leveres som standard med en brugervenlig butterflykobling for at forhindre rotation og utilsigtet tab.<\/p>\n<\/li>\n<\/ul>\n<h2 data-path-to-node=\"14\">Specifikationer<\/h2>\n<ul data-path-to-node=\"15\">\n<li>\n<p data-path-to-node=\"15,0,0\"><b data-path-to-node=\"15,0,0\" data-index-in-node=\"0\">Materiale:<\/b> Metallegeringsbase + polyuretanharpikskuppel.<\/p>\n<\/li>\n<li>\n<p data-path-to-node=\"15,1,0\"><b data-path-to-node=\"15,1,0\" data-index-in-node=\"0\">Trykning:<\/b> Digital fuldfarve (CMYK).<\/p>\n<\/li>\n<li>\n<p data-path-to-node=\"15,2,0\"><b data-path-to-node=\"15,2,0\" data-index-in-node=\"0\">Form:<\/b> Fuldt tilpasselig (sk\u00e5ret til form).<\/p>\n<\/li>\n<li>\n<p data-path-to-node=\"15,3,0\"><b data-path-to-node=\"15,3,0\" data-index-in-node=\"0\">Standardtilbeh\u00f8r:<\/b> Butterfly Clutch (Butterfly Pin).<\/p>\n<\/li>\n<li>\n<p data-path-to-node=\"15,4,0\"><b data-path-to-node=\"15,4,0\" data-index-in-node=\"0\">Valgfri vedh\u00e6ftning:<\/b> Neodymmagnet (t\u00f8jsikker, ikke-piercing).<\/p>\n<\/li>\n<li>\n<p data-path-to-node=\"15,5,0\"><b data-path-to-node=\"15,5,0\" data-index-in-node=\"0\">Emballagemuligheder:<\/b><\/p>\n<ul data-path-to-node=\"15,5,1\">\n<li>\n<p data-path-to-node=\"15,5,1,0,0\">Bulk (Standard).<\/p>\n<\/li>\n<li>\n<p data-path-to-node=\"15,5,1,1,0\">Individuel polypose med trykt bagsidekort.<\/p>\n<\/li>\n<li>\n<p data-path-to-node=\"15,5,1,2,0\">Premium smykkeskrin (til priser\/gaver).<\/p>\n<\/li>\n<\/ul>\n<\/li>\n<\/ul>\n<h2 data-path-to-node=\"16\">Brugsscenarier<\/h2>\n<ul data-path-to-node=\"17\">\n<li>\n<p data-path-to-node=\"17,0,0\"><b data-path-to-node=\"17,0,0\" data-index-in-node=\"0\">Virksomhedens identitet:<\/b> En del af den daglige uniform for bankg\u00e5 til betalingrere, hotelpersonale og flybes\u00e6tninger.<\/p>\n<\/li>\n<li>\n<p data-path-to-node=\"17,1,0\"><b data-path-to-node=\"17,1,0\" data-index-in-node=\"0\">Reklamekampagner:<\/b> Gavekort i h\u00f8j kvalitet til produktlanceringer og messer.<\/p>\n<\/li>\n<li>\n<p data-path-to-node=\"17,2,0\"><b data-path-to-node=\"17,2,0\" data-index-in-node=\"0\">Anerkendelse og priser:<\/b> N\u00e5le eller pr\u00e6stationsm\u00e6rker for medarbejdere og frivillige med \u00e5rs tjeneste.<\/p>\n<\/li>\n<\/ul>","protected":false},"excerpt":{"rendered":"<ul>\n<li>\n<p data-path-to-node=\"9,0,0\"><b data-path-to-node=\"9,0,0\" data-index-in-node=\"0\">Brugerdefineret form:<\/b> Metalbasen er udformet, s\u00e5 den matcher den specifikke kontur af dit logo eller design.<\/p>\n<\/li>\n<li>\n<p data-path-to-node=\"9,1,0\"><b data-path-to-node=\"9,1,0\" data-index-in-node=\"0\">Udskrift i fotokvalitet:<\/b> CMYK digitaltryk muligg\u00f8r gradienter, fotos og komplekse detaljer, som er umulige med emaljen\u00e5le.<\/p>\n<\/li>\n<li>\n<p data-path-to-node=\"9,2,0\"><b data-path-to-node=\"9,2,0\" data-index-in-node=\"0\">3D-harpikskuppel:<\/b> En krystalklar epoxybel\u00e6gning giver en f\u00f8rsteklasses &quot;boble&quot;-effekt og beskytter mod ridser.<\/p>\n<\/li>\n<li>\n<p data-path-to-node=\"9,3,0\"><b data-path-to-node=\"9,3,0\" data-index-in-node=\"0\">Alsidige tilbeh\u00f8r:<\/b> F\u00e5s med en standard butterfly-clutch eller en bekl\u00e6dningsvenlig magnetisk bagside.<\/p>\n<\/li>\n<\/ul>","protected":false},"featured_media":6216,"comment_status":"closed","ping_status":"closed","template":"","meta":[],"product_brand":[],"product_cat":[121],"product_tag":[],"class_list":{"0":"post-6212","1":"product","2":"type-product","3":"status-publish","4":"has-post-thumbnail","6":"product_cat-promotional-merchandise","8":"first","9":"instock","10":"shipping-taxable","11":"product-type-simple"},"_links":{"self":[{"href":"https:\/\/displayproducts.eu\/da\/wp-json\/wp\/v2\/product\/6212","targetHints":{"allow":["GET"]}}],"collection":[{"href":"https:\/\/displayproducts.eu\/da\/wp-json\/wp\/v2\/product"}],"about":[{"href":"https:\/\/displayproducts.eu\/da\/wp-json\/wp\/v2\/types\/product"}],"replies":[{"embeddable":true,"href":"https:\/\/displayproducts.eu\/da\/wp-json\/wp\/v2\/comments?post=6212"}],"wp:featuredmedia":[{"embeddable":true,"href":"https:\/\/displayproducts.eu\/da\/wp-json\/wp\/v2\/media\/6216"}],"wp:attachment":[{"href":"https:\/\/displayproducts.eu\/da\/wp-json\/wp\/v2\/media?parent=6212"}],"wp:term":[{"taxonomy":"product_brand","embeddable":true,"href":"https:\/\/displayproducts.eu\/da\/wp-json\/wp\/v2\/product_brand?post=6212"},{"taxonomy":"product_cat","embeddable":true,"href":"https:\/\/displayproducts.eu\/da\/wp-json\/wp\/v2\/product_cat?post=6212"},{"taxonomy":"product_tag","embeddable":true,"href":"https:\/\/displayproducts.eu\/da\/wp-json\/wp\/v2\/product_tag?post=6212"}],"curies":[{"name":"wp","href":"https:\/\/api.w.org\/{rel}","templated":true}]}}