{"id":6207,"date":"2025-12-20T17:34:30","date_gmt":"2025-12-20T14:34:30","guid":{"rendered":"https:\/\/wristbandfactory.eu\/?post_type=product&#038;p=6207"},"modified":"2026-04-01T21:52:03","modified_gmt":"2026-04-01T18:52:03","slug":"custom-faux-leather-keychains-with-3d-domed-logo","status":"publish","type":"product","link":"https:\/\/displayproducts.eu\/da\/p\/custom-faux-leather-keychains-with-3d-domed-logo\/","title":{"rendered":"N\u00f8gleringe i kunstl\u00e6der med doming"},"content":{"rendered":"<p data-path-to-node=\"10\">Styrk dit brand med vores <b data-path-to-node=\"10\" data-index-in-node=\"53\">Med eget tryk n\u00f8gleringe i kunstl\u00e6der<\/b>, med en f\u00f8rsteklasses 3D-kuppelfinish. Disse n\u00f8gleringe tilbyder det elegante look af l\u00e6der kombineret med moderne digital trykteknologi, hvilket g\u00f8r dem til et ideelt valg for virksomheder, der s\u00f8ger en sofistikeret reklamegave uden den h\u00f8je pris for gravering i \u00e6gte l\u00e6der.<\/p>\n<p data-path-to-node=\"11\">Midtpunktet i denne n\u00f8glering er <b data-path-to-node=\"11\" data-index-in-node=\"40\">3D-kuppelklisterm\u00e6rke<\/b> (ogs\u00e5 kendt som en resin-etiket). Vi trykker dit logo i livlige CMYK-farver og d\u00e6kker det med et krystalklart lag polyurethanharpiks. Dette tilf\u00f8jer ikke kun en forst\u00f8rrende &quot;3D&quot;-effekt til dit design, men giver ogs\u00e5 et holdbart skjold mod ridser og UV-falmning.<\/p>\n<h2 data-path-to-node=\"12\">N\u00f8glefunktioner<\/h2>\n<ul data-path-to-node=\"13\">\n<li>\n<p data-path-to-node=\"13,0,0\"><b data-path-to-node=\"13,0,0\" data-index-in-node=\"0\">Uden trykt- eller dobbeltsidet:<\/b> V\u00e6lg vores uden tryktsidede model for et elegant og uden trykt look, eller maksimer eksponeringen med den dobbeltsidede model med logo p\u00e5 b\u00e5de for- og bagside.<\/p>\n<\/li>\n<li>\n<p data-path-to-node=\"13,1,0\"><b data-path-to-node=\"13,1,0\" data-index-in-node=\"0\">Fuldfarvepr\u00e6cision:<\/b> I mods\u00e6tning til pr\u00e6gning indfanger vores digitale trykproces gradienter og komplekse logofarver perfekt.<\/p>\n<\/li>\n<li>\n<p data-path-to-node=\"13,2,0\"><b data-path-to-node=\"13,2,0\" data-index-in-node=\"0\">Taktil oplevelse:<\/b> Kombinationen af bl\u00f8dt kunstl\u00e6der og den glatte, h\u00e6vede harpikskuppel skaber en h\u00f8jkvalitetsfornemmelse i h\u00e5nden.<\/p>\n<\/li>\n<li>\n<p data-path-to-node=\"13,3,0\"><b data-path-to-node=\"13,3,0\" data-index-in-node=\"0\">Langtidsholdbar:<\/b> Harpiksbel\u00e6gningen sikrer, at dit brandbudskab forbliver klart og intakt, selv ved daglig brug p\u00e5 en n\u00f8glering.<\/p>\n<\/li>\n<\/ul>\n<h2 data-path-to-node=\"14\">Specifikationer<\/h2>\n<ul data-path-to-node=\"15\">\n<li>\n<p data-path-to-node=\"15,0,0\"><b data-path-to-node=\"15,0,0\" data-index-in-node=\"0\">Materiale:<\/b> Krop i kunstl\u00e6der (PU) med polyuretanharpiksm\u00e6rke<\/p>\n<\/li>\n<li>\n<p data-path-to-node=\"15,1,0\"><b data-path-to-node=\"15,1,0\" data-index-in-node=\"0\">Udskrivningsmetode:<\/b> CMYK digitaltryk under resin dome<\/p>\n<\/li>\n<li>\n<p data-path-to-node=\"15,2,0\"><b data-path-to-node=\"15,2,0\" data-index-in-node=\"0\">Dobbeltsidet modelm\u00e5l:<\/b><\/p>\n<ul data-path-to-node=\"15,2,1\">\n<li>\n<p data-path-to-node=\"15,2,1,0,0\">Klisterm\u00e6rkest\u00f8rrelse: 19 \u00d7 21 mm<\/p>\n<\/li>\n<\/ul>\n<\/li>\n<li>\n<p data-path-to-node=\"15,3,0\"><b data-path-to-node=\"15,3,0\" data-index-in-node=\"0\">Standardformer for uden tryktsidede modeller:<\/b><\/p>\n<ul data-path-to-node=\"15,3,1\">\n<li>\n<p data-path-to-node=\"15,3,1,0,0\">Rund (diameter): 20 mm, 27 mm<\/p>\n<\/li>\n<li>\n<p data-path-to-node=\"15,3,1,1,0\">Firkantet\/Rektangul\u00e6r: 27 \u00d7 27 mm, 16 \u00d7 45 mm<\/p>\n<\/li>\n<\/ul>\n<\/li>\n<\/ul>\n<h2 data-path-to-node=\"16\">Brugsscenarier<\/h2>\n<ul data-path-to-node=\"17\">\n<li>\n<p data-path-to-node=\"17,0,0\"><b data-path-to-node=\"17,0,0\" data-index-in-node=\"0\">Bilindustrien:<\/b> Ideale gaver til bilforhandlere, bilvaskehaller og udlejningsfirmaer.<\/p>\n<\/li>\n<li>\n<p data-path-to-node=\"17,1,0\"><b data-path-to-node=\"17,1,0\" data-index-in-node=\"0\">Fast ejendom:<\/b> En klassisk, holdbar gave til nye husejere ved overdragelse af n\u00f8glerne.<\/p>\n<\/li>\n<li>\n<p data-path-to-node=\"17,2,0\"><b data-path-to-node=\"17,2,0\" data-index-in-node=\"0\">Virksomhedsbranding:<\/b> Professionelle varer til forsikringsselskaber, banker og kontorartikler.<\/p>\n<\/li>\n<\/ul>\n<p data-path-to-node=\"18\">","protected":false},"excerpt":{"rendered":"<ul data-path-to-node=\"9\">\n<li>\n<p data-path-to-node=\"9,0,0\"><b data-path-to-node=\"9,0,0\" data-index-in-node=\"0\">Premium-look:<\/b> H\u00f8jkvalitets kunstl\u00e6der kombineret med en blank 3D-harpiksm\u00e6rke skaber et sofistikeret udseende.<\/p>\n<\/li>\n<li>\n<p data-path-to-node=\"9,1,0\"><b data-path-to-node=\"9,1,0\" data-index-in-node=\"0\">Levende branding:<\/b> Digital CMYK-print muligg\u00f8r logoer i fuld farve, beskyttet af en ridsefast harpikskuppel.<\/p>\n<\/li>\n<li>\n<p data-path-to-node=\"9,2,0\"><b data-path-to-node=\"9,2,0\" data-index-in-node=\"0\">Alsidige muligheder:<\/b> V\u00e6lg mellem uden tryktsidet eller dobbeltsidet personalisering, der passer til dine marketingbehov.<\/p>\n<\/li>\n<li>\n<p data-path-to-node=\"9,3,0\"><b data-path-to-node=\"9,3,0\" data-index-in-node=\"0\">Holdbar finish:<\/b> Epoxyharpikslaget beskytter logoet mod slid, falmning og vandskader.<\/p>\n<\/li>\n<\/ul>","protected":false},"featured_media":6209,"comment_status":"closed","ping_status":"closed","template":"","meta":[],"product_brand":[],"product_cat":[94],"product_tag":[],"class_list":{"0":"post-6207","1":"product","2":"type-product","3":"status-publish","4":"has-post-thumbnail","6":"product_cat-keychains","8":"first","9":"instock","10":"shipping-taxable","11":"product-type-simple"},"_links":{"self":[{"href":"https:\/\/displayproducts.eu\/da\/wp-json\/wp\/v2\/product\/6207","targetHints":{"allow":["GET"]}}],"collection":[{"href":"https:\/\/displayproducts.eu\/da\/wp-json\/wp\/v2\/product"}],"about":[{"href":"https:\/\/displayproducts.eu\/da\/wp-json\/wp\/v2\/types\/product"}],"replies":[{"embeddable":true,"href":"https:\/\/displayproducts.eu\/da\/wp-json\/wp\/v2\/comments?post=6207"}],"wp:featuredmedia":[{"embeddable":true,"href":"https:\/\/displayproducts.eu\/da\/wp-json\/wp\/v2\/media\/6209"}],"wp:attachment":[{"href":"https:\/\/displayproducts.eu\/da\/wp-json\/wp\/v2\/media?parent=6207"}],"wp:term":[{"taxonomy":"product_brand","embeddable":true,"href":"https:\/\/displayproducts.eu\/da\/wp-json\/wp\/v2\/product_brand?post=6207"},{"taxonomy":"product_cat","embeddable":true,"href":"https:\/\/displayproducts.eu\/da\/wp-json\/wp\/v2\/product_cat?post=6207"},{"taxonomy":"product_tag","embeddable":true,"href":"https:\/\/displayproducts.eu\/da\/wp-json\/wp\/v2\/product_tag?post=6207"}],"curies":[{"name":"wp","href":"https:\/\/api.w.org\/{rel}","templated":true}]}}