{"id":6204,"date":"2025-12-20T17:26:54","date_gmt":"2025-12-20T14:26:54","guid":{"rendered":"https:\/\/wristbandfactory.eu\/?post_type=product&#038;p=6204"},"modified":"2026-04-01T21:52:34","modified_gmt":"2026-04-01T18:52:34","slug":"custom-printed-decorative-pillows-microfiber","status":"publish","type":"product","link":"https:\/\/displayproducts.eu\/da\/p\/custom-printed-decorative-pillows-microfiber\/","title":{"rendered":"Puder med logo"},"content":{"rendered":"<p data-path-to-node=\"10\">Forvandl ethvert rum til en brandingmulighed med vores <b data-path-to-node=\"10\" data-index-in-node=\"82\">Dekorative puder med tryk<\/b>. Uanset om de er rettet mod rejseentusiaster, forbedrer komforten ved udend\u00f8rsarrangementer eller tilf\u00f8jer et brandet pr\u00e6g til hotellobbyer og restauranter, sikrer disse puder, at dit budskab bliver set og f\u00f8lt.<\/p>\n<p data-path-to-node=\"11\">Disse puder er fremstillet af bl\u00f8d mikrofiber af h\u00f8j kvalitet og tilbyder en luksuri\u00f8s f\u00f8lelse, som kunderne s\u00e6tter pris p\u00e5. Den glatte overflade er perfekt til <b data-path-to-node=\"11\" data-index-in-node=\"142\">fotorealistisk sublimeringstryk<\/b>, hvilket giver mulighed for indviklede designs, produktfotos og livlige logoer, der sp\u00e6nder over hele puden.<\/p>\n<h2 data-path-to-node=\"12\">N\u00f8glefunktioner<\/h2>\n<ul data-path-to-node=\"13\">\n<li>\n<p data-path-to-node=\"13,0,0\"><b data-path-to-node=\"13,0,0\" data-index-in-node=\"0\">Maksimal brandsynlighed:<\/b> I mods\u00e6tning til sm\u00e5 genstande tilbyder puder et stort l\u00e6rred. Brugen af begge sider giver mulighed for kreativ markedsf\u00f8ring \u2013 for eksempel et livsstilsbillede p\u00e5 forsiden og dit firmalogo p\u00e5 bagsiden.<\/p>\n<\/li>\n<li>\n<p data-path-to-node=\"13,1,0\"><b data-path-to-node=\"13,1,0\" data-index-in-node=\"0\">Overlegen komfort:<\/b> Mikrofiberstoffet p\u00e5 200 g\/m\u00b2 er bl\u00f8dt at r\u00f8re ved, hvilket g\u00f8r det til en funktionel genstand, som modtagerne rent faktisk har lyst til at bruge i deres hjem eller p\u00e5 kontoret.<\/p>\n<\/li>\n<li>\n<p data-path-to-node=\"13,2,0\"><b data-path-to-node=\"13,2,0\" data-index-in-node=\"0\">Holdbar og levende:<\/b> 100% polyesterkonstruktion sikrer, at puden bevarer sin form, og at trykket forbliver levende, selv efter brug.<\/p>\n<\/li>\n<li>\n<p data-path-to-node=\"13,3,0\"><b data-path-to-node=\"13,3,0\" data-index-in-node=\"0\">Klar til begivenhed:<\/b> En fremragende m\u00e5de at brande loungeomr\u00e5der p\u00e5 messer, festivaler eller VIP-hj\u00f8rner i barer og klubber.<\/p>\n<\/li>\n<\/ul>\n<h2 data-path-to-node=\"14\">Specifikationer<\/h2>\n<ul data-path-to-node=\"15\">\n<li>\n<p data-path-to-node=\"15,0,0\"><b data-path-to-node=\"15,0,0\" data-index-in-node=\"0\">Materiale:<\/b> 100% Polyestermikrofiber<\/p>\n<\/li>\n<li>\n<p data-path-to-node=\"15,1,0\"><b data-path-to-node=\"15,1,0\" data-index-in-node=\"0\">Stoffets v\u00e6gt:<\/b> 200 g\/m\u00b2<\/p>\n<\/li>\n<li>\n<p data-path-to-node=\"15,2,0\"><b data-path-to-node=\"15,2,0\" data-index-in-node=\"0\">Trykteknik:<\/b> Fuldfarvesublimering (fotorealistisk)<\/p>\n<\/li>\n<li>\n<p data-path-to-node=\"15,3,0\"><b data-path-to-node=\"15,3,0\" data-index-in-node=\"0\">Tilg\u00e6ngelige st\u00f8rrelser:<\/b><\/p>\n<ul data-path-to-node=\"15,3,1\">\n<li>\n<p data-path-to-node=\"15,3,1,0,0\"><b data-path-to-node=\"15,3,1,0,0\" data-index-in-node=\"0\">30 \u00d7 30 cm<\/b><\/p>\n<\/li>\n<li>\n<p data-path-to-node=\"15,3,1,1,0\"><b data-path-to-node=\"15,3,1,1,0\" data-index-in-node=\"0\">40 \u00d7 40 cm<\/b><\/p>\n<\/li>\n<\/ul>\n<\/li>\n<\/ul>\n<h2 data-path-to-node=\"16\">Brugsscenarier<\/h2>\n<ul>\n<li>\n<p data-path-to-node=\"6,0,0\"><b data-path-to-node=\"6,0,0\" data-index-in-node=\"0\">Begivenheder og kampagner:<\/b> Perfekt til branding af udend\u00f8rs siddeomr\u00e5der, VIP-lounger p\u00e5 festivaler og chill-out-zoner p\u00e5 messer.<\/p>\n<\/li>\n<li>\n<p data-path-to-node=\"6,1,0\"><b data-path-to-node=\"6,1,0\" data-index-in-node=\"0\">G\u00e6stfrihed og indretning:<\/b> Giver et personligt pr\u00e6g til hotellobbyer, spa-ventev\u00e6relser, restauranter og barer.<\/p>\n<\/li>\n<li>\n<p data-path-to-node=\"6,2,0\"><b data-path-to-node=\"6,2,0\" data-index-in-node=\"0\">Firmagaver:<\/b> En f\u00f8rsteklasses, bl\u00f8d gave til partnere og medarbejdere, der passer perfekt ind i et hjemmekontormilj\u00f8.<\/p>\n<\/li>\n<\/ul>","protected":false},"excerpt":{"rendered":"<ul>\n<li>\n<p data-path-to-node=\"9,0,0\"><b data-path-to-node=\"9,0,0\" data-index-in-node=\"0\">Fotorealistisk branding:<\/b> HD-fuld overfladeudskrivning for skarpe logoer og levende billeder.<\/p>\n<\/li>\n<li>\n<p data-path-to-node=\"9,1,0\"><b data-path-to-node=\"9,1,0\" data-index-in-node=\"0\">Premium materiale:<\/b> Lavet af 100% polyestermikrofiber (200 g\/m\u00b2) med en luksuri\u00f8s, bl\u00f8d tekstur.<\/p>\n<\/li>\n<li>\n<p data-path-to-node=\"9,2,0\"><b data-path-to-node=\"9,2,0\" data-index-in-node=\"0\">Dobbeltsidet design:<\/b> Tryk et produktbillede p\u00e5 den ene side og dit logo p\u00e5 den anden for maksimal effekt.<\/p>\n<\/li>\n<li>\n<p data-path-to-node=\"9,3,0\"><b data-path-to-node=\"9,3,0\" data-index-in-node=\"0\">Alsidig brug:<\/b> Ideel til rejsekampagner, hoteller, restauranter og udend\u00f8rs eventm\u00f8bler.<\/p>\n<\/li>\n<\/ul>","protected":false},"featured_media":6206,"comment_status":"closed","ping_status":"closed","template":"","meta":[],"product_brand":[],"product_cat":[129,68],"product_tag":[],"class_list":{"0":"post-6204","1":"product","2":"type-product","3":"status-publish","4":"has-post-thumbnail","6":"product_cat-leisure-lifestyle","7":"product_cat-event-supplies","9":"first","10":"instock","11":"shipping-taxable","12":"product-type-simple"},"_links":{"self":[{"href":"https:\/\/displayproducts.eu\/da\/wp-json\/wp\/v2\/product\/6204","targetHints":{"allow":["GET"]}}],"collection":[{"href":"https:\/\/displayproducts.eu\/da\/wp-json\/wp\/v2\/product"}],"about":[{"href":"https:\/\/displayproducts.eu\/da\/wp-json\/wp\/v2\/types\/product"}],"replies":[{"embeddable":true,"href":"https:\/\/displayproducts.eu\/da\/wp-json\/wp\/v2\/comments?post=6204"}],"wp:featuredmedia":[{"embeddable":true,"href":"https:\/\/displayproducts.eu\/da\/wp-json\/wp\/v2\/media\/6206"}],"wp:attachment":[{"href":"https:\/\/displayproducts.eu\/da\/wp-json\/wp\/v2\/media?parent=6204"}],"wp:term":[{"taxonomy":"product_brand","embeddable":true,"href":"https:\/\/displayproducts.eu\/da\/wp-json\/wp\/v2\/product_brand?post=6204"},{"taxonomy":"product_cat","embeddable":true,"href":"https:\/\/displayproducts.eu\/da\/wp-json\/wp\/v2\/product_cat?post=6204"},{"taxonomy":"product_tag","embeddable":true,"href":"https:\/\/displayproducts.eu\/da\/wp-json\/wp\/v2\/product_tag?post=6204"}],"curies":[{"name":"wp","href":"https:\/\/api.w.org\/{rel}","templated":true}]}}