{"id":6201,"date":"2025-12-20T17:18:10","date_gmt":"2025-12-20T14:18:10","guid":{"rendered":"https:\/\/wristbandfactory.eu\/?post_type=product&#038;p=6201"},"modified":"2026-04-01T21:52:03","modified_gmt":"2026-04-01T18:52:03","slug":"custom-fan-scarves-sports-supporters-scarves-knitted-or-printed","status":"publish","type":"product","link":"https:\/\/displayproducts.eu\/da\/p\/custom-fan-scarves-sports-supporters-scarves-knitted-or-printed\/","title":{"rendered":"Fanshalst\u00f8rkl\u00e6der med logo"},"content":{"rendered":"<p data-path-to-node=\"10\">Styrk teamets enhed og maksimer brandets synlighed med vores <b data-path-to-node=\"10\" data-index-in-node=\"86\">Med eget tryk fant\u00f8rkl\u00e6der<\/b>. Uanset om det er til en professionel fodboldklub, et lokalt sportshold eller et firmaarrangement, er disse t\u00f8rkl\u00e6der det ultimative cheerleading-tilbeh\u00f8r. Vi tilbyder alsidige produktionsmuligheder, der matcher dine specifikke designbehov, fra traditionel varme til HD-grafik.<\/p>\n<p data-path-to-node=\"11\">Vores sortiment omfatter tre specialmodeller, der sikrer, at dit logo ser bedst muligt ud, uanset om det er v\u00e6vet direkte ind i stoffet eller trykt med fotorealistisk pr\u00e6cision.<\/p>\n<h2 data-path-to-node=\"12\">N\u00f8glefunktioner<\/h2>\n<ul data-path-to-node=\"13\">\n<li>\n<p data-path-to-node=\"13,0,0\"><b data-path-to-node=\"13,0,0\" data-index-in-node=\"0\">Klassisk strikket t\u00f8rkl\u00e6de:<\/b> Det traditionelle valg. Har et dobbeltsidet design, der tillader forskellige logoer p\u00e5 hver side. Lavet af bl\u00f8d 100% akryl for varme og holdbarhed.<\/p>\n<\/li>\n<li>\n<p data-path-to-node=\"13,1,0\"><b data-path-to-node=\"13,1,0\" data-index-in-node=\"0\">Unikt billedt\u00f8rkl\u00e6de (trykt):<\/b> Designet til kompleks grafik. Bruger en spejlblank effekt p\u00e5 den ene side for at opn\u00e5 skarpe, detaljerede print, som strikning ikke kan matche.<\/p>\n<\/li>\n<li>\n<p data-path-to-node=\"13,2,0\"><b data-path-to-node=\"13,2,0\" data-index-in-node=\"0\">Strikket t\u00f8rkl\u00e6de med emblem:<\/b> En eksklusiv, premium-mulighed. Kombinerer den klassiske strikkede base med et detaljeret, p\u00e5sat emblem for et eksklusivt look.<\/p>\n<\/li>\n<\/ul>\n<h2 data-path-to-node=\"14\">Specifikationer<\/h2>\n<table data-path-to-node=\"15\">\n<thead>\n<tr>\n<td><strong>Modeltype<\/strong><\/td>\n<td><strong>Dimensioner<\/strong><\/td>\n<td><strong>Materialesammens\u00e6tning<\/strong><\/td>\n<td><strong>N\u00f8gleegenskab<\/strong><\/td>\n<\/tr>\n<\/thead>\n<tbody>\n<tr>\n<td><span data-path-to-node=\"15,1,0,0\"><b data-path-to-node=\"15,1,0,0\" data-index-in-node=\"0\">Strikket t\u00f8rkl\u00e6de<\/b><\/span><\/td>\n<td><span data-path-to-node=\"15,1,1,0\">18 \u00d7 140 cm<\/span><\/td>\n<td><span data-path-to-node=\"15,1,2,0\">100% Akryl<\/span><\/td>\n<td><span data-path-to-node=\"15,1,3,0\">Dobbeltsidet, klassisk varme<\/span><\/td>\n<\/tr>\n<tr>\n<td><span data-path-to-node=\"15,2,0,0\"><b data-path-to-node=\"15,2,0,0\" data-index-in-node=\"0\">Billede Halst\u00f8rkl\u00e6de<\/b><\/span><\/td>\n<td><span data-path-to-node=\"15,2,1,0\">20 \u00d7 130 cm<\/span><\/td>\n<td><span data-path-to-node=\"15,2,2,0\">80% Akryl, 20% Polyester<\/span><\/td>\n<td><span data-path-to-node=\"15,2,3,0\">H\u00f8jdetaljeprint, spejleffekt<\/span><\/td>\n<\/tr>\n<tr>\n<td><span data-path-to-node=\"15,3,0,0\"><b data-path-to-node=\"15,3,0,0\" data-index-in-node=\"0\">Emblem-t\u00f8rkl\u00e6de<\/b><\/span><\/td>\n<td><span data-path-to-node=\"15,3,1,0\">19 \u00d7 130 cm<\/span><\/td>\n<td><span data-path-to-node=\"15,3,2,0\">100% Akryl<\/span><\/td>\n<td><span data-path-to-node=\"15,3,3,0\">Premium broderet m\u00e6rke<\/span><\/td>\n<\/tr>\n<\/tbody>\n<\/table>\n<h2 data-path-to-node=\"16\">Brugsscenarier<\/h2>\n<ul data-path-to-node=\"17\">\n<li>\n<p data-path-to-node=\"17,0,0\"><b data-path-to-node=\"17,0,0\" data-index-in-node=\"0\">Sportsmerchandising:<\/b> Essentiel indt\u00e6gtsgenerator for fanshops for fodbold-, hockey- og basketballklubber.<\/p>\n<\/li>\n<li>\n<p data-path-to-node=\"17,1,0\"><b data-path-to-node=\"17,1,0\" data-index-in-node=\"0\">Sponsorering af begivenheder:<\/b> Branding med h\u00f8j synlighed for stadionpublikum og store sportsbegivenheder.<\/p>\n<\/li>\n<li>\n<p data-path-to-node=\"17,2,0\"><b data-path-to-node=\"17,2,0\" data-index-in-node=\"0\">Firmagaver:<\/b> Varme og praktiske gaver til vinterarrangementer eller udend\u00f8rs teambuilding-aktiviteter.<\/p>\n<\/li>\n<\/ul>","protected":false},"excerpt":{"rendered":"<ul>\n<li>\n<p data-path-to-node=\"9,0,0\"><b data-path-to-node=\"9,0,0\" data-index-in-node=\"0\">Tre forskellige stilarter:<\/b> V\u00e6lg mellem klassisk strikket (jacquard), HD-billedetryk eller eksklusive emblemmodeller.<\/p>\n<\/li>\n<li>\n<p data-path-to-node=\"9,1,0\"><b data-path-to-node=\"9,1,0\" data-index-in-node=\"0\">Materialer af h\u00f8j kvalitet:<\/b> Fremstillet af varm 100% akryl eller en detaljeret polyakrylblanding for skarpere tryk.<\/p>\n<\/li>\n<li>\n<p data-path-to-node=\"9,2,0\"><b data-path-to-node=\"9,2,0\" data-index-in-node=\"0\">Dobbeltsidet branding:<\/b> Strikmodeller giver mulighed for forskellige med eget tryk designs p\u00e5 for- og bagside.<\/p>\n<\/li>\n<li>\n<p data-path-to-node=\"9,3,0\"><b data-path-to-node=\"9,3,0\" data-index-in-node=\"0\">Ultimativt fan-merchandise:<\/b> Standardtilbeh\u00f8ret til fodboldklubber, sportshold og reklamearrangementer.<\/p>\n<\/li>\n<\/ul>","protected":false},"featured_media":6202,"comment_status":"closed","ping_status":"closed","template":"","meta":[],"product_brand":[],"product_cat":[123],"product_tag":[],"class_list":{"0":"post-6201","1":"product","2":"type-product","3":"status-publish","4":"has-post-thumbnail","6":"product_cat-fan-cheering-items","8":"first","9":"instock","10":"shipping-taxable","11":"product-type-simple"},"_links":{"self":[{"href":"https:\/\/displayproducts.eu\/da\/wp-json\/wp\/v2\/product\/6201","targetHints":{"allow":["GET"]}}],"collection":[{"href":"https:\/\/displayproducts.eu\/da\/wp-json\/wp\/v2\/product"}],"about":[{"href":"https:\/\/displayproducts.eu\/da\/wp-json\/wp\/v2\/types\/product"}],"replies":[{"embeddable":true,"href":"https:\/\/displayproducts.eu\/da\/wp-json\/wp\/v2\/comments?post=6201"}],"wp:featuredmedia":[{"embeddable":true,"href":"https:\/\/displayproducts.eu\/da\/wp-json\/wp\/v2\/media\/6202"}],"wp:attachment":[{"href":"https:\/\/displayproducts.eu\/da\/wp-json\/wp\/v2\/media?parent=6201"}],"wp:term":[{"taxonomy":"product_brand","embeddable":true,"href":"https:\/\/displayproducts.eu\/da\/wp-json\/wp\/v2\/product_brand?post=6201"},{"taxonomy":"product_cat","embeddable":true,"href":"https:\/\/displayproducts.eu\/da\/wp-json\/wp\/v2\/product_cat?post=6201"},{"taxonomy":"product_tag","embeddable":true,"href":"https:\/\/displayproducts.eu\/da\/wp-json\/wp\/v2\/product_tag?post=6201"}],"curies":[{"name":"wp","href":"https:\/\/api.w.org\/{rel}","templated":true}]}}