{"id":6196,"date":"2025-12-20T17:11:39","date_gmt":"2025-12-20T14:11:39","guid":{"rendered":"https:\/\/wristbandfactory.eu\/?post_type=product&#038;p=6196"},"modified":"2026-04-01T21:52:03","modified_gmt":"2026-04-01T18:52:03","slug":"custom-printed-beeswax-food-wraps-bags-gots-certified-cotton","status":"publish","type":"product","link":"https:\/\/displayproducts.eu\/da\/p\/custom-printed-beeswax-food-wraps-bags-gots-certified-cotton\/","title":{"rendered":"Bivoksl\u00e6rred med logo"},"content":{"rendered":"<p data-path-to-node=\"12\">Styrk dit sociale ansvar med vores <b data-path-to-node=\"12\" data-index-in-node=\"79\">Med eget tryk trykte bivoksindpakninger til mad<\/b>. Som et b\u00e6redygtigt alternativ til engangsplastik tilbyder disse indpakninger en innovativ og milj\u00f8venlig m\u00e5de at holde mad frisk p\u00e5. Perfekt til milj\u00f8bevidste brands, forvandler disse indpakninger hverdagens k\u00f8kkenartikler til st\u00e6rke reklamebudskaber.<\/p>\n<p data-path-to-node=\"13\">Vores wraps er lavet af 100% naturlige materialer af h\u00f8j kvalitet og bruger varmen fra dine h\u00e6nder til at forme sig omkring frugt, gr\u00f8ntsager, sandwich eller sk\u00e5le, hvilket skaber en \u00e5ndbar forsegling, der holder maden frisk l\u00e6ngere.<\/p>\n<h2 data-path-to-node=\"14\">N\u00f8glefunktioner<\/h2>\n<ul data-path-to-node=\"15\">\n<li>\n<p data-path-to-node=\"15,0,0\"><b data-path-to-node=\"15,0,0\" data-index-in-node=\"0\">Nul-spild l\u00f8sning:<\/b> Fuldt bionedbrydelig og komposterbar og erstatter engangsplastik og folie.<\/p>\n<\/li>\n<li>\n<p data-path-to-node=\"15,1,0\"><b data-path-to-node=\"15,1,0\" data-index-in-node=\"0\">Certificeret kvalitet:<\/b> Vi bruger kun GOTS-certificeret printbar bomuld, hvilket sikrer, at stoffet er \u00f8kologisk og etisk fremskaffet.<\/p>\n<\/li>\n<li>\n<p data-path-to-node=\"15,2,0\"><b data-path-to-node=\"15,2,0\" data-index-in-node=\"0\">Naturlig bevaring:<\/b> Den unikke blanding af bivoks, jojobaolie og fyrreharpiks giver naturlige antibakterielle egenskaber.<\/p>\n<\/li>\n<li>\n<p data-path-to-node=\"15,3,0\"><b data-path-to-node=\"15,3,0\" data-index-in-node=\"0\">Alsidig branding:<\/b> Dit logo eller med eget tryk m\u00f8nster kan trykkes direkte p\u00e5 stoffet, hvilket giver daglig brandsynlighed i hjem og kontorer.<\/p>\n<\/li>\n<li>\n<p data-path-to-node=\"15,4,0\"><b data-path-to-node=\"15,4,0\" data-index-in-node=\"0\">Langtidsholdbar:<\/b> Med uden tryk pleje (vask i lunkent vand) er disse wraps designet til gentagen brug, hvilket giver et h\u00f8jt investeringsafkast (ROI) for reklamebudgetter.<\/p>\n<\/li>\n<\/ul>\n<h2 data-path-to-node=\"16\">Specifikationer<\/h2>\n<ul data-path-to-node=\"17\">\n<li>\n<p data-path-to-node=\"17,0,0\"><b data-path-to-node=\"17,0,0\" data-index-in-node=\"0\">Materialesammens\u00e6tning:<\/b> GOTS bomuld, bivoks (f\u00f8devaregodkendt), jojobaolie, fyrretr\u00e6sharpiks.<\/p>\n<\/li>\n<li>\n<p data-path-to-node=\"17,1,0\"><b data-path-to-node=\"17,1,0\" data-index-in-node=\"0\">Standard arkst\u00f8rrelser:<\/b><\/p>\n<ul data-path-to-node=\"17,1,1\">\n<li>\n<p data-path-to-node=\"17,1,1,0,0\"><b data-path-to-node=\"17,1,1,0,0\" data-index-in-node=\"0\">Lille (18\u00d718 cm):<\/b> Til snacks, sk\u00e5ret frugt eller d\u00e6k sm\u00e5 glas.<\/p>\n<\/li>\n<li>\n<p data-path-to-node=\"17,1,1,1,0\"><b data-path-to-node=\"17,1,1,1,0\" data-index-in-node=\"0\">Mellem (25\u00d725 cm):<\/b> Ideel til ost, sandwich eller mellemstore sk\u00e5le.<\/p>\n<\/li>\n<li>\n<p data-path-to-node=\"17,1,1,2,0\"><b data-path-to-node=\"17,1,1,2,0\" data-index-in-node=\"0\">Stor (36\u00d736 cm):<\/b> D\u00e6kker store sk\u00e5le, br\u00f8d eller meloner.<\/p>\n<\/li>\n<\/ul>\n<\/li>\n<li>\n<p data-path-to-node=\"17,2,0\"><b data-path-to-node=\"17,2,0\" data-index-in-node=\"0\">Taskest\u00f8rrelser:<\/b><\/p>\n<ul data-path-to-node=\"17,2,1\">\n<li>\n<p data-path-to-node=\"17,2,1,0,0\"><b data-path-to-node=\"17,2,1,0,0\" data-index-in-node=\"0\">Mellemstor taske (16\u00d723 cm):<\/b> Perfekt til snackbarer og sandwich p\u00e5 farten.<\/p>\n<\/li>\n<li>\n<p data-path-to-node=\"17,2,1,1,0\"><b data-path-to-node=\"17,2,1,1,0\" data-index-in-node=\"0\">Stor taske (23\u00d732 cm):<\/b> Velegnet til bagv\u00e6rk, friske gr\u00f8ntsager eller st\u00f8rre frugt- og gr\u00f8ntsagsprodukter.<\/p>\n<\/li>\n<\/ul>\n<\/li>\n<li>\n<p data-path-to-node=\"17,3,0\"><b data-path-to-node=\"17,3,0\" data-index-in-node=\"0\">Tilpasning:<\/b> Fuld overfladetryk eller logoplacering mulig.<\/p>\n<\/li>\n<\/ul>\n<h2 data-path-to-node=\"18\">Brugsscenarier<\/h2>\n<ul data-path-to-node=\"19\">\n<li>\n<p data-path-to-node=\"19,0,0\"><b data-path-to-node=\"19,0,0\" data-index-in-node=\"0\">Firmagaver:<\/b> En bet\u00e6nksom og b\u00e6redygtig gave til medarbejdere og kunder, der er i tr\u00e5d med gr\u00f8nne initiativer.<\/p>\n<\/li>\n<li>\n<p data-path-to-node=\"19,1,0\"><b data-path-to-node=\"19,1,0\" data-index-in-node=\"0\">Eventvarer:<\/b> Gavekort af h\u00f8j v\u00e6rdi til madfestivaler, b\u00e6redygtighedskonferencer og messer.<\/p>\n<\/li>\n<li>\n<p data-path-to-node=\"19,2,0\"><b data-path-to-node=\"19,2,0\" data-index-in-node=\"0\">Detailhandel og videresalg:<\/b> Perfekt til \u00f8kologiske f\u00f8devarebutikker, nul-affaldsbutikker og museumsgavebutikker.<\/p>\n<\/li>\n<\/ul>","protected":false},"excerpt":{"rendered":"<ul>\n<li>\n<p data-path-to-node=\"11,0,0\"><b data-path-to-node=\"11,0,0\" data-index-in-node=\"0\">100% Naturlige materialer:<\/b> Fremstillet af GOTS-certificeret bomuld, ren bivoks, jojobaolie og fyrreharpiks.<\/p>\n<\/li>\n<li>\n<p data-path-to-node=\"11,1,0\"><b data-path-to-node=\"11,1,0\" data-index-in-node=\"0\">Milj\u00f8venlig branding:<\/b> Et b\u00e6redygtigt, bionedbrydeligt alternativ til plastikfilm og aluminiumsfolie.<\/p>\n<\/li>\n<li>\n<p data-path-to-node=\"11,2,0\"><b data-path-to-node=\"11,2,0\" data-index-in-node=\"0\">Kan tilpasses:<\/b> F\u00e5s i forskellige arkst\u00f8rrelser og poseformater med mulighed for logotryk i fuld farve.<\/p>\n<\/li>\n<li>\n<p data-path-to-node=\"11,3,0\"><b data-path-to-node=\"11,3,0\" data-index-in-node=\"0\">Genanvendelig og vaskbar:<\/b> Holdbart design, der former sig med h\u00e5ndvarme og holder til gentagen brug.<\/p>\n<\/li>\n<\/ul>","protected":false},"featured_media":6198,"comment_status":"closed","ping_status":"closed","template":"","meta":[],"product_brand":[],"product_cat":[121],"product_tag":[],"class_list":{"0":"post-6196","1":"product","2":"type-product","3":"status-publish","4":"has-post-thumbnail","6":"product_cat-promotional-merchandise","8":"first","9":"instock","10":"shipping-taxable","11":"purchasable","12":"product-type-simple"},"_links":{"self":[{"href":"https:\/\/displayproducts.eu\/da\/wp-json\/wp\/v2\/product\/6196","targetHints":{"allow":["GET"]}}],"collection":[{"href":"https:\/\/displayproducts.eu\/da\/wp-json\/wp\/v2\/product"}],"about":[{"href":"https:\/\/displayproducts.eu\/da\/wp-json\/wp\/v2\/types\/product"}],"replies":[{"embeddable":true,"href":"https:\/\/displayproducts.eu\/da\/wp-json\/wp\/v2\/comments?post=6196"}],"wp:featuredmedia":[{"embeddable":true,"href":"https:\/\/displayproducts.eu\/da\/wp-json\/wp\/v2\/media\/6198"}],"wp:attachment":[{"href":"https:\/\/displayproducts.eu\/da\/wp-json\/wp\/v2\/media?parent=6196"}],"wp:term":[{"taxonomy":"product_brand","embeddable":true,"href":"https:\/\/displayproducts.eu\/da\/wp-json\/wp\/v2\/product_brand?post=6196"},{"taxonomy":"product_cat","embeddable":true,"href":"https:\/\/displayproducts.eu\/da\/wp-json\/wp\/v2\/product_cat?post=6196"},{"taxonomy":"product_tag","embeddable":true,"href":"https:\/\/displayproducts.eu\/da\/wp-json\/wp\/v2\/product_tag?post=6196"}],"curies":[{"name":"wp","href":"https:\/\/api.w.org\/{rel}","templated":true}]}}