{"id":6193,"date":"2025-12-20T16:56:00","date_gmt":"2025-12-20T13:56:00","guid":{"rendered":"https:\/\/wristbandfactory.eu\/?post_type=product&#038;p=6193"},"modified":"2026-04-01T21:52:34","modified_gmt":"2026-04-01T18:52:34","slug":"plantable-id-cards-with-linden-seeds-personalized","status":"publish","type":"product","link":"https:\/\/displayproducts.eu\/da\/p\/plantable-id-cards-with-linden-seeds-personalized\/","title":{"rendered":"Plantbare navneskilte"},"content":{"rendered":"<p data-path-to-node=\"12\">Forvandl din eventakkreditering til et gr\u00f8nt statement med vores <b data-path-to-node=\"12\" data-index-in-node=\"92\">Plantbare ID-kort med lindefr\u00f8<\/b>. I mods\u00e6tning til uden tryke plastik- eller papirm\u00e6rker har disse innovative kort et unikt \u00f8ko-twist: en lille, bionedbrydelig MDF-beholder fastgjort p\u00e5 forsiden, der indeholder et rigtigt lindetr\u00e6 (<i data-path-to-node=\"12\" data-index-in-node=\"310\">Tilia<\/i>) fr\u00f8.<\/p>\n<p data-path-to-node=\"13\">Disse kort er fremstillet af impr\u00e6gneret papir af h\u00f8j kvalitet og er designet til at modst\u00e5 slitage fra flerdages konferencer eller festivaler, samtidig med at de forbliver fuldt bionedbrydelige. Efter arrangementet kan deltagerne plante hele kortet i en have eller park, hvor fr\u00f8ene vil spire og vokse til tr\u00e6er - hvilket efterlader en varig, positiv \u00f8kologisk arv l\u00e6nge efter dit arrangement er slut.<\/p>\n<h2 data-path-to-node=\"14\">N\u00f8glefunktioner<\/h2>\n<ul data-path-to-node=\"15\">\n<li>\n<p data-path-to-node=\"15,0,0\"><b data-path-to-node=\"15,0,0\" data-index-in-node=\"0\">Variabel dataudskrivning (VDP):<\/b> Vi kan trykke individuelle deltagernavne, QR-koder eller pladsnumre direkte p\u00e5 hvert kort, hvilket g\u00f8r hvert badge unikt og klar til distribution.<\/p>\n<\/li>\n<li>\n<p data-path-to-node=\"15,1,0\"><b data-path-to-node=\"15,1,0\" data-index-in-node=\"0\">Innovativ fr\u00f8beholder:<\/b> Fr\u00f8ene opbevares i en dekorativ MDF-kapsel p\u00e5 kortets forside, hvilket skaber et \u00f8jeblikkeligt visuelt samtaleemne om b\u00e6redygtighed.<\/p>\n<\/li>\n<li>\n<p data-path-to-node=\"15,2,0\"><b data-path-to-node=\"15,2,0\" data-index-in-node=\"0\">Branding i fuld farve:<\/b> CMYK-tryk i h\u00f8j opl\u00f8sning er tilg\u00e6ngeligt p\u00e5 b\u00e5de forsiden (4+0) og bagsiden (4+4) for at fremh\u00e6ve din eventbranding levende.<\/p>\n<\/li>\n<li>\n<p data-path-to-node=\"15,3,0\"><b data-path-to-node=\"15,3,0\" data-index-in-node=\"0\">Uddannelsesm\u00e6ssig v\u00e6rdi:<\/b> Tydelige planteinstruktioner er trykt p\u00e5 bagsiden, der guider brugeren i, hvordan man forvandler sit ID-kort til et tr\u00e6.<\/p>\n<\/li>\n<\/ul>\n<h2 data-path-to-node=\"16\">Specifikationer<\/h2>\n<ul data-path-to-node=\"17\">\n<li>\n<p data-path-to-node=\"17,0,0\"><b data-path-to-node=\"17,0,0\" data-index-in-node=\"0\">Dimensioner:<\/b> 60 mm x 90 mm.<\/p>\n<\/li>\n<li>\n<p data-path-to-node=\"17,1,0\"><b data-path-to-node=\"17,1,0\" data-index-in-node=\"0\">Materiale:<\/b> Impr\u00e6gneret papir (bionedbrydeligt) + MDF-fr\u00f8beholder.<\/p>\n<\/li>\n<li>\n<p data-path-to-node=\"17,2,0\"><b data-path-to-node=\"17,2,0\" data-index-in-node=\"0\">Fr\u00f8type:<\/b> Lindetr\u00e6 (<i data-path-to-node=\"17,2,0\" data-index-in-node=\"24\">Tilia<\/i>).<\/p>\n<\/li>\n<li>\n<p data-path-to-node=\"17,3,0\"><b data-path-to-node=\"17,3,0\" data-index-in-node=\"0\">Orientering:<\/b> Lodrette eller vandrette muligheder tilg\u00e6ngelige.<\/p>\n<\/li>\n<li>\n<p data-path-to-node=\"17,4,0\"><b data-path-to-node=\"17,4,0\" data-index-in-node=\"0\">Trykning:<\/b> Digital CMYK (kompatibel med variable data).<\/p>\n<\/li>\n<li>\n<p data-path-to-node=\"17,5,0\"><b data-path-to-node=\"17,5,0\" data-index-in-node=\"0\">Produktionstid:<\/b> Cirka 2 uger efter godkendelse.<\/p>\n<\/li>\n<li>\n<p data-path-to-node=\"17,6,0\"><b data-path-to-node=\"17,6,0\" data-index-in-node=\"0\">Minimum ordrem\u00e6ngde:<\/b> 100 enheder.<\/p>\n<\/li>\n<\/ul>\n<h2 data-path-to-node=\"18\">Brugsscenarier<\/h2>\n<ul data-path-to-node=\"19\">\n<li>\n<p data-path-to-node=\"19,0,0\"><b data-path-to-node=\"19,0,0\" data-index-in-node=\"0\">B\u00e6redygtige konferencer:<\/b> Det ultimative &quot;gr\u00f8nne&quot; m\u00e6rke til milj\u00f8topm\u00f8der og klimafora.<\/p>\n<\/li>\n<li>\n<p data-path-to-node=\"19,1,0\"><b data-path-to-node=\"19,1,0\" data-index-in-node=\"0\">Virksomhedens CSR-arrangementer:<\/b> Vis din virksomheds engagement i milj\u00f8et med badges, der giver tilbage til naturen.<\/p>\n<\/li>\n<li>\n<p data-path-to-node=\"19,2,0\"><b data-path-to-node=\"19,2,0\" data-index-in-node=\"0\">Naturfestivaler:<\/b> Perfekt til udend\u00f8rsarrangementer, hvor plastikaffald er strengt minimeret.<\/p>\n<\/li>\n<li>\n<p data-path-to-node=\"19,3,0\"><b data-path-to-node=\"19,3,0\" data-index-in-node=\"0\">VIP-invitationer:<\/b> Kan ogs\u00e5 bruges som eksklusive, plantbare invitationer til eksklusive gallafester.<\/p>\n<\/li>\n<\/ul>","protected":false},"excerpt":{"rendered":"<ul data-path-to-node=\"11\">\n<li>\n<p data-path-to-node=\"11,0,0\"><b data-path-to-node=\"11,0,0\" data-index-in-node=\"0\">\u00d8ko-funktion:<\/b> Impr\u00e6gneret papkarton med en synlig MDF-beholder med \u00e6gte lindetr\u00e6sfr\u00f8.<\/p>\n<\/li>\n<li>\n<p data-path-to-node=\"11,1,0\"><b data-path-to-node=\"11,1,0\" data-index-in-node=\"0\">Personalisering:<\/b> Underst\u00f8tter variabel dataudskrivning (VDP) \u2013 udskriv individuelle deltagernavne, koder eller titler p\u00e5 hvert kort.<\/p>\n<\/li>\n<li>\n<p data-path-to-node=\"11,2,0\"><b data-path-to-node=\"11,2,0\" data-index-in-node=\"0\">Design:<\/b> Fuldfarve CMYK-tryk (uden trykt- eller dobbeltsidet) med plantevejledning p\u00e5 bagsiden.<\/p>\n<\/li>\n<li>\n<p data-path-to-node=\"11,3,0\"><b data-path-to-node=\"11,3,0\" data-index-in-node=\"0\">Format:<\/b> Standardst\u00f8rrelse 60 x 90 mm, tilg\u00e6ngelig i lodret eller vandret retning.<\/p>\n<\/li>\n<\/ul>","protected":false},"featured_media":6293,"comment_status":"closed","ping_status":"closed","template":"","meta":[],"product_brand":[],"product_cat":[90,91],"product_tag":[],"class_list":{"0":"post-6193","1":"product","2":"type-product","3":"status-publish","4":"has-post-thumbnail","6":"product_cat-laminated-cards","7":"product_cat-badge-holders","9":"first","10":"instock","11":"shipping-taxable","12":"purchasable","13":"product-type-simple"},"_links":{"self":[{"href":"https:\/\/displayproducts.eu\/da\/wp-json\/wp\/v2\/product\/6193","targetHints":{"allow":["GET"]}}],"collection":[{"href":"https:\/\/displayproducts.eu\/da\/wp-json\/wp\/v2\/product"}],"about":[{"href":"https:\/\/displayproducts.eu\/da\/wp-json\/wp\/v2\/types\/product"}],"replies":[{"embeddable":true,"href":"https:\/\/displayproducts.eu\/da\/wp-json\/wp\/v2\/comments?post=6193"}],"wp:featuredmedia":[{"embeddable":true,"href":"https:\/\/displayproducts.eu\/da\/wp-json\/wp\/v2\/media\/6293"}],"wp:attachment":[{"href":"https:\/\/displayproducts.eu\/da\/wp-json\/wp\/v2\/media?parent=6193"}],"wp:term":[{"taxonomy":"product_brand","embeddable":true,"href":"https:\/\/displayproducts.eu\/da\/wp-json\/wp\/v2\/product_brand?post=6193"},{"taxonomy":"product_cat","embeddable":true,"href":"https:\/\/displayproducts.eu\/da\/wp-json\/wp\/v2\/product_cat?post=6193"},{"taxonomy":"product_tag","embeddable":true,"href":"https:\/\/displayproducts.eu\/da\/wp-json\/wp\/v2\/product_tag?post=6193"}],"curies":[{"name":"wp","href":"https:\/\/api.w.org\/{rel}","templated":true}]}}