{"id":6191,"date":"2025-12-20T16:49:13","date_gmt":"2025-12-20T13:49:13","guid":{"rendered":"https:\/\/wristbandfactory.eu\/?post_type=product&#038;p=6191"},"modified":"2026-04-01T21:52:34","modified_gmt":"2026-04-01T18:52:34","slug":"custom-wooden-id-cards-event-badges-eco-plywood","status":"publish","type":"product","link":"https:\/\/displayproducts.eu\/da\/p\/custom-wooden-id-cards-event-badges-eco-plywood\/","title":{"rendered":"Navneskilte i tr\u00e6"},"content":{"rendered":"<p data-path-to-node=\"12\">Skil dig ud med vores <b data-path-to-node=\"12\" data-index-in-node=\"44\">Med eget tryk tr\u00e6-ID-kort<\/b>, et sofistikeret og b\u00e6redygtigt alternativ til traditionelle PVC-m\u00e6rker i plastik. Disse kort er fremstillet af 3 mm krydsfiner af h\u00f8j kvalitet og tilbyder en naturlig, professionel \u00e6stetik, der passer perfekt til milj\u00f8bevidste brandv\u00e6rdier.<\/p>\n<p data-path-to-node=\"13\">Ideelt til konferencer, VIP-arrangementer og firmaidentifikation, da hvert kort har en unik tr\u00e6\u00e5ring, hvilket g\u00f8r hvert stykke unikt. Kortene er lette, men holdbare nok til flerdagesarrangementer.<\/p>\n<p data-path-to-node=\"14\"><b data-path-to-node=\"14\" data-index-in-node=\"0\">Trykning og efterbehandling:<\/b> Vi tilbyder levende fuldfarvetryk til at vise dit logo, deltagernavne eller QR-koder.<\/p>\n<ul data-path-to-node=\"15\">\n<li>\n<p data-path-to-node=\"15,0,0\"><b data-path-to-node=\"15,0,0\" data-index-in-node=\"0\">Standardfinish:<\/b> Kortene leveres som standard lakeret p\u00e5 den ene side for at beskytte overfladen og trykket.<\/p>\n<\/li>\n<li>\n<p data-path-to-node=\"15,1,0\"><b data-path-to-node=\"15,1,0\" data-index-in-node=\"0\">Dobbeltsidet mulighed:<\/b> Ved dobbeltsidet udskrivning anbefaler vi kraftigt at tilf\u00f8je lak p\u00e5 den anden side for at forhindre farvefalmning og slitage (f\u00e5s som en opgradering).<\/p>\n<\/li>\n<\/ul>\n<h2 data-path-to-node=\"16\">N\u00f8glefunktioner<\/h2>\n<ul data-path-to-node=\"17\">\n<li>\n<p data-path-to-node=\"17,0,0\"><b data-path-to-node=\"17,0,0\" data-index-in-node=\"0\">Naturlig \u00e6stetik:<\/b> Den varme tr\u00e6tekstur giver et f\u00f8rsteklasses udseende og en f\u00f8rsteklasses f\u00f8lelse, som plastik ikke kan matche.<\/p>\n<\/li>\n<li>\n<p data-path-to-node=\"17,1,0\"><b data-path-to-node=\"17,1,0\" data-index-in-node=\"0\">Fuld tilpasning:<\/b> Underst\u00f8tter digitaltryk i fuld farve p\u00e5 den ene eller begge sider.<\/p>\n<\/li>\n<li>\n<p data-path-to-node=\"17,2,0\"><b data-path-to-node=\"17,2,0\" data-index-in-node=\"0\">Holdbarhed:<\/b> Behandlet med en beskyttende lak for at modst\u00e5 fugt og daglig slitage.<\/p>\n<\/li>\n<li>\n<p data-path-to-node=\"17,3,0\"><b data-path-to-node=\"17,3,0\" data-index-in-node=\"0\">Universel pasform:<\/b> Inkluderer et forboret hul (standardst\u00f8rrelse) for nem fastg\u00f8relse til enhver lanyard eller klips.<\/p>\n<\/li>\n<li>\n<p data-path-to-node=\"17,4,0\"><b data-path-to-node=\"17,4,0\" data-index-in-node=\"0\">B\u00e6redygtigt valg:<\/b> Lavet af fornyelige tr\u00e6kilder, hvilket reducerer dit arrangements plastikaftryk.<\/p>\n<\/li>\n<\/ul>\n<h2 data-path-to-node=\"18\">Specifikationer<\/h2>\n<ul data-path-to-node=\"19\">\n<li>\n<p data-path-to-node=\"19,0,0\"><b data-path-to-node=\"19,0,0\" data-index-in-node=\"0\">Dimensioner:<\/b> 100 mm x 50 mm x 3 mm.<\/p>\n<\/li>\n<li>\n<p data-path-to-node=\"19,1,0\"><b data-path-to-node=\"19,1,0\" data-index-in-node=\"0\">Materiale:<\/b> Naturlig krydsfiner.<\/p>\n<\/li>\n<li>\n<p data-path-to-node=\"19,2,0\"><b data-path-to-node=\"19,2,0\" data-index-in-node=\"0\">V\u00e6gt:<\/b> Ultralet for behagelig brug.<\/p>\n<\/li>\n<li>\n<p data-path-to-node=\"19,3,0\"><b data-path-to-node=\"19,3,0\" data-index-in-node=\"0\">Hulmaskine:<\/b> Centreret \u00f8verste hul (rundt eller aflangt normalt standard).<\/p>\n<\/li>\n<li>\n<p data-path-to-node=\"19,4,0\"><b data-path-to-node=\"19,4,0\" data-index-in-node=\"0\">Minimum ordrem\u00e6ngde:<\/b> 100 enheder.<\/p>\n<\/li>\n<\/ul>\n<h2 data-path-to-node=\"20\">Brugsscenarier<\/h2>\n<ul data-path-to-node=\"21\">\n<li>\n<p data-path-to-node=\"21,0,0\"><b data-path-to-node=\"21,0,0\" data-index-in-node=\"0\">Gr\u00f8nne konferencer:<\/b> Det ultimative tilbeh\u00f8r til b\u00e6redygtighedsfokuserede topm\u00f8der.<\/p>\n<\/li>\n<li>\n<p data-path-to-node=\"21,1,0\"><b data-path-to-node=\"21,1,0\" data-index-in-node=\"0\">VIP-kort:<\/b> Eksklusive backstage- eller g\u00e6stebilletter med en f\u00f8lelse af v\u00e6rdi.<\/p>\n<\/li>\n<li>\n<p data-path-to-node=\"21,2,0\"><b data-path-to-node=\"21,2,0\" data-index-in-node=\"0\">Medarbejder-ID:<\/b> Holdbar og stilfuld daglig identifikation til milj\u00f8venlige virksomheder.<\/p>\n<\/li>\n<li>\n<p data-path-to-node=\"21,3,0\"><b data-path-to-node=\"21,3,0\" data-index-in-node=\"0\">Firmagaver:<\/b> Kan bruges som bagagem\u00e6rker eller souvenirs.<\/p>\n<\/li>\n<\/ul>","protected":false},"excerpt":{"rendered":"<ul>\n<li>\n<p data-path-to-node=\"11,0,0\"><b data-path-to-node=\"11,0,0\" data-index-in-node=\"0\">Materiale:<\/b> 3 mm krydsfiner af h\u00f8j kvalitet (naturlig finish).<\/p>\n<\/li>\n<li>\n<p data-path-to-node=\"11,1,0\"><b data-path-to-node=\"11,1,0\" data-index-in-node=\"0\">Dimensioner:<\/b> 10 cm x 5 cm (Let og holdbar).<\/p>\n<\/li>\n<li>\n<p data-path-to-node=\"11,2,0\"><b data-path-to-node=\"11,2,0\" data-index-in-node=\"0\">Beskyttelse:<\/b> Standardlakering p\u00e5 den ene side for holdbarhed (dobbeltsidet valgfrit).<\/p>\n<\/li>\n<li>\n<p data-path-to-node=\"11,3,0\"><b data-path-to-node=\"11,3,0\" data-index-in-node=\"0\">Vedh\u00e6ftet fil:<\/b> Forboret hul kompatibelt med alle standard lanyards \/ N\u00f8glesnore.<\/p>\n<\/li>\n<li>\n<p data-path-to-node=\"11,4,0\"><b data-path-to-node=\"11,4,0\" data-index-in-node=\"0\">Milj\u00f8venlig:<\/b> Et bionedbrydeligt, plastikfrit alternativ til gr\u00f8nne events.<\/p>\n<\/li>\n<\/ul>","protected":false},"featured_media":6192,"comment_status":"closed","ping_status":"closed","template":"","meta":[],"product_brand":[],"product_cat":[91],"product_tag":[],"class_list":{"0":"post-6191","1":"product","2":"type-product","3":"status-publish","4":"has-post-thumbnail","6":"product_cat-badge-holders","8":"first","9":"instock","10":"shipping-taxable","11":"purchasable","12":"product-type-simple"},"_links":{"self":[{"href":"https:\/\/displayproducts.eu\/da\/wp-json\/wp\/v2\/product\/6191","targetHints":{"allow":["GET"]}}],"collection":[{"href":"https:\/\/displayproducts.eu\/da\/wp-json\/wp\/v2\/product"}],"about":[{"href":"https:\/\/displayproducts.eu\/da\/wp-json\/wp\/v2\/types\/product"}],"replies":[{"embeddable":true,"href":"https:\/\/displayproducts.eu\/da\/wp-json\/wp\/v2\/comments?post=6191"}],"wp:featuredmedia":[{"embeddable":true,"href":"https:\/\/displayproducts.eu\/da\/wp-json\/wp\/v2\/media\/6192"}],"wp:attachment":[{"href":"https:\/\/displayproducts.eu\/da\/wp-json\/wp\/v2\/media?parent=6191"}],"wp:term":[{"taxonomy":"product_brand","embeddable":true,"href":"https:\/\/displayproducts.eu\/da\/wp-json\/wp\/v2\/product_brand?post=6191"},{"taxonomy":"product_cat","embeddable":true,"href":"https:\/\/displayproducts.eu\/da\/wp-json\/wp\/v2\/product_cat?post=6191"},{"taxonomy":"product_tag","embeddable":true,"href":"https:\/\/displayproducts.eu\/da\/wp-json\/wp\/v2\/product_tag?post=6191"}],"curies":[{"name":"wp","href":"https:\/\/api.w.org\/{rel}","templated":true}]}}