{"id":6171,"date":"2025-12-19T22:38:05","date_gmt":"2025-12-19T19:38:05","guid":{"rendered":"https:\/\/wristbandfactory.eu\/?post_type=product&#038;p=6171"},"modified":"2026-04-01T21:52:34","modified_gmt":"2026-04-01T18:52:34","slug":"custom-handheld-led-mini-fans-battery-operated","status":"publish","type":"product","link":"https:\/\/displayproducts.eu\/da\/p\/custom-handheld-led-mini-fans-battery-operated\/","title":{"rendered":"H\u00e5ndholdte LED bl\u00e6sere"},"content":{"rendered":"<div style=\"width: 480px;\" class=\"wp-video\"><video class=\"wp-video-shortcode\" id=\"video-6171-1\" width=\"480\" height=\"834\" preload=\"metadata\" controls=\"controls\"><source type=\"video\/mp4\" src=\"https:\/\/displayproducts.eu\/wp-content\/uploads\/2025\/12\/wedding-fan.mp4?_=1\" \/><a href=\"https:\/\/displayproducts.eu\/wp-content\/uploads\/2025\/12\/wedding-fan.mp4\">https:\/\/displayproducts.eu\/wp-content\/uploads\/2025\/12\/wedding-fan.mp4<\/a><\/video><\/div>\n<p data-path-to-node=\"10\">Forvandl ethvert dansegulv eller enhver aftenbegivenhed til et str\u00e5lende skue med vores med eget tryk h\u00e5ndholdte LED-ventilatorer. Disse er ikke bare k\u00f8lende tilbeh\u00f8r; de er effektive visuelle rekvisitter, som g\u00e6sterne elsker at bruge til fotos og sociale medier. Disse ventilatorer er s\u00e6rligt popul\u00e6re til bryllups-&quot;afterfester&quot; og musikfestivaler og kombinerer den traditionelle elegance af en foldbar ventilator med moderne LED-teknologi.<\/p>\n<p data-path-to-node=\"11\">De f\u00e5s i forskellige stoffarver (inklusive klassisk hvid til bryllupper) og LED-farver, og de kan brandes, s\u00e5 de problemfrit matcher dit eventtema. Uanset om de bruges til en massiv rave eller en intim bryllupsreception, s\u00f8rger disse ventilatorer for, at dit brand eller budskab skinner klart i m\u00f8rket.<\/p>\n<h2 data-path-to-node=\"12\">N\u00f8glefunktioner<\/h2>\n<ul data-path-to-node=\"13\">\n<li>\n<p data-path-to-node=\"13,0,0\"><b data-path-to-node=\"13,0,0\" data-index-in-node=\"0\">Atmosf\u00e6reskaber:<\/b> Skaber en \u00f8jeblikkelig &quot;wow&quot;-effekt, n\u00e5r lyset slukkes.<\/p>\n<\/li>\n<li>\n<p data-path-to-node=\"13,1,0\"><b data-path-to-node=\"13,1,0\" data-index-in-node=\"0\">Stort brandingomr\u00e5de:<\/b> Stoffoverfladen giver rigelig plads til at trykke logoer, hashtags eller bryllupsdatoer.<\/p>\n<\/li>\n<li>\n<p data-path-to-node=\"13,2,0\"><b data-path-to-node=\"13,2,0\" data-index-in-node=\"0\">Brugervenlig:<\/b> Uden tryk betjening med \u00e9n knap til at skifte mellem blinkende tilstande.<\/p>\n<\/li>\n<li>\n<p data-path-to-node=\"13,3,0\"><b data-path-to-node=\"13,3,0\" data-index-in-node=\"0\">Holdbar konstruktion:<\/b> Lavet med robuste plastribber og lysdiffuserende stof, der kan modst\u00e5 energisk brug.<\/p>\n<\/li>\n<\/ul>\n<h2 data-path-to-node=\"14\">Specifikationer<\/h2>\n<ul data-path-to-node=\"15\">\n<li>\n<p data-path-to-node=\"15,0,0\"><b data-path-to-node=\"15,0,0\" data-index-in-node=\"0\">Materiale:<\/b> Plastikribber + Lysdiffuserende nylon\/polyesterstof.<\/p>\n<\/li>\n<li>\n<p data-path-to-node=\"15,1,0\"><b data-path-to-node=\"15,1,0\" data-index-in-node=\"0\">St\u00f8rrelse:<\/b> Ca. 27 cm (foldet) \/ 48-50 cm (\u00e5ben bredde).<\/p>\n<\/li>\n<li>\n<p data-path-to-node=\"15,2,0\"><b data-path-to-node=\"15,2,0\" data-index-in-node=\"0\">LED-farver:<\/b> Hvid, bl\u00e5, r\u00f8d, gr\u00f8n, pink, RGB (flerfarvet).<\/p>\n<\/li>\n<li>\n<p data-path-to-node=\"15,3,0\"><b data-path-to-node=\"15,3,0\" data-index-in-node=\"0\">Batterier:<\/b> Inkluderet og udskiftelig (normalt CR2032 eller lignende).<\/p>\n<\/li>\n<li>\n<p data-path-to-node=\"15,4,0\"><b data-path-to-node=\"15,4,0\" data-index-in-node=\"0\">Udskrivningsmetode:<\/b> Silketryk p\u00e5 stof eller h\u00e5ndtag.<\/p>\n<\/li>\n<\/ul>\n<h2 data-path-to-node=\"16\">Brugsscenarier<\/h2>\n<ul data-path-to-node=\"17\">\n<li>\n<p data-path-to-node=\"17,0,0\"><b data-path-to-node=\"17,0,0\" data-index-in-node=\"0\">Bryllupper:<\/b> Den ultimative festfavorit til dansegulvet om aftenen (is\u00e6r hvide fans).<\/p>\n<\/li>\n<li>\n<p data-path-to-node=\"17,1,0\"><b data-path-to-node=\"17,1,0\" data-index-in-node=\"0\">Musikfestivaler og raves:<\/b> Meget efterspurgt merchandise fra deltagerne.<\/p>\n<\/li>\n<li>\n<p data-path-to-node=\"17,2,0\"><b data-path-to-node=\"17,2,0\" data-index-in-node=\"0\">Natklubber:<\/b> Rekvisitter med m\u00e6rkevarer til VIP-borde eller temaaftener.<\/p>\n<\/li>\n<li>\n<p data-path-to-node=\"17,3,0\"><b data-path-to-node=\"17,3,0\" data-index-in-node=\"0\">Firmafester:<\/b> Sjove isbrydergaver, der lyser op p\u00e5 stedet.<\/p>\n<\/li>\n<\/ul>","protected":false},"excerpt":{"rendered":"<ul>\n<li>\n<p data-path-to-node=\"9,0,0\"><b data-path-to-node=\"9,0,0\" data-index-in-node=\"0\">Dobbelt funktion:<\/b> Holder g\u00e6sterne k\u00f8lige, mens de skaber et fantastisk lysshow.<\/p>\n<\/li>\n<li>\n<p data-path-to-node=\"9,1,0\"><b data-path-to-node=\"9,1,0\" data-index-in-node=\"0\">Kan tilpasses:<\/b> Tryk dit logo eller begivenhedsdato p\u00e5 stoffet eller h\u00e5ndtaget.<\/p>\n<\/li>\n<li>\n<p data-path-to-node=\"9,2,0\"><b data-path-to-node=\"9,2,0\" data-index-in-node=\"0\">Belysningstilstande:<\/b> Flere indstillinger (hurtigt blink, langsomt blink, konstant lys).<\/p>\n<\/li>\n<li>\n<p data-path-to-node=\"9,3,0\"><b data-path-to-node=\"9,3,0\" data-index-in-node=\"0\">Batteridrevet:<\/b> Langtidsholdbare og udskiftelige batterier medf\u00f8lger.<\/p>\n<\/li>\n<\/ul>","protected":false},"featured_media":6172,"comment_status":"closed","ping_status":"closed","template":"","meta":[],"product_brand":[],"product_cat":[76,123],"product_tag":[],"class_list":{"0":"post-6171","1":"product","2":"type-product","3":"status-publish","4":"has-post-thumbnail","6":"product_cat-glow-led-products","7":"product_cat-fan-cheering-items","9":"first","10":"instock","11":"shipping-taxable","12":"purchasable","13":"product-type-simple"},"_links":{"self":[{"href":"https:\/\/displayproducts.eu\/da\/wp-json\/wp\/v2\/product\/6171","targetHints":{"allow":["GET"]}}],"collection":[{"href":"https:\/\/displayproducts.eu\/da\/wp-json\/wp\/v2\/product"}],"about":[{"href":"https:\/\/displayproducts.eu\/da\/wp-json\/wp\/v2\/types\/product"}],"replies":[{"embeddable":true,"href":"https:\/\/displayproducts.eu\/da\/wp-json\/wp\/v2\/comments?post=6171"}],"wp:featuredmedia":[{"embeddable":true,"href":"https:\/\/displayproducts.eu\/da\/wp-json\/wp\/v2\/media\/6172"}],"wp:attachment":[{"href":"https:\/\/displayproducts.eu\/da\/wp-json\/wp\/v2\/media?parent=6171"}],"wp:term":[{"taxonomy":"product_brand","embeddable":true,"href":"https:\/\/displayproducts.eu\/da\/wp-json\/wp\/v2\/product_brand?post=6171"},{"taxonomy":"product_cat","embeddable":true,"href":"https:\/\/displayproducts.eu\/da\/wp-json\/wp\/v2\/product_cat?post=6171"},{"taxonomy":"product_tag","embeddable":true,"href":"https:\/\/displayproducts.eu\/da\/wp-json\/wp\/v2\/product_tag?post=6171"}],"curies":[{"name":"wp","href":"https:\/\/api.w.org\/{rel}","templated":true}]}}