{"id":6165,"date":"2025-12-19T22:29:34","date_gmt":"2025-12-19T19:29:34","guid":{"rendered":"https:\/\/wristbandfactory.eu\/?post_type=product&#038;p=6165"},"modified":"2026-04-01T21:52:34","modified_gmt":"2026-04-01T18:52:34","slug":"custom-luggage-tags-bamboo-waterproof-paper-shaped","status":"publish","type":"product","link":"https:\/\/displayproducts.eu\/da\/p\/custom-luggage-tags-bamboo-waterproof-paper-shaped\/","title":{"rendered":"Bagagem\u00e6rker med logo"},"content":{"rendered":"<p data-path-to-node=\"9\">Rejser skaber indtryk, og vores udvalg af med eget tryk bagagem\u00e6rker sikrer, at dit brand er med, uanset hvor dine kunder tager hen. Denne produktlinje er designet til holdbarhed og synlighed og tilbyder fleksibilitet, der matcher dit marketingbudget og din stil \u2013 uanset om du har brug for en omkostningseffektiv masseuddeling eller en milj\u00f8venlig gave i h\u00f8j kvalitet.<\/p>\n<p data-path-to-node=\"10\"><b data-path-to-node=\"10\" data-index-in-node=\"0\">V\u00e6lg din stil:<\/b><\/p>\n<ol start=\"1\" data-path-to-node=\"11\">\n<li>\n<p data-path-to-node=\"11,0,0\"><b data-path-to-node=\"11,0,0\" data-index-in-node=\"0\">Syntetiske papirm\u00e6rker (vand- og rivefaste):<\/b> Lad dig ikke narre af ordet &quot;papir&quot;. Dette avancerede syntetiske materiale er fuldst\u00e6ndig vandt\u00e6t og slidst\u00e6rkt, hvilket g\u00f8r det perfekt til barske rejser.<\/p>\n<ul data-path-to-node=\"11,0,1\">\n<li>\n<p data-path-to-node=\"11,0,1,0,0\"><b data-path-to-node=\"11,0,1,0,0\" data-index-in-node=\"0\">Standardform:<\/b> Maksimalt brandingomr\u00e5de til logoer og kontaktoplysninger.<\/p>\n<\/li>\n<li>\n<p data-path-to-node=\"11,0,1,1,0\"><b data-path-to-node=\"11,0,1,1,0\" data-index-in-node=\"0\">Flyform:<\/b> Et sjovt, udstanset luftfartsdesign, ideelt til turistbureauer og flyselskaber.<\/p>\n<\/li>\n<li>\n<p data-path-to-node=\"11,0,1,2,0\"><i data-path-to-node=\"11,0,1,2,0\" data-index-in-node=\"0\">Inkluderer fuldfarvetryk p\u00e5 forsiden.<\/i><\/p>\n<\/li>\n<\/ul>\n<\/li>\n<li>\n<p data-path-to-node=\"11,1,0\"><b data-path-to-node=\"11,1,0\" data-index-in-node=\"0\">Bambusm\u00e6rker (\u00d8ko-Premium):<\/b> For et b\u00e6redygtigt og eksklusivt look, v\u00e6lg vores naturlige bambusm\u00e6rker. Stive og unikke, de skiller sig ud p\u00e5 karrusellen.<\/p>\n<ul data-path-to-node=\"11,1,1\">\n<li>\n<p data-path-to-node=\"11,1,1,0,0\"><i data-path-to-node=\"11,1,1,0,0\" data-index-in-node=\"0\">Inkluderer plastikrem og sp\u00e6nde for sikker fastg\u00f8relse.<\/i><\/p>\n<\/li>\n<\/ul>\n<\/li>\n<\/ol>\n<h2 data-path-to-node=\"12\">N\u00f8glefunktioner<\/h2>\n<ul data-path-to-node=\"13\">\n<li>\n<p data-path-to-node=\"13,0,0\"><b data-path-to-node=\"13,0,0\" data-index-in-node=\"0\">Alsidighed:<\/b> \u00c9n produktliste, flere l\u00f8sninger. Bland og match til forskellige kundesegmenter (f.eks. papir til \u00f8konomiklassepassagerer, bambus til VIP&#039;er).<\/p>\n<\/li>\n<li>\n<p data-path-to-node=\"13,1,0\"><b data-path-to-node=\"13,1,0\" data-index-in-node=\"0\">Ekstrem holdbarhed:<\/b> Det syntetiske papir t\u00e5ler regn, fugtighed og h\u00e5rd bagageh\u00e5ndtering uden at rive.<\/p>\n<\/li>\n<li>\n<p data-path-to-node=\"13,2,0\"><b data-path-to-node=\"13,2,0\" data-index-in-node=\"0\">Milj\u00f8bevidst:<\/b> Bambus tilbyder en vedvarende materialemulighed til gr\u00f8nne marketingkampagner.<\/p>\n<\/li>\n<li>\n<p data-path-to-node=\"13,3,0\"><b data-path-to-node=\"13,3,0\" data-index-in-node=\"0\">H\u00f8j synlighed:<\/b> Store trykomr\u00e5der sikrer, at dit logo er synligt i lufthavne verden over.<\/p>\n<\/li>\n<\/ul>\n<h2 data-path-to-node=\"14\">Specifikationer<\/h2>\n<ul data-path-to-node=\"15\">\n<li>\n<p data-path-to-node=\"15,0,0\"><b data-path-to-node=\"15,0,0\" data-index-in-node=\"0\">Materialer:<\/b> Syntetisk papir (polypropylenblanding) ELLER naturlig bambus.<\/p>\n<\/li>\n<li>\n<p data-path-to-node=\"15,1,0\"><b data-path-to-node=\"15,1,0\" data-index-in-node=\"0\">Egenskaber for papirm\u00e6rke:<\/b> Vandafvisende, rivesikker, fleksibel.<\/p>\n<\/li>\n<li>\n<p data-path-to-node=\"15,2,0\"><b data-path-to-node=\"15,2,0\" data-index-in-node=\"0\">Egenskaber for bambusm\u00e6rke:<\/b> Stiv, naturlig \u00e5refinish.<\/p>\n<\/li>\n<li>\n<p data-path-to-node=\"15,3,0\"><b data-path-to-node=\"15,3,0\" data-index-in-node=\"0\">Former:<\/b> Rektangul\u00e6r (ca. 85 x 54 mm) eller udstanset i fly.<\/p>\n<\/li>\n<li>\n<p data-path-to-node=\"15,4,0\"><b data-path-to-node=\"15,4,0\" data-index-in-node=\"0\">Vedh\u00e6ftet fil:<\/b> Plastikrem med sp\u00e6nde (bambus) eller l\u00f8kkemekanisme.<\/p>\n<\/li>\n<li>\n<p data-path-to-node=\"15,5,0\"><b data-path-to-node=\"15,5,0\" data-index-in-node=\"0\">MOQ:<\/b> 250 stk. (til papirmodeller).<\/p>\n<\/li>\n<\/ul>\n<h2 data-path-to-node=\"16\">Brugsscenarier<\/h2>\n<ul data-path-to-node=\"17\">\n<li>\n<p data-path-to-node=\"17,0,0\"><b data-path-to-node=\"17,0,0\" data-index-in-node=\"0\">Rejsearrang\u00f8rer:<\/b> Inkluder et m\u00e6rkem\u00e6rke i rejsedokumentmapper.<\/p>\n<\/li>\n<li>\n<p data-path-to-node=\"17,1,0\"><b data-path-to-node=\"17,1,0\" data-index-in-node=\"0\">Firmaophold:<\/b> Identific\u00e9r nemt holdets bagage under grupperejser.<\/p>\n<\/li>\n<li>\n<p data-path-to-node=\"17,2,0\"><b data-path-to-node=\"17,2,0\" data-index-in-node=\"0\">Hoteller:<\/b> En mindev\u00e6rdig gave til g\u00e6ster ved g\u00e5 til betalingn.<\/p>\n<\/li>\n<li>\n<p data-path-to-node=\"17,3,0\"><b data-path-to-node=\"17,3,0\" data-index-in-node=\"0\">Logistik:<\/b> Holdbar m\u00e6rkning til fragt og ikke-standardfragt.<\/p>\n<\/li>\n<\/ul>","protected":false},"excerpt":{"rendered":"<ul>\n<li>\n<p data-path-to-node=\"8,0,0\"><b data-path-to-node=\"8,0,0\" data-index-in-node=\"0\">Materialevalg:<\/b> V\u00e6lg mellem stift bambus eller fleksibelt, rivefast papir.<\/p>\n<\/li>\n<li>\n<p data-path-to-node=\"8,1,0\"><b data-path-to-node=\"8,1,0\" data-index-in-node=\"0\">Former:<\/b> F\u00e5s i standard rektangul\u00e6re eller tematiske flyformer.<\/p>\n<\/li>\n<li>\n<p data-path-to-node=\"8,2,0\"><b data-path-to-node=\"8,2,0\" data-index-in-node=\"0\">Holdbarhed:<\/b> Vandafvisende og bygget til at modst\u00e5 globale rejser.<\/p>\n<\/li>\n<li>\n<p data-path-to-node=\"8,3,0\"><b data-path-to-node=\"8,3,0\" data-index-in-node=\"0\">Branding:<\/b> Fuldfarvetryk (papir) eller lasergravering\/-tryk (bambus).<\/p>\n<\/li>\n<\/ul>","protected":false},"featured_media":6304,"comment_status":"closed","ping_status":"closed","template":"","meta":[],"product_brand":[],"product_cat":[129,122],"product_tag":[],"class_list":{"0":"post-6165","1":"product","2":"type-product","3":"status-publish","4":"has-post-thumbnail","6":"product_cat-leisure-lifestyle","7":"product_cat-promotional-accessories","9":"first","10":"instock","11":"shipping-taxable","12":"purchasable","13":"product-type-simple"},"_links":{"self":[{"href":"https:\/\/displayproducts.eu\/da\/wp-json\/wp\/v2\/product\/6165","targetHints":{"allow":["GET"]}}],"collection":[{"href":"https:\/\/displayproducts.eu\/da\/wp-json\/wp\/v2\/product"}],"about":[{"href":"https:\/\/displayproducts.eu\/da\/wp-json\/wp\/v2\/types\/product"}],"replies":[{"embeddable":true,"href":"https:\/\/displayproducts.eu\/da\/wp-json\/wp\/v2\/comments?post=6165"}],"wp:featuredmedia":[{"embeddable":true,"href":"https:\/\/displayproducts.eu\/da\/wp-json\/wp\/v2\/media\/6304"}],"wp:attachment":[{"href":"https:\/\/displayproducts.eu\/da\/wp-json\/wp\/v2\/media?parent=6165"}],"wp:term":[{"taxonomy":"product_brand","embeddable":true,"href":"https:\/\/displayproducts.eu\/da\/wp-json\/wp\/v2\/product_brand?post=6165"},{"taxonomy":"product_cat","embeddable":true,"href":"https:\/\/displayproducts.eu\/da\/wp-json\/wp\/v2\/product_cat?post=6165"},{"taxonomy":"product_tag","embeddable":true,"href":"https:\/\/displayproducts.eu\/da\/wp-json\/wp\/v2\/product_tag?post=6165"}],"curies":[{"name":"wp","href":"https:\/\/api.w.org\/{rel}","templated":true}]}}