{"id":6162,"date":"2025-12-19T22:20:32","date_gmt":"2025-12-19T19:20:32","guid":{"rendered":"https:\/\/wristbandfactory.eu\/?post_type=product&#038;p=6162"},"modified":"2026-04-01T21:52:34","modified_gmt":"2026-04-01T18:52:34","slug":"colored-eva-earplugs-in-transparent-case-with-carrying-chain","status":"publish","type":"product","link":"https:\/\/displayproducts.eu\/da\/p\/colored-eva-earplugs-in-transparent-case-with-carrying-chain\/","title":{"rendered":"Farvede EVA \u00f8repropper i etui med k\u00e6de"},"content":{"rendered":"<p data-path-to-node=\"10\">Beskyt dine deltageres h\u00f8relse med stil med vores farvestr\u00e5lende EVA-\u00f8repropper. Disse \u00f8repropper er designet til l\u00e6ngere tids brug og er lavet af bl\u00f8dt ethylenvinylacetat (EVA), der former sig behageligt efter \u00f8regangen. Hvert par leveres i et slidst\u00e6rkt, gennemsigtigt etui med en praktisk b\u00e6rek\u00e6de, der g\u00f8r det nemt at fastg\u00f8re dem til n\u00f8gleringe, n\u00f8glesnore eller lynl\u00e5se. En uundv\u00e6rlig genstand til festivaler, byggepladser og rejser.<\/p>\n<h2 data-path-to-node=\"11\">N\u00f8glefunktioner<\/h2>\n<ul data-path-to-node=\"12\">\n<li>\n<p data-path-to-node=\"12,0,0\"><b data-path-to-node=\"12,0,0\" data-index-in-node=\"0\">B\u00e6rbart design:<\/b> Den medf\u00f8lgende k\u00e6de sikrer, at \u00f8repropperne altid er inden for r\u00e6kkevidde og beskyttet mod snavs, n\u00e5r de ikke er i brug.<\/p>\n<\/li>\n<li>\n<p data-path-to-node=\"12,1,0\"><b data-path-to-node=\"12,1,0\" data-index-in-node=\"0\">Komfortpasform:<\/b> Bl\u00f8dt EVA-skummateriale udvider sig blidt for en sikker pasform uden at for\u00e5rsage tryk.<\/p>\n<\/li>\n<li>\n<p data-path-to-node=\"12,2,0\"><b data-path-to-node=\"12,2,0\" data-index-in-node=\"0\">H\u00f8j synlighed:<\/b> F\u00e5s i klare, livlige farver, der skiller sig ud.<\/p>\n<\/li>\n<li>\n<p data-path-to-node=\"12,3,0\"><b data-path-to-node=\"12,3,0\" data-index-in-node=\"0\">Holdbart etui:<\/b> Den klare plastik\u00e6ske tilbyder fremragende brandingpotentiale og beskyttelse.<\/p>\n<\/li>\n<\/ul>\n<h2 data-path-to-node=\"13\">Specifikationer<\/h2>\n<ul data-path-to-node=\"14\">\n<li>\n<p data-path-to-node=\"14,0,0\"><b data-path-to-node=\"14,0,0\" data-index-in-node=\"0\">Materiale:<\/b> Bl\u00f8dt EVA (ethylenvinylacetat) skum.<\/p>\n<\/li>\n<li>\n<p data-path-to-node=\"14,1,0\"><b data-path-to-node=\"14,1,0\" data-index-in-node=\"0\">Etuimateriale:<\/b> Gennemsigtig plastik.<\/p>\n<\/li>\n<li>\n<p data-path-to-node=\"14,2,0\"><b data-path-to-node=\"14,2,0\" data-index-in-node=\"0\">Vedh\u00e6ftet fil:<\/b> Metalperlek\u00e6de \/ b\u00e6rek\u00e6de.<\/p>\n<\/li>\n<li>\n<p data-path-to-node=\"14,3,0\"><b data-path-to-node=\"14,3,0\" data-index-in-node=\"0\">Farver:<\/b> Assorterede lyse farver.<\/p>\n<\/li>\n<li>\n<p data-path-to-node=\"14,4,0\"><b data-path-to-node=\"14,4,0\" data-index-in-node=\"0\">Genbrugelighed:<\/b> Genanvendelig og vaskbar.<\/p>\n<\/li>\n<\/ul>\n<h2 data-path-to-node=\"15\">Brugsscenarier<\/h2>\n<ul data-path-to-node=\"16\">\n<li>\n<p data-path-to-node=\"16,0,0\"><b data-path-to-node=\"16,0,0\" data-index-in-node=\"0\">Musikfestivaler og koncerter:<\/b> Essentiel h\u00f8rev\u00e6rn til st\u00f8jende milj\u00f8er.<\/p>\n<\/li>\n<li>\n<p data-path-to-node=\"16,1,0\"><b data-path-to-node=\"16,1,0\" data-index-in-node=\"0\">Rejser og luftfart:<\/b> Reducerer kabinest\u00f8j for en fredelig rejse.<\/p>\n<\/li>\n<li>\n<p data-path-to-node=\"16,2,0\"><b data-path-to-node=\"16,2,0\" data-index-in-node=\"0\">Byggeri og industri:<\/b> Grundl\u00e6ggende sikkerhedsudstyr til bes\u00f8gende eller lette omr\u00e5der.<\/p>\n<\/li>\n<li>\n<p data-path-to-node=\"16,3,0\"><b data-path-to-node=\"16,3,0\" data-index-in-node=\"0\">Kampagner til kampagner:<\/b> Fremragende giveaway med m\u00e6rkevarer til arrangementer med fokus p\u00e5 sundhed og sikkerhed.<\/p>\n<\/li>\n<\/ul>","protected":false},"excerpt":{"rendered":"<ul>\n<li>\n<p data-path-to-node=\"9,0,0\">Lavet af bl\u00f8dt og behageligt EVA-materiale.<\/p>\n<\/li>\n<li>\n<p data-path-to-node=\"9,1,0\">Inkluderer gennemsigtigt etui med b\u00e6rek\u00e6de.<\/p>\n<\/li>\n<li>\n<p data-path-to-node=\"9,2,0\">Lyse farver med h\u00f8j synlighed.<\/p>\n<\/li>\n<li>\n<p data-path-to-node=\"9,3,0\">Genanvendelig og nem at reng\u00f8re.<\/p>\n<\/li>\n<\/ul>","protected":false},"featured_media":6163,"comment_status":"closed","ping_status":"closed","template":"","meta":[],"product_brand":[],"product_cat":[68,121],"product_tag":[],"class_list":{"0":"post-6162","1":"product","2":"type-product","3":"status-publish","4":"has-post-thumbnail","6":"product_cat-event-supplies","7":"product_cat-promotional-merchandise","9":"first","10":"instock","11":"shipping-taxable","12":"purchasable","13":"product-type-simple"},"_links":{"self":[{"href":"https:\/\/displayproducts.eu\/da\/wp-json\/wp\/v2\/product\/6162","targetHints":{"allow":["GET"]}}],"collection":[{"href":"https:\/\/displayproducts.eu\/da\/wp-json\/wp\/v2\/product"}],"about":[{"href":"https:\/\/displayproducts.eu\/da\/wp-json\/wp\/v2\/types\/product"}],"replies":[{"embeddable":true,"href":"https:\/\/displayproducts.eu\/da\/wp-json\/wp\/v2\/comments?post=6162"}],"wp:featuredmedia":[{"embeddable":true,"href":"https:\/\/displayproducts.eu\/da\/wp-json\/wp\/v2\/media\/6163"}],"wp:attachment":[{"href":"https:\/\/displayproducts.eu\/da\/wp-json\/wp\/v2\/media?parent=6162"}],"wp:term":[{"taxonomy":"product_brand","embeddable":true,"href":"https:\/\/displayproducts.eu\/da\/wp-json\/wp\/v2\/product_brand?post=6162"},{"taxonomy":"product_cat","embeddable":true,"href":"https:\/\/displayproducts.eu\/da\/wp-json\/wp\/v2\/product_cat?post=6162"},{"taxonomy":"product_tag","embeddable":true,"href":"https:\/\/displayproducts.eu\/da\/wp-json\/wp\/v2\/product_tag?post=6162"}],"curies":[{"name":"wp","href":"https:\/\/api.w.org\/{rel}","templated":true}]}}