{"id":6159,"date":"2025-12-19T16:35:18","date_gmt":"2025-12-19T13:35:18","guid":{"rendered":"https:\/\/wristbandfactory.eu\/?post_type=product&#038;p=6159"},"modified":"2026-04-01T21:52:34","modified_gmt":"2026-04-01T18:52:34","slug":"custom-printed-seamless-arm-sleeves-uv-protection","status":"publish","type":"product","link":"https:\/\/displayproducts.eu\/da\/p\/custom-printed-seamless-arm-sleeves-uv-protection\/","title":{"rendered":"\u00c6rmer med tryk (Arm sleeves)"},"content":{"rendered":"<p data-path-to-node=\"11\">Maksimer dit brands synlighed ved udend\u00f8rsbegivenheder og sportskonkurrencer med vores med eget tryk, trykte, s\u00f8ml\u00f8se arm\u00e6rmer. Disse alsidige accessories er uundv\u00e6rlige for l\u00f8bere, cyklister og udend\u00f8rspersonale, da de tilbyder et stort, bev\u00e6geligt l\u00e6rred til dit logo eller kunstv\u00e6rk.<\/p>\n<p data-path-to-node=\"12\">I mods\u00e6tning til standard serigrafitrykte \u00e6rmer bruger vores \u00e6rmer farvesublimeringsteknologi. Det betyder, at designet er indarbejdet i stoffets fibre, hvilket sikrer, at trykket aldrig revner, skaller af eller falmer, samtidig med at stoffets \u00e5ndbarhed og elasticitet bevares.<\/p>\n<h2 data-path-to-node=\"13\">N\u00f8glefunktioner<\/h2>\n<ul data-path-to-node=\"14\">\n<li>\n<p data-path-to-node=\"14,0,0\"><b data-path-to-node=\"14,0,0\" data-index-in-node=\"0\">S\u00f8ml\u00f8s konstruktion:<\/b> Det r\u00f8rformede strikdesign eliminerer sides\u00f8mme og forhindrer dermed gnaven og irritation ved langvarig brug.<\/p>\n<\/li>\n<li>\n<p data-path-to-node=\"14,1,0\"><b data-path-to-node=\"14,1,0\" data-index-in-node=\"0\"><span class=\"citation-32\">Sol- og hudbeskyttelse:<\/span><\/b><span class=\"citation-32 citation-end-32\"> Giver en effektiv barriere mod skadelige UV-str\u00e5ler og beskytter huden mod forbr\u00e6ndinger eller ridser p\u00e5 gr\u00e6sset.<\/span><\/p>\n<div class=\"source-inline-chip-container ng-star-inserted\"><\/div>\n<\/li>\n<li>\n<p data-path-to-node=\"14,2,0\"><b data-path-to-node=\"14,2,0\" data-index-in-node=\"0\">Elastisk pasform:<\/b> Blandingen af polyester og elastan sikrer, at \u00e6rmerne sidder sikkert p\u00e5 plads uden at begr\u00e6nse bev\u00e6gelsesfriheden.<\/p>\n<\/li>\n<li>\n<p data-path-to-node=\"14,3,0\"><b data-path-to-node=\"14,3,0\" data-index-in-node=\"0\">Levende tilpasning:<\/b> Fuld overfladetryk muligg\u00f8r perfekt reproduktion af komplekse gradienter, fotos og m\u00e6rkefarver.<\/p>\n<\/li>\n<\/ul>\n<h2 data-path-to-node=\"15\">Specifikationer<\/h2>\n<ul data-path-to-node=\"16\">\n<li>\n<p data-path-to-node=\"16,0,0\"><b data-path-to-node=\"16,0,0\" data-index-in-node=\"0\">Materiale:<\/b> 160 g\/m\u00b2 teknisk stof (95% polyester \/ 5% elastan).<\/p>\n<\/li>\n<li>\n<p data-path-to-node=\"16,1,0\"><b data-path-to-node=\"16,1,0\" data-index-in-node=\"0\">Trykteknik:<\/b> Fuldfarvet farvesublimering.<\/p>\n<\/li>\n<li>\n<p data-path-to-node=\"16,2,0\"><b data-path-to-node=\"16,2,0\" data-index-in-node=\"0\">Emballage:<\/b> S\u00e6lges som et par (1 stk. = 2 \u00e6rmer).<\/p>\n<\/li>\n<li>\n<p data-path-to-node=\"16,3,0\"><b data-path-to-node=\"16,3,0\" data-index-in-node=\"0\">Dimensioner (mellem):<\/b> 7 cm (h\u00e5ndled) x 8 cm (overarm) x 37 cm (l\u00e6ngde).<\/p>\n<\/li>\n<li>\n<p data-path-to-node=\"16,4,0\"><b data-path-to-node=\"16,4,0\" data-index-in-node=\"0\">Dimensioner (store):<\/b> 9 cm (h\u00e5ndled) x 11 cm (overarm) x 44 cm (l\u00e6ngde).<\/p>\n<\/li>\n<\/ul>\n<h2 data-path-to-node=\"17\">Brugsscenarier<\/h2>\n<ul data-path-to-node=\"18\">\n<li>\n<p data-path-to-node=\"18,0,0\"><b data-path-to-node=\"18,0,0\" data-index-in-node=\"0\">Maratonl\u00f8b og cykell\u00f8b:<\/b> N\u00f8dvendigt udstyr til deltagerne i goodiebags.<\/p>\n<\/li>\n<li>\n<p data-path-to-node=\"18,1,0\"><b data-path-to-node=\"18,1,0\" data-index-in-node=\"0\">Holduniformer:<\/b> Ensartet udseende for basketball-, volleyball- eller e-sportshold.<\/p>\n<\/li>\n<li>\n<p data-path-to-node=\"18,2,0\"><b data-path-to-node=\"18,2,0\" data-index-in-node=\"0\">Udend\u00f8rs arbejdsstyrke:<\/b> Beskyttelse af personale, der arbejder i direkte sollys (landskabspleje, eventsikkerhed).<\/p>\n<\/li>\n<li>\n<p data-path-to-node=\"18,3,0\"><b data-path-to-node=\"18,3,0\" data-index-in-node=\"0\">Salg af varer:<\/b> Vare med h\u00f8j margin til fitness- eller klubbutikker.<\/p>\n<\/li>\n<\/ul>","protected":false},"excerpt":{"rendered":"<ul>\n<li>\n<p data-path-to-node=\"10,0,0\"><b data-path-to-node=\"10,0,0\" data-index-in-node=\"0\">Problemfri komfort:<\/b> Ingen irriterende s\u00f8mme, hvilket sikrer maksimal komfort under fysisk aktivitet.<\/p>\n<\/li>\n<li>\n<p data-path-to-node=\"10,1,0\"><b data-path-to-node=\"10,1,0\" data-index-in-node=\"0\">Branding i fuld farve:<\/b> Kant-til-kant sublimeringstryk giver ubegr\u00e6nsede designmuligheder.<\/p>\n<\/li>\n<li>\n<p data-path-to-node=\"10,2,0\"><b data-path-to-node=\"10,2,0\" data-index-in-node=\"0\"><span class=\"citation-33\">UV- og ridsebeskyttelse:<\/span><\/b><span class=\"citation-33 citation-end-33\"> Beskytter armene mod soleksponering og mindre skrammer.<\/span><\/p>\n<\/li>\n<li>\n<p data-path-to-node=\"10,3,0\"><b data-path-to-node=\"10,3,0\" data-index-in-node=\"0\">S\u00e6lges som et par:<\/b> En enhed indeholder b\u00e5de en venstre og en h\u00f8jre \u00e6rme.<\/p>\n<\/li>\n<\/ul>","protected":false},"featured_media":6160,"comment_status":"closed","ping_status":"closed","template":"","meta":[],"product_brand":[],"product_cat":[118],"product_tag":[],"class_list":{"0":"post-6159","1":"product","2":"type-product","3":"status-publish","4":"has-post-thumbnail","6":"product_cat-sports-fitness","8":"first","9":"instock","10":"shipping-taxable","11":"purchasable","12":"product-type-simple"},"_links":{"self":[{"href":"https:\/\/displayproducts.eu\/da\/wp-json\/wp\/v2\/product\/6159","targetHints":{"allow":["GET"]}}],"collection":[{"href":"https:\/\/displayproducts.eu\/da\/wp-json\/wp\/v2\/product"}],"about":[{"href":"https:\/\/displayproducts.eu\/da\/wp-json\/wp\/v2\/types\/product"}],"replies":[{"embeddable":true,"href":"https:\/\/displayproducts.eu\/da\/wp-json\/wp\/v2\/comments?post=6159"}],"wp:featuredmedia":[{"embeddable":true,"href":"https:\/\/displayproducts.eu\/da\/wp-json\/wp\/v2\/media\/6160"}],"wp:attachment":[{"href":"https:\/\/displayproducts.eu\/da\/wp-json\/wp\/v2\/media?parent=6159"}],"wp:term":[{"taxonomy":"product_brand","embeddable":true,"href":"https:\/\/displayproducts.eu\/da\/wp-json\/wp\/v2\/product_brand?post=6159"},{"taxonomy":"product_cat","embeddable":true,"href":"https:\/\/displayproducts.eu\/da\/wp-json\/wp\/v2\/product_cat?post=6159"},{"taxonomy":"product_tag","embeddable":true,"href":"https:\/\/displayproducts.eu\/da\/wp-json\/wp\/v2\/product_tag?post=6159"}],"curies":[{"name":"wp","href":"https:\/\/api.w.org\/{rel}","templated":true}]}}