{"id":6155,"date":"2025-12-19T16:20:46","date_gmt":"2025-12-19T13:20:46","guid":{"rendered":"https:\/\/wristbandfactory.eu\/?post_type=product&#038;p=6155"},"modified":"2026-04-01T21:52:03","modified_gmt":"2026-04-01T18:52:03","slug":"custom-beach-slippers-with-logo-sand-imprint-sole","status":"publish","type":"product","link":"https:\/\/displayproducts.eu\/da\/p\/custom-beach-slippers-with-logo-sand-imprint-sole\/","title":{"rendered":"Strandt\u00f8fler med logo og sand-aftryk"},"content":{"rendered":"<p data-path-to-node=\"12\">L\u00f8ft dine sommermarkedsf\u00f8ringskampagner eller hotelfaciliteter med vores fuldt med eget tryk strandt\u00f8fler. Disse klipklappere er designet til maksimal synlighed af dit brand og tilbyder en unik, vandrende billboard-effekt. Uanset om det er til et firmaarrangement, en spa-gave eller en sommerfestival-giveaway, tilbyder vi komplet farvematchning, der er i n\u00f8je overensstemmelse med din brandidentitet.<\/p>\n<p data-path-to-node=\"13\">I mods\u00e6tning til uden trykt reklamefodt\u00f8j tilbyder vores hjemmesko innovative brandingteknikker p\u00e5 unders\u00e5lerne, der forvandler hvert skridt til et tydeligt indtryk.<\/p>\n<h2 data-path-to-node=\"14\">N\u00f8glefunktioner<\/h2>\n<ul data-path-to-node=\"15\">\n<li>\n<p data-path-to-node=\"15,0,0\"><b data-path-to-node=\"15,0,0\" data-index-in-node=\"0\">Pantone farvematchning:<\/b> Vi kan matche s\u00e5l- og remfarverne til dine specifikke PMS-koder uden yderligere ops\u00e6tningsgebyrer.<\/p>\n<\/li>\n<li>\n<p data-path-to-node=\"15,1,0\"><b data-path-to-node=\"15,1,0\" data-index-in-node=\"0\">Udstanset &quot;sandtryk&quot;:<\/b> S\u00e5len er udsk\u00e5ret ca. 5 mm dybt. N\u00e5r man g\u00e5r p\u00e5 bl\u00f8dt sand, efterlader hjemmeskoen et tydeligt aftryk af dit logo eller budskab.<\/p>\n<\/li>\n<li>\n<p data-path-to-node=\"15,2,0\"><b data-path-to-node=\"15,2,0\" data-index-in-node=\"0\">Pr\u00e6gning af bunds\u00e5l:<\/b> For finere detaljer kan vi stemple dit logo ca. 2 mm ind i unders\u00e5len (godt til indviklede designs).<\/p>\n<\/li>\n<li>\n<p data-path-to-node=\"15,3,0\"><b data-path-to-node=\"15,3,0\" data-index-in-node=\"0\">Fuld overflade branding:<\/b> Traditionelt serigrafi er tilg\u00e6ngeligt p\u00e5 b\u00e5de h\u00e6len p\u00e5 s\u00e5len og remmene for at sikre placering af logoet med h\u00f8j synlighed.<\/p>\n<\/li>\n<\/ul>\n<h2 data-path-to-node=\"16\">Specifikationer<\/h2>\n<ul data-path-to-node=\"17\">\n<li>\n<p data-path-to-node=\"17,0,0\"><b data-path-to-node=\"17,0,0\" data-index-in-node=\"0\">Materiale:<\/b> Holdbar og komfortabel PE\/PVC-gummiblanding (specialfremstillede materialer f\u00e5s p\u00e5 foresp\u00f8rgsel).<\/p>\n<\/li>\n<li>\n<p data-path-to-node=\"17,1,0\"><b data-path-to-node=\"17,1,0\" data-index-in-node=\"0\">S\u00e5ltykkelse:<\/b> Standardtykkelse optimeret for komfort og effektiv udstansning.<\/p>\n<\/li>\n<li>\n<p data-path-to-node=\"17,2,0\"><b data-path-to-node=\"17,2,0\" data-index-in-node=\"0\">St\u00f8rrelser:<\/b> F\u00e5s i en r\u00e6kke standard EU-st\u00f8rrelser (unisex, herre, dame, b\u00f8rn).<\/p>\n<\/li>\n<li>\n<p data-path-to-node=\"17,3,0\"><b data-path-to-node=\"17,3,0\" data-index-in-node=\"0\">Tilpasningsmetoder:<\/b> Serigrafi, pr\u00e6gning (bund), udstansning (bund).<\/p>\n<\/li>\n<li>\n<p data-path-to-node=\"17,4,0\"><b data-path-to-node=\"17,4,0\" data-index-in-node=\"0\">Minimumsbestilling:<\/b> Bekr\u00e6ft venligst den nuv\u00e6rende MOQ med vores salgsteam.<\/p>\n<\/li>\n<\/ul>\n<h2 data-path-to-node=\"18\">Brugsscenarier<\/h2>\n<ul data-path-to-node=\"19\">\n<li>\n<p data-path-to-node=\"19,0,0\"><b data-path-to-node=\"19,0,0\" data-index-in-node=\"0\">Sommerfestivaler og -begivenheder:<\/b> V\u00e6rdifulde varer, som deltagerne vil bruge hele s\u00e6sonen.<\/p>\n<\/li>\n<li>\n<p data-path-to-node=\"19,1,0\"><b data-path-to-node=\"19,1,0\" data-index-in-node=\"0\">Hoteller og spaer:<\/b> F\u00f8rsteklasses g\u00e6stefaciliteter til pools og wellnesscentre.<\/p>\n<\/li>\n<li>\n<p data-path-to-node=\"19,2,0\"><b data-path-to-node=\"19,2,0\" data-index-in-node=\"0\">Firmagaver:<\/b> Perfekt til teambuilding-retreats eller &quot;sommerstarter&quot;-pakker.<\/p>\n<\/li>\n<li>\n<p data-path-to-node=\"19,3,0\"><b data-path-to-node=\"19,3,0\" data-index-in-node=\"0\">Rejsebureauer:<\/b> Fantastisk reklamegave til strandferiepakker.<\/p>\n<\/li>\n<\/ul>","protected":false},"excerpt":{"rendered":"<ul>\n<li>\n<p data-path-to-node=\"11,0,0\"><b data-path-to-node=\"11,0,0\" data-index-in-node=\"0\">Pantone-matchet:<\/b> Med eget tryk farver til b\u00e5de s\u00e5l og rem uden ekstra omkostninger.<\/p>\n<\/li>\n<li>\n<p data-path-to-node=\"11,1,0\"><b data-path-to-node=\"11,1,0\" data-index-in-node=\"0\">Flere branding-spots:<\/b> Tryk p\u00e5 remmen, overs\u00e5len eller unders\u00e5len.<\/p>\n<\/li>\n<li>\n<p data-path-to-node=\"11,2,0\"><b data-path-to-node=\"11,2,0\" data-index-in-node=\"0\">Sandaftrykseffekt:<\/b> Valgfri udsk\u00e5ret s\u00e5l efterlader dit logo-aftryk i sandet.<\/p>\n<\/li>\n<li>\n<p data-path-to-node=\"11,3,0\"><b data-path-to-node=\"11,3,0\" data-index-in-node=\"0\">Premium-tilpasning:<\/b> V\u00e6lg mellem detaljeret pr\u00e6gning eller slagfaste, udsk\u00e5rne s\u00e5ler.<\/p>\n<\/li>\n<\/ul>","protected":false},"featured_media":6158,"comment_status":"closed","ping_status":"closed","template":"","meta":[],"product_brand":[],"product_cat":[129],"product_tag":[],"class_list":{"0":"post-6155","1":"product","2":"type-product","3":"status-publish","4":"has-post-thumbnail","6":"product_cat-leisure-lifestyle","8":"first","9":"instock","10":"shipping-taxable","11":"purchasable","12":"product-type-simple"},"_links":{"self":[{"href":"https:\/\/displayproducts.eu\/da\/wp-json\/wp\/v2\/product\/6155","targetHints":{"allow":["GET"]}}],"collection":[{"href":"https:\/\/displayproducts.eu\/da\/wp-json\/wp\/v2\/product"}],"about":[{"href":"https:\/\/displayproducts.eu\/da\/wp-json\/wp\/v2\/types\/product"}],"replies":[{"embeddable":true,"href":"https:\/\/displayproducts.eu\/da\/wp-json\/wp\/v2\/comments?post=6155"}],"wp:featuredmedia":[{"embeddable":true,"href":"https:\/\/displayproducts.eu\/da\/wp-json\/wp\/v2\/media\/6158"}],"wp:attachment":[{"href":"https:\/\/displayproducts.eu\/da\/wp-json\/wp\/v2\/media?parent=6155"}],"wp:term":[{"taxonomy":"product_brand","embeddable":true,"href":"https:\/\/displayproducts.eu\/da\/wp-json\/wp\/v2\/product_brand?post=6155"},{"taxonomy":"product_cat","embeddable":true,"href":"https:\/\/displayproducts.eu\/da\/wp-json\/wp\/v2\/product_cat?post=6155"},{"taxonomy":"product_tag","embeddable":true,"href":"https:\/\/displayproducts.eu\/da\/wp-json\/wp\/v2\/product_tag?post=6155"}],"curies":[{"name":"wp","href":"https:\/\/api.w.org\/{rel}","templated":true}]}}