{"id":6150,"date":"2025-12-19T16:10:08","date_gmt":"2025-12-19T13:10:08","guid":{"rendered":"https:\/\/wristbandfactory.eu\/?post_type=product&#038;p=6150"},"modified":"2026-04-01T21:52:34","modified_gmt":"2026-04-01T18:52:34","slug":"custom-printed-hand-fans-bamboo-wood-plastic","status":"publish","type":"product","link":"https:\/\/displayproducts.eu\/da\/p\/custom-printed-hand-fans-bamboo-wood-plastic\/","title":{"rendered":"Vifter med logo tryk (Bambus, Tr\u00e6 og Plast)"},"content":{"rendered":"<p data-path-to-node=\"10\">Bek\u00e6mpe varmen og vis dit brand frem med vores alsidige udvalg af <b data-path-to-node=\"10\" data-index-in-node=\"90\">Med eget tryk trykte h\u00e5ndvifter<\/b>. En &quot;k\u00f8lig brise&quot; er den bedste gave, du kan give din m\u00e5lgruppe under sommerfestivaler, udend\u00f8rskonferencer eller bryllupper. I mods\u00e6tning til en flyer, der bliver smidt v\u00e6k, er en h\u00e5ndvifte et funktionelt tilbeh\u00f8r, som deltagerne vil holde fast i og bruge gentagne gange, s\u00e5 dit logo forbliver i \u00f8jenh\u00f8jde.<\/p>\n<p data-path-to-node=\"11\">Vi tilbyder fire forskellige stilarter, der matcher dit brands \u00e6stetik \u2013 fra milj\u00f8venlig bambus og tr\u00e6 for et f\u00f8rsteklasses naturligt look til farverige plastikmuligheder til store kampagner.<\/p>\n<h3 data-path-to-node=\"12\">Tilg\u00e6ngelige modeller<\/h3>\n<p><strong>1. Klassikeren (Plastik og Stof)<\/strong><\/p>\n<p>Holdbar og farverig.<\/p>\n<ul data-path-to-node=\"14\">\n<li>\n<p data-path-to-node=\"14,0,0\"><b data-path-to-node=\"14,0,0\" data-index-in-node=\"0\">Ribben:<\/b> Plastik (12 ribber + 2 endestykker). Endestykker f\u00e5s i flere farver og kan printes.<\/p>\n<\/li>\n<li>\n<p data-path-to-node=\"14,1,0\"><b data-path-to-node=\"14,1,0\" data-index-in-node=\"0\">Ark:<\/b> Hvidt 210T polyesterstof.<\/p>\n<\/li>\n<li>\n<p data-path-to-node=\"14,2,0\"><b data-path-to-node=\"14,2,0\" data-index-in-node=\"0\">Trykke:<\/b> Fuld farve p\u00e5 den ene side.<\/p>\n<\/li>\n<\/ul>\n<p><strong>2. Den naturlige premium (tr\u00e6 og stof)<\/strong><\/p>\n<p>Elegant og robust.<\/p>\n<ul data-path-to-node=\"16\">\n<li>\n<p data-path-to-node=\"16,0,0\"><b data-path-to-node=\"16,0,0\" data-index-in-node=\"0\">Ribben:<\/b> Naturtr\u00e6 (14 ribber + 2 endestykker). Endestykkerne kan trykkes med dit logo.<\/p>\n<\/li>\n<li>\n<p data-path-to-node=\"16,1,0\"><b data-path-to-node=\"16,1,0\" data-index-in-node=\"0\">Ark:<\/b> Hvidt 210T polyesterstof.<\/p>\n<\/li>\n<li>\n<p data-path-to-node=\"16,2,0\"><b data-path-to-node=\"16,2,0\" data-index-in-node=\"0\">Trykke:<\/b> Fuld farve p\u00e5 den ene side.<\/p>\n<\/li>\n<\/ul>\n<p><strong>3. Den \u00d8ko Traditionelle (Bambus &amp; Papir)<\/strong><\/p>\n<p>Letv\u00e6gts med en klassisk papirfornemmelse.<\/p>\n<ul data-path-to-node=\"18\">\n<li>\n<p data-path-to-node=\"18,0,0\"><b data-path-to-node=\"18,0,0\" data-index-in-node=\"0\">Ribben:<\/b> Bambus (18 ribber + 2 endestykker). Endestykkerne kan printes.<\/p>\n<\/li>\n<li>\n<p data-path-to-node=\"18,1,0\"><b data-path-to-node=\"18,1,0\" data-index-in-node=\"0\">Ark:<\/b> Hvidt 80gsm papir.<\/p>\n<\/li>\n<li>\n<p data-path-to-node=\"18,2,0\"><b data-path-to-node=\"18,2,0\" data-index-in-node=\"0\">Trykke:<\/b> Fuld farve p\u00e5 en eller to sider.<\/p>\n<\/li>\n<\/ul>\n<p><strong>4. Kampagnebudgettet (plastik og papir)<\/strong><\/p>\n<p>Omkostningseffektiv for store folkem\u00e6ngder.<\/p>\n<ul data-path-to-node=\"20\">\n<li>\n<p data-path-to-node=\"20,0,0\"><b data-path-to-node=\"20,0,0\" data-index-in-node=\"0\">Ribben:<\/b> Hvid plastik. (Endstykker kan ikke trykkes; brugerdefineret farvematchning er tilg\u00e6ngelig ved h\u00f8je MOQ&#039;er).<\/p>\n<\/li>\n<li>\n<p data-path-to-node=\"20,1,0\"><b data-path-to-node=\"20,1,0\" data-index-in-node=\"0\">Ark:<\/b> Hvidt 80gsm papir.<\/p>\n<\/li>\n<li>\n<p data-path-to-node=\"20,2,0\"><b data-path-to-node=\"20,2,0\" data-index-in-node=\"0\">Trykke:<\/b> Fuld farve p\u00e5 den ene side.<\/p>\n<\/li>\n<\/ul>\n<h2 data-path-to-node=\"21\">N\u00f8glefunktioner<\/h2>\n<ul data-path-to-node=\"22\">\n<li>\n<p data-path-to-node=\"22,0,0\"><b data-path-to-node=\"22,0,0\" data-index-in-node=\"0\">Stor brandingoverflade:<\/b> Viftearket giver et bredt, buet l\u00e6rred til dit kunstv\u00e6rk, slogan eller kampagnegrafik.<\/p>\n<\/li>\n<li>\n<p data-path-to-node=\"22,1,0\"><b data-path-to-node=\"22,1,0\" data-index-in-node=\"0\">Tilpassede ribben:<\/b> Afh\u00e6ngigt af modellen kan du tilf\u00f8je ekstra logoer til de stive endestykker (ribber) for at opn\u00e5 diskrete, detaljerede brandingeffekter.<\/p>\n<\/li>\n<li>\n<p data-path-to-node=\"22,2,0\"><b data-path-to-node=\"22,2,0\" data-index-in-node=\"0\">Kompakt og b\u00e6rbar:<\/b> Foldes hurtigt sammen, s\u00e5 den passer i tasker eller lommer.<\/p>\n<\/li>\n<\/ul>\n<h2 data-path-to-node=\"23\">Specifikationer<\/h2>\n<table data-path-to-node=\"24\">\n<thead>\n<tr>\n<td><strong>Funktion<\/strong><\/td>\n<td><strong>Plastik + Stof<\/strong><\/td>\n<td><strong>Tr\u00e6 + Stof<\/strong><\/td>\n<td><strong>Bambus + Papir<\/strong><\/td>\n<td><strong>Plastik + Papir<\/strong><\/td>\n<\/tr>\n<\/thead>\n<tbody>\n<tr>\n<td><span data-path-to-node=\"24,1,0,0\"><b data-path-to-node=\"24,1,0,0\" data-index-in-node=\"0\">Ribbemateriale<\/b><\/span><\/td>\n<td><span data-path-to-node=\"24,1,1,0\">Plast<\/span><\/td>\n<td><span data-path-to-node=\"24,1,2,0\">Tr\u00e6<\/span><\/td>\n<td><span data-path-to-node=\"24,1,3,0\">Bambus<\/span><\/td>\n<td><span data-path-to-node=\"24,1,4,0\">Plastik (hvid)<\/span><\/td>\n<\/tr>\n<tr>\n<td><span data-path-to-node=\"24,2,0,0\"><b data-path-to-node=\"24,2,0,0\" data-index-in-node=\"0\">Arkmateriale<\/b><\/span><\/td>\n<td><span data-path-to-node=\"24,2,1,0\">210T polyester<\/span><\/td>\n<td><span data-path-to-node=\"24,2,2,0\">210T polyester<\/span><\/td>\n<td><span data-path-to-node=\"24,2,3,0\">80 gsm papir<\/span><\/td>\n<td><span data-path-to-node=\"24,2,4,0\">80 gsm papir<\/span><\/td>\n<\/tr>\n<tr>\n<td><span data-path-to-node=\"24,3,0,0\"><b data-path-to-node=\"24,3,0,0\" data-index-in-node=\"0\">Ribbenantal<\/b><\/span><\/td>\n<td><span data-path-to-node=\"24,3,1,0\">12 + 2 endestykker<\/span><\/td>\n<td><span data-path-to-node=\"24,3,2,0\">14 + 2 endestykker<\/span><\/td>\n<td><span data-path-to-node=\"24,3,3,0\">18 + 2 endestykker<\/span><\/td>\n<td><span data-path-to-node=\"24,3,4,0\">Standard<\/span><\/td>\n<\/tr>\n<tr>\n<td><span data-path-to-node=\"24,4,0,0\"><b data-path-to-node=\"24,4,0,0\" data-index-in-node=\"0\">Dimensioner (\u00c5ben)<\/b><\/span><\/td>\n<td><span data-path-to-node=\"24,4,1,0\">23 x 42 cm<\/span><\/td>\n<td><span data-path-to-node=\"24,4,2,0\">23 x 42 cm<\/span><\/td>\n<td><span data-path-to-node=\"24,4,3,0\">21 x 38 cm<\/span><\/td>\n<td><span data-path-to-node=\"24,4,4,0\">23 x 42 cm<\/span><\/td>\n<\/tr>\n<tr>\n<td><span data-path-to-node=\"24,5,0,0\"><b data-path-to-node=\"24,5,0,0\" data-index-in-node=\"0\">Udskriftsomr\u00e5de<\/b><\/span><\/td>\n<td><span data-path-to-node=\"24,5,1,0\">1 side<\/span><\/td>\n<td><span data-path-to-node=\"24,5,2,0\">1 side<\/span><\/td>\n<td><span data-path-to-node=\"24,5,3,0\">1 eller 2 sider<\/span><\/td>\n<td><span data-path-to-node=\"24,5,4,0\">1 side<\/span><\/td>\n<\/tr>\n<tr>\n<td><span data-path-to-node=\"24,6,0,0\"><b data-path-to-node=\"24,6,0,0\" data-index-in-node=\"0\">Endestykketryk<\/b><\/span><\/td>\n<td><span data-path-to-node=\"24,6,1,0\">Ja<\/span><\/td>\n<td><span data-path-to-node=\"24,6,2,0\">Ja<\/span><\/td>\n<td><span data-path-to-node=\"24,6,3,0\">Ja<\/span><\/td>\n<td><span data-path-to-node=\"24,6,4,0\">Ingen<\/span><\/td>\n<\/tr>\n<\/tbody>\n<\/table>\n<h2 data-path-to-node=\"25\">Brugsscenarier<\/h2>\n<ul data-path-to-node=\"26\">\n<li>\n<p data-path-to-node=\"26,0,0\"><b data-path-to-node=\"26,0,0\" data-index-in-node=\"0\">Sommerbryllupper:<\/b> En smuk gaver til g\u00e6ster under udend\u00f8rs ceremonier.<\/p>\n<\/li>\n<li>\n<p data-path-to-node=\"26,1,0\"><b data-path-to-node=\"26,1,0\" data-index-in-node=\"0\">Musikfestivaler:<\/b> Essentielt overlevelsesudstyr til dansende folkem\u00e6ngder i varmen.<\/p>\n<\/li>\n<li>\n<p data-path-to-node=\"26,2,0\"><b data-path-to-node=\"26,2,0\" data-index-in-node=\"0\">Politiske kampagner:<\/b> Synlige genstande, som tilh\u00e6ngere vifter med i luften.<\/p>\n<\/li>\n<li>\n<p data-path-to-node=\"26,3,0\"><b data-path-to-node=\"26,3,0\" data-index-in-node=\"0\">Turisme og feriesteder:<\/b> Fantastiske velkomstgaver til hoteller i varme klimaer.<\/p>\n<\/li>\n<\/ul>","protected":false},"excerpt":{"rendered":"<ul>\n<li>\n<p data-path-to-node=\"9,0,0\"><b data-path-to-node=\"9,0,0\" data-index-in-node=\"0\">4 materialekombinationer:<\/b> V\u00e6lg mellem plastik\/stof, tr\u00e6\/stof, bambus\/papir eller plastik\/papir.<\/p>\n<\/li>\n<li>\n<p data-path-to-node=\"9,1,0\"><b data-path-to-node=\"9,1,0\" data-index-in-node=\"0\">Fuld branding:<\/b> H\u00f8jkvalitets fuldfarvetryk p\u00e5 viftearket (papir eller polyester).<\/p>\n<\/li>\n<li>\n<p data-path-to-node=\"9,2,0\"><b data-path-to-node=\"9,2,0\" data-index-in-node=\"0\">Ribbenmuligheder:<\/b> Robuste ribber fra 12 til 18 count afh\u00e6ngigt af modellen.<\/p>\n<\/li>\n<li>\n<p data-path-to-node=\"9,3,0\"><b data-path-to-node=\"9,3,0\" data-index-in-node=\"0\">Sommerens essentielle:<\/b> Den perfekte gave til udend\u00f8rs bryllupper, festivaler og sportsbegivenheder.<\/p>\n<\/li>\n<\/ul>","protected":false},"featured_media":6311,"comment_status":"closed","ping_status":"closed","template":"","meta":[],"product_brand":[],"product_cat":[45],"product_tag":[],"class_list":{"0":"post-6150","1":"product","2":"type-product","3":"status-publish","4":"has-post-thumbnail","6":"product_cat-other","8":"first","9":"instock","10":"shipping-taxable","11":"purchasable","12":"product-type-simple"},"_links":{"self":[{"href":"https:\/\/displayproducts.eu\/da\/wp-json\/wp\/v2\/product\/6150","targetHints":{"allow":["GET"]}}],"collection":[{"href":"https:\/\/displayproducts.eu\/da\/wp-json\/wp\/v2\/product"}],"about":[{"href":"https:\/\/displayproducts.eu\/da\/wp-json\/wp\/v2\/types\/product"}],"replies":[{"embeddable":true,"href":"https:\/\/displayproducts.eu\/da\/wp-json\/wp\/v2\/comments?post=6150"}],"wp:featuredmedia":[{"embeddable":true,"href":"https:\/\/displayproducts.eu\/da\/wp-json\/wp\/v2\/media\/6311"}],"wp:attachment":[{"href":"https:\/\/displayproducts.eu\/da\/wp-json\/wp\/v2\/media?parent=6150"}],"wp:term":[{"taxonomy":"product_brand","embeddable":true,"href":"https:\/\/displayproducts.eu\/da\/wp-json\/wp\/v2\/product_brand?post=6150"},{"taxonomy":"product_cat","embeddable":true,"href":"https:\/\/displayproducts.eu\/da\/wp-json\/wp\/v2\/product_cat?post=6150"},{"taxonomy":"product_tag","embeddable":true,"href":"https:\/\/displayproducts.eu\/da\/wp-json\/wp\/v2\/product_tag?post=6150"}],"curies":[{"name":"wp","href":"https:\/\/api.w.org\/{rel}","templated":true}]}}