{"id":6144,"date":"2025-12-19T16:02:37","date_gmt":"2025-12-19T13:02:37","guid":{"rendered":"https:\/\/wristbandfactory.eu\/?post_type=product&#038;p=6144"},"modified":"2026-04-01T21:52:34","modified_gmt":"2026-04-01T18:52:34","slug":"custom-printed-picnic-blankets-fleece-waterproof-models","status":"publish","type":"product","link":"https:\/\/displayproducts.eu\/da\/p\/custom-printed-picnic-blankets-fleece-waterproof-models\/","title":{"rendered":"Picnic t\u00e6pper med logo tryk"},"content":{"rendered":"<p data-path-to-node=\"10\">Forvandl enhver udend\u00f8rs sammenkomst til en brandingmulighed med vores <b data-path-to-node=\"10\" data-index-in-node=\"89\">Picnict\u00e6pper med med eget tryk tryk<\/b>. Uanset om du har brug for en hyggelig gave til en sommerkoncert eller en eksklusiv firmagave til medarbejdere, tilbyder vi to forskellige materialekonstruktioner, der matcher dit budget og dine funktionelle behov.<\/p>\n<p data-path-to-node=\"11\">Begge modeller har digitaltryk fra kant til kant, hvilket giver mulighed for levende fotos, indviklede m\u00f8nstre eller dristige logoer p\u00e5 tv\u00e6rs af hele overfladen.<\/p>\n<h3 data-path-to-node=\"12\">V\u00e6lg din model<\/h3>\n<p>1. Det bl\u00f8de fleece-t\u00e6ppe (standard)<\/p>\n<p>Et klassisk valg for varme og komfort.<\/p>\n<ul data-path-to-node=\"14\">\n<li>\n<p data-path-to-node=\"14,0,0\"><b data-path-to-node=\"14,0,0\" data-index-in-node=\"0\">Top:<\/b> Bl\u00f8d 100% polyesterfleece (220 gsm) for en hyggelig fornemmelse.<\/p>\n<\/li>\n<li>\n<p data-path-to-node=\"14,1,0\"><b data-path-to-node=\"14,1,0\" data-index-in-node=\"0\">Bund:<\/b> Sort 80gr non-woven stofbagside.<\/p>\n<\/li>\n<li>\n<p data-path-to-node=\"14,2,0\"><b data-path-to-node=\"14,2,0\" data-index-in-node=\"0\">Emballage:<\/b> Individuelt pakket i polyposer (brugerdefineret papiromslag tilg\u00e6ngelig p\u00e5 foresp\u00f8rgsel).<\/p>\n<\/li>\n<\/ul>\n<p>2. Det vandt\u00e6tte premium-t\u00e6ppe (polstret)<\/p>\n<p>Designet til holdbarhed og fugtige jordforhold.<\/p>\n<ul data-path-to-node=\"16\">\n<li>\n<p data-path-to-node=\"16,0,0\"><b data-path-to-node=\"16,0,0\" data-index-in-node=\"0\">Konstruktion:<\/b> 3-lags sandwichdesign \u2013 300D polyester top, 2 mm skumkerne for siddekomfort og 210D polyester bund.<\/p>\n<\/li>\n<li>\n<p data-path-to-node=\"16,1,0\"><b data-path-to-node=\"16,1,0\" data-index-in-node=\"0\">Vandt\u00e6t:<\/b> Har PU-bagside for at holde fugt ude.<\/p>\n<\/li>\n<li>\n<p data-path-to-node=\"16,2,0\"><b data-path-to-node=\"16,2,0\" data-index-in-node=\"0\">B\u00e6rbarhed:<\/b> Inkluderer et indsyet PP-h\u00e5ndtag (ca. 2,5x50 cm) med velcrolukning for nem rulning og b\u00e6ring.<\/p>\n<\/li>\n<\/ul>\n<h2 data-path-to-node=\"17\">N\u00f8glefunktioner<\/h2>\n<ul data-path-to-node=\"18\">\n<li>\n<p data-path-to-node=\"18,0,0\"><b data-path-to-node=\"18,0,0\" data-index-in-node=\"0\">Levende digitaltryk:<\/b> Vi trykker dit design digitalt. <i data-path-to-node=\"18,0,0\" data-index-in-node=\"55\">Bem\u00e6rk: P\u00e5 grund af stoffets tekstur kan de endelige trykfarver variere op til 15% i nuance sammenlignet med det originale kunstv\u00e6rk.<\/i><\/p>\n<\/li>\n<li>\n<p data-path-to-node=\"18,1,0\"><b data-path-to-node=\"18,1,0\" data-index-in-node=\"0\">Praktisk branding:<\/b> En massiv overflade sikrer, at dit brand er synligt p\u00e5 afstand p\u00e5 strande, i parker og ved festivaler.<\/p>\n<\/li>\n<li>\n<p data-path-to-node=\"18,2,0\"><b data-path-to-node=\"18,2,0\" data-index-in-node=\"0\">Produktionstolerance:<\/b> I henhold til branchestandarder forbeholder vi os retten til at levere og fakturere +\/- 10% af den bestilte m\u00e6ngde.<\/p>\n<\/li>\n<\/ul>\n<h2 data-path-to-node=\"19\">Specifikationer<\/h2>\n<table data-path-to-node=\"20\">\n<thead>\n<tr>\n<td><strong>Funktion<\/strong><\/td>\n<td><strong>Fleece-model<\/strong><\/td>\n<td><strong>Vandt\u00e6t polstret model<\/strong><\/td>\n<\/tr>\n<\/thead>\n<tbody>\n<tr>\n<td><span data-path-to-node=\"20,1,0,0\"><b data-path-to-node=\"20,1,0,0\" data-index-in-node=\"0\">Topmateriale<\/b><\/span><\/td>\n<td><span data-path-to-node=\"20,1,1,0\">220 gsm polyesterfleece<\/span><\/td>\n<td><span data-path-to-node=\"20,1,2,0\">300D polyester<\/span><\/td>\n<\/tr>\n<tr>\n<td><span data-path-to-node=\"20,2,0,0\"><b data-path-to-node=\"20,2,0,0\" data-index-in-node=\"0\">Bagside<\/b><\/span><\/td>\n<td><span data-path-to-node=\"20,2,1,0\">Sort 80gr non-woven<\/span><\/td>\n<td><span data-path-to-node=\"20,2,2,0\">Vandt\u00e6t PU + 210D Polyester<\/span><\/td>\n<\/tr>\n<tr>\n<td><span data-path-to-node=\"20,3,0,0\"><b data-path-to-node=\"20,3,0,0\" data-index-in-node=\"0\">Polstring<\/b><\/span><\/td>\n<td><span data-path-to-node=\"20,3,1,0\">Ingen<\/span><\/td>\n<td><span data-path-to-node=\"20,3,2,0\">2 mm skum<\/span><\/td>\n<\/tr>\n<tr>\n<td><span data-path-to-node=\"20,4,0,0\"><b data-path-to-node=\"20,4,0,0\" data-index-in-node=\"0\">Dimensioner<\/b><\/span><\/td>\n<td><span data-path-to-node=\"20,4,1,0\">120x150cm ELLER 130x170cm<\/span><\/td>\n<td><span data-path-to-node=\"20,4,2,0\">120x150 cm<\/span><\/td>\n<\/tr>\n<tr>\n<td><span data-path-to-node=\"20,5,0,0\"><b data-path-to-node=\"20,5,0,0\" data-index-in-node=\"0\">B\u00e6resystem<\/b><\/span><\/td>\n<td><span data-path-to-node=\"20,5,1,0\">Polypose (muffe valgfri)<\/span><\/td>\n<td><span data-path-to-node=\"20,5,2,0\">Integreret PP-v\u00e6vningsh\u00e5ndtag<\/span><\/td>\n<\/tr>\n<tr>\n<td><span data-path-to-node=\"20,6,0,0\"><b data-path-to-node=\"20,6,0,0\" data-index-in-node=\"0\">Trykteknik<\/b><\/span><\/td>\n<td><span data-path-to-node=\"20,6,1,0\">Fuld farve digital<\/span><\/td>\n<td><span data-path-to-node=\"20,6,2,0\">Fuld farve digital<\/span><\/td>\n<\/tr>\n<\/tbody>\n<\/table>\n<p>&nbsp;<\/p>\n<h2 data-path-to-node=\"21\">Brugsscenarier<\/h2>\n<ul data-path-to-node=\"22\">\n<li>\n<p data-path-to-node=\"22,0,0\"><b data-path-to-node=\"22,0,0\" data-index-in-node=\"0\">Sommerfestivaler:<\/b> M\u00e6rkede siddeomr\u00e5der til musikarrangementer.<\/p>\n<\/li>\n<li>\n<p data-path-to-node=\"22,1,0\"><b data-path-to-node=\"22,1,0\" data-index-in-node=\"0\">Firmapicnics:<\/b> En praktisk gave, som medarbejderne vil bruge gentagne gange.<\/p>\n<\/li>\n<li>\n<p data-path-to-node=\"22,2,0\"><b data-path-to-node=\"22,2,0\" data-index-in-node=\"0\">Merchandisebutikker:<\/b> En v\u00e6rdifuld vare til bands eller sportshold.<\/p>\n<\/li>\n<li>\n<p data-path-to-node=\"22,3,0\"><b data-path-to-node=\"22,3,0\" data-index-in-node=\"0\">Udend\u00f8rs kampagner:<\/b> Ideel til drikkevare- eller livsstilsm\u00e6rker.<\/p>\n<\/li>\n<\/ul>","protected":false},"excerpt":{"rendered":"<ul>\n<li>\n<p data-path-to-node=\"9,0,0\"><b data-path-to-node=\"9,0,0\" data-index-in-node=\"0\">To variationer:<\/b> V\u00e6lg mellem bl\u00f8d fleece (letv\u00e6gts) eller premium vandt\u00e6t (polstret med h\u00e5ndtag).<\/p>\n<\/li>\n<li>\n<p data-path-to-node=\"9,1,0\"><b data-path-to-node=\"9,1,0\" data-index-in-node=\"0\">Fuld tilpasning:<\/b> Digitaltryk i h\u00f8j opl\u00f8sning d\u00e6kker hele overfladen.<\/p>\n<\/li>\n<li>\n<p data-path-to-node=\"9,2,0\"><b data-path-to-node=\"9,2,0\" data-index-in-node=\"0\">Alsidige st\u00f8rrelser:<\/b> Standard 120x150cm eller st\u00f8rre 130x170cm (kun fleece).<\/p>\n<\/li>\n<li>\n<p data-path-to-node=\"9,3,0\"><b data-path-to-node=\"9,3,0\" data-index-in-node=\"0\">Klar til begivenhed:<\/b> Perfekt til udend\u00f8rsfestivaler, firmapicnics og sommerkampagner.<\/p>\n<\/li>\n<\/ul>","protected":false},"featured_media":6315,"comment_status":"closed","ping_status":"closed","template":"","meta":[],"product_brand":[],"product_cat":[68,121],"product_tag":[],"class_list":{"0":"post-6144","1":"product","2":"type-product","3":"status-publish","4":"has-post-thumbnail","6":"product_cat-event-supplies","7":"product_cat-promotional-merchandise","9":"first","10":"instock","11":"shipping-taxable","12":"purchasable","13":"product-type-simple"},"_links":{"self":[{"href":"https:\/\/displayproducts.eu\/da\/wp-json\/wp\/v2\/product\/6144","targetHints":{"allow":["GET"]}}],"collection":[{"href":"https:\/\/displayproducts.eu\/da\/wp-json\/wp\/v2\/product"}],"about":[{"href":"https:\/\/displayproducts.eu\/da\/wp-json\/wp\/v2\/types\/product"}],"replies":[{"embeddable":true,"href":"https:\/\/displayproducts.eu\/da\/wp-json\/wp\/v2\/comments?post=6144"}],"wp:featuredmedia":[{"embeddable":true,"href":"https:\/\/displayproducts.eu\/da\/wp-json\/wp\/v2\/media\/6315"}],"wp:attachment":[{"href":"https:\/\/displayproducts.eu\/da\/wp-json\/wp\/v2\/media?parent=6144"}],"wp:term":[{"taxonomy":"product_brand","embeddable":true,"href":"https:\/\/displayproducts.eu\/da\/wp-json\/wp\/v2\/product_brand?post=6144"},{"taxonomy":"product_cat","embeddable":true,"href":"https:\/\/displayproducts.eu\/da\/wp-json\/wp\/v2\/product_cat?post=6144"},{"taxonomy":"product_tag","embeddable":true,"href":"https:\/\/displayproducts.eu\/da\/wp-json\/wp\/v2\/product_tag?post=6144"}],"curies":[{"name":"wp","href":"https:\/\/api.w.org\/{rel}","templated":true}]}}