{"id":6133,"date":"2025-12-19T15:34:23","date_gmt":"2025-12-19T12:34:23","guid":{"rendered":"https:\/\/wristbandfactory.eu\/?post_type=product&#038;p=6133"},"modified":"2026-04-01T21:52:34","modified_gmt":"2026-04-01T18:52:34","slug":"custom-led-acrylic-invitations-business-cards","status":"publish","type":"product","link":"https:\/\/displayproducts.eu\/da\/p\/custom-led-acrylic-invitations-business-cards\/","title":{"rendered":"Lysende visitkort og invitationer med LED"},"content":{"rendered":"<p data-path-to-node=\"9\">Styrk din branding eller dit event med vores <b data-path-to-node=\"9\" data-index-in-node=\"65\">Med eget tryk LED-akrylinvitationer og visitkort<\/b>. I mods\u00e6tning til standardpapir er disse futuristiske kort lavet af stiv, krystalklar akryl og har indlejret LED-teknologi. N\u00e5r de aktiveres via en diskret ber\u00f8ringsknap, lyser de lasersk\u00e5rne detaljer i dit design op, hvilket skaber en fantastisk visuel effekt, der garanterer, at dit budskab bliver husket.<\/p>\n<p data-path-to-node=\"10\">Det er ikke bare kort; det er minder. Uanset om det bruges som et eksklusivt visitkort, der skaber en \u00f8jeblikkelig forbindelse, et lysende VIP-pas til en aftenbegivenhed eller en romantisk bryllupsinvitation, skaber LED-akrylkortet en unik brugeroplevelse.<\/p>\n<h2 data-path-to-node=\"11\">N\u00f8glefunktioner<\/h2>\n<ul data-path-to-node=\"12\">\n<li>\n<p data-path-to-node=\"12,0,0\"><b data-path-to-node=\"12,0,0\" data-index-in-node=\"0\">Lasergraveringsteknologi:<\/b> Vi udsk\u00e6rer din tekst, dit logo eller dit kunstv\u00e6rk direkte i akryloverfladen. LED-lyset bev\u00e6ger sig gennem materialet og fanger graveringen, s\u00e5 den skinner klart mod den klare baggrund.<\/p>\n<\/li>\n<li>\n<p data-path-to-node=\"12,1,0\"><b data-path-to-node=\"12,1,0\" data-index-in-node=\"0\">Ber\u00f8ringsaktivering:<\/b> Moderne kapacitive ber\u00f8ringssensorer giver modtagerne mulighed for at t\u00e6nde og slukke lyset problemfrit.<\/p>\n<\/li>\n<li>\n<p data-path-to-node=\"12,2,0\"><b data-path-to-node=\"12,2,0\" data-index-in-node=\"0\">Fuld tilpasning:<\/b> F\u00e5s i forskellige former (rektangul\u00e6re, firkantede eller specialudsk\u00e5rne) og st\u00f8rrelser, der passer til standard tegneb\u00f8ger eller st\u00f8rre kuvertformater.<\/p>\n<\/li>\n<li>\n<p data-path-to-node=\"12,3,0\"><b data-path-to-node=\"12,3,0\" data-index-in-node=\"0\">Holdbarhed:<\/b> Lavet af robust akryl (PMMA), der modst\u00e5r b\u00f8jning og ridser bedre end traditionelle plastikkort.<\/p>\n<\/li>\n<\/ul>\n<h2 data-path-to-node=\"13\">Specifikationer<\/h2>\n<ul data-path-to-node=\"14\">\n<li>\n<p data-path-to-node=\"14,0,0\"><b data-path-to-node=\"14,0,0\" data-index-in-node=\"0\">Materiale:<\/b> Transparent akryl (PMMA).<\/p>\n<\/li>\n<li>\n<p data-path-to-node=\"14,1,0\"><b data-path-to-node=\"14,1,0\" data-index-in-node=\"0\">Tykkelse:<\/b> 2 mm \u2013 3 mm muligheder.<\/p>\n<\/li>\n<li>\n<p data-path-to-node=\"14,2,0\"><b data-path-to-node=\"14,2,0\" data-index-in-node=\"0\">Lyskilde:<\/b> Integrerede LED-lys (hvid eller flerfarvet).<\/p>\n<\/li>\n<li>\n<p data-path-to-node=\"14,3,0\"><b data-path-to-node=\"14,3,0\" data-index-in-node=\"0\">Magt:<\/b> Knapcellebatterier (udskiftelige\/ikke-genopladelige muligheder) eller genopladelige via USB (udvalgte modeller).<\/p>\n<\/li>\n<li>\n<p data-path-to-node=\"14,4,0\"><b data-path-to-node=\"14,4,0\" data-index-in-node=\"0\">Skiftetype:<\/b> Touchpad eller knapkontakt.<\/p>\n<\/li>\n<li>\n<p data-path-to-node=\"14,5,0\"><b data-path-to-node=\"14,5,0\" data-index-in-node=\"0\">Produktionstid:<\/b> 5-10 hverdage.<\/p>\n<\/li>\n<li>\n<p data-path-to-node=\"14,6,0\"><b data-path-to-node=\"14,6,0\" data-index-in-node=\"0\">Trykning:<\/b> Laserudsk\u00e6ring (standard) + muligheder for silketryk eller letterpress.<\/p>\n<\/li>\n<\/ul>\n<h2 data-path-to-node=\"15\">Brugsscenarier<\/h2>\n<ul data-path-to-node=\"16\">\n<li>\n<p data-path-to-node=\"16,0,0\"><b data-path-to-node=\"16,0,0\" data-index-in-node=\"0\">VIP-visitkort:<\/b> Skil dig ud ved netv\u00e6rksarrangementer med et kort, der bogstaveligt talt lyser rummet op.<\/p>\n<\/li>\n<li>\n<p data-path-to-node=\"16,1,0\"><b data-path-to-node=\"16,1,0\" data-index-in-node=\"0\">Luksus bryllupsinvitationer:<\/b> S\u00e6t tonen for et eksklusivt aftenbryllup med str\u00e5lende invitationer.<\/p>\n<\/li>\n<li>\n<p data-path-to-node=\"16,2,0\"><b data-path-to-node=\"16,2,0\" data-index-in-node=\"0\">Souvenirs fra begivenheder:<\/b> Perfekt til fanmerchandise, jubil\u00e6umsbilletter eller &quot;Save the Date&quot;-magneter.<\/p>\n<\/li>\n<li>\n<p data-path-to-node=\"16,3,0\"><b data-path-to-node=\"16,3,0\" data-index-in-node=\"0\">Natteliv og gallafester:<\/b> Brug som synlige drikkepoletter eller VIP-kort i omgivelser med svagt lys.<\/p>\n<\/li>\n<\/ul>","protected":false},"excerpt":{"rendered":"<ul>\n<li>\n<p data-path-to-node=\"8,0,0\"><b data-path-to-node=\"8,0,0\" data-index-in-node=\"0\">Oplyst effekt:<\/b> Indlejrede LED-lys f\u00e5r dit lasergraverede design til at gl\u00f8de str\u00e5lende.<\/p>\n<\/li>\n<li>\n<p data-path-to-node=\"8,1,0\"><b data-path-to-node=\"8,1,0\" data-index-in-node=\"0\">Premium materiale:<\/b> Krystalklar akryl af h\u00f8j kvalitet p\u00e5 2 mm eller 3 mm.<\/p>\n<\/li>\n<li>\n<p data-path-to-node=\"8,2,0\"><b data-path-to-node=\"8,2,0\" data-index-in-node=\"0\">Brugerdefineret teknologi:<\/b> F\u00e5s med touchpad-knapper og genopladelige eller engangsbatterier.<\/p>\n<\/li>\n<li>\n<p data-path-to-node=\"8,3,0\"><b data-path-to-node=\"8,3,0\" data-index-in-node=\"0\">Alsidig brug:<\/b> Ideel til luksuri\u00f8se bryllupsinvitationer, eksklusive visitkort eller souvenirbilletter.<\/p>\n<\/li>\n<\/ul>","protected":false},"featured_media":6134,"comment_status":"closed","ping_status":"closed","template":"","meta":[],"product_brand":[],"product_cat":[76],"product_tag":[],"class_list":{"0":"post-6133","1":"product","2":"type-product","3":"status-publish","4":"has-post-thumbnail","6":"product_cat-glow-led-products","8":"first","9":"instock","10":"shipping-taxable","11":"product-type-simple"},"_links":{"self":[{"href":"https:\/\/displayproducts.eu\/da\/wp-json\/wp\/v2\/product\/6133","targetHints":{"allow":["GET"]}}],"collection":[{"href":"https:\/\/displayproducts.eu\/da\/wp-json\/wp\/v2\/product"}],"about":[{"href":"https:\/\/displayproducts.eu\/da\/wp-json\/wp\/v2\/types\/product"}],"replies":[{"embeddable":true,"href":"https:\/\/displayproducts.eu\/da\/wp-json\/wp\/v2\/comments?post=6133"}],"wp:featuredmedia":[{"embeddable":true,"href":"https:\/\/displayproducts.eu\/da\/wp-json\/wp\/v2\/media\/6134"}],"wp:attachment":[{"href":"https:\/\/displayproducts.eu\/da\/wp-json\/wp\/v2\/media?parent=6133"}],"wp:term":[{"taxonomy":"product_brand","embeddable":true,"href":"https:\/\/displayproducts.eu\/da\/wp-json\/wp\/v2\/product_brand?post=6133"},{"taxonomy":"product_cat","embeddable":true,"href":"https:\/\/displayproducts.eu\/da\/wp-json\/wp\/v2\/product_cat?post=6133"},{"taxonomy":"product_tag","embeddable":true,"href":"https:\/\/displayproducts.eu\/da\/wp-json\/wp\/v2\/product_tag?post=6133"}],"curies":[{"name":"wp","href":"https:\/\/api.w.org\/{rel}","templated":true}]}}