{"id":6125,"date":"2025-12-18T23:14:53","date_gmt":"2025-12-18T20:14:53","guid":{"rendered":"https:\/\/wristbandfactory.eu\/?post_type=product&#038;p=6125"},"modified":"2026-04-01T21:52:03","modified_gmt":"2026-04-01T18:52:03","slug":"custom-pvc-playing-cards-100-plastic-waterproof","status":"publish","type":"product","link":"https:\/\/displayproducts.eu\/da\/p\/custom-pvc-playing-cards-100-plastic-waterproof\/","title":{"rendered":"Custom PVC spillekort"},"content":{"rendered":"<p data-path-to-node=\"12\">\u00d8g din brands synlighed med vores premium <b data-path-to-node=\"12\" data-index-in-node=\"72\">Med eget tryk PVC-spillekort<\/b>. I mods\u00e6tning til uden tryke papirkort tilbyder disse 100% plastikkort overlegen holdbarhed, en professionel &quot;casinof\u00f8lelse&quot; og fuldst\u00e6ndig vandafvisende egenskaber. De er det ideelle reklameprodukt til bryggerier, udend\u00f8rsarrangementer, rejsebureauer og eksklusive firmagaver.<\/p>\n<p data-path-to-node=\"13\">Fordi de er vaskbare og modstandsdygtige over for b\u00f8jning, holder dit logo sig i oml\u00f8b l\u00e6ngere, hvilket giver dit logo varig eksponering. Uanset om det er til en pokerturnering eller en livsstilsgave, formidler PVC-spillekort kvalitet og robusthed.<\/p>\n<h2 data-path-to-node=\"14\">N\u00f8glefunktioner<\/h2>\n<ul data-path-to-node=\"15\">\n<li>\n<p data-path-to-node=\"15,0,0\"><b data-path-to-node=\"15,0,0\" data-index-in-node=\"0\">100% Vandt\u00e6t:<\/b> Perfekt til strandarrangementer, barer og udend\u00f8rs brug; spildte drikkevarer t\u00f8rres blot af.<\/p>\n<\/li>\n<li>\n<p data-path-to-node=\"15,1,0\"><b data-path-to-node=\"15,1,0\" data-index-in-node=\"0\">Overlegen holdbarhed:<\/b> PVC-materiale modst\u00e5r kr\u00f8lning, rivning og slid i hj\u00f8rner meget bedre end papir.<\/p>\n<\/li>\n<li>\n<p data-path-to-node=\"15,2,0\"><b data-path-to-node=\"15,2,0\" data-index-in-node=\"0\">HD-udskrivning:<\/b> Skarpt, levende CMYK-tryk til komplekse logoer og brugerdefineret illustration p\u00e5 kortets bagside.<\/p>\n<\/li>\n<li>\n<p data-path-to-node=\"15,3,0\"><b data-path-to-node=\"15,3,0\" data-index-in-node=\"0\">Glat h\u00e5ndtering:<\/b> Mulighed for tekstureret finish til professionel blanding og dealing.<\/p>\n<\/li>\n<\/ul>\n<h2 data-path-to-node=\"16\">Specifikationer<\/h2>\n<ul data-path-to-node=\"17\">\n<li>\n<p data-path-to-node=\"17,0,0\"><b data-path-to-node=\"17,0,0\" data-index-in-node=\"0\">Materiale:<\/b> 100% F\u00e5s i hvid PVC eller transparent PVC.<\/p>\n<\/li>\n<li>\n<p data-path-to-node=\"17,1,0\"><b data-path-to-node=\"17,1,0\" data-index-in-node=\"0\">Dimensioner:<\/b> Standard pokerst\u00f8rrelse (63 mm x 88 mm) eller brost\u00f8rrelse (57 mm x 87 mm).<\/p>\n<\/li>\n<li>\n<p data-path-to-node=\"17,2,0\"><b data-path-to-node=\"17,2,0\" data-index-in-node=\"0\">Tykkelse:<\/b> Standard 0,3 mm (ca. 300 mikron).<\/p>\n<\/li>\n<li>\n<p data-path-to-node=\"17,3,0\"><b data-path-to-node=\"17,3,0\" data-index-in-node=\"0\">Emballage:<\/b> Standard hvid \u00e6ske med tryk, \u00e6ske med specialtryk eller klar plastik\u00e6ske.<\/p>\n<\/li>\n<li>\n<p data-path-to-node=\"17,4,0\"><b data-path-to-node=\"17,4,0\" data-index-in-node=\"0\">Antal d\u00e6k:<\/b> Standard 54 kort (52 kul\u00f8rer + 2 jokere).<\/p>\n<\/li>\n<\/ul>\n<h2 data-path-to-node=\"18\">Brugsscenarier<\/h2>\n<ul data-path-to-node=\"19\">\n<li>\n<p data-path-to-node=\"19,0,0\"><b data-path-to-node=\"19,0,0\" data-index-in-node=\"0\">Drikkevare- og alkoholm\u00e6rker:<\/b> Vandt\u00e6tte kort er uundv\u00e6rlige for barer og pubber.<\/p>\n<\/li>\n<li>\n<p data-path-to-node=\"19,1,0\"><b data-path-to-node=\"19,1,0\" data-index-in-node=\"0\">Rejser og turisme:<\/b> Holdbare rejsespil til hoteller, resorts og rejsearrang\u00f8rer.<\/p>\n<\/li>\n<li>\n<p data-path-to-node=\"19,2,0\"><b data-path-to-node=\"19,2,0\" data-index-in-node=\"0\">Firmagaver:<\/b> En interaktiv gave af h\u00f8j v\u00e6rdi, som kunderne har p\u00e5 deres sofaborde.<\/p>\n<\/li>\n<li>\n<p data-path-to-node=\"19,3,0\"><b data-path-to-node=\"19,3,0\" data-index-in-node=\"0\">Kasinoer og spilleklubber:<\/b> Turneringskvalitetsd\u00e6k med brugerdefineret branding.<\/p>\n<\/li>\n<\/ul>","protected":false},"excerpt":{"rendered":"<ul>\n<li>\n<p data-path-to-node=\"11,0,0\">Materiale: 100% PVC-plast (0,3 mm eller 0,32 mm tykkelse)<\/p>\n<\/li>\n<li>\n<p data-path-to-node=\"11,1,0\">Funktioner: Fuldst\u00e6ndig vandt\u00e6t, vaskbar og slidst\u00e6rk<\/p>\n<\/li>\n<li>\n<p data-path-to-node=\"11,2,0\">Tilpasning: Fuldfarvetryk p\u00e5 bagsiden, med eget tryk ansigtsmuligheder og brugerdefineret indpakningsboks<\/p>\n<\/li>\n<li>\n<p data-path-to-node=\"11,3,0\">Holdbarhed: Kasinokvalitets trykknap og robusthed til langvarig brug<\/p>\n<\/li>\n<\/ul>","protected":false},"featured_media":6126,"comment_status":"closed","ping_status":"closed","template":"","meta":[],"product_brand":[],"product_cat":[121],"product_tag":[],"class_list":{"0":"post-6125","1":"product","2":"type-product","3":"status-publish","4":"has-post-thumbnail","6":"product_cat-promotional-merchandise","8":"first","9":"instock","10":"shipping-taxable","11":"purchasable","12":"product-type-simple"},"_links":{"self":[{"href":"https:\/\/displayproducts.eu\/da\/wp-json\/wp\/v2\/product\/6125","targetHints":{"allow":["GET"]}}],"collection":[{"href":"https:\/\/displayproducts.eu\/da\/wp-json\/wp\/v2\/product"}],"about":[{"href":"https:\/\/displayproducts.eu\/da\/wp-json\/wp\/v2\/types\/product"}],"replies":[{"embeddable":true,"href":"https:\/\/displayproducts.eu\/da\/wp-json\/wp\/v2\/comments?post=6125"}],"wp:featuredmedia":[{"embeddable":true,"href":"https:\/\/displayproducts.eu\/da\/wp-json\/wp\/v2\/media\/6126"}],"wp:attachment":[{"href":"https:\/\/displayproducts.eu\/da\/wp-json\/wp\/v2\/media?parent=6125"}],"wp:term":[{"taxonomy":"product_brand","embeddable":true,"href":"https:\/\/displayproducts.eu\/da\/wp-json\/wp\/v2\/product_brand?post=6125"},{"taxonomy":"product_cat","embeddable":true,"href":"https:\/\/displayproducts.eu\/da\/wp-json\/wp\/v2\/product_cat?post=6125"},{"taxonomy":"product_tag","embeddable":true,"href":"https:\/\/displayproducts.eu\/da\/wp-json\/wp\/v2\/product_tag?post=6125"}],"curies":[{"name":"wp","href":"https:\/\/api.w.org\/{rel}","templated":true}]}}