{"id":6109,"date":"2025-12-18T12:35:53","date_gmt":"2025-12-18T09:35:53","guid":{"rendered":"https:\/\/wristbandfactory.eu\/?post_type=product&#038;p=6109"},"modified":"2026-04-01T21:52:34","modified_gmt":"2026-04-01T18:52:34","slug":"full-color-tyvek-wristbands-cmyk-photo-print","status":"publish","type":"product","link":"https:\/\/displayproducts.eu\/da\/p\/full-color-tyvek-wristbands-cmyk-photo-print\/","title":{"rendered":"Tyvek-b\u00e5nd med fuldfarve tryk"},"content":{"rendered":"<p data-path-to-node=\"12\">Styrk din eventbranding med vores <b data-path-to-node=\"12\" data-index-in-node=\"62\">Fuldfarvede Tyvek-armb\u00e5nd<\/b>. I mods\u00e6tning til standard 1-farve muligheder fjerner denne premium trykmetode alle designbegr\u00e6nsninger, s\u00e5 du kan forvandle en simpel sikkerhedsadgangskode til et effektivt marketingv\u00e6rkt\u00f8j.<\/p>\n<p data-path-to-node=\"13\">Ved hj\u00e6lp af avanceret digital CMYK-printteknologi kan vi reproducere <b data-path-to-node=\"13\" data-index-in-node=\"66\">billeder i h\u00f8j opl\u00f8sning, glatte farvegradienter og flerfarvede sponsorlogoer<\/b> med exceptionel klarhed. Trykket p\u00e5f\u00f8res kant til kant, hvilket giver dig et fuldt tilpasset l\u00e6rred til at fremvise din brandidentitet eller dit festivaltema.<\/p>\n<h2 data-path-to-node=\"14\">N\u00f8glefunktioner<\/h2>\n<ul data-path-to-node=\"15\">\n<li>\n<p data-path-to-node=\"15,0,0\"><b data-path-to-node=\"15,0,0\" data-index-in-node=\"0\">CMYK-fotokvalitet:<\/b> Udskriv millioner af farver med pr\u00e6cision. Perfekt til komplekse kunstv\u00e6rker, der kr\u00e6ver skygger eller fine detaljer.<\/p>\n<\/li>\n<li>\n<p data-path-to-node=\"15,1,0\"><b data-path-to-node=\"15,1,0\" data-index-in-node=\"0\">Maksimal brandeksponering:<\/b> Ideel til festivaler og firmaarrangementer, hvor sponsorlogoer skal vises i deres originale farver.<\/p>\n<\/li>\n<li>\n<p data-path-to-node=\"15,2,0\"><b data-path-to-node=\"15,2,0\" data-index-in-node=\"0\">Sikkerhedsbeskyttelse:<\/b> Udstyret med en sikker, udstanset, kl\u00e6belukning, der makuleres ved fjernelse for at forhindre billetoverf\u00f8rsel.<\/p>\n<\/li>\n<li>\n<p data-path-to-node=\"15,3,0\"><b data-path-to-node=\"15,3,0\" data-index-in-node=\"0\">Sekventiel nummerering:<\/b> Hvert b\u00e5nd har et unikt serienummer til kapacitetssporing og sikkerhedsrevision.<\/p>\n<\/li>\n<li>\n<p data-path-to-node=\"15,4,0\"><b data-path-to-node=\"15,4,0\" data-index-in-node=\"0\">\u00c6gte DuPont\u2122 Tyvek\u00ae:<\/b> Vi bruger autentisk Tyvek\u00ae-materiale, der er vandt\u00e6t, holdbart og behageligt til flerdagesarrangementer.<\/p>\n<\/li>\n<li>\n<p data-path-to-node=\"15,5,0\"><b data-path-to-node=\"15,5,0\" data-index-in-node=\"0\">Valgfri afrivningsstub:<\/b> Kan produceres med en perforeret stub, perfekt til drikkekuponer, garderobem\u00e6rker eller lotterier.<\/p>\n<\/li>\n<\/ul>\n<h2 data-path-to-node=\"16\">Specifikationer<\/h2>\n<ul data-path-to-node=\"17\">\n<li>\n<p data-path-to-node=\"17,0,0\"><b data-path-to-node=\"17,0,0\" data-index-in-node=\"0\">Materiale:<\/b> DuPont\u2122 Tyvek\u00ae (genanvendelig h\u00f8jdensitetspolyethylen).<\/p>\n<\/li>\n<li>\n<p data-path-to-node=\"17,1,0\"><b data-path-to-node=\"17,1,0\" data-index-in-node=\"0\">Udskriftstype:<\/b> Digitaltryk i fuld farve (CMYK).<\/p>\n<\/li>\n<li>\n<p data-path-to-node=\"17,2,0\"><b data-path-to-node=\"17,2,0\" data-index-in-node=\"0\">Udskriftsomr\u00e5de:<\/b> Kant til kant (udj\u00e6vning tilladt).<\/p>\n<\/li>\n<li>\n<p data-path-to-node=\"17,3,0\"><b data-path-to-node=\"17,3,0\" data-index-in-node=\"0\">St\u00f8rrelse:<\/b> Standardbredde 19 mm eller 25 mm.<\/p>\n<\/li>\n<li>\n<p data-path-to-node=\"17,4,0\"><b data-path-to-node=\"17,4,0\" data-index-in-node=\"0\">Lukning:<\/b> Engangsforseglet kl\u00e6bemiddel.<\/p>\n<\/li>\n<li>\n<p data-path-to-node=\"17,5,0\"><b data-path-to-node=\"17,5,0\" data-index-in-node=\"0\">Holdbarhed:<\/b> Vandafvisende, rivesikker, egnet til 1-5 dage.<\/p>\n<\/li>\n<\/ul>\n<h2 data-path-to-node=\"18\">Brugsscenarier<\/h2>\n<ul data-path-to-node=\"19\">\n<li>\n<p data-path-to-node=\"19,0,0\"><b data-path-to-node=\"19,0,0\" data-index-in-node=\"0\">Musikfestivaler:<\/b> Livlige designs, der matcher festivalens visuelle identitet.<\/p>\n<\/li>\n<li>\n<p data-path-to-node=\"19,1,0\"><b data-path-to-node=\"19,1,0\" data-index-in-node=\"0\">VIP-adgang:<\/b> Skel VIP-g\u00e6ster med et eksklusivt, farvet look sammenlignet med standardremme.<\/p>\n<\/li>\n<li>\n<p data-path-to-node=\"19,2,0\"><b data-path-to-node=\"19,2,0\" data-index-in-node=\"0\">Sponsorater:<\/b> Vis flere sponsorlogoer tydeligt i deres officielle firmafarver.<\/p>\n<\/li>\n<li>\n<p data-path-to-node=\"19,3,0\"><b data-path-to-node=\"19,3,0\" data-index-in-node=\"0\">Marketingkampagner:<\/b> Brug QR-koder og effektfulde visuelle elementer til at \u00f8ge engagementet.<\/p>\n<\/li>\n<\/ul>","protected":false},"excerpt":{"rendered":"<ul>\n<li>\n<p data-path-to-node=\"11,0,0\"><b data-path-to-node=\"11,0,0\" data-index-in-node=\"0\">Ubegr\u00e6nset kreativitet:<\/b> CMYK-tryk i fuld farve giver mulighed for fotos, gradienter og komplekse sponsorlogoer.<\/p>\n<\/li>\n<li>\n<p data-path-to-node=\"11,1,0\"><b data-path-to-node=\"11,1,0\" data-index-in-node=\"0\">Kant-til-kant design:<\/b> Maksimer brandets gennemslagskraft med illustrationer, der d\u00e6kker hele armb\u00e5ndets l\u00e6ngde.<\/p>\n<\/li>\n<li>\n<p data-path-to-node=\"11,2,0\"><b data-path-to-node=\"11,2,0\" data-index-in-node=\"0\">H\u00f8j opl\u00f8sning:<\/b> Skarp, fotorealistisk trykkvalitet, der ikke er tilg\u00e6ngelig med standard serigrafi.<\/p>\n<\/li>\n<li>\n<p data-path-to-node=\"11,3,0\"><b data-path-to-node=\"11,3,0\" data-index-in-node=\"0\">Sikker og holdbar:<\/b> Har fortl\u00f8bende nummerering og \u00e6gte rivefast DuPont\u2122 Tyvek\u00ae.<\/p>\n<\/li>\n<\/ul>","protected":false},"featured_media":6110,"comment_status":"closed","ping_status":"closed","template":"","meta":[],"product_brand":[],"product_cat":[41],"product_tag":[],"class_list":{"0":"post-6109","1":"product","2":"type-product","3":"status-publish","4":"has-post-thumbnail","6":"product_cat-tyvek","8":"first","9":"instock","10":"shipping-taxable","11":"purchasable","12":"product-type-simple"},"_links":{"self":[{"href":"https:\/\/displayproducts.eu\/da\/wp-json\/wp\/v2\/product\/6109","targetHints":{"allow":["GET"]}}],"collection":[{"href":"https:\/\/displayproducts.eu\/da\/wp-json\/wp\/v2\/product"}],"about":[{"href":"https:\/\/displayproducts.eu\/da\/wp-json\/wp\/v2\/types\/product"}],"replies":[{"embeddable":true,"href":"https:\/\/displayproducts.eu\/da\/wp-json\/wp\/v2\/comments?post=6109"}],"wp:featuredmedia":[{"embeddable":true,"href":"https:\/\/displayproducts.eu\/da\/wp-json\/wp\/v2\/media\/6110"}],"wp:attachment":[{"href":"https:\/\/displayproducts.eu\/da\/wp-json\/wp\/v2\/media?parent=6109"}],"wp:term":[{"taxonomy":"product_brand","embeddable":true,"href":"https:\/\/displayproducts.eu\/da\/wp-json\/wp\/v2\/product_brand?post=6109"},{"taxonomy":"product_cat","embeddable":true,"href":"https:\/\/displayproducts.eu\/da\/wp-json\/wp\/v2\/product_cat?post=6109"},{"taxonomy":"product_tag","embeddable":true,"href":"https:\/\/displayproducts.eu\/da\/wp-json\/wp\/v2\/product_tag?post=6109"}],"curies":[{"name":"wp","href":"https:\/\/api.w.org\/{rel}","templated":true}]}}