{"id":6094,"date":"2025-12-17T16:00:09","date_gmt":"2025-12-17T13:00:09","guid":{"rendered":"https:\/\/wristbandfactory.eu\/?post_type=product&#038;p=6094"},"modified":"2026-04-01T21:52:03","modified_gmt":"2026-04-01T18:52:03","slug":"custom-full-color-drawstring-bags-gym-sacks","status":"publish","type":"product","link":"https:\/\/displayproducts.eu\/da\/p\/custom-full-color-drawstring-bags-gym-sacks\/","title":{"rendered":"Gymnastikposer med logo (Fuld farve)"},"content":{"rendered":"<p data-path-to-node=\"11\">Forvandl hver bruger til et vandrende billboard med vores <b>Med eget tryk sn\u00f8reposer i fuld farve<\/b>. I mods\u00e6tning til uden tryke reklameposer, hvor logoet er begr\u00e6nset til et lille centralt omr\u00e5de, behandler dette produkt hele posen som et l\u00e6rred.<\/p>\n<p data-path-to-node=\"12\">Brug af avanceret <b>farvestofsublimeringsteknologi<\/b>, trykker vi dit design \u2013 uanset om det er et komplekst m\u00f8nster, et fotografi eller en dristig firmafarve \u2013 direkte ind i stoffibrene p\u00e5 tv\u00e6rs af hele taskens overflade. Dette resulterer i levende, permanente farver, der ikke revner eller falmer.<\/p>\n<p data-path-to-node=\"13\">Lavet af <b>210D polyester<\/b>, Disse gymnastiktasker rammer den perfekte balance mellem letv\u00e6gtsb\u00e6rbarhed og robust holdbarhed. De er st\u00e6rke nok til at b\u00e6re sportsudstyr, skoleb\u00f8ger eller festivalartikler, hvilket g\u00f8r dem til en h\u00f8jt v\u00e6rdsat genbrugelig genstand.<\/p>\n<h2 data-path-to-node=\"14\">N\u00f8glefunktioner<\/h2>\n<ul data-path-to-node=\"15\">\n<li>\n<p data-path-to-node=\"15,0,0\"><b>Ubegr\u00e6nset kreativitet:<\/b> Tryk dit logo, slogan eller kunstv\u00e6rk i fuld farve (CMYK) p\u00e5 hele forsiden og bagsiden af tasken.<\/p>\n<\/li>\n<li>\n<p data-path-to-node=\"15,1,0\"><b>Holdbar konstruktion:<\/b> Forst\u00e6rkede hj\u00f8rner med metal\u00f8jer forhindrer rivning og sikrer, at tasken kan modst\u00e5 v\u00e6gten af de n\u00f8dvendige ting i hverdagen.<\/p>\n<\/li>\n<li>\n<p data-path-to-node=\"15,2,0\"><b>Universel pasform:<\/b> St\u00f8rrelsen 34 \u00d7 45 cm er ideel til b\u00e5de b\u00f8rn og voksne, hvilket g\u00f8r den til en &quot;one-size-fits-all&quot;-l\u00f8sning til massearrangementer.<\/p>\n<\/li>\n<li>\n<p data-path-to-node=\"15,3,0\"><b>Vejrbestandig:<\/b> 210D polyesterstoffet tilbyder grundl\u00e6ggende vandafvisende egenskaber og holder indholdet t\u00f8rt i let regn.<\/p>\n<\/li>\n<\/ul>\n<h2 data-path-to-node=\"16\">Specifikationer<\/h2>\n<ul data-path-to-node=\"17\">\n<li>\n<p data-path-to-node=\"17,0,0\"><b>Dimensioner:<\/b> 34 cm (B) x 45 cm (H).<\/p>\n<\/li>\n<li>\n<p data-path-to-node=\"17,1,0\"><b>Materiale:<\/b> 210D polyester.<\/p>\n<\/li>\n<li>\n<p data-path-to-node=\"17,2,0\"><b>Trykteknik:<\/b> Fuldfarvesublimering (heltryk).<\/p>\n<\/li>\n<li>\n<p data-path-to-node=\"17,3,0\"><b>Snore:<\/b> Sorte dobbelte sn\u00f8reb\u00e5nd (standard).<\/p>\n<\/li>\n<li>\n<p data-path-to-node=\"17,4,0\"><b>MOQ:<\/b> 100 enheder.<\/p>\n<\/li>\n<li>\n<p data-path-to-node=\"17,5,0\"><b>V\u00e6gtkapacitet:<\/b> Ca. 3-5 kg.<\/p>\n<\/li>\n<\/ul>\n<h2 data-path-to-node=\"18\">Brugsscenarier<\/h2>\n<ul data-path-to-node=\"19\">\n<li>\n<p data-path-to-node=\"19,0,0\"><b>Sport og fitnesscentre:<\/b> Skotasker med m\u00e6rkevarer til fitnessklubber og maratonl\u00f8b.<\/p>\n<\/li>\n<li>\n<p data-path-to-node=\"19,1,0\"><b>Skoler og universiteter:<\/b> Startpakker til introduktionsugen.<\/p>\n<\/li>\n<li>\n<p data-path-to-node=\"19,2,0\"><b>Festivaler:<\/b> Lette rygs\u00e6kke til at b\u00e6re vand og varer.<\/p>\n<\/li>\n<li>\n<p data-path-to-node=\"19,3,0\"><b>Firmaarrangementer:<\/b> Gaveposer med h\u00f8j synlighed, som deltagerne rent faktisk vil bruge efter arrangementet.<\/p>\n<\/li>\n<\/ul>","protected":false},"excerpt":{"rendered":"<ul>\n<li>\n<p data-path-to-node=\"10,0,0\"><b>Fuld overfladetryk:<\/b> Kant-til-kant sublimeringsprint giver mulighed for ubegr\u00e6nsede farver og fotorealistiske designs.<\/p>\n<\/li>\n<li>\n<p data-path-to-node=\"10,1,0\"><b>Materiale:<\/b> Holdbar <b>210D polyester<\/b> \u2013 vandafvisende og robust nok til daglig brug.<\/p>\n<\/li>\n<li>\n<p data-path-to-node=\"10,2,0\"><b>St\u00f8rrelse:<\/b> Standard <b>34 \u00d7 45 cm<\/b> (Passer til sneakers, tr\u00e6ningst\u00f8j eller A4-mapper).<\/p>\n<\/li>\n<li>\n<p data-path-to-node=\"10,3,0\"><b>Alsidig:<\/b> Perfekt til skoler, sportshold, festivaler og firmaarrangementer.<\/p>\n<\/li>\n<\/ul>","protected":false},"featured_media":6095,"comment_status":"closed","ping_status":"closed","template":"","meta":[],"product_brand":[],"product_cat":[131],"product_tag":[],"class_list":{"0":"post-6094","1":"product","2":"type-product","3":"status-publish","4":"has-post-thumbnail","6":"product_cat-custom-bags-totes","8":"first","9":"instock","10":"shipping-taxable","11":"purchasable","12":"product-type-simple"},"_links":{"self":[{"href":"https:\/\/displayproducts.eu\/da\/wp-json\/wp\/v2\/product\/6094","targetHints":{"allow":["GET"]}}],"collection":[{"href":"https:\/\/displayproducts.eu\/da\/wp-json\/wp\/v2\/product"}],"about":[{"href":"https:\/\/displayproducts.eu\/da\/wp-json\/wp\/v2\/types\/product"}],"replies":[{"embeddable":true,"href":"https:\/\/displayproducts.eu\/da\/wp-json\/wp\/v2\/comments?post=6094"}],"wp:featuredmedia":[{"embeddable":true,"href":"https:\/\/displayproducts.eu\/da\/wp-json\/wp\/v2\/media\/6095"}],"wp:attachment":[{"href":"https:\/\/displayproducts.eu\/da\/wp-json\/wp\/v2\/media?parent=6094"}],"wp:term":[{"taxonomy":"product_brand","embeddable":true,"href":"https:\/\/displayproducts.eu\/da\/wp-json\/wp\/v2\/product_brand?post=6094"},{"taxonomy":"product_cat","embeddable":true,"href":"https:\/\/displayproducts.eu\/da\/wp-json\/wp\/v2\/product_cat?post=6094"},{"taxonomy":"product_tag","embeddable":true,"href":"https:\/\/displayproducts.eu\/da\/wp-json\/wp\/v2\/product_tag?post=6094"}],"curies":[{"name":"wp","href":"https:\/\/api.w.org\/{rel}","templated":true}]}}