{"id":6082,"date":"2025-12-17T15:35:18","date_gmt":"2025-12-17T12:35:18","guid":{"rendered":"https:\/\/wristbandfactory.eu\/?post_type=product&#038;p=6082"},"modified":"2026-04-01T21:52:34","modified_gmt":"2026-04-01T18:52:34","slug":"custom-cord-bracelets-with-metal-charm-bespoke-design","status":"publish","type":"product","link":"https:\/\/displayproducts.eu\/da\/p\/custom-cord-bracelets-with-metal-charm-bespoke-design\/","title":{"rendered":"Flettede armb\u00e5nd med metalvedh\u00e6ng"},"content":{"rendered":"<p data-path-to-node=\"11\">Skab en helt unik brandforbindelse med vores <b>Med eget tryk snorarmb\u00e5nd med metalcharms<\/b>. I mods\u00e6tning til uden tryke trykte armb\u00e5nd er disse solide accessories i smykkekvalitet, der er designet til at blive b\u00e5ret l\u00e6nge efter begivenheden er overst\u00e5et. Dette produkt repr\u00e6senterer en fuldt skr\u00e6ddersyet produktionskapacitet, hvor hvert element - fra snorens farve til metalformen - er skabt specifikt til dig.<\/p>\n<h3 data-path-to-node=\"12\">Casestudie: Tallink<\/h3>\n<p data-path-to-node=\"13\">Vi havde \u00e6ren af at producere <b>5.000 personlige armb\u00e5nd<\/b> for <b>Tallink<\/b>, det f\u00f8rende rederi i \u00d8sters\u00f8en. M\u00e5let var at skabe en mindev\u00e6rdig souvenir, der afspejlede deres brand-etos.<\/p>\n<ul data-path-to-node=\"14\">\n<li>\n<p data-path-to-node=\"14,0,0\"><b>Charmen:<\/b> Vi lavede en specialfremstillet form i zinklegering af deres elskede maskot., <b>\u201c&quot;Harri&quot;\u201d<\/b>, f\u00e6rdiggjort med en s\u00f8lvbel\u00e6gning af h\u00f8j kvalitet.<\/p>\n<\/li>\n<li>\n<p data-path-to-node=\"14,1,0\"><b>Snoren:<\/b> En specifik &quot;Sunset&quot;-nuance af vokset snor blev valgt, s\u00e5 den matchede deres brandpalet.<\/p>\n<\/li>\n<li>\n<p data-path-to-node=\"14,2,0\"><b>Oplevelsen:<\/b> Hvert armb\u00e5nd var monteret p\u00e5 en <b>75 \u00d7 160 mm fuldfarvet bagsidekort<\/b>, og forvandler en simpel genstand til en gave, der er klar til brug i detailhandlen.<\/p>\n<\/li>\n<\/ul>\n<h2 data-path-to-node=\"15\">N\u00f8glefunktioner<\/h2>\n<ul data-path-to-node=\"16\">\n<li>\n<p data-path-to-node=\"16,0,0\"><b>Specialfremstillet metalst\u00f8bning:<\/b> Vi skaber en unik form til dit logo, maskot eller symbol. Materialemulighederne omfatter holdbar zinklegering med s\u00f8lv-, guld- eller antikbel\u00e6gning.<\/p>\n<\/li>\n<li>\n<p data-path-to-node=\"16,1,0\"><b>Muligheder for med eget tryk ledninger:<\/b> V\u00e6lg mellem vokset bomuld, nylon eller flettet materiale. Vi kan matche snorens farve til din specifikke Pantone-kode.<\/p>\n<\/li>\n<li>\n<p data-path-to-node=\"16,2,0\"><b>Detailemballage:<\/b> Produktet inkluderer et specialtrykt bagkort (headerkort eller fuld bagside), der giver v\u00e6rdifuld plads til din marketingbesked eller QR-koder.<\/p>\n<\/li>\n<li>\n<p data-path-to-node=\"16,3,0\"><b>H\u00f8j volumenkapacitet:<\/b> Som bevist med Tallink-projektet, specialiserer vi os i at h\u00e5ndtere store ordrer (5.000+ enheder) uden at g\u00e5 p\u00e5 kompromis med de indviklede detaljer i metalarbejdet.<\/p>\n<\/li>\n<\/ul>\n<h2 data-path-to-node=\"17\">Specifikationer<\/h2>\n<ul data-path-to-node=\"18\">\n<li>\n<p data-path-to-node=\"18,0,0\"><b>Vedh\u00e6ngsmateriale:<\/b> Zinklegering (bly-\/nikkelfri).<\/p>\n<\/li>\n<li>\n<p data-path-to-node=\"18,1,0\"><b>Bel\u00e6gning:<\/b> S\u00f8lv, guld, kobber, sort nikkel osv.<\/p>\n<\/li>\n<li>\n<p data-path-to-node=\"18,2,0\"><b>Ledningsmateriale:<\/b> Vokset bomuld eller en blanding af polyester\/nylon.<\/p>\n<\/li>\n<li>\n<p data-path-to-node=\"18,3,0\"><b>Ledningsfarve:<\/b> Brugerdefineret Pantone.<\/p>\n<\/li>\n<li>\n<p data-path-to-node=\"18,4,0\"><b>Kortst\u00f8rrelse:<\/b> Standard 75 \u00d7 160 mm (eller brugerdefineret st\u00f8rrelse).<\/p>\n<\/li>\n<li>\n<p data-path-to-node=\"18,5,0\"><b>Reparation:<\/b> Justerbar knude eller metalsp\u00e6nde.<\/p>\n<\/li>\n<li>\n<p data-path-to-node=\"18,6,0\"><b>MOQ:<\/b> 500 enheder (p\u00e5 grund af dannelse af skimmelsvamp).<\/p>\n<\/li>\n<\/ul>","protected":false},"excerpt":{"rendered":"<ul>\n<li>\n<p data-path-to-node=\"10,0,0\"><b>Brugerdefineret charme:<\/b> Maskot eller logo i zinklegering skabt i din pr\u00e6cise form (f.eks. Tallinks &quot;Harri&quot;).<\/p>\n<\/li>\n<li>\n<p data-path-to-node=\"10,1,0\"><b>Premium-ledning:<\/b> Vokset snor f\u00e5s i med eget tryk Pantone-farver (f.eks. &quot;Sunset&quot; orange).<\/p>\n<\/li>\n<li>\n<p data-path-to-node=\"10,2,0\"><b>Fuld emballage:<\/b> Inkluderer et stort specialtrykt bagkort p\u00e5 75\u00d7160 mm.<\/p>\n<\/li>\n<li>\n<p data-path-to-node=\"10,3,0\"><b>Hypoallergenisk:<\/b> Sikre materialer med mulighed for s\u00f8lv-, guld- eller sortbel\u00e6gning.<\/p>\n<\/li>\n<\/ul>","protected":false},"featured_media":6083,"comment_status":"closed","ping_status":"closed","template":"","meta":[],"product_brand":[],"product_cat":[66,122],"product_tag":[],"class_list":{"0":"post-6082","1":"product","2":"type-product","3":"status-publish","4":"has-post-thumbnail","6":"product_cat-wristbands","7":"product_cat-promotional-accessories","9":"first","10":"instock","11":"shipping-taxable","12":"purchasable","13":"product-type-simple"},"_links":{"self":[{"href":"https:\/\/displayproducts.eu\/da\/wp-json\/wp\/v2\/product\/6082","targetHints":{"allow":["GET"]}}],"collection":[{"href":"https:\/\/displayproducts.eu\/da\/wp-json\/wp\/v2\/product"}],"about":[{"href":"https:\/\/displayproducts.eu\/da\/wp-json\/wp\/v2\/types\/product"}],"replies":[{"embeddable":true,"href":"https:\/\/displayproducts.eu\/da\/wp-json\/wp\/v2\/comments?post=6082"}],"wp:featuredmedia":[{"embeddable":true,"href":"https:\/\/displayproducts.eu\/da\/wp-json\/wp\/v2\/media\/6083"}],"wp:attachment":[{"href":"https:\/\/displayproducts.eu\/da\/wp-json\/wp\/v2\/media?parent=6082"}],"wp:term":[{"taxonomy":"product_brand","embeddable":true,"href":"https:\/\/displayproducts.eu\/da\/wp-json\/wp\/v2\/product_brand?post=6082"},{"taxonomy":"product_cat","embeddable":true,"href":"https:\/\/displayproducts.eu\/da\/wp-json\/wp\/v2\/product_cat?post=6082"},{"taxonomy":"product_tag","embeddable":true,"href":"https:\/\/displayproducts.eu\/da\/wp-json\/wp\/v2\/product_tag?post=6082"}],"curies":[{"name":"wp","href":"https:\/\/api.w.org\/{rel}","templated":true}]}}