{"id":6077,"date":"2025-12-17T15:18:17","date_gmt":"2025-12-17T12:18:17","guid":{"rendered":"https:\/\/wristbandfactory.eu\/?post_type=product&#038;p=6077"},"modified":"2026-04-01T21:52:03","modified_gmt":"2026-04-01T18:52:03","slug":"custom-high-visibility-reflective-shopping-bags","status":"publish","type":"product","link":"https:\/\/displayproducts.eu\/da\/p\/custom-high-visibility-reflective-shopping-bags\/","title":{"rendered":"Reflekterende indk\u00f8bsnet med logo"},"content":{"rendered":"<p data-path-to-node=\"11\">Kombin\u00e9r praktisk anvendelighed med essentiel trafiksikkerhed ved hj\u00e6lp af vores <b>Reflekterende indk\u00f8bsnet med logo<\/b>. I de m\u00f8rke efter\u00e5rs- og vinterm\u00e5neder er synlighed afg\u00f8rende. Denne innovative taske forvandler en standard reklameartikel til et livreddende tilbeh\u00f8r, der reflekterer bilens forlygter fra alle vinkler for at sikre, at brugeren bliver set.<\/p>\n<p data-path-to-node=\"12\">Denne taske er perfekt til skoler, trafiksikkerhedskampagner og virksomheders &quot;V\u00e6r sikker&quot;-initiativer. Den tilbyder en stor overflade til dit logo, samtidig med at den giver modtageren betydelig v\u00e6rdi. I mods\u00e6tning til sm\u00e5 reflekser, der kan skjules, er en fuldt reflekterende mulepose umulig at overse.<\/p>\n<h2 data-path-to-node=\"13\">N\u00f8glefunktioner<\/h2>\n<ul data-path-to-node=\"14\">\n<li>\n<p data-path-to-node=\"14,0,1\"><span data-path-to-node=\"14,0,1,0\"><b><span class=\"citation-84\">360\u00b0 reflektionsevne:<\/span><\/b><span class=\"citation-84\"> Tasken er udelukkende fremstillet af &quot;Higher\/Lower Visibility Reflective&quot;-stof, hvilket forvandler hele varen til et sikkerhedssignallys.<\/span><\/span><span data-path-to-node=\"14,0,1,2\">.<\/span><\/p>\n<\/li>\n<li>\n<p data-path-to-node=\"14,1,1\"><span data-path-to-node=\"14,1,1,0\"><b><span class=\"citation-83\">Robust konstruktion:<\/span><\/b><span class=\"citation-83\"> Lavet af slidst\u00e6rkt polyester med en struktureret bundfold (8 cm), der g\u00f8r det muligt at holde dagligvarer, b\u00f8ger eller eventmaterialer sikkert<\/span><\/span><span data-path-to-node=\"14,1,1,2\">.<\/span><\/p>\n<\/li>\n<li>\n<p data-path-to-node=\"14,2,1\"><span data-path-to-node=\"14,2,1,0\"><b><span class=\"citation-82\">Sikkerhedsoverensstemmende:<\/span><\/b><span class=\"citation-82\"> Fremstillet efter h\u00f8je standarder og har best\u00e5et strenge tests <\/span><b><span class=\"citation-82\">Ftalater<\/span><\/b><span class=\"citation-82\"> og <\/span><b><span class=\"citation-82\">F\u00f8re<\/span><\/b><span class=\"citation-82\">, hvilket sikrer, at materialet er giftfrit og sikkert for alle aldre<\/span><\/span><span data-path-to-node=\"14,2,1,2\">.<\/span><\/p>\n<\/li>\n<li>\n<p data-path-to-node=\"14,3,0\"><b>Brugerdefineret branding:<\/b> Dit logo trykkes direkte p\u00e5 den reflekterende overflade, hvilket sikrer, at dit brand forbindes med sikkerhed og omhu.<\/p>\n<\/li>\n<\/ul>\n<h2 data-path-to-node=\"15\">Specifikationer<\/h2>\n<ul data-path-to-node=\"16\">\n<li>\n<p data-path-to-node=\"16,0,1\"><span data-path-to-node=\"16,0,1,0\"><b><span class=\"citation-81\">Dimensioner:<\/span><\/b><span class=\"citation-81\"> 38 cm (B) x 42 cm (H) x 8 cm (D)<\/span><\/span><span data-path-to-node=\"16,0,1,2\">.<\/span><\/p>\n<\/li>\n<li>\n<p data-path-to-node=\"16,1,1\"><span data-path-to-node=\"16,1,1,0\"><b><span class=\"citation-80\">Materiale:<\/span><\/b><span class=\"citation-80\"> Polyester med reflekterende bel\u00e6gning<\/span><\/span><span data-path-to-node=\"16,1,1,2\">.<\/span><\/p>\n<\/li>\n<li>\n<p data-path-to-node=\"16,2,1\"><span data-path-to-node=\"16,2,1,0\"><b><span class=\"citation-79\">Stil:<\/span><\/b><span class=\"citation-79\"> H\u00e5ndtaske \/ Tote-taske<\/span><\/span><span data-path-to-node=\"16,2,1,2\">.<\/span><\/p>\n<\/li>\n<li>\n<p data-path-to-node=\"16,3,0\"><span data-path-to-node=\"16,3,0,0\"><b>V\u00e6gt:<\/b> Ca. <\/span><span data-path-to-node=\"16,3,0,2\"><span class=\"citation-78\">0,250 kg pr. enhed<\/span><\/span><span data-path-to-node=\"16,3,0,4\">.<\/span><\/p>\n<\/li>\n<li>\n<p data-path-to-node=\"16,4,1\"><span data-path-to-node=\"16,4,1,0\"><b><span class=\"citation-77\">Emballage:<\/span><\/b><span class=\"citation-77\"> Bulk (100 stk.\/karton)<\/span><\/span><span data-path-to-node=\"16,4,1,2\">.<\/span><\/p>\n<\/li>\n<li>\n<p data-path-to-node=\"16,4,1\"><span data-path-to-node=\"16,5,1,0\"><b><span class=\"citation-76\">Overholdelse:<\/span><\/b><span class=\"citation-76\"> Best\u00e5et ftalattest, blytest og A20-test for non-woven\/PP-standarder<\/span><\/span><\/p>\n<\/li>\n<\/ul>\n<h2 data-path-to-node=\"17\">Brugsscenarier<\/h2>\n<ul data-path-to-node=\"18\">\n<li>\n<p data-path-to-node=\"18,0,0\"><b>Trafiksikkerhedskampagner:<\/b> Ideel distributionsartikel for fodg\u00e6ngere og cyklister i de m\u00f8rke m\u00e5neder.<\/p>\n<\/li>\n<li>\n<p data-path-to-node=\"18,1,0\"><b>Skole- og ungdomsgrupper:<\/b> Sikre skoletasker til elever, der g\u00e5r hjem om eftermiddagen.<\/p>\n<\/li>\n<li>\n<p data-path-to-node=\"18,2,0\"><b>Begivenhedsgavekort:<\/b> En v\u00e6rdifuld konferencetaske, som deltagerne vil genbruge p\u00e5 grund af dens sikkerhedsfunktioner.<\/p>\n<\/li>\n<\/ul>","protected":false},"excerpt":{"rendered":"<ul>\n<li data-path-to-node=\"10,0,0\"><b>H\u00f8j synlighed:<\/b> Hele taskens overflade er lavet af reflekterende materiale, hvilket sikrer maksimal sikkerhed i svagt lys.<\/li>\n<li>\n<p data-path-to-node=\"10,0,0\"><span style=\"font-family: -apple-system, BlinkMacSystemFont, 'Segoe UI', Roboto, 'Helvetica Neue', Arial, 'Noto Sans', sans-serif, 'Apple Color Emoji', 'Segoe UI Emoji', 'Segoe UI Symbol', 'Noto Color Emoji';\" data-path-to-node=\"10,1,1,0\"><b><span class=\"citation-87\">Holdbart materiale:<\/span><\/b><span class=\"citation-87\"> Lavet af kraftig polyester med reflekterende bel\u00e6gning<\/span><\/span><span style=\"font-family: -apple-system, BlinkMacSystemFont, 'Segoe UI', Roboto, 'Helvetica Neue', Arial, 'Noto Sans', sans-serif, 'Apple Color Emoji', 'Segoe UI Emoji', 'Segoe UI Symbol', 'Noto Color Emoji';\" data-path-to-node=\"10,1,1,2\">.<\/span><\/p>\n<\/li>\n<li>\n<p data-path-to-node=\"10,2,1\"><span data-path-to-node=\"10,2,1,0\"><b><span class=\"citation-86\">Certificeret sikkerhed:<\/span><\/b><span class=\"citation-86\"> Testet for ftalater og bly, hvilket g\u00f8r den sikker til daglig brug<\/span><\/span><span data-path-to-node=\"10,2,1,2\">.<\/span><\/p>\n<\/li>\n<li>\n<p data-path-to-node=\"10,3,1\"><span data-path-to-node=\"10,3,1,0\"><b><span class=\"citation-85\">Praktisk st\u00f8rrelse:<\/span><\/b><span class=\"citation-85\"> Mellem shopperst\u00f8rrelse (38 x 42 x 8 cm) med komfortable h\u00e5ndtag<\/span><\/span><span data-path-to-node=\"10,3,1,2\">.<\/span><\/p>\n<\/li>\n<\/ul>","protected":false},"featured_media":6329,"comment_status":"closed","ping_status":"closed","template":"","meta":[],"product_brand":[],"product_cat":[131],"product_tag":[],"class_list":{"0":"post-6077","1":"product","2":"type-product","3":"status-publish","4":"has-post-thumbnail","6":"product_cat-custom-bags-totes","8":"first","9":"instock","10":"shipping-taxable","11":"purchasable","12":"product-type-simple"},"_links":{"self":[{"href":"https:\/\/displayproducts.eu\/da\/wp-json\/wp\/v2\/product\/6077","targetHints":{"allow":["GET"]}}],"collection":[{"href":"https:\/\/displayproducts.eu\/da\/wp-json\/wp\/v2\/product"}],"about":[{"href":"https:\/\/displayproducts.eu\/da\/wp-json\/wp\/v2\/types\/product"}],"replies":[{"embeddable":true,"href":"https:\/\/displayproducts.eu\/da\/wp-json\/wp\/v2\/comments?post=6077"}],"wp:featuredmedia":[{"embeddable":true,"href":"https:\/\/displayproducts.eu\/da\/wp-json\/wp\/v2\/media\/6329"}],"wp:attachment":[{"href":"https:\/\/displayproducts.eu\/da\/wp-json\/wp\/v2\/media?parent=6077"}],"wp:term":[{"taxonomy":"product_brand","embeddable":true,"href":"https:\/\/displayproducts.eu\/da\/wp-json\/wp\/v2\/product_brand?post=6077"},{"taxonomy":"product_cat","embeddable":true,"href":"https:\/\/displayproducts.eu\/da\/wp-json\/wp\/v2\/product_cat?post=6077"},{"taxonomy":"product_tag","embeddable":true,"href":"https:\/\/displayproducts.eu\/da\/wp-json\/wp\/v2\/product_tag?post=6077"}],"curies":[{"name":"wp","href":"https:\/\/api.w.org\/{rel}","templated":true}]}}