{"id":6073,"date":"2025-12-17T15:08:59","date_gmt":"2025-12-17T12:08:59","guid":{"rendered":"https:\/\/wristbandfactory.eu\/?post_type=product&#038;p=6073"},"modified":"2026-04-01T21:52:03","modified_gmt":"2026-04-01T18:52:03","slug":"custom-charity-bracelets-with-printed-backing-cards","status":"publish","type":"product","link":"https:\/\/displayproducts.eu\/da\/p\/custom-charity-bracelets-with-printed-backing-cards\/","title":{"rendered":"Velg\u00f8renhedsarmb\u00e5nd med logo"},"content":{"rendered":"<p data-path-to-node=\"8\">Forvandl et simpelt tilbeh\u00f8r til en kraftfuld bev\u00e6gelse med vores med eget tryk velg\u00f8renhedsarmb\u00e5nd. Disse armb\u00e5nd er specielt designet til NGO&#039;er og sociale kampagner og g\u00e5r ud over standard reklameartikler til at blive et b\u00e6rbart &quot;tak&quot;-symbol til donorer og frivillige. Kombinationen af en behagelig h\u00e5ndledssnor og et brugerdefineret fokuspunkt g\u00f8r dette til en v\u00e6rdifuld genstand for enhver \u00e6del sag.<\/p>\n<p data-path-to-node=\"9\">S\u00e6ttet inkluderer et professionelt trykt bagkort, der forvandler armb\u00e5ndet til et komplet kommunikationsv\u00e6rkt\u00f8j. Denne &quot;detailhandelsklare&quot; tilgang sikrer, at dit budskab leveres klart, uanset om det distribueres ved events, via direct mail eller p\u00e5 salgssteder.<\/p>\n<h2 data-path-to-node=\"10\">N\u00f8glefunktioner<\/h2>\n<ul data-path-to-node=\"11\">\n<li>\n<p data-path-to-node=\"11,0,0\"><b data-path-to-node=\"11,0,0\" data-index-in-node=\"0\">Premium \u00e6stetik:<\/b> I mods\u00e6tning til midlertidige festivalremme bruger disse armb\u00e5nd bl\u00f8de materialer og metalliske detaljer for en smykkelignende fornemmelse.<\/p>\n<\/li>\n<li>\n<p data-path-to-node=\"11,1,1\"><span data-path-to-node=\"11,1,1,0\"><b data-path-to-node=\"11,1,1,0\" data-index-in-node=\"0\"><span class=\"citation-11394\">Specialfremstillede akrylvedh\u00e6ng:<\/span><\/b><span class=\"citation-11394\"> Vi bruger pr\u00e6cisionslasersk\u00e6ring til at skabe charms, der matcher din kampagneidentitet, fra bloddr\u00e5ber til firmalogoer.<\/span><\/span><span data-path-to-node=\"11,1,1,2\">.<\/span><\/p>\n<\/li>\n<li>\n<p data-path-to-node=\"11,2,0\"><b data-path-to-node=\"11,2,0\" data-index-in-node=\"0\">Alsidigt budskabsl\u00e6rred:<\/b> Bagpapiret i stort format (75 \u00d7 160 mm) er trykt p\u00e5 begge sider i fuld CMYK-farve, perfekt til uddannelsesm\u00e6ssigt indhold.<\/p>\n<\/li>\n<li>\n<p data-path-to-node=\"11,3,0\"><b data-path-to-node=\"11,3,0\" data-index-in-node=\"0\">Universel justerbarhed:<\/b> Et glidende knudesystem sikrer en perfekt pasform for alle st\u00f8tter, fra b\u00f8rn til voksne.<\/p>\n<\/li>\n<\/ul>\n<h2 data-path-to-node=\"12\">Specifikationer<\/h2>\n<ul data-path-to-node=\"13\">\n<li>\n<p data-path-to-node=\"13,0,1\"><span data-path-to-node=\"13,0,1,0\"><b data-path-to-node=\"13,0,1,0\" data-index-in-node=\"0\"><span class=\"citation-11393\">Armb\u00e5ndsmateriale:<\/span><\/b><span class=\"citation-11393\"> Bl\u00f8d nylon-\/bomuldssnor med s\u00f8lvfarvede perler<\/span><\/span><span data-path-to-node=\"13,0,1,2\">.<\/span><\/p>\n<\/li>\n<li>\n<p data-path-to-node=\"13,1,0\"><b data-path-to-node=\"13,1,0\" data-index-in-node=\"0\">Vedh\u00e6ngsmateriale:<\/b> Farvet akryl i med eget tryk former.<\/p>\n<\/li>\n<li>\n<p data-path-to-node=\"13,2,0\"><b data-path-to-node=\"13,2,0\" data-index-in-node=\"0\">Kortm\u00e5l:<\/b> 75 mm \u00d7 160 mm (fuldt tilpasselig).<\/p>\n<\/li>\n<li>\n<p data-path-to-node=\"13,3,0\"><b data-path-to-node=\"13,3,0\" data-index-in-node=\"0\">Korttryk:<\/b> Fuld farve (CMYK) p\u00e5 begge sider.<\/p>\n<\/li>\n<li>\n<p data-path-to-node=\"13,4,0\"><b data-path-to-node=\"13,4,0\" data-index-in-node=\"0\">Minimum ordrem\u00e6ngde (MOQ):<\/b> 500 enheder.<\/p>\n<\/li>\n<\/ul>\n<h2 data-path-to-node=\"14\">Brugsscenarier<\/h2>\n<ul data-path-to-node=\"15\">\n<li>\n<p data-path-to-node=\"15,0,0\"><b data-path-to-node=\"15,0,0\" data-index-in-node=\"0\">Sundhedsbevidsthed:<\/b> Ideel til bloddonationscentre, kr\u00e6ftforskningsfonde og initiativer inden for mental sundhed.<\/p>\n<\/li>\n<li>\n<p data-path-to-node=\"15,1,0\"><b data-path-to-node=\"15,1,0\" data-index-in-node=\"0\">Indsamlingsvarer:<\/b> En holdbar og attraktiv vare, som velg\u00f8renhedsorganisationer kan s\u00e6lge som et fundraisingv\u00e6rkt\u00f8j med h\u00f8j margin.<\/p>\n<\/li>\n<li>\n<p data-path-to-node=\"15,2,0\"><b data-path-to-node=\"15,2,0\" data-index-in-node=\"0\">Virksomhedens CSR:<\/b> Meningsfulde gaver til medarbejdere, der deltager i samfundstjeneste eller projekter med social indflydelse.<\/p>\n<\/li>\n<li>\n<p data-path-to-node=\"15,3,1\"><span data-path-to-node=\"15,3,1,0\"><b data-path-to-node=\"15,3,1,0\" data-index-in-node=\"0\"><span class=\"citation-11392\">Mindev\u00e6rdige begivenhedsminder:<\/span><\/b><span class=\"citation-11392\"> B\u00e6redygtige souvenirs til gallamiddage, velg\u00f8renhedsl\u00f8b eller topm\u00f8der for interessevaretagelse<\/span><\/span><span data-path-to-node=\"15,3,1,2\">.<\/span><\/p>\n<\/li>\n<\/ul>","protected":false},"excerpt":{"rendered":"<ul>\n<li>\n<p data-path-to-node=\"7,0,0\"><b data-path-to-node=\"7,0,0\" data-index-in-node=\"0\">Pr\u00e6sentation klar til detailhandel:<\/b> Hvert armb\u00e5nd er formonteret p\u00e5 et 75 \u00d7 160 mm fuldfarvet bagsidekarton, hvilket giver rigelig plads til kampagnefort\u00e6lling eller QR-koder.<\/p>\n<\/li>\n<li>\n<p data-path-to-node=\"7,1,1\"><span data-path-to-node=\"7,1,1,0\"><b data-path-to-node=\"7,1,1,0\" data-index-in-node=\"0\"><span class=\"citation-11395\">Fuldt tilpasselige charms:<\/span><\/b><span class=\"citation-11395\"> Har et lasersk\u00e5ret akrylvedh\u00e6ng, der f\u00e5s i enhver form eller farve, s\u00e5som opm\u00e6rksomhedsb\u00e5nd eller logoer<\/span><\/span><span data-path-to-node=\"7,1,1,2\">.<\/span><\/p>\n<\/li>\n<li>\n<p data-path-to-node=\"7,2,0\"><b data-path-to-node=\"7,2,0\" data-index-in-node=\"0\">Smykkekvalitetsfinish:<\/b> Konstrueret med bl\u00f8d nylon- eller bomuldssnor og raffinerede s\u00f8lvtonede perler, designet til langvarig daglig brug.<\/p>\n<\/li>\n<li>\n<p data-path-to-node=\"7,3,0\"><b data-path-to-node=\"7,3,0\" data-index-in-node=\"0\">Effektivt B2B-v\u00e6rkt\u00f8j:<\/b> Ideel til sundhedsorganisationer, NGO&#039;er og virksomheders CSR-initiativer med en minimumsbestilling p\u00e5 500 enheder.<\/p>\n<\/li>\n<\/ul>","protected":false},"featured_media":6074,"comment_status":"closed","ping_status":"closed","template":"","meta":[],"product_brand":[],"product_cat":[122,45],"product_tag":[],"class_list":{"0":"post-6073","1":"product","2":"type-product","3":"status-publish","4":"has-post-thumbnail","6":"product_cat-promotional-accessories","7":"product_cat-other","9":"first","10":"instock","11":"shipping-taxable","12":"purchasable","13":"product-type-simple"},"_links":{"self":[{"href":"https:\/\/displayproducts.eu\/da\/wp-json\/wp\/v2\/product\/6073","targetHints":{"allow":["GET"]}}],"collection":[{"href":"https:\/\/displayproducts.eu\/da\/wp-json\/wp\/v2\/product"}],"about":[{"href":"https:\/\/displayproducts.eu\/da\/wp-json\/wp\/v2\/types\/product"}],"replies":[{"embeddable":true,"href":"https:\/\/displayproducts.eu\/da\/wp-json\/wp\/v2\/comments?post=6073"}],"wp:featuredmedia":[{"embeddable":true,"href":"https:\/\/displayproducts.eu\/da\/wp-json\/wp\/v2\/media\/6074"}],"wp:attachment":[{"href":"https:\/\/displayproducts.eu\/da\/wp-json\/wp\/v2\/media?parent=6073"}],"wp:term":[{"taxonomy":"product_brand","embeddable":true,"href":"https:\/\/displayproducts.eu\/da\/wp-json\/wp\/v2\/product_brand?post=6073"},{"taxonomy":"product_cat","embeddable":true,"href":"https:\/\/displayproducts.eu\/da\/wp-json\/wp\/v2\/product_cat?post=6073"},{"taxonomy":"product_tag","embeddable":true,"href":"https:\/\/displayproducts.eu\/da\/wp-json\/wp\/v2\/product_tag?post=6073"}],"curies":[{"name":"wp","href":"https:\/\/api.w.org\/{rel}","templated":true}]}}