{"id":6068,"date":"2025-12-17T14:59:31","date_gmt":"2025-12-17T11:59:31","guid":{"rendered":"https:\/\/wristbandfactory.eu\/?post_type=product&#038;p=6068"},"modified":"2026-04-01T21:52:35","modified_gmt":"2026-04-01T18:52:35","slug":"custom-embroidered-sleeve-patches-with-velcro","status":"publish","type":"product","link":"https:\/\/displayproducts.eu\/da\/p\/custom-embroidered-sleeve-patches-with-velcro\/","title":{"rendered":"Broderede stofm\u00e6rker med velcro"},"content":{"rendered":"<p data-path-to-node=\"11\">Udstyr dit hold, din enhed eller din klub med <b>Med eget tryk broderede \u00e6rmem\u00e6rker<\/b>. Disse m\u00e6rker er designet til holdbarhed og prestige og er standardvalget for milit\u00e6re enheder, sikkerhedsfirmaer og airsoft-hold, der kr\u00e6ver professionel identifikation, der nemt kan fastg\u00f8res eller fjernes.<\/p>\n<p data-path-to-node=\"12\">Et godt eksempel p\u00e5 vores h\u00e5ndv\u00e6rk er emblemet, der er skabt til <b>Logistikbataljonsreservister<\/b>. Denne 80\u00d790 mm-m\u00e6rke har en majest\u00e6tisk gylden drage broderet p\u00e5 en dyb lilla baggrund. Vi brugte h\u00f8j kvalitet <b>metallisk guldtr\u00e5d<\/b> at fremh\u00e6ve dragens indviklede detaljer, der symboliserer magt og ekspertise.<\/p>\n<h2 data-path-to-node=\"13\">N\u00f8glefunktioner<\/h2>\n<ul data-path-to-node=\"14\">\n<li>\n<p data-path-to-node=\"14,0,0\"><b>Velcrobagside:<\/b> M\u00e6rkerne leveres med en st\u00e6rk velcro (p\u00e5 krogsiden) syet p\u00e5 bagsiden, hvilket muligg\u00f8r \u00f8jeblikkelig fastg\u00f8relse til uniformer, taktiske veste eller rygs\u00e6kke.<\/p>\n<\/li>\n<li>\n<p data-path-to-node=\"14,1,0\"><b>Premium-tr\u00e5de:<\/b> Vi tilbyder et bredt udvalg af tr\u00e5dfarver, herunder metalliske muligheder (guld, s\u00f8lv) for at f\u00e5 specifikke designelementer til at fremst\u00e5 i kontrast til baggrunden.<\/p>\n<\/li>\n<li>\n<p data-path-to-node=\"14,2,0\"><b>Forst\u00e6rkede kanter:<\/b> F\u00e6rdig med en robust sort <b>merrowed gr\u00e6nse<\/b> (overlocks\u00f8m), der forhindrer flosning og indrammer designet perfekt.<\/p>\n<\/li>\n<li>\n<p data-path-to-node=\"14,3,0\"><b>Alsidig anvendelse:<\/b> Ideel til at identificere rang, enhed eller afdeling uden at \u00e6ndre bekl\u00e6dningsgenstanden permanent.<\/p>\n<\/li>\n<\/ul>\n<h2 data-path-to-node=\"15\">Specifikationer<\/h2>\n<ul data-path-to-node=\"16\">\n<li>\n<p data-path-to-node=\"16,0,0\"><b>Standardst\u00f8rrelse:<\/b> Brugerdefineret (f.eks. 80 \u00d7 90 mm).<\/p>\n<\/li>\n<li>\n<p data-path-to-node=\"16,1,0\"><b>Materiale:<\/b> Bund af twillstof med broderitr\u00e5de i polyester\/rayon.<\/p>\n<\/li>\n<li>\n<p data-path-to-node=\"16,2,0\"><b>Bagside:<\/b> Velcro (hook &amp; loop) eller stryge-p\u00e5 \/ sy-p\u00e5.<\/p>\n<\/li>\n<li>\n<p data-path-to-node=\"16,3,0\"><b>Gr\u00e6nse:<\/b> Flerkantet kant (standard) eller lasersk\u00e5ret (til komplekse former).<\/p>\n<\/li>\n<li>\n<p data-path-to-node=\"16,4,0\"><b>D\u00e6kning:<\/b> Op til 100% broderid\u00e6kning tilg\u00e6ngelig.<\/p>\n<\/li>\n<li>\n<p data-path-to-node=\"16,5,0\"><b>MOQ:<\/b> 50 enheder.<\/p>\n<\/li>\n<\/ul>\n<h2 data-path-to-node=\"17\">Brugsscenarier<\/h2>\n<ul data-path-to-node=\"18\">\n<li>\n<p data-path-to-node=\"18,0,0\"><b>Milit\u00e6r og forsvar:<\/b> Enhedsinsignier og rangm\u00e6rker (som eksemplet med Logistikbataljonen).<\/p>\n<\/li>\n<li>\n<p data-path-to-node=\"18,1,0\"><b>Sikkerhedsfirmaer:<\/b> Ensartet branding, der kan byttes mellem jakker og skjorter.<\/p>\n<\/li>\n<li>\n<p data-path-to-node=\"18,2,0\"><b>Airsoft og paintball:<\/b> Holdm\u00e6rker og moralm\u00e6rker.<\/p>\n<\/li>\n<li>\n<p data-path-to-node=\"18,3,0\"><b>Arbejdst\u00f8j:<\/b> Holdbar branding til mekanikere, byggefirmaer og logistikpersonale.<\/p>\n<\/li>\n<\/ul>","protected":false},"excerpt":{"rendered":"<ul>\n<li>\n<p data-path-to-node=\"10,0,0\"><b>Vedh\u00e6ftet fil:<\/b> Holdbar velcro (hook &amp; loop) bagside for nem afmontering og udskiftning.<\/p>\n<\/li>\n<li>\n<p data-path-to-node=\"10,1,0\"><b>Detaljering:<\/b> Broderi med h\u00f8j t\u00e6thed med standard- eller metalliske tr\u00e5de (f.eks. guld).<\/p>\n<\/li>\n<li>\n<p data-path-to-node=\"10,2,0\"><b>Kantfinish:<\/b> Merrowed (overlockede) kanter for holdbarhed og et professionelt udseende.<\/p>\n<\/li>\n<li>\n<p data-path-to-node=\"10,3,0\"><b>Tilpasning:<\/b> Fuldt med eget tryk former og st\u00f8rrelser (eksempel: 80x90 mm).<\/p>\n<\/li>\n<\/ul>","protected":false},"featured_media":6331,"comment_status":"closed","ping_status":"closed","template":"","meta":[],"product_brand":[],"product_cat":[124,122],"product_tag":[],"class_list":{"0":"post-6068","1":"product","2":"type-product","3":"status-publish","4":"has-post-thumbnail","6":"product_cat-id-solutions","7":"product_cat-promotional-accessories","9":"first","10":"instock","11":"shipping-taxable","12":"purchasable","13":"product-type-simple"},"_links":{"self":[{"href":"https:\/\/displayproducts.eu\/da\/wp-json\/wp\/v2\/product\/6068","targetHints":{"allow":["GET"]}}],"collection":[{"href":"https:\/\/displayproducts.eu\/da\/wp-json\/wp\/v2\/product"}],"about":[{"href":"https:\/\/displayproducts.eu\/da\/wp-json\/wp\/v2\/types\/product"}],"replies":[{"embeddable":true,"href":"https:\/\/displayproducts.eu\/da\/wp-json\/wp\/v2\/comments?post=6068"}],"wp:featuredmedia":[{"embeddable":true,"href":"https:\/\/displayproducts.eu\/da\/wp-json\/wp\/v2\/media\/6331"}],"wp:attachment":[{"href":"https:\/\/displayproducts.eu\/da\/wp-json\/wp\/v2\/media?parent=6068"}],"wp:term":[{"taxonomy":"product_brand","embeddable":true,"href":"https:\/\/displayproducts.eu\/da\/wp-json\/wp\/v2\/product_brand?post=6068"},{"taxonomy":"product_cat","embeddable":true,"href":"https:\/\/displayproducts.eu\/da\/wp-json\/wp\/v2\/product_cat?post=6068"},{"taxonomy":"product_tag","embeddable":true,"href":"https:\/\/displayproducts.eu\/da\/wp-json\/wp\/v2\/product_tag?post=6068"}],"curies":[{"name":"wp","href":"https:\/\/api.w.org\/{rel}","templated":true}]}}