{"id":5985,"date":"2025-12-16T16:19:40","date_gmt":"2025-12-16T13:19:40","guid":{"rendered":"https:\/\/wristbandfactory.eu\/?post_type=product&#038;p=5985"},"modified":"2026-04-01T21:52:35","modified_gmt":"2026-04-01T18:52:35","slug":"custom-knitted-socks-with-logo-cotton-bamboo-merino-sports","status":"publish","type":"product","link":"https:\/\/displayproducts.eu\/da\/p\/custom-knitted-socks-with-logo-cotton-bamboo-merino-sports\/","title":{"rendered":"Strikkede str\u00f8mper med logo"},"content":{"rendered":"<p data-path-to-node=\"10\">Forvandl et hverdagsprodukt til dit brands mest popul\u00e6re merchandise. <b>Specialfremstillede strikkede sokker<\/b> er ikke bare trykt; de er skabt fra bunden ved hj\u00e6lp af Jacquard-v\u00e6vningsteknologi. Det betyder, at dit logo og design strikkes direkte ind i stoffet med op til 5 forskellige garnfarver, hvilket sikrer, at designet aldrig skaller af eller falmer.<\/p>\n<p data-path-to-node=\"11\">Uanset om du har brug for professionelle firmagaver, h\u00f8jtydende sportsudstyr eller milj\u00f8bevidste varer, d\u00e6kker vores produktionskapaciteter ethvert behov med lave minimumsm\u00e6ngder.<\/p>\n<h2 data-path-to-node=\"12\">Materialemuligheder<\/h2>\n<p data-path-to-node=\"13\">Vi tilbyder forskellige materialeblandinger, der passer til dit specifikke form\u00e5l:<\/p>\n<ul data-path-to-node=\"14\">\n<li>\n<p data-path-to-node=\"14,0,0\"><b>Klassisk bomuldsblanding:<\/b> Branchestandarden for komfort og holdbarhed. Ideel til daglig brug og giveaways.<\/p>\n<ul data-path-to-node=\"14,0,1\">\n<li>\n<p data-path-to-node=\"14,0,1,0,0\"><i>Sammens\u00e6tning:<\/i> 68% bomuld, 29% polyester, 3% spandex (standard) eller 80% bomuldsblandinger til EU-produktion.<\/p>\n<\/li>\n<\/ul>\n<\/li>\n<li>\n<p data-path-to-node=\"14,1,0\"><b>Premium bambus:<\/b> Et b\u00e6redygtigt, bl\u00f8dere valg, der er naturligt allergivenligt.<\/p>\n<ul data-path-to-node=\"14,1,1\">\n<li>\n<p data-path-to-node=\"14,1,1,0,0\"><i>Sammens\u00e6tning:<\/i> 65% bambus, 25% bomuld, 8% polyester, 2% elastan.<\/p>\n<\/li>\n<\/ul>\n<\/li>\n<li>\n<p data-path-to-node=\"14,2,0\"><b>Merinould (vinter og vandreture):<\/b> Bl\u00f8d, \u00e5ndbar og lugtabsorberende. Perfekt til udend\u00f8rsm\u00e6rker og vintergaver.<\/p>\n<ul data-path-to-node=\"14,2,1\">\n<li>\n<p data-path-to-node=\"14,2,1,0,0\"><i>Sammens\u00e6tning:<\/i> 43% merinould, 25% polyamid, 29% akryl, 3% elastan.<\/p>\n<\/li>\n<\/ul>\n<\/li>\n<li>\n<p data-path-to-node=\"14,3,0\"><b>Blanding af pr\u00e6stationssport:<\/b> Meget slidst\u00e6rke blandinger designet til l\u00f8b og fodbold.<\/p>\n<ul data-path-to-node=\"14,3,1\">\n<li>\n<p data-path-to-node=\"14,3,1,0,0\"><i>Sammens\u00e6tning:<\/i> Polyamid\/bomuld\/elastan-blandinger med mesh-ventilation.<\/p>\n<\/li>\n<\/ul>\n<\/li>\n<\/ul>\n<h2 data-path-to-node=\"15\">Tilg\u00e6ngelige stilarter og snit<\/h2>\n<p data-path-to-node=\"16\">Du kan anvende dit design p\u00e5 alle f\u00f8lgende udsk\u00e6ringer:<\/p>\n<ul data-path-to-node=\"17\">\n<li>\n<p data-path-to-node=\"17,0,0\"><b>Crew-sokker:<\/b> Den klassiske l\u00e6ngde til midt p\u00e5 l\u00e6ggen. F\u00e5s i alle materialer.<\/p>\n<\/li>\n<li>\n<p data-path-to-node=\"17,1,0\"><b>Ankel- og usynlige sokker:<\/b> Diskrete og moderne snit, perfekt til sommer eller sneakers.<\/p>\n<\/li>\n<li>\n<p data-path-to-node=\"17,2,0\"><b>Sports- og tennissokker:<\/b> Funktioner <b>360\u00b0 svangst\u00f8tte<\/b> og valgfrie polstrede (halvfrott\u00e9) s\u00e5ler til st\u00f8dabsorbering.<\/p>\n<\/li>\n<li>\n<p data-path-to-node=\"17,3,0\"><b>L\u00f8besokker:<\/b> Avanceret strikning med \u00e5ndbart mesh p\u00e5 den \u00f8verste forfod og pique-strikning p\u00e5 benet.<\/p>\n<\/li>\n<li>\n<p data-path-to-node=\"17,4,0\"><b>Fodboldsokker:<\/b> L\u00e6ngde til over l\u00e6ggen med mesh-paneler p\u00e5 l\u00e6ggen og overs\u00e5l.<\/p>\n<\/li>\n<li>\n<p data-path-to-node=\"17,5,0\"><b>Yoga og skridsikker:<\/b> Har skridsikre silikonegreb p\u00e5 s\u00e5len i dit med eget tryk m\u00f8nster. F\u00e5s i hel eller t\u00e5l\u00f8s design.<\/p>\n<\/li>\n<\/ul>\n<h2 data-path-to-node=\"18\">Specifikationer<\/h2>\n<ul data-path-to-node=\"19\">\n<li>\n<p data-path-to-node=\"19,0,0\"><b>Strikningsteknologi:<\/b> Jacquard (m\u00f8nster v\u00e6vet ind i stoffet).<\/p>\n<\/li>\n<li>\n<p data-path-to-node=\"19,1,0\"><b>Farver:<\/b> Op til 5 farver pr. design.<\/p>\n<\/li>\n<li>\n<p data-path-to-node=\"19,2,0\"><b>Minimum ordrem\u00e6ngde (MOQ):<\/b> Starter fra <b>25 par<\/b> for udvalgte sportsmodeller og <b>50 par<\/b> til standarddesign.<\/p>\n<\/li>\n<li>\n<p data-path-to-node=\"19,3,0\"><b>St\u00f8rrelser:<\/b> One-size-fits-most eller specifikke st\u00f8rrelsesintervaller tilg\u00e6ngelige.<\/p>\n<\/li>\n<li>\n<p data-path-to-node=\"19,4,0\"><b>Emballage:<\/b> Valgfrie med eget tryk papirm\u00e6rker i fuld farve. <i>Bem\u00e6rk: For flere st\u00f8rrelser med samme m\u00e6rkedesign bruges st\u00f8rrelsesklisterm\u00e6rker for at reducere omkostningerne.<\/i><\/p>\n<\/li>\n<li>\n<p data-path-to-node=\"19,5,0\"><b>Designbem\u00e6rkning:<\/b> Venstre og h\u00f8jre sokker kan have forskellige designs (der p\u00e5l\u00f8ber et ekstra gebyr). Logoer p\u00e5 ydersiden af begge ben betragtes som separate designs p\u00e5 grund af orientering.<\/p>\n<\/li>\n<\/ul>\n<h2 data-path-to-node=\"20\">Brugsscenarier<\/h2>\n<ul data-path-to-node=\"21\">\n<li>\n<p data-path-to-node=\"21,0,0\"><b>Firmagaver:<\/b> Sjove og praktiske kontorgaver, som medarbejderne rent faktisk bruger.<\/p>\n<\/li>\n<li>\n<p data-path-to-node=\"21,1,0\"><b>Sportshold:<\/b> Med eget tryk fodbold-, basketball- og l\u00f8betr\u00f8kker med holdets farver.<\/p>\n<\/li>\n<li>\n<p data-path-to-node=\"21,2,0\"><b>Detailhandel og merchandise:<\/b> Genbrugsvarer af h\u00f8j kvalitet til bands, influencere og t\u00f8jm\u00e6rker.<\/p>\n<\/li>\n<li>\n<p data-path-to-node=\"21,3,0\"><b>Wellness-studier:<\/b> Skridsikre sokker med m\u00e6rkevarelogo til yoga- og pilatestimer.<\/p>\n<\/li>\n<\/ul>\n<p data-path-to-node=\"22\">","protected":false},"excerpt":{"rendered":"<ul>\n<li>\n<p data-path-to-node=\"9,0,0\"><b>Jacquardstrikning:<\/b> Dit design v\u00e6ves direkte ind i stoffet (op til 5 farver) for holdbarhed og et f\u00f8rsteklasses udseende.<\/p>\n<\/li>\n<li>\n<p data-path-to-node=\"9,1,0\"><b>Materialevalg:<\/b> F\u00e5s i standard bomuld, milj\u00f8venlig bambus eller varm merinould.<\/p>\n<\/li>\n<li>\n<p data-path-to-node=\"9,2,0\"><b>Alsidige stilarter:<\/b> Muligheder for yoga med rund hals, ankel, no-show, sport (svangst\u00f8tte) og skridsikre yoga.<\/p>\n<\/li>\n<li>\n<p data-path-to-node=\"9,3,0\"><b>Med eget tryk tags:<\/b> Valgfrie papirm\u00e6rker eller klisterm\u00e6rker i fuld farve til detailhandelsklar emballage.<\/p>\n<\/li>\n<\/ul>","protected":false},"featured_media":6670,"comment_status":"closed","ping_status":"closed","template":"","meta":[],"product_brand":[],"product_cat":[129],"product_tag":[],"class_list":{"0":"post-5985","1":"product","2":"type-product","3":"status-publish","4":"has-post-thumbnail","6":"product_cat-leisure-lifestyle","8":"first","9":"instock","10":"shipping-taxable","11":"product-type-simple"},"_links":{"self":[{"href":"https:\/\/displayproducts.eu\/da\/wp-json\/wp\/v2\/product\/5985","targetHints":{"allow":["GET"]}}],"collection":[{"href":"https:\/\/displayproducts.eu\/da\/wp-json\/wp\/v2\/product"}],"about":[{"href":"https:\/\/displayproducts.eu\/da\/wp-json\/wp\/v2\/types\/product"}],"replies":[{"embeddable":true,"href":"https:\/\/displayproducts.eu\/da\/wp-json\/wp\/v2\/comments?post=5985"}],"wp:featuredmedia":[{"embeddable":true,"href":"https:\/\/displayproducts.eu\/da\/wp-json\/wp\/v2\/media\/6670"}],"wp:attachment":[{"href":"https:\/\/displayproducts.eu\/da\/wp-json\/wp\/v2\/media?parent=5985"}],"wp:term":[{"taxonomy":"product_brand","embeddable":true,"href":"https:\/\/displayproducts.eu\/da\/wp-json\/wp\/v2\/product_brand?post=5985"},{"taxonomy":"product_cat","embeddable":true,"href":"https:\/\/displayproducts.eu\/da\/wp-json\/wp\/v2\/product_cat?post=5985"},{"taxonomy":"product_tag","embeddable":true,"href":"https:\/\/displayproducts.eu\/da\/wp-json\/wp\/v2\/product_tag?post=5985"}],"curies":[{"name":"wp","href":"https:\/\/api.w.org\/{rel}","templated":true}]}}