{"id":5963,"date":"2025-12-16T15:28:54","date_gmt":"2025-12-16T12:28:54","guid":{"rendered":"https:\/\/wristbandfactory.eu\/?post_type=product&#038;p=5963"},"modified":"2026-04-01T21:52:35","modified_gmt":"2026-04-01T18:52:35","slug":"custom-printed-bucket-hats-polyester-reversible-corduroy","status":"publish","type":"product","link":"https:\/\/displayproducts.eu\/da\/p\/custom-printed-bucket-hats-polyester-reversible-corduroy\/","title":{"rendered":"B\u00f8llehatte med tryk"},"content":{"rendered":"<p data-path-to-node=\"11\"><b>Ikonisk hovedbekl\u00e6dning for maksimal brandeksponering<\/b> Vores <b>Med eget tryk trykte b\u00f8llehatte<\/b> er det ultimative sommertilbeh\u00f8r til festivaler, udend\u00f8rsarrangementer og firmakollektioner af merchandise. Uanset om du har brug for en omkostningseffektiv giveaway eller en detailvare af h\u00f8j kvalitet, d\u00e6kker vores sortiment ethvert behov med levende fuldfarvetryk og f\u00f8rsteklasses stofmuligheder.<\/p>\n<p data-path-to-node=\"12\"><b>Tilg\u00e6ngelige modeller og stilarter<\/b><\/p>\n<ul data-path-to-node=\"13\">\n<li>\n<p data-path-to-node=\"13,0,0\"><b>Standard fuldfarvet (polyester)<\/b><\/p>\n<ul data-path-to-node=\"13,0,1\">\n<li>\n<p data-path-to-node=\"13,0,1,0,0\"><b>Letv\u00e6gts:<\/b> 150 gsm polyester. Perfekt til varme sommerdage og massefremst\u00f8d.<\/p>\n<\/li>\n<li>\n<p data-path-to-node=\"13,0,1,1,0\"><b>Sv\u00e6rv\u00e6gt:<\/b>\u00a0260 g\/m\u00b2 polyester. En mere robust og struktureret fornemmelse for h\u00f8jere opfattet v\u00e6rdi.<\/p>\n<\/li>\n<li>\n<p data-path-to-node=\"13,0,1,2,0\"><b>Detaljer:<\/b> Trykt p\u00e5 ydersiden og den indvendige skygge. Sort svedb\u00e5nd medf\u00f8lger.<\/p>\n<\/li>\n<\/ul>\n<\/li>\n<li>\n<p data-path-to-node=\"13,1,0\"><b>Vendbare \u201c2-i-1\u201d hatte<\/b><\/p>\n<ul data-path-to-node=\"13,1,1\">\n<li>\n<p data-path-to-node=\"13,1,1,0,0\"><b>(150 g\/m\u00b2) og (260 g\/m\u00b2):<\/b> Dobbelt s\u00e5 branding-effekt! Disse hatte er fuldt vendbare, hvilket giver mulighed for to helt forskellige designs p\u00e5 indersiden og ydersiden. Vend blot hatten p\u00e5 vrangen for at f\u00e5 et nyt look.<\/p>\n<\/li>\n<\/ul>\n<\/li>\n<li>\n<p data-path-to-node=\"13,2,0\"><b>Premium tekstur (fl\u00f8jlsbukser)<\/b><\/p>\n<ul data-path-to-node=\"13,2,1\">\n<li>\n<p data-path-to-node=\"13,2,1,0,0\"><b>Klassisk fl\u00f8jlsbukser:<\/b> 210 g\/m\u00b2 stof med en tydelig ribbet tekstur. Mellem profil.<\/p>\n<\/li>\n<li>\n<p data-path-to-node=\"13,2,1,1,0\"><b>Bomuldsfl\u00f8jl:<\/b> 200 gsm bomuldsblanding for en bl\u00f8dere og naturlig fornemmelse.<\/p>\n<\/li>\n<li>\n<p data-path-to-node=\"13,2,1,2,0\"><b>Stil:<\/b> Retro-inspireret look, perfekt til moderigtige m\u00e6rker og streetwear.<\/p>\n<\/li>\n<\/ul>\n<\/li>\n<li>\n<p data-path-to-node=\"13,3,0\"><b>Specialmuligheder<\/b><\/p>\n<ul data-path-to-node=\"13,3,1\">\n<li>\n<p data-path-to-node=\"13,3,1,0,0\"><b>Stor kant:<\/b> 200 gsm polyester med forl\u00e6nget skygge for ekstra solbeskyttelse.<\/p>\n<\/li>\n<li>\n<p data-path-to-node=\"13,3,1,1,0\"><b>Broderet mulighed:<\/b> 170 g\/m\u00b2 polyester specielt designet til broderi eller spotprint.<\/p>\n<\/li>\n<\/ul>\n<\/li>\n<\/ul>\n<p data-path-to-node=\"14\"><b>Specifikationer og st\u00f8rrelser<\/b><\/p>\n<ul data-path-to-node=\"15\">\n<li>\n<p data-path-to-node=\"15,0,0\"><b>Trykning:<\/b> Fuld CMYK-sublimering (polyestermodeller). Giver mulighed for fotorealistiske designs og m\u00f8nstre over hele overfladen.<\/p>\n<\/li>\n<li>\n<p data-path-to-node=\"15,1,0\"><b>St\u00f8rrelser:<\/b><\/p>\n<ul data-path-to-node=\"15,1,1\">\n<li>\n<p data-path-to-node=\"15,1,1,0,0\"><b>B\u00f8rn:<\/b> 55 cm<\/p>\n<\/li>\n<li>\n<p data-path-to-node=\"15,1,1,1,0\"><b>Standard voksen:<\/b> 58 cm (Passer de fleste kvinder og m\u00e6nd)<\/p>\n<\/li>\n<li>\n<p data-path-to-node=\"15,1,1,2,0\"><b>Stor voksen:<\/b> 60 cm (Afslappet pasform)<\/p>\n<\/li>\n<\/ul>\n<\/li>\n<li>\n<p data-path-to-node=\"15,2,0\"><b>Ventilation:<\/b> Syede matchende sn\u00f8rehuller (p\u00e5 standard polyestermodeller) sikrer \u00e5ndbarhed under varme begivenheder.<\/p>\n<\/li>\n<li>\n<p data-path-to-node=\"15,3,0\"><b>Randbredde:<\/b> Standardmuligheder p\u00e5 5,5 cm eller 7,5 cm (afh\u00e6ngigt af model).<\/p>\n<\/li>\n<\/ul>\n<p data-path-to-node=\"16\"><b>Brugsscenarier<\/b><\/p>\n<ul data-path-to-node=\"17\">\n<li>\n<p data-path-to-node=\"17,0,0\"><b>Festivaler og koncerter:<\/b> Synlighedsvarer som fans elsker at have p\u00e5.<\/p>\n<\/li>\n<li>\n<p data-path-to-node=\"17,1,0\"><b>Sportshold:<\/b> Ensartet udseende for supportere og klubmedlemmer.<\/p>\n<\/li>\n<li>\n<p data-path-to-node=\"17,2,0\"><b>Studenterarrangementer:<\/b> Introduktionsdage og universitetsmerchandise.<\/p>\n<\/li>\n<\/ul>","protected":false},"excerpt":{"rendered":"<ul>\n<li>\n<p data-path-to-node=\"9,0,0\"><b>Bredt udvalg:<\/b> V\u00e6lg mellem let (150 gsm) eller kraftig (260 gsm) polyester, vendbare modeller eller trendy corduroy.<\/p>\n<\/li>\n<li>\n<p data-path-to-node=\"9,1,0\"><b>Fuld tilpasning:<\/b> Kant-til-kant CMYK-sublimeringsprint for ubegr\u00e6nsede farver og m\u00f8nstre.<\/p>\n<\/li>\n<li>\n<p data-path-to-node=\"9,2,0\"><b>Perfekt pasform:<\/b> F\u00e5s i st\u00f8rrelser til b\u00f8rn (55 cm), voksne (58 cm) og store (60 cm).<\/p>\n<\/li>\n<li>\n<p data-path-to-node=\"9,3,0\"><b>Alsidig:<\/b> Ideel til sommerfestivaler, sportsvarer og streetwear-m\u00e6rker.<\/p>\n<\/li>\n<\/ul>","protected":false},"featured_media":6365,"comment_status":"closed","ping_status":"closed","template":"","meta":[],"product_brand":[],"product_cat":[130],"product_tag":[],"class_list":{"0":"post-5963","1":"product","2":"type-product","3":"status-publish","4":"has-post-thumbnail","6":"product_cat-custom-headwear","8":"first","9":"instock","10":"shipping-taxable","11":"purchasable","12":"product-type-simple"},"_links":{"self":[{"href":"https:\/\/displayproducts.eu\/da\/wp-json\/wp\/v2\/product\/5963","targetHints":{"allow":["GET"]}}],"collection":[{"href":"https:\/\/displayproducts.eu\/da\/wp-json\/wp\/v2\/product"}],"about":[{"href":"https:\/\/displayproducts.eu\/da\/wp-json\/wp\/v2\/types\/product"}],"replies":[{"embeddable":true,"href":"https:\/\/displayproducts.eu\/da\/wp-json\/wp\/v2\/comments?post=5963"}],"wp:featuredmedia":[{"embeddable":true,"href":"https:\/\/displayproducts.eu\/da\/wp-json\/wp\/v2\/media\/6365"}],"wp:attachment":[{"href":"https:\/\/displayproducts.eu\/da\/wp-json\/wp\/v2\/media?parent=5963"}],"wp:term":[{"taxonomy":"product_brand","embeddable":true,"href":"https:\/\/displayproducts.eu\/da\/wp-json\/wp\/v2\/product_brand?post=5963"},{"taxonomy":"product_cat","embeddable":true,"href":"https:\/\/displayproducts.eu\/da\/wp-json\/wp\/v2\/product_cat?post=5963"},{"taxonomy":"product_tag","embeddable":true,"href":"https:\/\/displayproducts.eu\/da\/wp-json\/wp\/v2\/product_tag?post=5963"}],"curies":[{"name":"wp","href":"https:\/\/api.w.org\/{rel}","templated":true}]}}