{"id":5938,"date":"2025-12-16T15:04:12","date_gmt":"2025-12-16T12:04:12","guid":{"rendered":"https:\/\/wristbandfactory.eu\/?post_type=product&#038;p=5938"},"modified":"2026-04-01T21:52:35","modified_gmt":"2026-04-01T18:52:35","slug":"custom-printed-multifunctional-multiscarfs-tubular-bandanas","status":"publish","type":"product","link":"https:\/\/displayproducts.eu\/da\/p\/custom-printed-multifunctional-multiscarfs-tubular-bandanas\/","title":{"rendered":"Multit\u00f8rkl\u00e6der med logo"},"content":{"rendered":"<p data-path-to-node=\"7\">F\u00e5 maksimal synlighed af dit brand med vores med eget tryk trykte multit\u00f8rkl\u00e6der, det ultimative multifunktionelle tilbeh\u00f8r til en aktiv livsstil. Disse s\u00f8ml\u00f8se tuberformede bandanaer eller halsedisser er ogs\u00e5 kendt som r\u00f8rformede bandanaer og designet til komfort og anvendelighed i al slags vejr. Uanset om det er til et maratonl\u00f8b, et skisportssted eller en sommertur for virksomheder, forbliver dit brand i centrum.<\/p>\n<p data-path-to-node=\"8\">Vores multit\u00f8rkl\u00e6der er fremstillet af h\u00f8jkvalitetsstoffer, der er skr\u00e6ddersyet til dit specifikke milj\u00f8. Fra lette, \u00e5ndbare mikrofibre til specialiseret fugttransporterende teknologi leverer vi det perfekte l\u00e6rred til din organisations identitet.<\/p>\n<h2 data-path-to-node=\"9\">N\u00f8glefunktioner<\/h2>\n<ul data-path-to-node=\"10\">\n<li>\n<p data-path-to-node=\"10,0,0\"><b data-path-to-node=\"10,0,0\" data-index-in-node=\"0\">High-Definition sublimering:<\/b> Vi bruger CMYK-fuldfarvetryk, hvor bl\u00e6kket er indlejret direkte i stoffets fibre, hvilket sikrer, at designet ikke revner, skaller af eller falmer.<\/p>\n<\/li>\n<li>\n<p data-path-to-node=\"10,1,0\"><b data-path-to-node=\"10,1,0\" data-index-in-node=\"0\">S\u00f8ml\u00f8s konstruktion:<\/b> Det r\u00f8rformede design er lavet uden irriterende s\u00f8mme, hvilket giver maksimal komfort til daglig brug og intens fysisk aktivitet.<\/p>\n<\/li>\n<li>\n<p data-path-to-node=\"10,2,0\"><b data-path-to-node=\"10,2,0\" data-index-in-node=\"0\">Enest\u00e5ende holdbarhed:<\/b> Fuldt vaskbar og genanvendelig, og bevarer form og farvelivlighed selv efter gentagen intensiv brug.<\/p>\n<\/li>\n<li>\n<p data-path-to-node=\"10,3,0\"><b data-path-to-node=\"10,3,0\" data-index-in-node=\"0\">Beskyttelse hele \u00e5ret:<\/b> Giver en barriere mod vind, st\u00f8v, kulde og UV-str\u00e5ler afh\u00e6ngigt af den valgte materialekonfiguration.<\/p>\n<\/li>\n<\/ul>\n<h2 data-path-to-node=\"11\">Specifikationer<\/h2>\n<ul data-path-to-node=\"12\">\n<li>\n<p data-path-to-node=\"12,0,0\"><b data-path-to-node=\"12,0,0\" data-index-in-node=\"0\">Materialer:<\/b> Standard polyester, genbrugt RPET, vinterfleece, COOLMAX\u00ae (fugttransporterende) eller Lycra (UPF50+).<\/p>\n<\/li>\n<li>\n<p data-path-to-node=\"12,1,0\"><b data-path-to-node=\"12,1,0\" data-index-in-node=\"0\">St\u00f8rrelse:<\/b> Standard voksenst\u00f8rrelse (med eget tryk st\u00f8rrelser f\u00e5s efter anmodning).<\/p>\n<\/li>\n<li>\n<p data-path-to-node=\"12,2,0\"><b data-path-to-node=\"12,2,0\" data-index-in-node=\"0\">Trykning:<\/b> Sublimering i fuld farve fra kant til kant.<\/p>\n<\/li>\n<li>\n<p data-path-to-node=\"12,3,0\"><b data-path-to-node=\"12,3,0\" data-index-in-node=\"0\">Minimum ordrem\u00e6ngde:<\/b> 100 enheder.<\/p>\n<\/li>\n<li>\n<p data-path-to-node=\"12,4,0\"><b data-path-to-node=\"12,4,0\" data-index-in-node=\"0\">Opretholdelse:<\/b> Maskinvaskbar, hurtigtt\u00f8rrende.<\/p>\n<\/li>\n<\/ul>\n<h2 data-path-to-node=\"13\">Brugsscenarier<\/h2>\n<ul data-path-to-node=\"14\">\n<li>\n<p data-path-to-node=\"14,0,0\"><b data-path-to-node=\"14,0,0\" data-index-in-node=\"0\">Sport og fitness:<\/b> Essentielt udstyr til l\u00f8beklubber, cykelhold og fitnessartikler.<\/p>\n<\/li>\n<li>\n<p data-path-to-node=\"14,1,0\"><b data-path-to-node=\"14,1,0\" data-index-in-node=\"0\">Udend\u00f8rsarrangementer og festivaler:<\/b> Praktiske og stilfulde gaver til koncerter, vandregrupper og udend\u00f8rsfestivaler.<\/p>\n<\/li>\n<li>\n<p data-path-to-node=\"14,2,0\"><b data-path-to-node=\"14,2,0\" data-index-in-node=\"0\">Virksomheders sociale ansvar:<\/b> V\u00e6lg vores RPET-materiale til b\u00e6redygtige firmagaver, der er i overensstemmelse med milj\u00f8venlige v\u00e6rdier.<\/p>\n<\/li>\n<li>\n<p data-path-to-node=\"14,3,0\"><b data-path-to-node=\"14,3,0\" data-index-in-node=\"0\">Vinterturisme:<\/b> Perfekt til markedsf\u00f8ring af skiskoler, resorts og vintersport.<\/p>\n<\/li>\n<\/ul>","protected":false},"excerpt":{"rendered":"<ul>\n<li>\n<p data-path-to-node=\"6,0,0\"><b data-path-to-node=\"6,0,0\" data-index-in-node=\"0\">10+ m\u00e5der at b\u00e6re t\u00f8jet p\u00e5:<\/b> Ekstremt alsidigt design, der fungerer som halsedisse, pandeb\u00e5nd, ansigtsmaske, hue eller armb\u00e5nd.<\/p>\n<\/li>\n<li>\n<p data-path-to-node=\"6,1,0\"><b data-path-to-node=\"6,1,0\" data-index-in-node=\"0\">Premium materialevalg:<\/b> V\u00e6lg mellem standard mikrofiber, milj\u00f8venlig RPET (genbrugsplast), vinterfleece eller h\u00f8jtydende Coolmax\u00ae.<\/p>\n<\/li>\n<li>\n<p data-path-to-node=\"6,2,0\"><b data-path-to-node=\"6,2,0\" data-index-in-node=\"0\">Tilpasning af fuld overflade:<\/b> Kant-til-kant sublimeringsprint giver mulighed for ubegr\u00e6nsede farver, gradienter og fotografiske detaljer, der aldrig falmer.<\/p>\n<\/li>\n<li>\n<p data-path-to-node=\"6,3,0\"><b data-path-to-node=\"6,3,0\" data-index-in-node=\"0\">Professionelt B2B-valg:<\/b> Ideel til sportshold, udend\u00f8rsarrangementer og firmagaver med en minimumsbestillingsm\u00e6ngde p\u00e5 100 enheder.<\/p>\n<\/li>\n<\/ul>","protected":false},"featured_media":6373,"comment_status":"closed","ping_status":"closed","template":"","meta":[],"product_brand":[],"product_cat":[123,118],"product_tag":[],"class_list":{"0":"post-5938","1":"product","2":"type-product","3":"status-publish","4":"has-post-thumbnail","6":"product_cat-fan-cheering-items","7":"product_cat-sports-fitness","9":"first","10":"instock","11":"shipping-taxable","12":"purchasable","13":"product-type-simple"},"_links":{"self":[{"href":"https:\/\/displayproducts.eu\/da\/wp-json\/wp\/v2\/product\/5938","targetHints":{"allow":["GET"]}}],"collection":[{"href":"https:\/\/displayproducts.eu\/da\/wp-json\/wp\/v2\/product"}],"about":[{"href":"https:\/\/displayproducts.eu\/da\/wp-json\/wp\/v2\/types\/product"}],"replies":[{"embeddable":true,"href":"https:\/\/displayproducts.eu\/da\/wp-json\/wp\/v2\/comments?post=5938"}],"wp:featuredmedia":[{"embeddable":true,"href":"https:\/\/displayproducts.eu\/da\/wp-json\/wp\/v2\/media\/6373"}],"wp:attachment":[{"href":"https:\/\/displayproducts.eu\/da\/wp-json\/wp\/v2\/media?parent=5938"}],"wp:term":[{"taxonomy":"product_brand","embeddable":true,"href":"https:\/\/displayproducts.eu\/da\/wp-json\/wp\/v2\/product_brand?post=5938"},{"taxonomy":"product_cat","embeddable":true,"href":"https:\/\/displayproducts.eu\/da\/wp-json\/wp\/v2\/product_cat?post=5938"},{"taxonomy":"product_tag","embeddable":true,"href":"https:\/\/displayproducts.eu\/da\/wp-json\/wp\/v2\/product_tag?post=5938"}],"curies":[{"name":"wp","href":"https:\/\/api.w.org\/{rel}","templated":true}]}}