{"id":5935,"date":"2025-12-16T13:44:25","date_gmt":"2025-12-16T10:44:25","guid":{"rendered":"https:\/\/wristbandfactory.eu\/?post_type=product&#038;p=5935"},"modified":"2026-04-01T21:52:03","modified_gmt":"2026-04-01T18:52:03","slug":"soft-pvc-nfc-keychains-custom-shape-full-color","status":"publish","type":"product","link":"https:\/\/displayproducts.eu\/da\/p\/soft-pvc-nfc-keychains-custom-shape-full-color\/","title":{"rendered":"N\u00f8gleringe i bl\u00f8d PVC (NFC) \u2013 Egen form"},"content":{"rendered":"<p data-path-to-node=\"17\">Forvandl en klassisk reklameartikel til et effektivt digitalt marketingv\u00e6rkt\u00f8j. Vores med eget tryk bl\u00f8de PVC NFC-n\u00f8gleringer kombinerer den taktile appel af en holdbar, brugerdefineret gummin\u00f8glering med avanceret kontaktl\u00f8s teknologi. Disse n\u00f8gleringer er ideelle til moderne marketingkampagner og giver brugerne mulighed for at trykke p\u00e5 deres smartphone for \u00f8jeblikkelig adgang til din hjemmeside, app eller dit loyalitetsprogram.<\/p>\n<p data-path-to-node=\"18\"><b>Fuldt tilpasset form og design<\/b> Du skal ikke n\u00f8jes med standard geometriske former. Vi st\u00f8ber disse n\u00f8gleringe til <b>dit specifikke logo eller produktform<\/b> (op til 5\u00d75 cm). Materialet er fremstillet af bl\u00f8d PVC af h\u00f8j kvalitet og er holdbart, fleksibelt og bl\u00f8dt at r\u00f8re ved. Dit design gengives i livlige farver p\u00e5 begge sider, hvilket sikrer maksimal synlighed af dit brand fra alle vinkler.<\/p>\n<p data-path-to-node=\"19\"><b>Smart NFC-integration<\/b> Gemt inde i PVC-lagene er en programmerbar NFC-chip med en 2,5 x 2,5 cm antenne. Dette giver en &quot;Tap &amp; Go&quot;-oplevelse uden batterier eller opladning.<\/p>\n<ul data-path-to-node=\"20\">\n<li>\n<p data-path-to-node=\"20,0,0\"><b>Markedsf\u00f8ring:<\/b> Direkt\u00e9r trafik til din landingsside eller sociale medier.<\/p>\n<\/li>\n<li>\n<p data-path-to-node=\"20,1,0\"><b>Begivenheder:<\/b> Bruges til digitale check-ins eller konkurrencebidrag.<\/p>\n<\/li>\n<li>\n<p data-path-to-node=\"20,2,0\"><b>Loyalitet:<\/b> Aktiv\u00e9r \u00f8jeblikkelig scanning af kundebonusser.<\/p>\n<\/li>\n<\/ul>\n<p data-path-to-node=\"21\"><b>Emballagemuligheder<\/b><\/p>\n<ul data-path-to-node=\"22\">\n<li>\n<p data-path-to-node=\"22,0,0\"><b>Standard:<\/b> Individuelt pakket ind i beskyttende silkepapir for at forhindre fastkl\u00e6bning.<\/p>\n<\/li>\n<li>\n<p data-path-to-node=\"22,1,0\"><b>Klar til detailhandel:<\/b> Valgfrit dobbeltsidet papirkort i fuld farve med polypose for en f\u00f8rsteklasses udpakningsoplevelse.<\/p>\n<\/li>\n<\/ul>\n<p data-path-to-node=\"23\"><b>N\u00f8glefunktioner:<\/b><\/p>\n<ul data-path-to-node=\"24\">\n<li>\n<p data-path-to-node=\"24,0,0\"><b>Materiale:<\/b> Ftalatfri bl\u00f8d PVC.<\/p>\n<\/li>\n<li>\n<p data-path-to-node=\"24,1,0\"><b>Teknologi:<\/b> Indbygget NFC-chip (kompatibel med de fleste moderne smartphones).<\/p>\n<\/li>\n<li>\n<p data-path-to-node=\"24,2,0\"><b>Tilpasning:<\/b> 100% brugerdefineret ydre form.<\/p>\n<\/li>\n<li>\n<p data-path-to-node=\"24,3,0\"><b>Holdbarhed:<\/b> Vandt\u00e6t og ridsefast overflade.<\/p>\n<\/li>\n<li>\n<p data-path-to-node=\"24,4,0\"><b>Engroshandel:<\/b> Bulkpakket for nem distribution.<\/p>\n<\/li>\n<\/ul>","protected":false},"excerpt":{"rendered":"<ul data-path-to-node=\"13\">\n<li>\n<p data-path-to-node=\"13,0,0\"><b>Materiale:<\/b> Bl\u00f8d, fleksibel PVC-gummi i din egen specialform (maks. 5\u00d75 cm).<\/p>\n<\/li>\n<li>\n<p data-path-to-node=\"13,1,0\"><b>Teknologi:<\/b> Integreret NFC-chip (2,5\u00d72,5 cm antenne) til digital interaktion.<\/p>\n<\/li>\n<li>\n<p data-path-to-node=\"13,2,0\"><b>Design:<\/b> Fuldfarvetryk p\u00e5 begge sider (samme design).<\/p>\n<\/li>\n<li>\n<p data-path-to-node=\"13,3,0\"><b>Brugsscenarie:<\/b> Applanceringer, loyalitetsprogrammer og links til sociale medier.<\/p>\n<\/li>\n<\/ul>","protected":false},"featured_media":6380,"comment_status":"closed","ping_status":"closed","template":"","meta":[],"product_brand":[],"product_cat":[94],"product_tag":[],"class_list":{"0":"post-5935","1":"product","2":"type-product","3":"status-publish","4":"has-post-thumbnail","6":"product_cat-keychains","8":"first","9":"instock","10":"shipping-taxable","11":"purchasable","12":"product-type-simple"},"_links":{"self":[{"href":"https:\/\/displayproducts.eu\/da\/wp-json\/wp\/v2\/product\/5935","targetHints":{"allow":["GET"]}}],"collection":[{"href":"https:\/\/displayproducts.eu\/da\/wp-json\/wp\/v2\/product"}],"about":[{"href":"https:\/\/displayproducts.eu\/da\/wp-json\/wp\/v2\/types\/product"}],"replies":[{"embeddable":true,"href":"https:\/\/displayproducts.eu\/da\/wp-json\/wp\/v2\/comments?post=5935"}],"wp:featuredmedia":[{"embeddable":true,"href":"https:\/\/displayproducts.eu\/da\/wp-json\/wp\/v2\/media\/6380"}],"wp:attachment":[{"href":"https:\/\/displayproducts.eu\/da\/wp-json\/wp\/v2\/media?parent=5935"}],"wp:term":[{"taxonomy":"product_brand","embeddable":true,"href":"https:\/\/displayproducts.eu\/da\/wp-json\/wp\/v2\/product_brand?post=5935"},{"taxonomy":"product_cat","embeddable":true,"href":"https:\/\/displayproducts.eu\/da\/wp-json\/wp\/v2\/product_cat?post=5935"},{"taxonomy":"product_tag","embeddable":true,"href":"https:\/\/displayproducts.eu\/da\/wp-json\/wp\/v2\/product_tag?post=5935"}],"curies":[{"name":"wp","href":"https:\/\/api.w.org\/{rel}","templated":true}]}}