{"id":5824,"date":"2025-12-11T12:42:06","date_gmt":"2025-12-11T09:42:06","guid":{"rendered":"https:\/\/wristbandfactory.eu\/?post_type=product&#038;p=5824"},"modified":"2026-04-01T21:52:35","modified_gmt":"2026-04-01T18:52:35","slug":"embossed-silicone-wristbands-raised-3d-effect","status":"publish","type":"product","link":"https:\/\/displayproducts.eu\/da\/p\/embossed-silicone-wristbands-raised-3d-effect\/","title":{"rendered":"Silikonearmb\u00e5nd \u2013 H\u00e6vet tekst \/ 3D"},"content":{"rendered":"<p data-path-to-node=\"10\"><b>Skil dig ud med en 3D-finish<\/b><\/p>\n<p data-path-to-node=\"11\"><b>Pr\u00e6gede silikone armb\u00e5nd<\/b> tilbyder et unikt twist p\u00e5 den klassiske velg\u00f8renhedsring. I stedet for at gravere teksten indad, bruger vi en specialfremstillet form til at h\u00e6ve dit design opad fra ringens overflade. Dette skaber et sl\u00e5ende <b>3D-reliefeffekt<\/b> som b\u00e5de er visuelt tydelig og taktil.<\/p>\n<p data-path-to-node=\"12\"><b>Hvordan det er lavet<\/b> Vi fremstiller disse remme ved hj\u00e6lp af en specialiseret st\u00f8beproces, hvor silikonen presses til en form, der skaber h\u00e6vede bogstaver. Fordi logoet er lavet af det samme silikonemateriale som selve remmen, er det <b>fysisk permanent<\/b> og kan ikke revne, skalle af eller falme.<\/p>\n<p data-path-to-node=\"13\"><b>Designstil<\/b> Pr\u00e6gede b\u00e5nd produceres typisk i en uden trykt farve (monotone), hvor den h\u00e6vede tekst skaber en diskret skyggeeffekt. Dette resulterer i en <b>rent, moderne og diskret udseende<\/b> der er popul\u00e6r til firmaarrangementer, fitnessmedlemskaber og premium brandaktivering.<\/p>\n<p data-path-to-node=\"14\"><b>Tilpasning<\/b><\/p>\n<ul data-path-to-node=\"15\">\n<li>\n<p data-path-to-node=\"15,0,0\"><b>Farve:<\/b> Match b\u00e5ndet med en hvilken som helst Pantone (PMS)-reference.<\/p>\n<\/li>\n<li>\n<p data-path-to-node=\"15,1,0\"><b>Tekst:<\/b> Bedst egnet til fede skrifttyper og simple logoer (fine detaljer er sv\u00e6rere at fremh\u00e6ve).<\/p>\n<\/li>\n<\/ul>\n<p data-path-to-node=\"16\"><b>N\u00f8glefunktioner:<\/b><\/p>\n<ul data-path-to-node=\"17\">\n<li>\n<p data-path-to-node=\"17,0,0\"><b>Stil:<\/b> Pr\u00e6get (h\u00e6vet 3D).<\/p>\n<\/li>\n<li>\n<p data-path-to-node=\"17,1,0\"><b>Materiale:<\/b> 100% medicinsk silikone.<\/p>\n<\/li>\n<li>\n<p data-path-to-node=\"17,2,0\"><b>Holdbarhed:<\/b> Ekstrem (Ingen bl\u00e6k at gnide af).<\/p>\n<\/li>\n<li>\n<p data-path-to-node=\"17,3,0\"><b>Effekt:<\/b> Avanceret, diskret branding.<\/p>\n<\/li>\n<\/ul>","protected":false},"excerpt":{"rendered":"<ul>\n<li>\n<p data-path-to-node=\"8,0,0\"><b>Forh\u00f8jet 3D-effekt:<\/b> Dit logo og din tekst skiller sig fysisk ud fra armb\u00e5ndets overflade.<\/p>\n<\/li>\n<li>\n<p data-path-to-node=\"8,1,0\"><b>Taktil oplevelse:<\/b> Tilbyder en unik, &quot;uj\u00e6vn&quot; tekstur, som brugerne kan m\u00e6rke.<\/p>\n<\/li>\n<li>\n<p data-path-to-node=\"8,2,0\"><b>Permanent branding:<\/b> Designet er st\u00f8bt ind i remmen, s\u00e5 den aldrig falmer eller slides af.<\/p>\n<\/li>\n<li>\n<p data-path-to-node=\"8,3,0\"><b>Diskret og eksklusiv:<\/b> Ideel til m\u00e6rker, der \u00f8nsker et sofistikeret, monotont look uden bl\u00e6k<\/p>\n<\/li>\n<\/ul>","protected":false},"featured_media":5825,"comment_status":"closed","ping_status":"closed","template":"","meta":[],"product_brand":[],"product_cat":[49],"product_tag":[],"class_list":{"0":"post-5824","1":"product","2":"type-product","3":"status-publish","4":"has-post-thumbnail","6":"product_cat-silicone","8":"first","9":"instock","10":"shipping-taxable","11":"purchasable","12":"product-type-simple"},"_links":{"self":[{"href":"https:\/\/displayproducts.eu\/da\/wp-json\/wp\/v2\/product\/5824","targetHints":{"allow":["GET"]}}],"collection":[{"href":"https:\/\/displayproducts.eu\/da\/wp-json\/wp\/v2\/product"}],"about":[{"href":"https:\/\/displayproducts.eu\/da\/wp-json\/wp\/v2\/types\/product"}],"replies":[{"embeddable":true,"href":"https:\/\/displayproducts.eu\/da\/wp-json\/wp\/v2\/comments?post=5824"}],"wp:featuredmedia":[{"embeddable":true,"href":"https:\/\/displayproducts.eu\/da\/wp-json\/wp\/v2\/media\/5825"}],"wp:attachment":[{"href":"https:\/\/displayproducts.eu\/da\/wp-json\/wp\/v2\/media?parent=5824"}],"wp:term":[{"taxonomy":"product_brand","embeddable":true,"href":"https:\/\/displayproducts.eu\/da\/wp-json\/wp\/v2\/product_brand?post=5824"},{"taxonomy":"product_cat","embeddable":true,"href":"https:\/\/displayproducts.eu\/da\/wp-json\/wp\/v2\/product_cat?post=5824"},{"taxonomy":"product_tag","embeddable":true,"href":"https:\/\/displayproducts.eu\/da\/wp-json\/wp\/v2\/product_tag?post=5824"}],"curies":[{"name":"wp","href":"https:\/\/api.w.org\/{rel}","templated":true}]}}