{"id":5822,"date":"2025-12-11T12:39:16","date_gmt":"2025-12-11T09:39:16","guid":{"rendered":"https:\/\/wristbandfactory.eu\/?post_type=product&#038;p=5822"},"modified":"2026-04-01T21:52:35","modified_gmt":"2026-04-01T18:52:35","slug":"debossed-silicone-wristbands-colour-filled-engraved","status":"publish","type":"product","link":"https:\/\/displayproducts.eu\/da\/p\/debossed-silicone-wristbands-colour-filled-engraved\/","title":{"rendered":"Silikonearmb\u00e5nd \u2013 Graveret \/ Farvefyld"},"content":{"rendered":"<p data-path-to-node=\"10\"><b>Branchestandarden for lang levetid<\/b><\/p>\n<p data-path-to-node=\"11\"><b>Pr\u00e6gede farvefyldte armb\u00e5nd<\/b> er det bedste valg for brands og organisationer, der kr\u00e6ver, at et armb\u00e5nd holder l\u00e6nge. I mods\u00e6tning til standard trykte b\u00e5nd, hvor bl\u00e6kket sidder p\u00e5 overfladen, gennemg\u00e5r disse armb\u00e5nd en totrins fremstillingsproces for at sikre, at dit budskab holder lige s\u00e5 l\u00e6nge som selve b\u00e5ndet.<\/p>\n<p data-path-to-node=\"12\"><b>Hvordan det er lavet<\/b><\/p>\n<ol start=\"1\" data-path-to-node=\"13\">\n<li>\n<p data-path-to-node=\"13,0,0\"><b>Gravering (pr\u00e6gning):<\/b> Vi laver en specialfremstillet form til at gravere dit logo og tekst dybt ned i silikoneb\u00e5ndet.<\/p>\n<\/li>\n<li>\n<p data-path-to-node=\"13,1,0\"><b>Farvefyldning:<\/b> De fors\u00e6nkede omr\u00e5der fyldes derefter manuelt med en specialiseret, holdbar silikonebl\u00e6k i en kontrastfarve.<\/p>\n<\/li>\n<\/ol>\n<p data-path-to-node=\"14\"><b>Hvorfor v\u00e6lge pr\u00e6get?<\/b> Fordi designet er fors\u00e6nket under overfladen, er det fysisk beskyttet mod friktion og slid. Dette g\u00f8r det til den eneste brugbare mulighed for <b>langsigtede oplysningskampagner, skolespiritus og fundraising-arrangementer<\/b> hvor armb\u00e5ndet b\u00e6res dagligt i m\u00e5neder eller endda \u00e5r.<\/p>\n<p data-path-to-node=\"15\"><b>Tilpasning<\/b> Vi kan matche silikoneb\u00e5ndet til enhver <b>Pantone (PMS)<\/b> Farv og udfyld den graverede tekst med en hvilken som helst kontrasterende Pantone-nuance, s\u00e5 den matcher din brandidentitet perfekt.<\/p>\n<p data-path-to-node=\"16\"><b>N\u00f8glefunktioner:<\/b><\/p>\n<ul data-path-to-node=\"17\">\n<li>\n<p data-path-to-node=\"17,0,0\"><b>Stil:<\/b> Pr\u00e6get (fors\u00e6nket) og bl\u00e6kfyldt.<\/p>\n<\/li>\n<li>\n<p data-path-to-node=\"17,1,0\"><b>Materiale:<\/b> 100% medicinsk silikone.<\/p>\n<\/li>\n<li>\n<p data-path-to-node=\"17,2,0\"><b>Holdbarhed:<\/b> Ekstrem (slidfast design).<\/p>\n<\/li>\n<li>\n<p data-path-to-node=\"17,3,0\"><b>St\u00f8rrelser:<\/b> Voksen (202 mm) og ungdom (180 mm).<\/p>\n<\/li>\n<\/ul>","protected":false},"excerpt":{"rendered":"<ul>\n<li>\n<p data-path-to-node=\"8,0,0\"><b>Maksimal holdbarhed:<\/b> Dit logo er dybt graveret (pr\u00e6get) ind i silikonen, hvilket g\u00f8r det umuligt at gnide det af.<\/p>\n<\/li>\n<li>\n<p data-path-to-node=\"8,1,0\"><b>Farvefyldt:<\/b> Den indgraverede tekst er fyldt med kontrasterende silikonebl\u00e6k for et levende og effektfuldt udseende.<\/p>\n<\/li>\n<li>\n<p data-path-to-node=\"8,2,0\"><b>Premium-f\u00f8lelse:<\/b> Giver en taktil 3D-finish, der ofte forbindes med eksklusive velg\u00f8renhedskampagner (f.eks. Livestrong).<\/p>\n<\/li>\n<li>\n<p data-path-to-node=\"8,3,0\"><b>Permanent branding:<\/b> Ideel til langvarig brug (m\u00e5neder eller \u00e5r) uden at falme.<\/p>\n<\/li>\n<\/ul>","protected":false},"featured_media":5823,"comment_status":"closed","ping_status":"closed","template":"","meta":[],"product_brand":[],"product_cat":[49],"product_tag":[],"class_list":{"0":"post-5822","1":"product","2":"type-product","3":"status-publish","4":"has-post-thumbnail","6":"product_cat-silicone","8":"first","9":"instock","10":"shipping-taxable","11":"purchasable","12":"product-type-simple"},"_links":{"self":[{"href":"https:\/\/displayproducts.eu\/da\/wp-json\/wp\/v2\/product\/5822","targetHints":{"allow":["GET"]}}],"collection":[{"href":"https:\/\/displayproducts.eu\/da\/wp-json\/wp\/v2\/product"}],"about":[{"href":"https:\/\/displayproducts.eu\/da\/wp-json\/wp\/v2\/types\/product"}],"replies":[{"embeddable":true,"href":"https:\/\/displayproducts.eu\/da\/wp-json\/wp\/v2\/comments?post=5822"}],"wp:featuredmedia":[{"embeddable":true,"href":"https:\/\/displayproducts.eu\/da\/wp-json\/wp\/v2\/media\/5823"}],"wp:attachment":[{"href":"https:\/\/displayproducts.eu\/da\/wp-json\/wp\/v2\/media?parent=5822"}],"wp:term":[{"taxonomy":"product_brand","embeddable":true,"href":"https:\/\/displayproducts.eu\/da\/wp-json\/wp\/v2\/product_brand?post=5822"},{"taxonomy":"product_cat","embeddable":true,"href":"https:\/\/displayproducts.eu\/da\/wp-json\/wp\/v2\/product_cat?post=5822"},{"taxonomy":"product_tag","embeddable":true,"href":"https:\/\/displayproducts.eu\/da\/wp-json\/wp\/v2\/product_tag?post=5822"}],"curies":[{"name":"wp","href":"https:\/\/api.w.org\/{rel}","templated":true}]}}