{"id":5820,"date":"2025-12-11T12:35:46","date_gmt":"2025-12-11T09:35:46","guid":{"rendered":"https:\/\/wristbandfactory.eu\/?post_type=product&#038;p=5820"},"modified":"2026-04-01T21:52:03","modified_gmt":"2026-04-01T18:52:03","slug":"printed-silicone-wristbands-custom-screen-print","status":"publish","type":"product","link":"https:\/\/displayproducts.eu\/da\/p\/printed-silicone-wristbands-custom-screen-print\/","title":{"rendered":"Silikonearmb\u00e5nd \u2013 Med tryk"},"content":{"rendered":"<p data-path-to-node=\"12\"><b>Det klassiske valg til reklamebranding<\/b><\/p>\n<p data-path-to-node=\"13\"><b>Trykte silikonearmb\u00e5nd<\/b> er det mest popul\u00e6re valg til marketingkampagner, messer og events, hvor synlighed og budget er n\u00f8gleprioriteter. I mods\u00e6tning til graverede b\u00e5nd har disse dit design <b>serigrafitrykt direkte p\u00e5 den glatte overflade<\/b> af silikonen, hvilket giver en skarp, ren finish, der tiltr\u00e6kker opm\u00e6rksomhed.<\/p>\n<p data-path-to-node=\"14\"><b>Ubegr\u00e6nsede farvemuligheder<\/b> Vi tilbyder fuld fleksibilitet inden for tilpasning. Du kan v\u00e6lge en hvilken som helst <b>Pantone (PMS) farve<\/b> til selve silikoneb\u00e5ndet, og v\u00e6lg en kontrastfarve til dit logo og din tekst. Dette sikrer, at den overholder din virksomheds identitet.<\/p>\n<p data-path-to-node=\"15\"><b>Materiale og komfort<\/b> Lavet af <b>100% latexfri silikone af h\u00f8j kvalitet<\/b>, Disse armb\u00e5nd er vandt\u00e6tte, varmebestandige og behagelige nok til at kunne b\u00e6res hele dagen. De er holdbare nok til flerdagesarrangementer, men er prim\u00e6rt designet som omkostningseffektive reklameartikler.<\/p>\n<p data-path-to-node=\"16\"><i>Bem\u00e6rk: Til langvarig daglig brug (m\u00e5neder\/\u00e5r) anbefaler vi vores &quot;Debossed&quot; armb\u00e5nd, da overfladetrykket med tiden kan slides ned ved kraftig friktion.<\/i><\/p>\n<p data-path-to-node=\"17\"><b>N\u00f8glefunktioner:<\/b><\/p>\n<ul data-path-to-node=\"18\">\n<li>\n<p data-path-to-node=\"18,0,0\"><b>Metode:<\/b> H\u00f8jpr\u00e6cisions silketryk.<\/p>\n<\/li>\n<li>\n<p data-path-to-node=\"18,1,0\"><b>Materiale:<\/b> 100% Bl\u00f8d silikone (ikke-giftig).<\/p>\n<\/li>\n<li>\n<p data-path-to-node=\"18,2,0\"><b>St\u00f8rrelse:<\/b> Standard voksen (202x12x2mm) &amp; ungdom (180x12x2mm).<\/p>\n<\/li>\n<li>\n<p data-path-to-node=\"18,3,0\"><b>Brugsscenarie:<\/b> Giveaways, oplysningskampagner, festivaler.<\/p>\n<\/li>\n<\/ul>","protected":false},"excerpt":{"rendered":"<ul data-path-to-node=\"10\">\n<li>\n<p data-path-to-node=\"10,0,0\"><b>H\u00f8j synlighed:<\/b> Skarpt silketryk f\u00e5r dit logo til at tr\u00e6de tydeligt frem p\u00e5 overfladen.<\/p>\n<\/li>\n<li>\n<p data-path-to-node=\"10,1,0\"><b>Pantone-matchning:<\/b> Vi matcher b\u00e5de silikoneb\u00e5ndet og bl\u00e6kfarven til dine brandretningslinjer.<\/p>\n<\/li>\n<li>\n<p data-path-to-node=\"10,2,0\"><b>Omkostningseffektiv:<\/b> Den mest budgetvenlige mulighed for store kampagner og giveaways.<\/p>\n<\/li>\n<li>\n<p data-path-to-node=\"10,3,0\"><b>Hurtig ekspeditionstid:<\/b> Hurtigere produktionstider sammenlignet med pr\u00e6gede eller pr\u00e6gede forme.<\/p>\n<\/li>\n<\/ul>","protected":false},"featured_media":5821,"comment_status":"closed","ping_status":"closed","template":"","meta":[],"product_brand":[],"product_cat":[49],"product_tag":[],"class_list":{"0":"post-5820","1":"product","2":"type-product","3":"status-publish","4":"has-post-thumbnail","6":"product_cat-silicone","8":"first","9":"instock","10":"shipping-taxable","11":"purchasable","12":"product-type-simple"},"_links":{"self":[{"href":"https:\/\/displayproducts.eu\/da\/wp-json\/wp\/v2\/product\/5820","targetHints":{"allow":["GET"]}}],"collection":[{"href":"https:\/\/displayproducts.eu\/da\/wp-json\/wp\/v2\/product"}],"about":[{"href":"https:\/\/displayproducts.eu\/da\/wp-json\/wp\/v2\/types\/product"}],"replies":[{"embeddable":true,"href":"https:\/\/displayproducts.eu\/da\/wp-json\/wp\/v2\/comments?post=5820"}],"wp:featuredmedia":[{"embeddable":true,"href":"https:\/\/displayproducts.eu\/da\/wp-json\/wp\/v2\/media\/5821"}],"wp:attachment":[{"href":"https:\/\/displayproducts.eu\/da\/wp-json\/wp\/v2\/media?parent=5820"}],"wp:term":[{"taxonomy":"product_brand","embeddable":true,"href":"https:\/\/displayproducts.eu\/da\/wp-json\/wp\/v2\/product_brand?post=5820"},{"taxonomy":"product_cat","embeddable":true,"href":"https:\/\/displayproducts.eu\/da\/wp-json\/wp\/v2\/product_cat?post=5820"},{"taxonomy":"product_tag","embeddable":true,"href":"https:\/\/displayproducts.eu\/da\/wp-json\/wp\/v2\/product_tag?post=5820"}],"curies":[{"name":"wp","href":"https:\/\/api.w.org\/{rel}","templated":true}]}}