{"id":5819,"date":"2025-12-11T12:22:13","date_gmt":"2025-12-11T09:22:13","guid":{"rendered":"https:\/\/wristbandfactory.eu\/?post_type=product&#038;p=5819"},"modified":"2026-04-01T21:52:35","modified_gmt":"2026-04-01T18:52:35","slug":"linen-fabric-wristbands-custom-woven-printed","status":"publish","type":"product","link":"https:\/\/displayproducts.eu\/da\/p\/linen-fabric-wristbands-custom-woven-printed\/","title":{"rendered":"Stofarmb\u00e5nd (H\u00f8r) \u2013 Med logo \/ Tryk"},"content":{"rendered":"<p data-path-to-node=\"10\"><b>Elegance m\u00f8der b\u00e6redygtighed<\/b><\/p>\n<p data-path-to-node=\"11\">Til arrangementer, der kr\u00e6ver sofistikering uden at g\u00e5 p\u00e5 kompromis med milj\u00f8v\u00e6rdier, <b>Armb\u00e5nd i h\u00f8rstof<\/b> er det ultimative valg. H\u00f8r er fremstillet af fibrene fra h\u00f8rplanten og er et af verdens \u00e6ldste og mest b\u00e6redygtige tekstiler, v\u00e6rdsat for sin styrke, sugeevne og k\u00f8lighed.<\/p>\n<p data-path-to-node=\"12\"><b>Et unikt, tekstureret look<\/b> H\u00f8r skiller sig ud med sin naturlige, let uregelm\u00e6ssige v\u00e6vning og matte finish. Denne &quot;perfekt uperfekte&quot; tekstur giver armb\u00e5ndet en autentisk, organisk karakter, som syntetiske materialer ikke kan efterligne. Det er det foretrukne valg til <b>Luksusbryllupper, boutiquefestivaler og eksklusive virksomhedsarrangementer<\/b>.<\/p>\n<p data-path-to-node=\"13\"><b>Branding og design<\/b> For at komplementere stoffets naturlige \u00e5rem\u00f8nster anbefaler vi:<\/p>\n<ul data-path-to-node=\"14\">\n<li>\n<p data-path-to-node=\"14,0,0\"><b>Silketryk:<\/b> Brug m\u00f8rke, ensfarvede tryk (som marinebl\u00e5, sort eller skovgr\u00f8n) for at skabe en skarp kontrast mod den naturlige off-white eller farvede linnedbaggrund.<\/p>\n<\/li>\n<li>\n<p data-path-to-node=\"14,1,0\"><b>V\u00e6vet (Broderi):<\/b> En subtil, tonal v\u00e6vning skaber en diskret og elegant brandingeffekt.<\/p>\n<\/li>\n<\/ul>\n<p data-path-to-node=\"15\"><b>Sikker og milj\u00f8venlig<\/b> Par med vores <b>Bambus \u00f8ko-l\u00e5s<\/b> for at opretholde en 100% plastikfri profil. Standard h\u00f8jsikkerhedsskydere er ogs\u00e5 kompatible for sikker adgangskontrol.<\/p>\n<p data-path-to-node=\"16\"><b>N\u00f8glefunktioner:<\/b><\/p>\n<ul data-path-to-node=\"17\">\n<li>\n<p data-path-to-node=\"17,0,0\"><b>Materiale:<\/b> 100% Naturlig h\u00f8r (h\u00f8r).<\/p>\n<\/li>\n<li>\n<p data-path-to-node=\"17,1,0\"><b>F\u00f8le:<\/b> K\u00f8lig at r\u00f8re ved, bliver bl\u00f8dere med brug.<\/p>\n<\/li>\n<li>\n<p data-path-to-node=\"17,2,0\"><b>\u00d8ko-vurdering:<\/b> Lavt vandaftryk, bionedbrydelig.<\/p>\n<\/li>\n<li>\n<p data-path-to-node=\"17,3,0\"><b>Holdbarhed:<\/b> St\u00e6rkere end bomuld, meget modstandsdygtig over for rivning.<\/p>\n<\/li>\n<\/ul>","protected":false},"excerpt":{"rendered":"<ul>\n<li>\n<p data-path-to-node=\"8,0,0\"><b>Premium naturfiber:<\/b> Lavet af h\u00f8rfibre af h\u00f8j kvalitet, hvilket giver et sofistikeret, mat look.<\/p>\n<\/li>\n<li>\n<p data-path-to-node=\"8,1,0\"><b>\u00c5ndbar komfort:<\/b> Enest\u00e5ende luftgennemtr\u00e6ngelighed g\u00f8r den til det sejeste valg til sommerbegivenheder.<\/p>\n<\/li>\n<li>\n<p data-path-to-node=\"8,2,0\"><b>Unik tekstur:<\/b> Har den klassiske &quot;slubby&quot;-tekstur af \u00e6gte h\u00f8r, der f\u00f8les organisk og eksklusiv.<\/p>\n<\/li>\n<li>\n<p data-path-to-node=\"8,3,0\"><b>100% B\u00e6redygtig:<\/b> Fuldt bionedbrydelig og dyrket med minimalt vandforbrug.<\/p>\n<\/li>\n<\/ul>","protected":false},"featured_media":5826,"comment_status":"closed","ping_status":"closed","template":"","meta":[],"product_brand":[],"product_cat":[133,47],"product_tag":[],"class_list":{"0":"post-5819","1":"product","2":"type-product","3":"status-publish","4":"has-post-thumbnail","6":"product_cat-eco-friendly-wristbands","7":"product_cat-fabric-wristbands","9":"first","10":"instock","11":"shipping-taxable","12":"purchasable","13":"product-type-simple"},"_links":{"self":[{"href":"https:\/\/displayproducts.eu\/da\/wp-json\/wp\/v2\/product\/5819","targetHints":{"allow":["GET"]}}],"collection":[{"href":"https:\/\/displayproducts.eu\/da\/wp-json\/wp\/v2\/product"}],"about":[{"href":"https:\/\/displayproducts.eu\/da\/wp-json\/wp\/v2\/types\/product"}],"replies":[{"embeddable":true,"href":"https:\/\/displayproducts.eu\/da\/wp-json\/wp\/v2\/comments?post=5819"}],"wp:featuredmedia":[{"embeddable":true,"href":"https:\/\/displayproducts.eu\/da\/wp-json\/wp\/v2\/media\/5826"}],"wp:attachment":[{"href":"https:\/\/displayproducts.eu\/da\/wp-json\/wp\/v2\/media?parent=5819"}],"wp:term":[{"taxonomy":"product_brand","embeddable":true,"href":"https:\/\/displayproducts.eu\/da\/wp-json\/wp\/v2\/product_brand?post=5819"},{"taxonomy":"product_cat","embeddable":true,"href":"https:\/\/displayproducts.eu\/da\/wp-json\/wp\/v2\/product_cat?post=5819"},{"taxonomy":"product_tag","embeddable":true,"href":"https:\/\/displayproducts.eu\/da\/wp-json\/wp\/v2\/product_tag?post=5819"}],"curies":[{"name":"wp","href":"https:\/\/api.w.org\/{rel}","templated":true}]}}