{"id":5818,"date":"2025-12-11T12:18:31","date_gmt":"2025-12-11T09:18:31","guid":{"rendered":"https:\/\/wristbandfactory.eu\/?post_type=product&#038;p=5818"},"modified":"2026-04-01T21:52:35","modified_gmt":"2026-04-01T18:52:35","slug":"hemp-fabric-wristbands-custom-woven-printed","status":"publish","type":"product","link":"https:\/\/displayproducts.eu\/da\/p\/hemp-fabric-wristbands-custom-woven-printed\/","title":{"rendered":"Stofarmb\u00e5nd (Hamp) \u2013 Med logo \/ Tryk"},"content":{"rendered":"<p data-path-to-node=\"11\"><b>Det st\u00e6rkeste naturlige valg<\/b><\/p>\n<p data-path-to-node=\"12\">Lav et dristigt statement med <b>Armb\u00e5nd i hampstof<\/b>, den mest holdbare mulighed i vores milj\u00f8venlige sortiment. Hampfibre er kendt for deres tr\u00e6kstyrke, hvilket g\u00f8r disse b\u00e5nd perfekte til udend\u00f8rsfestivaler, eventyrbegivenheder eller brug i flere uger, hvor slid er en bekymring.<\/p>\n<p data-path-to-node=\"13\"><b>Karakteristisk &quot;jordn\u00e6rt&quot; look<\/b> I mods\u00e6tning til den glatte finish af rPET eller bl\u00f8dheden af bambus, tilbyder hamp en <b>struktureret, granul\u00e6r tekstur<\/b>. Dette giver armb\u00e5ndet en f\u00f8rsteklasses &quot;h\u00e5ndlavet&quot; f\u00f8lelse, der \u00f8jeblikkeligt kommunikerer b\u00e6redygtighed og autenticitet til dine g\u00e6ster.<\/p>\n<p data-path-to-node=\"14\"><b>Brandinganbefalinger<\/b> P\u00e5 grund af hampfibrenes grovere tekstur:<\/p>\n<ul data-path-to-node=\"15\">\n<li>\n<p data-path-to-node=\"15,0,0\"><b>Silketryk:<\/b> Vi anbefaler markante, ensfarvede tryk (som sort eller m\u00f8rkegr\u00f8n), der st\u00e5r i smuk kontrast til fiberens naturlige beige\/brune baggrund.<\/p>\n<\/li>\n<li>\n<p data-path-to-node=\"15,1,0\"><b>V\u00e6vet (Broderi):<\/b> Simpel tekst og logoer kan v\u00e6ves direkte ind i b\u00e5ndet for en permanent finish.<\/p>\n<\/li>\n<\/ul>\n<p data-path-to-node=\"16\"><b>Milj\u00f8venlig hardware<\/b> Fuldend looket med vores <b>Bambus \u00f8ko-l\u00e5s<\/b> eller en genanvendelig <b>Tr\u00e6perle<\/b>. Standard sikre plastikskydere er ogs\u00e5 tilg\u00e6ngelige, hvis streng adgangskontrol er p\u00e5kr\u00e6vet.<\/p>\n<p data-path-to-node=\"17\"><b>N\u00f8glefunktioner:<\/b><\/p>\n<ul data-path-to-node=\"18\">\n<li>\n<p data-path-to-node=\"18,0,0\"><b>Materiale:<\/b> 100% Naturlig hampfiber.<\/p>\n<\/li>\n<li>\n<p data-path-to-node=\"18,1,0\"><b>Struktur:<\/b> Grov, naturlig og taktil.<\/p>\n<\/li>\n<li>\n<p data-path-to-node=\"18,2,0\"><b>Holdbarhed:<\/b> H\u00f8j modstandsdygtighed over for str\u00e6k og vand.<\/p>\n<\/li>\n<li>\n<p data-path-to-node=\"18,3,0\"><b>\u00d8ko-vurdering:<\/b> Kulstofnegativ v\u00e6kstcyklus, bionedbrydelig.<\/p>\n<\/li>\n<\/ul>","protected":false},"excerpt":{"rendered":"<ul data-path-to-node=\"9\">\n<li>\n<p data-path-to-node=\"9,0,0\"><b>Ultra-holdbar:<\/b> Hamp er en af de st\u00e6rkeste naturlige fibre, ideel til barske eller langvarige begivenheder.<\/p>\n<\/li>\n<li>\n<p data-path-to-node=\"9,1,0\"><b>Rustik \u00e6stetik:<\/b> Giver et karakteristisk tekstureret, jordagtigt look, der skiller sig ud fra glatte syntetiske stoffer.<\/p>\n<\/li>\n<li>\n<p data-path-to-node=\"9,2,0\"><b>100% B\u00e6redygtig:<\/b> Dyrket uden pesticider og fuldt bionedbrydelig.<\/p>\n<\/li>\n<li>\n<p data-path-to-node=\"9,3,0\"><b>Brugerdefineret branding:<\/b> Bedst egnet til dristig silketryk eller enkle v\u00e6vede designs.<\/p>\n<\/li>\n<\/ul>","protected":false},"featured_media":5827,"comment_status":"closed","ping_status":"closed","template":"","meta":[],"product_brand":[],"product_cat":[133,47],"product_tag":[],"class_list":{"0":"post-5818","1":"product","2":"type-product","3":"status-publish","4":"has-post-thumbnail","6":"product_cat-eco-friendly-wristbands","7":"product_cat-fabric-wristbands","9":"first","10":"instock","11":"shipping-taxable","12":"purchasable","13":"product-type-simple"},"_links":{"self":[{"href":"https:\/\/displayproducts.eu\/da\/wp-json\/wp\/v2\/product\/5818","targetHints":{"allow":["GET"]}}],"collection":[{"href":"https:\/\/displayproducts.eu\/da\/wp-json\/wp\/v2\/product"}],"about":[{"href":"https:\/\/displayproducts.eu\/da\/wp-json\/wp\/v2\/types\/product"}],"replies":[{"embeddable":true,"href":"https:\/\/displayproducts.eu\/da\/wp-json\/wp\/v2\/comments?post=5818"}],"wp:featuredmedia":[{"embeddable":true,"href":"https:\/\/displayproducts.eu\/da\/wp-json\/wp\/v2\/media\/5827"}],"wp:attachment":[{"href":"https:\/\/displayproducts.eu\/da\/wp-json\/wp\/v2\/media?parent=5818"}],"wp:term":[{"taxonomy":"product_brand","embeddable":true,"href":"https:\/\/displayproducts.eu\/da\/wp-json\/wp\/v2\/product_brand?post=5818"},{"taxonomy":"product_cat","embeddable":true,"href":"https:\/\/displayproducts.eu\/da\/wp-json\/wp\/v2\/product_cat?post=5818"},{"taxonomy":"product_tag","embeddable":true,"href":"https:\/\/displayproducts.eu\/da\/wp-json\/wp\/v2\/product_tag?post=5818"}],"curies":[{"name":"wp","href":"https:\/\/api.w.org\/{rel}","templated":true}]}}