{"id":5816,"date":"2025-12-11T12:14:13","date_gmt":"2025-12-11T09:14:13","guid":{"rendered":"https:\/\/wristbandfactory.eu\/?post_type=product&#038;p=5816"},"modified":"2026-04-01T21:52:35","modified_gmt":"2026-04-01T18:52:35","slug":"bamboo-fabric-wristbands-custom-woven-printed","status":"publish","type":"product","link":"https:\/\/displayproducts.eu\/da\/p\/bamboo-fabric-wristbands-custom-woven-printed\/","title":{"rendered":"Stofarmb\u00e5nd (Bambus) \u2013 Med logo \/ Tryk"},"content":{"rendered":"<p data-path-to-node=\"10\"><b>Det bl\u00f8deste valg til b\u00e6redygtige events<\/b><\/p>\n<p data-path-to-node=\"11\">Tilbyd dine VIP-g\u00e6ster og milj\u00f8bevidste deltagere den ultimative komfort med vores <b>Armb\u00e5nd i bambusstof<\/b>. Disse remme er fremstillet af en af verdens hurtigst voksende vedvarende ressourcer og kombinerer b\u00e6redygtighed med en f\u00f8rsteklasses, silkebl\u00f8d tekstur, der f\u00f8les bedre end syntetiske alternativer.<\/p>\n<p data-path-to-node=\"12\"><b>Hvorfor v\u00e6lge bambus?<\/b> Bambusfibre er naturligt <b>antibakteriel, hypoallergenisk og fugttransporterende<\/b>. Dette g\u00f8r den til det ideelle valg til flerdagesfestivaler i varmt klima eller for g\u00e6ster med f\u00f8lsom hud. I mods\u00e6tning til plastik \u00e5nder den naturligt og er fuldt bionedbrydelig ved slutningen af sin livscyklus.<\/p>\n<p data-path-to-node=\"13\"><b>Branding og tilpasning<\/b> P\u00e5 grund af bambusens naturlige matte tekstur anbefaler vi:<\/p>\n<ul data-path-to-node=\"14\">\n<li>\n<p data-path-to-node=\"14,0,0\"><b>V\u00e6vet (Broderi):<\/b> Ved at v\u00e6ve dit logo direkte ind i stoffet (op til 8 farver) skabes et klassisk og eksklusivt look.<\/p>\n<\/li>\n<li>\n<p data-path-to-node=\"14,1,0\"><b>Silketryk:<\/b> Bedst til design, der kr\u00e6ver skarp tekst eller specifikke staffagefarver p\u00e5 overfladen.<\/p>\n<\/li>\n<\/ul>\n<p data-path-to-node=\"15\"><b>Sikker og milj\u00f8venlig<\/b> Maksimer dine gr\u00f8nne egenskaber ved at kombinere disse b\u00e5nd med vores <b>Bambus \u00f8ko-l\u00e5s<\/b> (50% mindre plastik). Vi tilbyder ogs\u00e5 standard h\u00f8jsikkerhedsskydere og genanvendelige tr\u00e6perler.<\/p>\n<p data-path-to-node=\"16\"><b>N\u00f8glefunktioner:<\/b><\/p>\n<ul data-path-to-node=\"17\">\n<li>\n<p data-path-to-node=\"17,0,0\"><b>Materiale:<\/b> 100% bambusfiber.<\/p>\n<\/li>\n<li>\n<p data-path-to-node=\"17,1,0\"><b>F\u00f8le:<\/b> Luksuri\u00f8s, bl\u00f8d og satinagtig.<\/p>\n<\/li>\n<li>\n<p data-path-to-node=\"17,2,0\"><b>\u00d8ko-vurdering:<\/b> Meget fornyelig og bionedbrydelig.<\/p>\n<\/li>\n<li>\n<p data-path-to-node=\"17,3,0\"><b>Anvendelse:<\/b> Perfekt til VIP-adgang, \u00f8ko-topm\u00f8der og luksuri\u00f8se retreats.<\/p>\n<\/li>\n<\/ul>","protected":false},"excerpt":{"rendered":"<ul>\n<li>\n<p data-path-to-node=\"8,0,0\"><b>Premium materiale:<\/b> Fremstillet af hurtigtvoksende, 100% bionedbrydelig bambusfiber.<\/p>\n<\/li>\n<li>\n<p data-path-to-node=\"8,1,0\"><b>Silkeagtig komfort:<\/b> Den bl\u00f8deste armb\u00e5ndsmulighed p\u00e5 markedet; naturligt antibakteriel og hypoallergen.<\/p>\n<\/li>\n<li>\n<p data-path-to-node=\"8,2,0\"><b>Brugerdefineret branding:<\/b> F\u00e5s som v\u00e6vet (broderi) eller serigrafitrykt (Pantone-match).<\/p>\n<\/li>\n<li>\n<p data-path-to-node=\"8,3,0\"><b>B\u00e6redygtig:<\/b> En vedvarende ressource, der ikke kr\u00e6ver pesticider for at vokse.<\/p>\n<\/li>\n<\/ul>","protected":false},"featured_media":5828,"comment_status":"closed","ping_status":"closed","template":"","meta":[],"product_brand":[],"product_cat":[133,47],"product_tag":[],"class_list":{"0":"post-5816","1":"product","2":"type-product","3":"status-publish","4":"has-post-thumbnail","6":"product_cat-eco-friendly-wristbands","7":"product_cat-fabric-wristbands","9":"first","10":"instock","11":"shipping-taxable","12":"purchasable","13":"product-type-simple"},"_links":{"self":[{"href":"https:\/\/displayproducts.eu\/da\/wp-json\/wp\/v2\/product\/5816","targetHints":{"allow":["GET"]}}],"collection":[{"href":"https:\/\/displayproducts.eu\/da\/wp-json\/wp\/v2\/product"}],"about":[{"href":"https:\/\/displayproducts.eu\/da\/wp-json\/wp\/v2\/types\/product"}],"replies":[{"embeddable":true,"href":"https:\/\/displayproducts.eu\/da\/wp-json\/wp\/v2\/comments?post=5816"}],"wp:featuredmedia":[{"embeddable":true,"href":"https:\/\/displayproducts.eu\/da\/wp-json\/wp\/v2\/media\/5828"}],"wp:attachment":[{"href":"https:\/\/displayproducts.eu\/da\/wp-json\/wp\/v2\/media?parent=5816"}],"wp:term":[{"taxonomy":"product_brand","embeddable":true,"href":"https:\/\/displayproducts.eu\/da\/wp-json\/wp\/v2\/product_brand?post=5816"},{"taxonomy":"product_cat","embeddable":true,"href":"https:\/\/displayproducts.eu\/da\/wp-json\/wp\/v2\/product_cat?post=5816"},{"taxonomy":"product_tag","embeddable":true,"href":"https:\/\/displayproducts.eu\/da\/wp-json\/wp\/v2\/product_tag?post=5816"}],"curies":[{"name":"wp","href":"https:\/\/api.w.org\/{rel}","templated":true}]}}