{"id":5814,"date":"2025-12-11T12:06:41","date_gmt":"2025-12-11T09:06:41","guid":{"rendered":"https:\/\/wristbandfactory.eu\/?post_type=product&#038;p=5814"},"modified":"2026-04-01T21:52:35","modified_gmt":"2026-04-01T18:52:35","slug":"organic-cotton-wristbands-custom-woven-printed","status":"publish","type":"product","link":"https:\/\/displayproducts.eu\/da\/p\/organic-cotton-wristbands-custom-woven-printed\/","title":{"rendered":"Stofarmb\u00e5nd (Bomuld) \u2013 Med logo \/ Tryk"},"content":{"rendered":"<p data-path-to-node=\"11\"><b>Det naturlige valg til b\u00e6redygtige events<\/b><\/p>\n<p data-path-to-node=\"12\">L\u00f8ft dit brands milj\u00f8m\u00e6ssige profil med vores <b>\u00d8kologiske bomuldsarmb\u00e5nd<\/b>. I mods\u00e6tning til syntetiske materialer er disse remme fremstillet af 100% naturlige fibre, hvilket giver et mat, rustikt look og en us\u00e6dvanlig bl\u00f8d fornemmelse mod huden. De er den perfekte l\u00f8sning til flerdagesfestivaler, VIP-retreats og brands, der \u00f8nsker at projicere et &quot;plastikfrit&quot; image.<\/p>\n<p data-path-to-node=\"13\"><b>Komfort m\u00f8der holdbarhed<\/b> Bomuld er naturligt \u00e5ndbart og allergivenligt, hvilket g\u00f8r det til det mest behagelige valg til l\u00e6ngere tids brug. Det for\u00e5rsager ikke irritation eller sved, hvilket sikrer en f\u00f8rsteklasses oplevelse for dine g\u00e6ster.<\/p>\n<p data-path-to-node=\"14\"><b>Brandingmuligheder<\/b> P\u00e5 grund af den naturlige fibertekstur anbefaler vi to forskellige tilpasningsmetoder:<\/p>\n<ul data-path-to-node=\"15\">\n<li>\n<p data-path-to-node=\"15,0,0\"><b>V\u00e6vet (Broderi):<\/b> Dit logo sys direkte ind i stoffet med op til 8 tr\u00e5dfarver. Dette skaber en slidst\u00e6rk og eksklusiv finish, der ikke falmer.<\/p>\n<\/li>\n<li>\n<p data-path-to-node=\"15,1,0\"><b>Silketryk:<\/b> Perfekt til specifik Pantone-farvematchning p\u00e5 armb\u00e5ndets overflade.<\/p>\n<\/li>\n<\/ul>\n<p data-path-to-node=\"16\"><b>Sikker og b\u00e6redygtig hardware<\/b> Kombiner disse naturlige b\u00e5nd med vores <b>Bambus \u00f8ko-l\u00e5s<\/b> (50% bambuskomposit) for at skabe en fuldst\u00e6ndig milj\u00f8venlig armb\u00e5ndsl\u00f8sning. Standard h\u00f8jsikkerhedsskydere og genanvendelige tr\u00e6perler er ogs\u00e5 tilg\u00e6ngelige.<\/p>\n<p data-path-to-node=\"17\"><b>N\u00f8glefunktioner:<\/b><\/p>\n<ul data-path-to-node=\"18\">\n<li>\n<p data-path-to-node=\"18,0,0\"><b>Materiale:<\/b> 100% \u00d8kologisk bomuld.<\/p>\n<\/li>\n<li>\n<p data-path-to-node=\"18,1,0\"><b>\u00d8ko-vurdering:<\/b> Biologisk nedbrydelig og fornybar.<\/p>\n<\/li>\n<li>\n<p data-path-to-node=\"18,2,0\"><b>Struktur:<\/b> Bl\u00f8d, mat finish (ikke-skinnende).<\/p>\n<\/li>\n<li>\n<p data-path-to-node=\"18,3,0\"><b>Dimensioner:<\/b> Standard 340 mm x 15 mm.<\/p>\n<\/li>\n<\/ul>","protected":false},"excerpt":{"rendered":"<ul>\n<li>\n<p data-path-to-node=\"9,0,0\"><b>Naturmateriale:<\/b> Lavet af 100% bionedbrydelige \u00f8kologiske bomuldsfibre.<\/p>\n<\/li>\n<li>\n<p data-path-to-node=\"9,1,0\"><b>Premium komfort:<\/b> Bl\u00f8d, \u00e5ndbar og allergivenlig (ideel til sensitiv hud).<\/p>\n<\/li>\n<li>\n<p data-path-to-node=\"9,2,0\"><b>Brugerdefineret branding:<\/b> V\u00e6lg mellem broderi (v\u00e6vet) i h\u00f8j kvalitet eller silketryk.<\/p>\n<\/li>\n<li>\n<p data-path-to-node=\"9,3,0\"><b>Plastikfri:<\/b> Et fuldt b\u00e6redygtigt valg, der er kompatibelt med Bamboo Eco-Locks.<\/p>\n<\/li>\n<\/ul>","protected":false},"featured_media":5829,"comment_status":"closed","ping_status":"closed","template":"","meta":[],"product_brand":[],"product_cat":[133,47],"product_tag":[],"class_list":{"0":"post-5814","1":"product","2":"type-product","3":"status-publish","4":"has-post-thumbnail","6":"product_cat-eco-friendly-wristbands","7":"product_cat-fabric-wristbands","9":"first","10":"instock","11":"shipping-taxable","12":"purchasable","13":"product-type-simple"},"_links":{"self":[{"href":"https:\/\/displayproducts.eu\/da\/wp-json\/wp\/v2\/product\/5814","targetHints":{"allow":["GET"]}}],"collection":[{"href":"https:\/\/displayproducts.eu\/da\/wp-json\/wp\/v2\/product"}],"about":[{"href":"https:\/\/displayproducts.eu\/da\/wp-json\/wp\/v2\/types\/product"}],"replies":[{"embeddable":true,"href":"https:\/\/displayproducts.eu\/da\/wp-json\/wp\/v2\/comments?post=5814"}],"wp:featuredmedia":[{"embeddable":true,"href":"https:\/\/displayproducts.eu\/da\/wp-json\/wp\/v2\/media\/5829"}],"wp:attachment":[{"href":"https:\/\/displayproducts.eu\/da\/wp-json\/wp\/v2\/media?parent=5814"}],"wp:term":[{"taxonomy":"product_brand","embeddable":true,"href":"https:\/\/displayproducts.eu\/da\/wp-json\/wp\/v2\/product_brand?post=5814"},{"taxonomy":"product_cat","embeddable":true,"href":"https:\/\/displayproducts.eu\/da\/wp-json\/wp\/v2\/product_cat?post=5814"},{"taxonomy":"product_tag","embeddable":true,"href":"https:\/\/displayproducts.eu\/da\/wp-json\/wp\/v2\/product_tag?post=5814"}],"curies":[{"name":"wp","href":"https:\/\/api.w.org\/{rel}","templated":true}]}}