{"id":5810,"date":"2025-12-11T11:26:33","date_gmt":"2025-12-11T08:26:33","guid":{"rendered":"https:\/\/wristbandfactory.eu\/?post_type=product&#038;p=5810"},"modified":"2026-04-01T21:52:03","modified_gmt":"2026-04-01T18:52:03","slug":"recycled-fabric-wristbands-rpet-full-colour-printed","status":"publish","type":"product","link":"https:\/\/displayproducts.eu\/da\/p\/recycled-fabric-wristbands-rpet-full-colour-printed\/","title":{"rendered":"Stofarmb\u00e5nd (rPET) \u2013 Med logo \/ Tryk"},"content":{"rendered":"<p data-path-to-node=\"10\"><b>B\u00e6redygtig branding uden kompromis<\/b><\/p>\n<p data-path-to-node=\"11\">Skift til et gr\u00f8nnere alternativ med vores <b>Armb\u00e5nd af genbrugsstof (rPET)<\/b>. Disse armb\u00e5nd er designet til festivaler, konferencer og firmaarrangementer og kombinerer branding med stor effekt og milj\u00f8ansvar.<\/p>\n<p data-path-to-node=\"12\"><b>Fra affald til armb\u00e5nd<\/b> I mods\u00e6tning til standard polyester er vores rPET-b\u00e5nd fremstillet af garn spundet af certificerede genbrugsplastikflasker. Denne proces reducerer plastaffald og CO2-udledning betydeligt, samtidig med at den bevarer holdbarheden og den bl\u00f8de, satinlignende fornemmelse af premiumstof.<\/p>\n<p data-path-to-node=\"13\"><b>Tilpasning i h\u00f8j opl\u00f8sning<\/b> Den glatte finish p\u00e5 rPET-materialet er konstrueret til <b>farvesublimeringstryk<\/b>. Dette g\u00f8r det muligt at trykke fotorealistiske detaljer, gradienter og indviklede sponsorlogoer kant til kant p\u00e5 begge sider af armb\u00e5ndet.<\/p>\n<p data-path-to-node=\"14\"><b>L\u00e5semekanismer til ethvert behov<\/b> Tilpas dit sikkerhedsniveau med vores brede udvalg af lukninger:<\/p>\n<ul data-path-to-node=\"15\">\n<li>\n<p data-path-to-node=\"15,0,0\"><b>H\u00f8jsikkerhedsslidere:<\/b> Formonterede l\u00e5seskydere (t\u00e6nder eller envejs) for streng adgangskontrol.<\/p>\n<\/li>\n<li>\n<p data-path-to-node=\"15,1,0\"><b>Bambus \u00f8ko-l\u00e5se:<\/b> En 50%-model med reduceret plastik, der matcher det b\u00e6redygtige b\u00e5nd.<\/p>\n<\/li>\n<li>\n<p data-path-to-node=\"15,2,0\"><b>Genanvendelige vippekontakter:<\/b> Justerbare perler til personalepas eller reklamegaver.<\/p>\n<\/li>\n<\/ul>\n<p data-path-to-node=\"16\"><b>N\u00f8glefunktioner:<\/b><\/p>\n<ul data-path-to-node=\"17\">\n<li>\n<p data-path-to-node=\"17,0,0\"><b>Materiale:<\/b> 100% Genbrugt polyethylenterephthalat (rPET).<\/p>\n<\/li>\n<li>\n<p data-path-to-node=\"17,1,0\"><b>Udskrivningsmetode:<\/b> Fuldfarvet CMYK-sublimering (forside og bagside).<\/p>\n<\/li>\n<li>\n<p data-path-to-node=\"17,2,0\"><b>St\u00f8rrelse:<\/b> Standard 340 mm x 15 mm (specialfremstillede st\u00f8rrelser er tilg\u00e6ngelige).<\/p>\n<\/li>\n<li>\n<p data-path-to-node=\"17,3,0\"><b>Emballage:<\/b> Pakket i stor skala i polyposer med 50 stk. for nem distribution.<\/p>\n<\/li>\n<\/ul>","protected":false},"excerpt":{"rendered":"<ul>\n<li>\n<p data-path-to-node=\"8,0,0\"><b>Milj\u00f8venlig:<\/b> Lavet af 100% genbrugte PET-plastflasker (rPET).<\/p>\n<\/li>\n<li>\n<p data-path-to-node=\"8,1,0\"><b>Levende print:<\/b> Kant-til-kant fuldfarvesublimering til komplekse designs.<\/p>\n<\/li>\n<li>\n<p data-path-to-node=\"8,2,0\"><b>Sikker og fleksibel:<\/b> Valg mellem engangssikkerhedsl\u00e5se eller genanvendelige perler.<\/p>\n<\/li>\n<li>\n<p data-path-to-node=\"8,3,0\"><b>Hurtig produktion:<\/b> Massivpakket og klar til presserende begivenheder.<\/p>\n<\/li>\n<\/ul>","protected":false},"featured_media":5830,"comment_status":"closed","ping_status":"closed","template":"","meta":[],"product_brand":[],"product_cat":[133,47],"product_tag":[],"class_list":{"0":"post-5810","1":"product","2":"type-product","3":"status-publish","4":"has-post-thumbnail","6":"product_cat-eco-friendly-wristbands","7":"product_cat-fabric-wristbands","9":"first","10":"instock","11":"shipping-taxable","12":"purchasable","13":"product-type-simple"},"_links":{"self":[{"href":"https:\/\/displayproducts.eu\/da\/wp-json\/wp\/v2\/product\/5810","targetHints":{"allow":["GET"]}}],"collection":[{"href":"https:\/\/displayproducts.eu\/da\/wp-json\/wp\/v2\/product"}],"about":[{"href":"https:\/\/displayproducts.eu\/da\/wp-json\/wp\/v2\/types\/product"}],"replies":[{"embeddable":true,"href":"https:\/\/displayproducts.eu\/da\/wp-json\/wp\/v2\/comments?post=5810"}],"wp:featuredmedia":[{"embeddable":true,"href":"https:\/\/displayproducts.eu\/da\/wp-json\/wp\/v2\/media\/5830"}],"wp:attachment":[{"href":"https:\/\/displayproducts.eu\/da\/wp-json\/wp\/v2\/media?parent=5810"}],"wp:term":[{"taxonomy":"product_brand","embeddable":true,"href":"https:\/\/displayproducts.eu\/da\/wp-json\/wp\/v2\/product_brand?post=5810"},{"taxonomy":"product_cat","embeddable":true,"href":"https:\/\/displayproducts.eu\/da\/wp-json\/wp\/v2\/product_cat?post=5810"},{"taxonomy":"product_tag","embeddable":true,"href":"https:\/\/displayproducts.eu\/da\/wp-json\/wp\/v2\/product_tag?post=5810"}],"curies":[{"name":"wp","href":"https:\/\/api.w.org\/{rel}","templated":true}]}}