{"id":5780,"date":"2025-12-10T15:24:17","date_gmt":"2025-12-10T12:24:17","guid":{"rendered":"https:\/\/wristbandfactory.eu\/?post_type=product&#038;p=5780"},"modified":"2026-04-01T21:52:35","modified_gmt":"2026-04-01T18:52:35","slug":"custom-neoprene-lanyards-ultra-soft-cushioned","status":"publish","type":"product","link":"https:\/\/displayproducts.eu\/da\/p\/custom-neoprene-lanyards-ultra-soft-cushioned\/","title":{"rendered":"Neopren n\u00f8glesnore med tryk"},"content":{"rendered":"<p data-path-to-node=\"11\">Oplev overlegen komfort med vores <b>Med eget tryk neopren-snore<\/b>. Hvis dine medarbejdere eller deltagere klager over tynde stropper, der gnider i nakken, er dette den premium-opgradering, du har brug for.<\/p>\n<p data-path-to-node=\"12\"><b>Bygget som en v\u00e5ddragt<\/b> Disse n\u00f8glesnore er fremstillet af neopren af h\u00f8j kvalitet og er bl\u00f8de, fleksible og svedafvisende. Materialet har en naturlig tykkelse (svampelignende kerne), der fungerer som en st\u00f8dd\u00e6mper, hvilket g\u00f8r dem til det foretrukne valg for tr\u00e6ningstr\u00e6nere, guider til udend\u00f8rseventyr og vedligeholdelsespersonale, der b\u00e6rer tunge n\u00f8gler.<\/p>\n<p data-path-to-node=\"13\"><b>Sporty og professionel<\/b> Looket er tydeligt sporty, men professionelt. Kanterne er f\u00e6rdige med farvematchede eller kontrasterende syninger, hvilket giver n\u00f8glesnore et eksklusivt, skr\u00e6ddersyet udseende. Uanset om du v\u00e6lger et dristigt m\u00f8nster eller et elegant firmalogo, er resultatet altid i\u00f8jnefaldende.<\/p>\n<p data-path-to-node=\"14\"><b>N\u00f8glefunktioner:<\/b><\/p>\n<ul data-path-to-node=\"15\">\n<li>\n<p data-path-to-node=\"15,0,0\"><b>Materiale:<\/b> Bl\u00f8d neopren med stofbel\u00e6gning.<\/p>\n<\/li>\n<li>\n<p data-path-to-node=\"15,1,0\"><b>Konstruktion:<\/b> R\u00f8rformede eller flade med syede kanter.<\/p>\n<\/li>\n<li>\n<p data-path-to-node=\"15,2,0\"><b>Vedh\u00e6ftede filer:<\/b> Kraftige metalkroge, O-ringe og aftagelige sp\u00e6nder.<\/p>\n<\/li>\n<li>\n<p data-path-to-node=\"15,3,0\"><b>Sikkerhed:<\/b> Plastiksp\u00e6nder med brudstykke f\u00e5s.<\/p>\n<\/li>\n<\/ul>","protected":false},"excerpt":{"rendered":"<ul>\n<li>\n<p data-path-to-node=\"9,0,0\"><b>Ultimativ komfort:<\/b> Lavet af svampet neopren (v\u00e5ddragtsmateriale), der giver en polstret fornemmelse og forhindrer nakkeirritation, selv med tung belastning.<\/p>\n<\/li>\n<li>\n<p data-path-to-node=\"9,1,0\"><b>Holdbar finish:<\/b> Har forst\u00e6rkede syede kanter (overlock) for at forhindre flosning og forl\u00e6nge produktets levetid.<\/p>\n<\/li>\n<li>\n<p data-path-to-node=\"9,2,0\"><b>Kraftig belastning:<\/b> Den tykke profil g\u00f8r den ideel til at b\u00e6re tunge n\u00f8gles\u00e6t, v\u00e6rkt\u00f8j eller store elektroniske enheder uden at sk\u00e6re ind i huden.<\/p>\n<\/li>\n<li>\n<p data-path-to-node=\"9,3,0\"><b>Levende branding:<\/b> F\u00e5s med skarpt silketryk eller sublimering i fuld farve til m\u00f8nstre som leopardprint.<\/p>\n<\/li>\n<\/ul>","protected":false},"featured_media":5797,"comment_status":"closed","ping_status":"closed","template":"","meta":[],"product_brand":[],"product_cat":[104,108,118],"product_tag":[],"class_list":{"0":"post-5780","1":"product","2":"type-product","3":"status-publish","4":"has-post-thumbnail","6":"product_cat-custom-printed-lanyards","7":"product_cat-multifunctional-lanyards","8":"product_cat-sports-fitness","10":"first","11":"instock","12":"shipping-taxable","13":"purchasable","14":"product-type-simple"},"_links":{"self":[{"href":"https:\/\/displayproducts.eu\/da\/wp-json\/wp\/v2\/product\/5780","targetHints":{"allow":["GET"]}}],"collection":[{"href":"https:\/\/displayproducts.eu\/da\/wp-json\/wp\/v2\/product"}],"about":[{"href":"https:\/\/displayproducts.eu\/da\/wp-json\/wp\/v2\/types\/product"}],"replies":[{"embeddable":true,"href":"https:\/\/displayproducts.eu\/da\/wp-json\/wp\/v2\/comments?post=5780"}],"wp:featuredmedia":[{"embeddable":true,"href":"https:\/\/displayproducts.eu\/da\/wp-json\/wp\/v2\/media\/5797"}],"wp:attachment":[{"href":"https:\/\/displayproducts.eu\/da\/wp-json\/wp\/v2\/media?parent=5780"}],"wp:term":[{"taxonomy":"product_brand","embeddable":true,"href":"https:\/\/displayproducts.eu\/da\/wp-json\/wp\/v2\/product_brand?post=5780"},{"taxonomy":"product_cat","embeddable":true,"href":"https:\/\/displayproducts.eu\/da\/wp-json\/wp\/v2\/product_cat?post=5780"},{"taxonomy":"product_tag","embeddable":true,"href":"https:\/\/displayproducts.eu\/da\/wp-json\/wp\/v2\/product_tag?post=5780"}],"curies":[{"name":"wp","href":"https:\/\/api.w.org\/{rel}","templated":true}]}}