{"id":5772,"date":"2025-12-10T15:15:03","date_gmt":"2025-12-10T12:15:03","guid":{"rendered":"https:\/\/wristbandfactory.eu\/?post_type=product&#038;p=5772"},"modified":"2026-04-01T21:52:35","modified_gmt":"2026-04-01T18:52:35","slug":"custom-printed-suspenders-branded-y-back-braces","status":"publish","type":"product","link":"https:\/\/displayproducts.eu\/da\/p\/custom-printed-suspenders-branded-y-back-braces\/","title":{"rendered":"Seler med logo \u2013 Bukseseler"},"content":{"rendered":"<p data-path-to-node=\"12\">Tilf\u00f8j et strejf af klasse til din firmauniform eller merchandise-kollektion med vores <b>Seler med med eget tryk tryk<\/b>. Uanset om det er til et trendy barpersonale, et byggefirma eller et modem\u00e6rke, tilbyder disse seler et funktionelt og stilfuldt alternativ til b\u00e6lter.<\/p>\n<p data-path-to-node=\"13\"><b>Bygget til arbejde og leg<\/b> Vores seler er lavet af elastisk v\u00e6vning af h\u00f8j kvalitet, der bevarer sin str\u00e6kbarhed over tid. Metalbeslagene er robuste nok til industrielt arbejdst\u00f8j, men polerede nok til formelle begivenheder.<\/p>\n<p data-path-to-node=\"14\"><b>Brandingmuligheder:<\/b><\/p>\n<ol start=\"1\" data-path-to-node=\"15\">\n<li>\n<p data-path-to-node=\"15,0,0\"><b>V\u00e6vet elastik:<\/b> Logoet er strikket direkte ind i stoffet for et eksklusivt, tekstureret udseende (f.eks. stribede m\u00f8nstre).<\/p>\n<\/li>\n<li>\n<p data-path-to-node=\"15,1,0\"><b>L\u00e6derpr\u00e6gning:<\/b> Et diskret, sofistikeret logo presset ind i l\u00e6derbagstykket.<\/p>\n<\/li>\n<\/ol>\n<p data-path-to-node=\"16\"><b>Anbefalede anvendelsesscenarier:<\/b><\/p>\n<ul data-path-to-node=\"17\">\n<li>\n<p data-path-to-node=\"17,0,0\"><b>Uniformer til g\u00e6stfrihed:<\/b> Tjenere og bartendere.<\/p>\n<\/li>\n<li>\n<p data-path-to-node=\"17,1,0\"><b>Byggeri og handel:<\/b> St\u00f8tte til kraftigt v\u00e6rkt\u00f8jsb\u00e6lte med h\u00f8j synlighed.<\/p>\n<\/li>\n<li>\n<p data-path-to-node=\"17,2,0\"><b>Firmagaver:<\/b> Et unikt tilbeh\u00f8r til teambuilding eller golfbegivenheder.<\/p>\n<\/li>\n<\/ul>\n<p data-path-to-node=\"18\"><b>N\u00f8glefunktioner:<\/b><\/p>\n<ul data-path-to-node=\"19\">\n<li>\n<p data-path-to-node=\"19,0,0\"><b>Materiale:<\/b> Elastisk polyester med h\u00f8j densitet.<\/p>\n<\/li>\n<li>\n<p data-path-to-node=\"19,1,0\"><b>Rygstil:<\/b> Y-form med l\u00e6derlap.<\/p>\n<\/li>\n<li>\n<p data-path-to-node=\"19,2,0\"><b>Klip:<\/b> 3 eller 4 metalklips (nikkel- eller sort finish).<\/p>\n<\/li>\n<li>\n<p data-path-to-node=\"19,3,0\"><b>Bredde:<\/b> Standard 25 mm, 35 mm eller 50 mm.<\/p>\n<\/li>\n<\/ul>","protected":false},"excerpt":{"rendered":"<ul>\n<li>\n<p data-path-to-node=\"10,0,0\"><b>Klassisk design:<\/b> Traditionel Y-ryg- eller X-ryg-konstruktion med et krydsm\u00e6rke i f\u00f8rsteklasses l\u00e6der for holdbarhed og stil.<\/p>\n<\/li>\n<li>\n<p data-path-to-node=\"10,1,0\"><b>St\u00e6rkt greb:<\/b> Udstyret med kraftige metalklips, der holder bukserne sikkert p\u00e5 plads uden at beskadige stoffet.<\/p>\n<\/li>\n<li>\n<p data-path-to-node=\"10,2,0\"><b>Fuldt justerbar:<\/b> Har metaljusteringsmekanismer, der sikrer en behagelig pasform til enhver h\u00f8jde.<\/p>\n<\/li>\n<li>\n<p data-path-to-node=\"10,3,0\"><b>Brugerdefineret branding:<\/b> Dit logo kan v\u00e6ves ind i den elastiske rem (Jacquard) eller pr\u00e6ges p\u00e5 l\u00e6derm\u00e6rket p\u00e5 bagsiden.<\/p>\n<\/li>\n<\/ul>","protected":false},"featured_media":5808,"comment_status":"closed","ping_status":"closed","template":"","meta":[],"product_brand":[],"product_cat":[127],"product_tag":[],"class_list":{"0":"post-5772","1":"product","2":"type-product","3":"status-publish","4":"has-post-thumbnail","6":"product_cat-custom-straps-belts","8":"first","9":"instock","10":"shipping-taxable","11":"product-type-simple"},"_links":{"self":[{"href":"https:\/\/displayproducts.eu\/da\/wp-json\/wp\/v2\/product\/5772","targetHints":{"allow":["GET"]}}],"collection":[{"href":"https:\/\/displayproducts.eu\/da\/wp-json\/wp\/v2\/product"}],"about":[{"href":"https:\/\/displayproducts.eu\/da\/wp-json\/wp\/v2\/types\/product"}],"replies":[{"embeddable":true,"href":"https:\/\/displayproducts.eu\/da\/wp-json\/wp\/v2\/comments?post=5772"}],"wp:featuredmedia":[{"embeddable":true,"href":"https:\/\/displayproducts.eu\/da\/wp-json\/wp\/v2\/media\/5808"}],"wp:attachment":[{"href":"https:\/\/displayproducts.eu\/da\/wp-json\/wp\/v2\/media?parent=5772"}],"wp:term":[{"taxonomy":"product_brand","embeddable":true,"href":"https:\/\/displayproducts.eu\/da\/wp-json\/wp\/v2\/product_brand?post=5772"},{"taxonomy":"product_cat","embeddable":true,"href":"https:\/\/displayproducts.eu\/da\/wp-json\/wp\/v2\/product_cat?post=5772"},{"taxonomy":"product_tag","embeddable":true,"href":"https:\/\/displayproducts.eu\/da\/wp-json\/wp\/v2\/product_tag?post=5772"}],"curies":[{"name":"wp","href":"https:\/\/api.w.org\/{rel}","templated":true}]}}