{"id":5765,"date":"2025-12-10T15:10:44","date_gmt":"2025-12-10T12:10:44","guid":{"rendered":"https:\/\/wristbandfactory.eu\/?post_type=product&#038;p=5765"},"modified":"2026-04-01T21:52:35","modified_gmt":"2026-04-01T18:52:35","slug":"custom-printed-shoelaces-flat-round-sneaker-laces","status":"publish","type":"product","link":"https:\/\/displayproducts.eu\/da\/p\/custom-printed-shoelaces-flat-round-sneaker-laces\/","title":{"rendered":"Sn\u00f8reb\u00e5nd med logo \u2013 Flade og runde"},"content":{"rendered":"<p data-path-to-node=\"12\">Forvandl hvert skridt til en brandingmulighed med vores <b>Med eget tryk sn\u00f8reb\u00e5nd med tryk<\/b>. Uanset om det er til et firmahold, en lancering af et sneakerm\u00e6rke eller unikke universitetsvarer, tilbyder disse sn\u00f8reb\u00e5nd en sjov og funktionel m\u00e5de at vise dit logo p\u00e5.<\/p>\n<p data-path-to-node=\"13\"><b>Stilarter der matcher din sko:<\/b><\/p>\n<ol start=\"1\" data-path-to-node=\"14\">\n<li>\n<p data-path-to-node=\"14,0,0\"><b>Flade sn\u00f8reb\u00e5nd:<\/b> Standarden for sneakers og skatesko. De tilbyder et bredt l\u00e6rred (8 mm \u2013 15 mm), der er perfekt til tydelig l\u00e6sning af tekst og logoer p\u00e5 afstand.<\/p>\n<\/li>\n<li>\n<p data-path-to-node=\"14,1,0\"><b>Runde sn\u00f8reb\u00e5nd:<\/b> Ideel til l\u00f8besko, st\u00f8vler og h\u00e6ttetr\u00f8jer. Branding er typisk v\u00e6vet ind i eller trykt p\u00e5 aglets (spidserne) for en diskret finish i detailhandelskvalitet.<\/p>\n<\/li>\n<\/ol>\n<p data-path-to-node=\"15\"><b>Med eget tryk aglets (spidser)<\/b> Tag det til n\u00e6ste niveau ved at trykke dit brandnavn eller din hjemmeside direkte p\u00e5 sn\u00f8reb\u00e5ndenes plastik- eller metalspidser. Denne detalje tilf\u00f8jer betydelig opfattet v\u00e6rdi til produktet.<\/p>\n<p data-path-to-node=\"16\"><b>Anbefalede anvendelsesscenarier:<\/b><\/p>\n<ul data-path-to-node=\"17\">\n<li>\n<p data-path-to-node=\"17,0,0\"><b>Maratonl\u00f8b og 5 km l\u00f8b:<\/b> Inkluder dem i deltagernes &quot;goodiebag&quot;.\u201c<\/p>\n<\/li>\n<li>\n<p data-path-to-node=\"17,1,0\"><b>Medarbejdervelv\u00e6re:<\/b> Fantastisk til &quot;Skridtt\u00e6llingsudfordringer&quot;.\u201c<\/p>\n<\/li>\n<li>\n<p data-path-to-node=\"17,2,0\"><b>Mode og detailhandel:<\/b> S\u00e6lg dem som et separat tilbeh\u00f8r eller som gave ved k\u00f8b.<\/p>\n<\/li>\n<\/ul>\n<p data-path-to-node=\"18\"><b>N\u00f8glefunktioner:<\/b><\/p>\n<ul data-path-to-node=\"19\">\n<li>\n<p data-path-to-node=\"19,0,0\"><b>Materiale:<\/b> Holdbar polyester.<\/p>\n<\/li>\n<li>\n<p data-path-to-node=\"19,1,0\"><b>L\u00e6ngde:<\/b> Standardst\u00f8rrelser (90 cm, 120 cm, 140 cm) eller specialfremstillede.<\/p>\n<\/li>\n<li>\n<p data-path-to-node=\"19,2,0\"><b>Trykke:<\/b> Varmeoverf\u00f8ring (sublimering) eller silketryk.<\/p>\n<\/li>\n<li>\n<p data-path-to-node=\"19,3,0\"><b>Emballage:<\/b> Par pakkes normalt i en klar polypose eller et brugerdefineret kortheader.<\/p>\n<\/li>\n<\/ul>","protected":false},"excerpt":{"rendered":"<ul>\n<li>\n<p data-path-to-node=\"10,0,0\"><b>Fuldt tilpasselig:<\/b> F\u00e5s i klassisk flad stil for dristige fuldfarvede m\u00f8nstre eller rund snorstil for et sporty look.<\/p>\n<\/li>\n<li>\n<p data-path-to-node=\"10,1,0\"><b>End-to-End branding:<\/b> Vi kan trykke dit logo langs hele blondens l\u00e6ngde og endda tilpasse plastik- eller metalspidserne (aglets).<\/p>\n<\/li>\n<li>\n<p data-path-to-node=\"10,2,0\"><b>Levende designs:<\/b> Ved hj\u00e6lp af sublimeringstryk kan vi opn\u00e5 detaljerede grafikker som hjerter, tegneserier eller komplekse gradienter.<\/p>\n<\/li>\n<li>\n<p data-path-to-node=\"10,3,0\"><b>Klar til begivenhed:<\/b> En v\u00e6rdifuld giveaway til velg\u00f8renhedsl\u00f8b, sportshold og sneakermesser, som modtagerne rent faktisk bruger.<\/p>\n<\/li>\n<\/ul>","protected":false},"featured_media":5839,"comment_status":"closed","ping_status":"closed","template":"","meta":[],"product_brand":[],"product_cat":[127],"product_tag":[],"class_list":{"0":"post-5765","1":"product","2":"type-product","3":"status-publish","4":"has-post-thumbnail","6":"product_cat-custom-straps-belts","8":"first","9":"instock","10":"shipping-taxable","11":"product-type-simple"},"_links":{"self":[{"href":"https:\/\/displayproducts.eu\/da\/wp-json\/wp\/v2\/product\/5765","targetHints":{"allow":["GET"]}}],"collection":[{"href":"https:\/\/displayproducts.eu\/da\/wp-json\/wp\/v2\/product"}],"about":[{"href":"https:\/\/displayproducts.eu\/da\/wp-json\/wp\/v2\/types\/product"}],"replies":[{"embeddable":true,"href":"https:\/\/displayproducts.eu\/da\/wp-json\/wp\/v2\/comments?post=5765"}],"wp:featuredmedia":[{"embeddable":true,"href":"https:\/\/displayproducts.eu\/da\/wp-json\/wp\/v2\/media\/5839"}],"wp:attachment":[{"href":"https:\/\/displayproducts.eu\/da\/wp-json\/wp\/v2\/media?parent=5765"}],"wp:term":[{"taxonomy":"product_brand","embeddable":true,"href":"https:\/\/displayproducts.eu\/da\/wp-json\/wp\/v2\/product_brand?post=5765"},{"taxonomy":"product_cat","embeddable":true,"href":"https:\/\/displayproducts.eu\/da\/wp-json\/wp\/v2\/product_cat?post=5765"},{"taxonomy":"product_tag","embeddable":true,"href":"https:\/\/displayproducts.eu\/da\/wp-json\/wp\/v2\/product_tag?post=5765"}],"curies":[{"name":"wp","href":"https:\/\/api.w.org\/{rel}","templated":true}]}}