{"id":5760,"date":"2025-12-10T15:00:54","date_gmt":"2025-12-10T12:00:54","guid":{"rendered":"https:\/\/wristbandfactory.eu\/?post_type=product&#038;p=5760"},"modified":"2026-04-01T21:52:35","modified_gmt":"2026-04-01T18:52:35","slug":"custom-faux-fur-lanyards-fluffy-fashion-strap","status":"publish","type":"product","link":"https:\/\/displayproducts.eu\/da\/p\/custom-faux-fur-lanyards-fluffy-fashion-strap\/","title":{"rendered":"Plys lanyards \/ N\u00f8glesnore \u2013 Imiteret pels"},"content":{"rendered":"<p data-path-to-node=\"11\">Lav et dristigt statement med vores <b>Med eget tryk imiteret pels-snore<\/b>. Disse n\u00f8glesnore g\u00e5r ud over at v\u00e6re anvendelige, og er \u00e6gte modetilbeh\u00f8r designet til at holde dit brand synligt p\u00e5 den mest stilfulde m\u00e5de.<\/p>\n<p data-path-to-node=\"12\"><b>Den &quot;fluffy&quot; faktor<\/b> I mods\u00e6tning til flade polyesterb\u00e5nd er disse n\u00f8glesnore lavet af et bl\u00f8dt, r\u00f8rformet kunstpelsstof. De f\u00f8les som et t\u00f8rkl\u00e6de mod halsen, hvilket g\u00f8r dem utroligt behagelige at have p\u00e5 hele dagen til vinterfestivaler eller VIP-arrangementer.<\/p>\n<p data-path-to-node=\"13\"><b>Smarte brandingl\u00f8sninger<\/b> Fordi lang pels skjuler bl\u00e6k, bruger vi <b>vedh\u00e6ftede brandingetiketter<\/b>.<\/p>\n<ul data-path-to-node=\"14\">\n<li>\n<p data-path-to-node=\"14,0,0\"><b>V\u00e6vede etiketter:<\/b> Et stofm\u00e6rke af h\u00f8j kvalitet syet fast p\u00e5 pelsen (ligesom p\u00e5 t\u00f8j).<\/p>\n<\/li>\n<li>\n<p data-path-to-node=\"14,1,0\"><b>PVC\/gummi-lapper:<\/b> For et moderne 3D-look. Denne metode sikrer, at dit logo forbliver l\u00e6seligt og skarpt, samtidig med at produktets f\u00f8rsteklasses, luftige \u00e6stetik bevares.<\/p>\n<\/li>\n<\/ul>\n<p data-path-to-node=\"15\"><b>Anbefalede anvendelsesscenarier:<\/b><\/p>\n<ul data-path-to-node=\"16\">\n<li>\n<p data-path-to-node=\"16,0,0\"><b>Streetwear-merchandise:<\/b> Varer med h\u00f8j opfattet v\u00e6rdi til detailhandel.<\/p>\n<\/li>\n<li>\n<p data-path-to-node=\"16,1,0\"><b>Ski- og snowboardbegivenheder:<\/b> Ideelt egnet til kolde milj\u00f8er.<\/p>\n<\/li>\n<li>\n<p data-path-to-node=\"16,2,0\"><b>Kreative bureauer:<\/b> En unik gave, der skiller sig ud fra de kedelige kontorartikler.<\/p>\n<\/li>\n<\/ul>\n<p data-path-to-node=\"17\"><b>N\u00f8glefunktioner:<\/b><\/p>\n<ul data-path-to-node=\"18\">\n<li>\n<p data-path-to-node=\"18,0,0\"><b>Materiale:<\/b> 100% Syntetisk kunstpels (polyester).<\/p>\n<\/li>\n<li>\n<p data-path-to-node=\"18,1,0\"><b>Stil:<\/b> R\u00f8rformet \/ Rund profil.<\/p>\n<\/li>\n<li>\n<p data-path-to-node=\"18,2,0\"><b>Logometode:<\/b> V\u00e6vet etiket eller m\u00e6rke.<\/p>\n<\/li>\n<li>\n<p data-path-to-node=\"18,3,0\"><b>Vedh\u00e6ftede filer:<\/b> Metal hummerkrog eller splitring.<\/p>\n<\/li>\n<\/ul>","protected":false},"excerpt":{"rendered":"<ul>\n<li>\n<p data-path-to-node=\"9,0,0\"><b>Ultra-fugtig tekstur:<\/b> Lavet af et plysset syntetisk pelsr\u00f8r, der giver en unik og luksuri\u00f8s taktil oplevelse.<\/p>\n<\/li>\n<li>\n<p data-path-to-node=\"9,1,0\"><b>V\u00e6vet etiketbranding:<\/b> Da pelsen ikke kan trykkes direkte, sys dit logo p\u00e5 en f\u00f8rsteklasses v\u00e6vet etiket eller et m\u00e6rke, der er fastgjort til stroppen.<\/p>\n<\/li>\n<li>\n<p data-path-to-node=\"9,2,0\"><b>Mode fremadrettet:<\/b> Et popul\u00e6rt valg for streetwear-m\u00e6rker, skisportssteder og influencere, der leder efter i\u00f8jnefaldende merchandise.<\/p>\n<\/li>\n<li>\n<p data-path-to-node=\"9,3,0\"><b>Levende farver:<\/b> F\u00e5s i klassisk hvid\/sort eller specialfarvede m\u00f8nstre (f.eks. &quot;Monster&quot; bl\u00e5\/lilla) for at matche specifikke temaer.<\/p>\n<\/li>\n<\/ul>","protected":false},"featured_media":5845,"comment_status":"closed","ping_status":"closed","template":"","meta":[],"product_brand":[],"product_cat":[104,108,121],"product_tag":[],"class_list":{"0":"post-5760","1":"product","2":"type-product","3":"status-publish","4":"has-post-thumbnail","6":"product_cat-custom-printed-lanyards","7":"product_cat-multifunctional-lanyards","8":"product_cat-promotional-merchandise","10":"first","11":"instock","12":"shipping-taxable","13":"product-type-simple"},"_links":{"self":[{"href":"https:\/\/displayproducts.eu\/da\/wp-json\/wp\/v2\/product\/5760","targetHints":{"allow":["GET"]}}],"collection":[{"href":"https:\/\/displayproducts.eu\/da\/wp-json\/wp\/v2\/product"}],"about":[{"href":"https:\/\/displayproducts.eu\/da\/wp-json\/wp\/v2\/types\/product"}],"replies":[{"embeddable":true,"href":"https:\/\/displayproducts.eu\/da\/wp-json\/wp\/v2\/comments?post=5760"}],"wp:featuredmedia":[{"embeddable":true,"href":"https:\/\/displayproducts.eu\/da\/wp-json\/wp\/v2\/media\/5845"}],"wp:attachment":[{"href":"https:\/\/displayproducts.eu\/da\/wp-json\/wp\/v2\/media?parent=5760"}],"wp:term":[{"taxonomy":"product_brand","embeddable":true,"href":"https:\/\/displayproducts.eu\/da\/wp-json\/wp\/v2\/product_brand?post=5760"},{"taxonomy":"product_cat","embeddable":true,"href":"https:\/\/displayproducts.eu\/da\/wp-json\/wp\/v2\/product_cat?post=5760"},{"taxonomy":"product_tag","embeddable":true,"href":"https:\/\/displayproducts.eu\/da\/wp-json\/wp\/v2\/product_tag?post=5760"}],"curies":[{"name":"wp","href":"https:\/\/api.w.org\/{rel}","templated":true}]}}