{"id":5753,"date":"2025-12-10T14:54:23","date_gmt":"2025-12-10T11:54:23","guid":{"rendered":"https:\/\/wristbandfactory.eu\/?post_type=product&#038;p=5753"},"modified":"2026-04-01T21:52:35","modified_gmt":"2026-04-01T18:52:35","slug":"high-visibility-reflective-strip-lanyards-safety-wear","status":"publish","type":"product","link":"https:\/\/displayproducts.eu\/da\/p\/high-visibility-reflective-strip-lanyards-safety-wear\/","title":{"rendered":"High-vis lanyards \/ N\u00f8glesnore \u2013 Med refleksstribe"},"content":{"rendered":"<p data-path-to-node=\"14\">Prioriter sikkerhed uden at g\u00e5 p\u00e5 kompromis med branding med vores <b>Reflekterende striber med h\u00f8j synlighed<\/b>. I mods\u00e6tning til standard lanyards \/ N\u00f8glesnore med diskrete reflekterende tr\u00e5de har denne kraftige model et fremtr\u00e6dende s\u00f8lvreflekterende lag, der er smeltet sammen med stoffet, hvilket giver maksimal refleksion p\u00e5 samme m\u00e5de som professionelt sikkerhedsudstyr.<\/p>\n<p data-path-to-node=\"15\"><b>Bygget til industriel og natbrug<\/b> Dette er branchestandarden for <b>byggepladser, lufthavnspersonale og sikkerhedspersonale<\/b>. N\u00e5r den rammes af billygter eller lommelygter, lyser den midterste stribe klart op, hvilket sikrer, at dine medarbejdere eller deltagere kan ses p\u00e5 afstand.<\/p>\n<p data-path-to-node=\"16\"><b>Holdbar konstruktion<\/b> Det reflekterende materiale er bundet til et st\u00e6rkt polyester-baselag. Dette tofarvede design (farve + s\u00f8lv) ser ikke kun professionelt ud, men tilf\u00f8jer ogs\u00e5 holdbarhed. Vi anbefaler kraftigt at tilf\u00f8je en <b>Sikkerhedssp\u00e6nde med l\u00f8s greb<\/b> til dette produkt for at overholde arbejdsmilj\u00f8forskrifterne.<\/p>\n<p data-path-to-node=\"17\"><b>Anbefalede anvendelsesscenarier:<\/b><\/p>\n<ul data-path-to-node=\"18\">\n<li>\n<p data-path-to-node=\"18,0,0\"><b>Byggeri og logistik:<\/b> Obligatorisk ID-bevis for medarbejdere p\u00e5 stedet.<\/p>\n<\/li>\n<li>\n<p data-path-to-node=\"18,1,0\"><b>Natfestivaler:<\/b> Holder deltagerne sikre og synlige i m\u00f8rke menneskem\u00e6ngder.<\/p>\n<\/li>\n<li>\n<p data-path-to-node=\"18,2,0\"><b>Skoler:<\/b> Synlighed for b\u00f8rn p\u00e5 udflugter i vinterm\u00e5nederne.<\/p>\n<\/li>\n<\/ul>\n<p data-path-to-node=\"19\"><b>N\u00f8glefunktioner:<\/b><\/p>\n<ul data-path-to-node=\"20\">\n<li>\n<p data-path-to-node=\"20,0,0\"><b>Materiale:<\/b> Polyesterv\u00e6vning + lamineret reflekterende tape.<\/p>\n<\/li>\n<li>\n<p data-path-to-node=\"20,1,0\"><b>Effekt:<\/b> St\u00e6rk flashrefleksion (s\u00f8lv\/gr\u00e5 base).<\/p>\n<\/li>\n<li>\n<p data-path-to-node=\"20,2,0\"><b>Bredde:<\/b> Typisk 15 mm eller 20 mm.<\/p>\n<\/li>\n<li>\n<p data-path-to-node=\"20,3,0\"><b>Trykke:<\/b> Serigrafi oven p\u00e5 det reflekterende lag.<\/p>\n<\/li>\n<\/ul>","protected":false},"excerpt":{"rendered":"<ul>\n<li>\n<p data-path-to-node=\"12,0,0\"><b>H\u00f8j synlighed:<\/b> Har en bred, lamineret gr\u00e5 reflekterende stribe, der l\u00f8ber ned langs midten, svarende til sikkerhedsveste, og reflekterer lyset intensivt i m\u00f8rke.<\/p>\n<\/li>\n<li>\n<p data-path-to-node=\"12,1,0\"><b>Dag- og natsikkerhed:<\/b> Den farvestr\u00e5lende bund (gul, orange, bl\u00e5) sikrer synlighed om dagen, mens s\u00f8lvstriben beskytter om natten.<\/p>\n<\/li>\n<li>\n<p data-path-to-node=\"12,2,0\"><b>Sikkerhedsudbrud:<\/b> Uundv\u00e6rlig til industriel brug; normalt udstyret med en sikkerhedssp\u00e6nde for at forhindre kv\u00e6lningsulykker.<\/p>\n<\/li>\n<li>\n<p data-path-to-node=\"12,3,0\"><b>Brugerdefineret branding:<\/b> Dit logo kan serigrafiseres direkte p\u00e5 den reflekterende stribe eller de farvede kanter for at \u00f8ge brandets synlighed.<\/p>\n<\/li>\n<\/ul>","protected":false},"featured_media":5758,"comment_status":"closed","ping_status":"closed","template":"","meta":[],"product_brand":[],"product_cat":[109],"product_tag":[],"class_list":{"0":"post-5753","1":"product","2":"type-product","3":"status-publish","4":"has-post-thumbnail","6":"product_cat-reflective-lanyards","8":"first","9":"instock","10":"shipping-taxable","11":"product-type-simple"},"_links":{"self":[{"href":"https:\/\/displayproducts.eu\/da\/wp-json\/wp\/v2\/product\/5753","targetHints":{"allow":["GET"]}}],"collection":[{"href":"https:\/\/displayproducts.eu\/da\/wp-json\/wp\/v2\/product"}],"about":[{"href":"https:\/\/displayproducts.eu\/da\/wp-json\/wp\/v2\/types\/product"}],"replies":[{"embeddable":true,"href":"https:\/\/displayproducts.eu\/da\/wp-json\/wp\/v2\/comments?post=5753"}],"wp:featuredmedia":[{"embeddable":true,"href":"https:\/\/displayproducts.eu\/da\/wp-json\/wp\/v2\/media\/5758"}],"wp:attachment":[{"href":"https:\/\/displayproducts.eu\/da\/wp-json\/wp\/v2\/media?parent=5753"}],"wp:term":[{"taxonomy":"product_brand","embeddable":true,"href":"https:\/\/displayproducts.eu\/da\/wp-json\/wp\/v2\/product_brand?post=5753"},{"taxonomy":"product_cat","embeddable":true,"href":"https:\/\/displayproducts.eu\/da\/wp-json\/wp\/v2\/product_cat?post=5753"},{"taxonomy":"product_tag","embeddable":true,"href":"https:\/\/displayproducts.eu\/da\/wp-json\/wp\/v2\/product_tag?post=5753"}],"curies":[{"name":"wp","href":"https:\/\/api.w.org\/{rel}","templated":true}]}}