{"id":5747,"date":"2025-12-10T13:55:38","date_gmt":"2025-12-10T10:55:38","guid":{"rendered":"https:\/\/wristbandfactory.eu\/?post_type=product&#038;p=5747"},"modified":"2026-04-01T21:52:35","modified_gmt":"2026-04-01T18:52:35","slug":"custom-silicone-pvc-lanyards-waterproof-cleanable","status":"publish","type":"product","link":"https:\/\/displayproducts.eu\/da\/p\/custom-silicone-pvc-lanyards-waterproof-cleanable\/","title":{"rendered":"Silikone og PVC lanyards \/ N\u00f8glesnore \u2013 Vandt\u00e6t og vaskbar"},"content":{"rendered":"<p data-path-to-node=\"12\">Oprethold de h\u00f8jeste hygiejnestandarder med vores <b>Med eget tryk silikone- og PVC-snore<\/b>. I mods\u00e6tning til traditionelle polyesterremme, der absorberer sved og snavs, er disse gummibelagte lanyards \/ N\u00f8glesnore fuldst\u00e6ndig vandt\u00e6tte og aft\u00f8rrbare.<\/p>\n<p data-path-to-node=\"13\"><b>Sanit\u00e6r og sikker<\/b> Disse n\u00f8glesnore er ideelle til sygeplejersker, l\u00e6ger og personale i f\u00f8devareindustrien og kan steriliseres med alkoholservietter eller vaskes i s\u00e6bevand uden at falme. De giver et rent, klinisk udseende, der passer perfekt til professionelle uniformer.<\/p>\n<p data-path-to-node=\"14\"><b>Materialevalg:<\/b><\/p>\n<ol start=\"1\" data-path-to-node=\"15\">\n<li>\n<p data-path-to-node=\"15,0,0\"><b>Bl\u00f8d silikone:<\/b> H\u00f8j fleksibilitet og komfort mod huden. Fantastisk til premium branding.<\/p>\n<\/li>\n<li>\n<p data-path-to-node=\"15,1,0\"><b>Bl\u00f8d PVC:<\/b> En robust, lidt mere stiv plastik, der holder formen godt og tilbyder fremragende holdbarhed til en lavere pris.<\/p>\n<\/li>\n<\/ol>\n<p data-path-to-node=\"16\"><b>Anbefalede anvendelsesscenarier:<\/b><\/p>\n<ul data-path-to-node=\"17\">\n<li>\n<p data-path-to-node=\"17,0,0\"><b>Sundhedspleje:<\/b> Nem at desinficere mellem vagter.<\/p>\n<\/li>\n<li>\n<p data-path-to-node=\"17,1,0\"><b>Vandcentre:<\/b> Bliver ikke v\u00e5dt eller muggent i n\u00e6rheden af pools.<\/p>\n<\/li>\n<li>\n<p data-path-to-node=\"17,2,0\"><b>Industriel:<\/b> Modstandsdygtig over for olie- og fedtst\u00e6nk.<\/p>\n<\/li>\n<\/ul>\n<p data-path-to-node=\"18\"><b>N\u00f8glefunktioner:<\/b><\/p>\n<ul data-path-to-node=\"19\">\n<li>\n<p data-path-to-node=\"19,0,0\"><b>Materiale:<\/b> 100% Silikone eller bl\u00f8d PVC.<\/p>\n<\/li>\n<li>\n<p data-path-to-node=\"19,1,0\"><b>Branding:<\/b> Silketryk (skarp, holdbar bl\u00e6k).<\/p>\n<\/li>\n<li>\n<p data-path-to-node=\"19,2,0\"><b>Vedh\u00e6ftede filer:<\/b> Metalkrympe med drejelig krog.<\/p>\n<\/li>\n<li>\n<p data-path-to-node=\"19,3,0\"><b>Ekstramateriale:<\/b> Mulighed for sikkerhedsudbrydning.<\/p>\n<\/li>\n<\/ul>","protected":false},"excerpt":{"rendered":"<ul>\n<li>\n<p data-path-to-node=\"10,0,0\"><b>100% Vandt\u00e6t:<\/b> Ikke-absorberende materiale afviser vand, sved og kemikalier, hvilket g\u00f8r det nemt at t\u00f8rre af eller desinficere.<\/p>\n<\/li>\n<li>\n<p data-path-to-node=\"10,1,0\"><b>Silikone-mulighed:<\/b> Bl\u00f8d, fleksibel og allergivenlig gummi med en f\u00f8rsteklasses mat finish (f.eks. Subaru-eksempel).<\/p>\n<\/li>\n<li>\n<p data-path-to-node=\"10,2,0\"><b>PVC-mulighed:<\/b> Holdbar, glat og omkostningseffektiv plastikl\u00f8sning med en let glans (f.eks. Penteris-eksempel).<\/p>\n<\/li>\n<li>\n<p data-path-to-node=\"10,3,0\"><b>Hygiejnefokuseret:<\/b> Det foretrukne valg til hospitaler, laboratorier og k\u00f8kkener, hvor stofsnore kan indeholde bakterier.<\/p>\n<\/li>\n<\/ul>","protected":false},"featured_media":5854,"comment_status":"closed","ping_status":"closed","template":"","meta":[],"product_brand":[],"product_cat":[104,108],"product_tag":[],"class_list":{"0":"post-5747","1":"product","2":"type-product","3":"status-publish","4":"has-post-thumbnail","6":"product_cat-custom-printed-lanyards","7":"product_cat-multifunctional-lanyards","9":"first","10":"instock","11":"shipping-taxable","12":"product-type-simple"},"_links":{"self":[{"href":"https:\/\/displayproducts.eu\/da\/wp-json\/wp\/v2\/product\/5747","targetHints":{"allow":["GET"]}}],"collection":[{"href":"https:\/\/displayproducts.eu\/da\/wp-json\/wp\/v2\/product"}],"about":[{"href":"https:\/\/displayproducts.eu\/da\/wp-json\/wp\/v2\/types\/product"}],"replies":[{"embeddable":true,"href":"https:\/\/displayproducts.eu\/da\/wp-json\/wp\/v2\/comments?post=5747"}],"wp:featuredmedia":[{"embeddable":true,"href":"https:\/\/displayproducts.eu\/da\/wp-json\/wp\/v2\/media\/5854"}],"wp:attachment":[{"href":"https:\/\/displayproducts.eu\/da\/wp-json\/wp\/v2\/media?parent=5747"}],"wp:term":[{"taxonomy":"product_brand","embeddable":true,"href":"https:\/\/displayproducts.eu\/da\/wp-json\/wp\/v2\/product_brand?post=5747"},{"taxonomy":"product_cat","embeddable":true,"href":"https:\/\/displayproducts.eu\/da\/wp-json\/wp\/v2\/product_cat?post=5747"},{"taxonomy":"product_tag","embeddable":true,"href":"https:\/\/displayproducts.eu\/da\/wp-json\/wp\/v2\/product_tag?post=5747"}],"curies":[{"name":"wp","href":"https:\/\/api.w.org\/{rel}","templated":true}]}}